{"id":35014,"date":"2022-04-27T15:29:42","date_gmt":"2022-04-27T13:29:42","guid":{"rendered":"https:\/\/us.edu.pl\/student\/?page_id=35014"},"modified":"2026-03-06T15:41:00","modified_gmt":"2026-03-06T14:41:00","slug":"zglos-wydarzenie","status":"publish","type":"page","link":"https:\/\/us.edu.pl\/student\/zglos-wydarzenie\/","title":{"rendered":"Zg\u0142o\u015b Wydarzenie"},"content":{"rendered":"<p>[vc_row][vc_column]\r\n                <div class=\"text-modules\">\r\n                    <div class=\"container\">\r\n                        <h3 class=\"page-title text__title\">Zg\u0142o\u015b wydarzenie<\/h3>\r\n                        <div class=\"text-modules__content\"><p><span style=\"font-weight: 400; font-size: 12pt;\">Organizujesz na wydziale wydarzenie naukowe, warsztaty, szkolenia, koncert, imprez\u0119 sportow\u0105? Zg\u0142o\u015b si\u0119 do nas, a my wesprzemy Twoje dzia\u0142ania!<\/span><\/p>\n<p style=\"text-align: center;\"><span style=\"font-size: 18pt;\"><strong>Wype\u0142nij <em><a href=\"https:\/\/formularze.us.edu.pl\/form\/index\/2867\">formularz Uniwersytetu \u015al\u0105skiego <\/a><br \/>\n<\/em><\/strong>W razie dodatkowych pyta\u0144 skontaktuj si\u0119 z nami za po\u015brednictwem adresu: <em><a href=\"mailto:bds@us.edu.pl\">bds@us.edu.pl<\/a><\/em>\u00a0<\/span><\/p>\n<h3 style=\"text-align: center;\"><b>INSTRUKCJE ORGANIZACJI WYDARZE\u0143 ORGANIZOWANYCH NA UNIWERSYTECIE \u015aL\u0104SKIM\u00a0<\/b><\/h3>\n<p>&nbsp;<\/p>\n<p><span style=\"font-weight: 400; font-size: 12pt;\">Zach\u0119camy do zapoznania si\u0119 z instrukcjami organizacji wydarze\u0144 og\u00f3lnouczelnianych, kt\u00f3re wspiera Biuro Wydarze\u0144 Akademickich oraz instrukcj\u0105 organizacji konferencji naukowych przygotowan\u0105 przez Dzia\u0142 Nauki i Biuro Wydarze\u0144 Akademickich.\u00a0<\/span><\/p>\n<ul>\n<li style=\"font-weight: 400;\" aria-level=\"1\"><a href=\"https:\/\/us.edu.pl\/student\/wp-content\/uploads\/sites\/3\/dokumenty\/instrukcja_wydarzenia-1.pdf\" class=\"mtli_attachment mtli_pdf\" data-mtli=\"mtli_filesize1,75MB\" class=\"mtli_attachment mtli_pdf\" data-mtli=\"mtli_filesize1,75MB\"><span style=\"font-size: 12pt;\"><span style=\"font-weight: 400;\">Instrukcja organizacji wydarze\u0144 og\u00f3lnouczelnianych<\/span><\/span><\/a><\/li>\n<li style=\"font-weight: 400;\" aria-level=\"1\"><a href=\"https:\/\/us.edu.pl\/student\/wp-content\/uploads\/sites\/3\/dokumenty\/instrukcja_konferencje-naukowe.pdf\" class=\"mtli_attachment mtli_pdf\" data-mtli=\"mtli_filesize2,03MB\" class=\"mtli_attachment mtli_pdf\" data-mtli=\"mtli_filesize2,03MB\"><span style=\"font-size: 12pt;\"><span style=\"font-weight: 400;\">Instrukcja organizacji konferencji naukowych<\/span><\/span><\/a><\/li>\n<\/ul>\n<p><span style=\"font-weight: 400; font-size: 12pt;\">Organizuj\u0105c wydarzenie warto tak\u017ce zapozna\u0107 si\u0119 z przewodnikiem komunikacyjnym Uniwersytetu \u015al\u0105skiego, kt\u00f3ry zawiera praktyczne informacje maj\u0105ce na celu usprawnienie wzajemnej komunikacji wewn\u0105trz uczelni.\u00a0\u00a0<\/span><\/p>\n<ul>\n<li><span style=\"font-size: 12pt;\"><a href=\"https:\/\/us.edu.pl\/pracownik\/wp-content\/uploads\/sites\/2\/pliki-dodatkowe\/poradnik-komunikacyjny-US2-2.pdf\" class=\"mtli_attachment mtli_pdf\" class=\"mtli_attachment mtli_pdf\"><span style=\"font-weight: 400;\">Przewodnik komunikacyjny<\/span><span style=\"font-weight: 400;\">.<\/span><\/a><\/span><\/li>\n<\/ul>\n<p>\n<style type=\"text\/css\">a[data-mtli~=\"mtli_filesize1,75MB\"]:after {content:\" (1,75 MB)\"}a[data-mtli~=\"mtli_filesize2,03MB\"]:after {content:\" (2,03 MB)\"}<\/style><\/div>\r\n                    <\/div>\r\n                <\/div>[\/vc_column][\/vc_row]<\/p>\n<style type=\"text\/css\">a[data-mtli~=\"mtli_filesize1,75MB\"]:after {content:\" (1,75 MB)\"}a[data-mtli~=\"mtli_filesize2,03MB\"]:after {content:\" (2,03 MB)\"}<\/style>","protected":false},"excerpt":{"rendered":"<p>[vc_row][vc_column][\/vc_column][\/vc_row] [&#8230;]<\/p>\n<p><a class=\"btn btn-secondary understrap-read-more-link\" href=\"https:\/\/us.edu.pl\/student\/zglos-wydarzenie\/\">Read More&#8230;<\/a><\/p>\n","protected":false},"author":28,"featured_media":0,"parent":0,"menu_order":0,"comment_status":"closed","ping_status":"closed","template":"","meta":{"_expiration-date-status":"","_expiration-date":0,"_expiration-date-type":"","_expiration-date-categories":[],"_expiration-date-options":[]},"acf":[],"_links":{"self":[{"href":"https:\/\/us.edu.pl\/student\/wp-json\/wp\/v2\/pages\/35014"}],"collection":[{"href":"https:\/\/us.edu.pl\/student\/wp-json\/wp\/v2\/pages"}],"about":[{"href":"https:\/\/us.edu.pl\/student\/wp-json\/wp\/v2\/types\/page"}],"author":[{"embeddable":true,"href":"https:\/\/us.edu.pl\/student\/wp-json\/wp\/v2\/users\/28"}],"replies":[{"embeddable":true,"href":"https:\/\/us.edu.pl\/student\/wp-json\/wp\/v2\/comments?post=35014"}],"version-history":[{"count":2,"href":"https:\/\/us.edu.pl\/student\/wp-json\/wp\/v2\/pages\/35014\/revisions"}],"predecessor-version":[{"id":60905,"href":"https:\/\/us.edu.pl\/student\/wp-json\/wp\/v2\/pages\/35014\/revisions\/60905"}],"wp:attachment":[{"href":"https:\/\/us.edu.pl\/student\/wp-json\/wp\/v2\/media?parent=35014"}],"curies":[{"name":"wp","href":"https:\/\/api.w.org\/{rel}","templated":true}]}}