{"id":35390,"date":"2022-05-19T13:37:14","date_gmt":"2022-05-19T11:37:14","guid":{"rendered":"https:\/\/us.edu.pl\/student\/?page_id=35390"},"modified":"2022-05-19T14:12:48","modified_gmt":"2022-05-19T12:12:48","slug":"zglos-swoj-sukces","status":"publish","type":"page","link":"https:\/\/us.edu.pl\/student\/dzialalnosc-studencka\/zglos-swoj-sukces\/","title":{"rendered":"Zg\u0142o\u015b sw\u00f3j sukces"},"content":{"rendered":"<p>[vc_row][vc_column]\r\n                <div class=\"text-modules \">\r\n                    <div class=\"container\">\r\n                         <h3 class=\"subtitle text-modules__subtitle\">Studencie, pochwal si\u0119 swoim sukcesem!<\/h3>\r\n                        <div class=\"row m-0\">\r\n                            <div class=\"text-modules__content\">\r\n                                <\/p>\n<h5>Droga Studentko, Drogi Studencie!<\/h5>\n<p>Wasze dokonania s\u0105 najwi\u0119kszym powodem do dumy Uniwersytetu \u015al\u0105skiego, dlatego je\u015bli w Twoim \u017cyciu zawodowym, czy naukowym osi\u0105gn\u0105\u0142e\u015b sukces &#8211; skontaktuj si\u0119 z nami i pozw\u00f3l nam podzieli\u0107 si\u0119 sukcesem z ca\u0142\u0105 spo\u0142eczno\u015bci\u0105 akademick\u0105!<\/p>\n<h3 style=\"text-align: center;\"><strong>Jak to zrobi\u0107? <\/strong><\/h3>\n<h3 style=\"text-align: center;\"><a href=\"https:\/\/formularze.us.edu.pl\/form\/index\/3160\">Wype\u0142nij formularz online<\/a><\/h3>\n<p>&nbsp;<\/p>\n<p>Zach\u0119camy do informowania nas zar\u00f3wno o sukcesach indywidualnych, jak i zespo\u0142owych w dziedzinach:<\/p>\n<ul>\n<li>naukowej<\/li>\n<li>sportowej<\/li>\n<li>artystycznej<\/li>\n<\/ul>\n<p>&nbsp;<\/p>\n<p>Zebrane informacje pozwol\u0105 nam promowa\u0107 Wasze dokonania w kana\u0142ach komunikacyjnych Uniwersytetu \u015al\u0105skiego, a tak\u017ce stworzy\u0107 baz\u0119 uniwersyteckich sukces\u00f3w \u00a0i osobowo\u015bci!<\/p>\n<p>W razie dodatkowych pyta\u0144 skontaktuj si\u0119 z nami: <a href=\"mailto:bds@us.edu.pl\">bds@us.edu.pl<\/a> \r\n                                <div class=\"mt-3\"><\/div>\r\n                            <\/div>\r\n                            \r\n                            \r\n                        <\/div>\r\n                    <\/div>\r\n                <\/div>[\/vc_column][\/vc_row]<\/p>","protected":false},"excerpt":{"rendered":"<p>[vc_row][vc_column][\/vc_column][\/vc_row] [&#8230;]<\/p>\n<p><a class=\"btn btn-secondary understrap-read-more-link\" href=\"https:\/\/us.edu.pl\/student\/dzialalnosc-studencka\/zglos-swoj-sukces\/\">Read More&#8230;<\/a><\/p>\n","protected":false},"author":28,"featured_media":0,"parent":21698,"menu_order":0,"comment_status":"closed","ping_status":"closed","template":"","meta":{"_expiration-date-status":"","_expiration-date":0,"_expiration-date-type":"","_expiration-date-categories":[],"_expiration-date-options":[]},"acf":[],"_links":{"self":[{"href":"https:\/\/us.edu.pl\/student\/wp-json\/wp\/v2\/pages\/35390"}],"collection":[{"href":"https:\/\/us.edu.pl\/student\/wp-json\/wp\/v2\/pages"}],"about":[{"href":"https:\/\/us.edu.pl\/student\/wp-json\/wp\/v2\/types\/page"}],"author":[{"embeddable":true,"href":"https:\/\/us.edu.pl\/student\/wp-json\/wp\/v2\/users\/28"}],"replies":[{"embeddable":true,"href":"https:\/\/us.edu.pl\/student\/wp-json\/wp\/v2\/comments?post=35390"}],"version-history":[{"count":4,"href":"https:\/\/us.edu.pl\/student\/wp-json\/wp\/v2\/pages\/35390\/revisions"}],"predecessor-version":[{"id":35411,"href":"https:\/\/us.edu.pl\/student\/wp-json\/wp\/v2\/pages\/35390\/revisions\/35411"}],"up":[{"embeddable":true,"href":"https:\/\/us.edu.pl\/student\/wp-json\/wp\/v2\/pages\/21698"}],"wp:attachment":[{"href":"https:\/\/us.edu.pl\/student\/wp-json\/wp\/v2\/media?parent=35390"}],"curies":[{"name":"wp","href":"https:\/\/api.w.org\/{rel}","templated":true}]}}