{"id":35639,"date":"2022-06-03T09:59:33","date_gmt":"2022-06-03T07:59:33","guid":{"rendered":"https:\/\/us.edu.pl\/student\/?page_id=35639"},"modified":"2022-06-06T12:23:17","modified_gmt":"2022-06-06T10:23:17","slug":"monika-cukier-sygula","status":"publish","type":"page","link":"https:\/\/us.edu.pl\/student\/dzialalnosc-studencka\/wyroznienia-jm-rektora-us\/laureaci-poprzednich-edycji\/laureaci-xiv-edycji\/doktoranci\/monika-cukier-sygula\/","title":{"rendered":"Monika Cukier-Sygu\u0142a"},"content":{"rendered":"<p>[vc_row][vc_column]\r\n                <div class=\"text-modules \">\r\n                    <div class=\"container\">\r\n                         <h3 class=\"subtitle text-modules__subtitle\">Monika Cukier-Sygu\u0142a<\/h3>\r\n                        <div class=\"row m-0\">\r\n                            <div class=\"text-modules__content\">\r\n                                <span class=\"TextRun SCXW41972482 BCX8\" lang=\"PL-PL\" xml:lang=\"PL-PL\" data-contrast=\"none\"><span class=\"NormalTextRun SCXW41972482 BCX8\">Otrzyma\u0142a Wyr\u00f3\u017cnienie Rektora U\u015a w XIV edycji konkursu za dzia\u0142alno\u015b\u0107 na rzecz wsp\u00f3lnoty akademickiej oraz osi\u0105gni\u0119cia naukowe jako doktorantka w dyscyplinie\u00a0<\/span><span class=\"NormalTextRun SCXW41972482 BCX8\">nauki o polityce i administracji<\/span><span class=\"NormalTextRun SCXW41972482 BCX8\">\u00a0na Wydziale Nauk Spo\u0142ecznych U\u015a. Od 2018 roku aktywnie dzia\u0142a w <\/span><span class=\"NormalTextRun SCXW41972482 BCX8\">Uczelnianej Radzie Samorz\u0105du Doktorant\u00f3w, Wydzia\u0142owej Radzie Samorz\u0105du Doktorant\u00f3w oraz na rzecz Szko\u0142y Doktorskiej U\u015a. <\/span><span class=\"NormalTextRun SCXW41972482 BCX8\">W latach 2019-2021 pracowa\u0142a w Wydzia\u0142owej Komisji Stypendialnej dla Doktorant\u00f3w WNS U\u015a. Od 2020 roku Pe\u0142nomocnik Rzecznik Praw Studenta i Doktoranta Uniwersytetu \u015al\u0105skiego. Jej dzia\u0142alno\u015b\u0107 naukowa skupia\u0142a si\u0119 wok\u00f3\u0142 <\/span><span class=\"NormalTextRun SCXW41972482 BCX8\">Doktoranckiego Ko\u0142a Nauk o Polityce U\u015a, w kt\u00f3rym aktywnie dzia\u0142a od 2017 roku. Wsp\u00f3\u0142organizatorka Og\u00f3lnopolskiej Konferencji Naukowej: \u201eDzia\u0142alno\u015b\u0107 humanitarna wobec wsp\u00f3\u0142czesnych wyzwa\u0144 globalnych\u201d (2018) oraz przedstawicielka Instytutu Nauk Politycznych i Dziennikarstwa podczas Dni Otwartych WNS U\u015a (2018).\u00a0Wsp\u00f3\u0142autorka 4 artyku\u0142\u00f3w naukowych oraz 3 rozdzia\u0142\u00f3w ksi\u0105\u017ckowych. Wyst\u0105pi\u0142a na 9 konferencjach naukowych o zasi\u0119gu og\u00f3lnopolskim i mi\u0119dzynarodowym. W\u015br\u00f3d swoich zainteresowa\u0144 i pasji wymienia nauki o polityce, a w szczeg\u00f3lno\u015bci zagadnienie elit politycznych, prawo, nowoczesn\u0105 dydaktyk\u0119, mediacje i literatur\u0119 pi\u0119kn\u0105.<\/span><\/span><span class=\"EOP SCXW41972482 BCX8\" data-ccp-props=\"{&quot;134233117&quot;:false,&quot;134233118&quot;:false,&quot;201341983&quot;:0,&quot;335551550&quot;:1,&quot;335551620&quot;:1,&quot;335559685&quot;:0,&quot;335559737&quot;:0,&quot;335559738&quot;:0,&quot;335559739&quot;:0,&quot;335559740&quot;:360}\">\u00a0<\/span> \r\n                                <div class=\"mt-3\"><\/div>\r\n                            <\/div>\r\n                            \r\n                            <div class=\"text-modules__img\"><img src=\"https:\/\/us.edu.pl\/student\/wp-content\/uploads\/sites\/3\/Wyroznienia-rektora\/wyroznieni-z-lat-poprzednich\/Laureaci-2022\/Dyplom-zdjecie-Monika-Cukier-Sygula-208x300.jpg\" alt=\"img\"><\/div>\r\n                        <\/div>\r\n                    <\/div>\r\n                <\/div>[\/vc_column][\/vc_row]<\/p>","protected":false},"excerpt":{"rendered":"<p>[vc_row][vc_column][\/vc_column][\/vc_row] [&#8230;]<\/p>\n<p><a class=\"btn btn-secondary understrap-read-more-link\" href=\"https:\/\/us.edu.pl\/student\/dzialalnosc-studencka\/wyroznienia-jm-rektora-us\/laureaci-poprzednich-edycji\/laureaci-xiv-edycji\/doktoranci\/monika-cukier-sygula\/\">Read More&#8230;<\/a><\/p>\n","protected":false},"author":28,"featured_media":0,"parent":35637,"menu_order":0,"comment_status":"closed","ping_status":"closed","template":"","meta":{"_expiration-date-status":"","_expiration-date":0,"_expiration-date-type":"","_expiration-date-categories":[],"_expiration-date-options":[]},"acf":[],"_links":{"self":[{"href":"https:\/\/us.edu.pl\/student\/wp-json\/wp\/v2\/pages\/35639"}],"collection":[{"href":"https:\/\/us.edu.pl\/student\/wp-json\/wp\/v2\/pages"}],"about":[{"href":"https:\/\/us.edu.pl\/student\/wp-json\/wp\/v2\/types\/page"}],"author":[{"embeddable":true,"href":"https:\/\/us.edu.pl\/student\/wp-json\/wp\/v2\/users\/28"}],"replies":[{"embeddable":true,"href":"https:\/\/us.edu.pl\/student\/wp-json\/wp\/v2\/comments?post=35639"}],"version-history":[{"count":2,"href":"https:\/\/us.edu.pl\/student\/wp-json\/wp\/v2\/pages\/35639\/revisions"}],"predecessor-version":[{"id":35797,"href":"https:\/\/us.edu.pl\/student\/wp-json\/wp\/v2\/pages\/35639\/revisions\/35797"}],"up":[{"embeddable":true,"href":"https:\/\/us.edu.pl\/student\/wp-json\/wp\/v2\/pages\/35637"}],"wp:attachment":[{"href":"https:\/\/us.edu.pl\/student\/wp-json\/wp\/v2\/media?parent=35639"}],"curies":[{"name":"wp","href":"https:\/\/api.w.org\/{rel}","templated":true}]}}