{"id":35652,"date":"2022-06-03T10:04:23","date_gmt":"2022-06-03T08:04:23","guid":{"rendered":"https:\/\/us.edu.pl\/student\/?page_id=35652"},"modified":"2022-06-06T12:32:13","modified_gmt":"2022-06-06T10:32:13","slug":"robert-hanczaruk","status":"publish","type":"page","link":"https:\/\/us.edu.pl\/student\/dzialalnosc-studencka\/wyroznienia-jm-rektora-us\/laureaci-poprzednich-edycji\/laureaci-xiv-edycji\/doktoranci\/robert-hanczaruk\/","title":{"rendered":"Robert Hanczaruk"},"content":{"rendered":"<p>[vc_row][vc_column]\r\n                <div class=\"text-modules \">\r\n                    <div class=\"container\">\r\n                         <h3 class=\"subtitle text-modules__subtitle\">Robert Hanczaruk<\/h3>\r\n                        <div class=\"row m-0\">\r\n                            <div class=\"text-modules__content\">\r\n                                <span class=\"TextRun SCXW204411920 BCX8\" lang=\"PL-PL\" xml:lang=\"PL-PL\" data-contrast=\"none\"><span class=\"NormalTextRun SCXW204411920 BCX8\">Otrzyma\u0142 Wyr\u00f3\u017cnienie Rektora U\u015a w XIV edycji konkursu za osi\u0105gni\u0119cia naukowe i dzia\u0142alno\u015b\u0107 popularnonaukow\u0105 jako doktorant w dyscyplinie\u00a0<\/span><span class=\"NormalTextRun SCXW204411920 BCX8\">nauki biologiczne<\/span><span class=\"NormalTextRun SCXW204411920 BCX8\">\u00a0na Wydziale Nauk Przyrodniczych U\u015a. Prowadzi\u0142 liczne zaj\u0119cia i wyk\u0142ady popularyzuj\u0105ce nauk\u0119 m.in. w ramach Og\u00f3lnopolskiej Nocy Biolog\u00f3w i \u015al\u0105skiego Festiwalu Nauki KATOWICE. Jest wsp\u00f3\u0142autorem 5 artyku\u0142\u00f3w naukowych, zrealizowa\u0142 autorski projekt naukowy \u201c<\/span><span class=\"NormalTextRun SCXW204411920 BCX8\">Ekologiczne aspekty rewitalizacji rzek miejskich\u201d (2020). Wyst\u0105pi\u0142 11 konferencjach naukowych <\/span><span class=\"NormalTextRun SCXW204411920 BCX8\">og\u00f3lnopolskich<\/span><span class=\"NormalTextRun SCXW204411920 BCX8\"> oraz 8 mi\u0119dzynarodowych, w tym podczas International Conference on <\/span><span class=\"SpellingError SCXW204411920 BCX8\">Biological<\/span> <span class=\"SpellingError SCXW204411920 BCX8\">Invasion<\/span><span class=\"NormalTextRun SCXW204411920 BCX8\"> NEOBIOTA 2020 w ramach swojego udzia\u0142u w programie Narodowej Agencji Wymiany Akademickiej (NAWA). W\u015br\u00f3d swoich osi\u0105gni\u0119\u0107 wymienia m.in. przedstawienie\u00a0koncepcji\u00a0rewitalizacji\u00a0doliny\u00a0rzeki\u00a0K\u0142odnicy\u00a0w\u00a0Gliwicach. Przez wiele lat trenowa\u0142 lekkoatletyk\u0119 &#8211; bieganie. W\u015br\u00f3d swoich zainteresowa\u0144 pozanaukowych wymienia bieganie, turystyk\u0119 g\u00f3rsk\u0105, urbex-<\/span><span class=\"SpellingError SCXW204411920 BCX8\">exploration<\/span><span class=\"NormalTextRun SCXW204411920 BCX8\"> i gotowanie. Jego ulubionym cytatem jest motto: Wiem, \u017ce nic nie wiem.<\/span><\/span><span class=\"EOP SCXW204411920 BCX8\" data-ccp-props=\"{&quot;134233117&quot;:false,&quot;134233118&quot;:false,&quot;201341983&quot;:0,&quot;335551550&quot;:1,&quot;335551620&quot;:1,&quot;335559685&quot;:0,&quot;335559737&quot;:0,&quot;335559738&quot;:0,&quot;335559739&quot;:0,&quot;335559740&quot;:360}\">\u00a0<\/span> \r\n                                <div class=\"mt-3\"><\/div>\r\n                            <\/div>\r\n                            \r\n                            <div class=\"text-modules__img\"><img src=\"https:\/\/us.edu.pl\/student\/wp-content\/uploads\/sites\/3\/Wyroznienia-rektora\/wyroznieni-z-lat-poprzednich\/Laureaci-2022\/Haranczuk-225x300.png\" alt=\"img\"><\/div>\r\n                        <\/div>\r\n                    <\/div>\r\n                <\/div>[\/vc_column][\/vc_row]<\/p>","protected":false},"excerpt":{"rendered":"<p>[vc_row][vc_column][\/vc_column][\/vc_row] [&#8230;]<\/p>\n<p><a class=\"btn btn-secondary understrap-read-more-link\" href=\"https:\/\/us.edu.pl\/student\/dzialalnosc-studencka\/wyroznienia-jm-rektora-us\/laureaci-poprzednich-edycji\/laureaci-xiv-edycji\/doktoranci\/robert-hanczaruk\/\">Read More&#8230;<\/a><\/p>\n","protected":false},"author":28,"featured_media":0,"parent":35637,"menu_order":0,"comment_status":"closed","ping_status":"closed","template":"","meta":{"_expiration-date-status":"","_expiration-date":0,"_expiration-date-type":"","_expiration-date-categories":[],"_expiration-date-options":[]},"acf":[],"_links":{"self":[{"href":"https:\/\/us.edu.pl\/student\/wp-json\/wp\/v2\/pages\/35652"}],"collection":[{"href":"https:\/\/us.edu.pl\/student\/wp-json\/wp\/v2\/pages"}],"about":[{"href":"https:\/\/us.edu.pl\/student\/wp-json\/wp\/v2\/types\/page"}],"author":[{"embeddable":true,"href":"https:\/\/us.edu.pl\/student\/wp-json\/wp\/v2\/users\/28"}],"replies":[{"embeddable":true,"href":"https:\/\/us.edu.pl\/student\/wp-json\/wp\/v2\/comments?post=35652"}],"version-history":[{"count":2,"href":"https:\/\/us.edu.pl\/student\/wp-json\/wp\/v2\/pages\/35652\/revisions"}],"predecessor-version":[{"id":35801,"href":"https:\/\/us.edu.pl\/student\/wp-json\/wp\/v2\/pages\/35652\/revisions\/35801"}],"up":[{"embeddable":true,"href":"https:\/\/us.edu.pl\/student\/wp-json\/wp\/v2\/pages\/35637"}],"wp:attachment":[{"href":"https:\/\/us.edu.pl\/student\/wp-json\/wp\/v2\/media?parent=35652"}],"curies":[{"name":"wp","href":"https:\/\/api.w.org\/{rel}","templated":true}]}}