{"id":35656,"date":"2022-06-03T10:06:00","date_gmt":"2022-06-03T08:06:00","guid":{"rendered":"https:\/\/us.edu.pl\/student\/?page_id=35656"},"modified":"2022-06-07T14:57:00","modified_gmt":"2022-06-07T12:57:00","slug":"krzysztof-kiczek","status":"publish","type":"page","link":"https:\/\/us.edu.pl\/student\/dzialalnosc-studencka\/wyroznienia-jm-rektora-us\/laureaci-poprzednich-edycji\/laureaci-xiv-edycji\/doktoranci\/krzysztof-kiczek\/","title":{"rendered":"Krzysztof Kiczek"},"content":{"rendered":"<p>[vc_row][vc_column]\r\n                <div class=\"text-modules \">\r\n                    <div class=\"container\">\r\n                         <h3 class=\"subtitle text-modules__subtitle\">Krzysztof Kiczek<\/h3>\r\n                        <div class=\"row m-0\">\r\n                            <div class=\"text-modules__content\">\r\n                                Otrzyma\u0142 Wyr\u00f3\u017cnienie Rektora U\u015a w XIV edycji konkursu za osi\u0105gni\u0119cia artystyczne jako doktorant w dyscyplinie sztuki filmowe i teatralne w Szkole Doktorskiej. Od wielu lat zajmuj\u0119 si\u0119 kompleksow\u0105 produkcj\u0105 utwor\u00f3w literacko-d\u017awi\u0119kowych. Wsp\u00f3\u0142pracuje i realizuje dla najwi\u0119kszych producent\u00f3w literatury audio w Polsce, m.in. dla Audioteki, Storytel, Teatru Polskiego Radia. Jego utwory wydawane by\u0142y przez Wydawnictwo Literackie, Wydawnictwo Znak, Wydawnictwo Sonia Draga i inne. W realizowanych przez siebie projektach pracowa\u0142 na wielu etapach, pocz\u0105wszy od adaptacji tekstu, przez re\u017cyseri\u0119, realizacj\u0119 nagra\u0144, monta\u017c, ud\u017awi\u0119kowienie, opraw\u0119 muzyczn\u0105, miks, mastering, produkcj\u0119. W\u015br\u00f3d jego prac pojawia\u0142y si\u0119 nowatorskie i eksperymentalne rozwi\u0105zania na wszystkich powy\u017cej wspomnianych p\u0142aszczyznach. Jako o\u015b swojego doktoratu zaadaptowa\u0142, wyre\u017cyserowa\u0142 i zmontowa\u0142 powie\u015b\u0107 \u201eCicho, Cichutko&#8221; Ignacego Karpowicza z obsad\u0105: Dawid Ogrodnik, Maja Ostaszewska, Adam Woronowicz, Danuta Stenka, Roma G\u0105siorowska, Micha\u0142 Czernecki, Krystyna Czub\u00f3wna. Za swoje utwory otrzymywa\u0142 wielokrotnie nagrody i wyr\u00f3\u017cnienia w konkursach krajowych i mi\u0119dzynarodowych. \r\n                                <div class=\"mt-3\"><\/div>\r\n                            <\/div>\r\n                            \r\n                            <div class=\"text-modules__img\"><img src=\"https:\/\/us.edu.pl\/student\/wp-content\/uploads\/sites\/3\/Wyroznienia-rektora\/wyroznieni-z-lat-poprzednich\/Laureaci-2022\/Kiczek_1-196x300.jpg\" alt=\"img\"><\/div>\r\n                        <\/div>\r\n                    <\/div>\r\n                <\/div>[\/vc_column][\/vc_row]<\/p>","protected":false},"excerpt":{"rendered":"<p>[vc_row][vc_column][\/vc_column][\/vc_row] [&#8230;]<\/p>\n<p><a class=\"btn btn-secondary understrap-read-more-link\" href=\"https:\/\/us.edu.pl\/student\/dzialalnosc-studencka\/wyroznienia-jm-rektora-us\/laureaci-poprzednich-edycji\/laureaci-xiv-edycji\/doktoranci\/krzysztof-kiczek\/\">Read More&#8230;<\/a><\/p>\n","protected":false},"author":28,"featured_media":0,"parent":35637,"menu_order":0,"comment_status":"closed","ping_status":"closed","template":"","meta":{"_expiration-date-status":"","_expiration-date":0,"_expiration-date-type":"","_expiration-date-categories":[],"_expiration-date-options":[]},"acf":[],"_links":{"self":[{"href":"https:\/\/us.edu.pl\/student\/wp-json\/wp\/v2\/pages\/35656"}],"collection":[{"href":"https:\/\/us.edu.pl\/student\/wp-json\/wp\/v2\/pages"}],"about":[{"href":"https:\/\/us.edu.pl\/student\/wp-json\/wp\/v2\/types\/page"}],"author":[{"embeddable":true,"href":"https:\/\/us.edu.pl\/student\/wp-json\/wp\/v2\/users\/28"}],"replies":[{"embeddable":true,"href":"https:\/\/us.edu.pl\/student\/wp-json\/wp\/v2\/comments?post=35656"}],"version-history":[{"count":3,"href":"https:\/\/us.edu.pl\/student\/wp-json\/wp\/v2\/pages\/35656\/revisions"}],"predecessor-version":[{"id":35841,"href":"https:\/\/us.edu.pl\/student\/wp-json\/wp\/v2\/pages\/35656\/revisions\/35841"}],"up":[{"embeddable":true,"href":"https:\/\/us.edu.pl\/student\/wp-json\/wp\/v2\/pages\/35637"}],"wp:attachment":[{"href":"https:\/\/us.edu.pl\/student\/wp-json\/wp\/v2\/media?parent=35656"}],"curies":[{"name":"wp","href":"https:\/\/api.w.org\/{rel}","templated":true}]}}