{"id":35659,"date":"2022-06-03T10:07:56","date_gmt":"2022-06-03T08:07:56","guid":{"rendered":"https:\/\/us.edu.pl\/student\/?page_id=35659"},"modified":"2022-06-06T12:41:16","modified_gmt":"2022-06-06T10:41:16","slug":"judyta-mezyk","status":"publish","type":"page","link":"https:\/\/us.edu.pl\/student\/dzialalnosc-studencka\/wyroznienia-jm-rektora-us\/laureaci-poprzednich-edycji\/laureaci-xiv-edycji\/doktoranci\/judyta-mezyk\/","title":{"rendered":"Judyta M\u0119\u017cyk"},"content":{"rendered":"<p>[vc_row][vc_column]\r\n                <div class=\"text-modules \">\r\n                    <div class=\"container\">\r\n                         <h3 class=\"subtitle text-modules__subtitle\">Judyta M\u0119\u017cyk<\/h3>\r\n                        <div class=\"row m-0\">\r\n                            <div class=\"text-modules__content\">\r\n                                <span class=\"TextRun SCXW222763700 BCX8\" lang=\"PL-PL\" xml:lang=\"PL-PL\" data-contrast=\"none\"><span class=\"NormalTextRun SCXW222763700 BCX8\">Otrzyma\u0142a Wyr\u00f3\u017cnienie Rektora U\u015a w XIV edycji konkursu za osi\u0105gni\u0119cia naukowe, artystyczne i dzia\u0142alno\u015b\u0107 spo\u0142eczn\u0105 jako doktorantka w dyscyplinie j<\/span><span class=\"NormalTextRun SCXW222763700 BCX8\">\u0119zykoznawstwo<\/span><span class=\"NormalTextRun SCXW222763700 BCX8\">\u00a0w Szkole Doktorskiej U\u015a. <\/span><span class=\"NormalTextRun SCXW222763700 BCX8\">G\u0142\u00f3wna organizatorka i pomys\u0142odawczyni <\/span><span class=\"NormalTextRun SCXW222763700 BCX8\">charytatywnej gali ta\u0144ca orientalnego<\/span><span class=\"NormalTextRun SCXW222763700 BCX8\">\u00a0\u201c<\/span><span class=\"SpellingError SCXW222763700 BCX8\">Orientalesia<\/span><span class=\"NormalTextRun SCXW222763700 BCX8\"> Show\u201d (2022), podczas kt\u00f3rej pe\u0142ni\u0142a r\u00f3wnie\u017c rol\u0119 <\/span><span class=\"NormalTextRun SCXW222763700 BCX8\">autorki choreografii, trenerki i tancerki.<\/span><span class=\"NormalTextRun SCXW222763700 BCX8\">\u00a0Ponadto wyst\u0119powa\u0142a jako tancerka m.in. na takich wydarzeniach jak <\/span><span class=\"NormalTextRun SCXW222763700 BCX8\">\u201eTyska\u00a0 <\/span><span class=\"SpellingError SCXW222763700 BCX8\">Hafla<\/span><span class=\"NormalTextRun SCXW222763700 BCX8\">\u201d (2022), \u201eMy dance <\/span><span class=\"SpellingError SCXW222763700 BCX8\">breakthrough<\/span><span class=\"NormalTextRun SCXW222763700 BCX8\">\u201d <\/span><span class=\"SpellingError SCXW222763700 BCX8\">Christmas<\/span><span class=\"NormalTextRun SCXW222763700 BCX8\"> Party (2020), \u201cTips4Hips <\/span><span class=\"SpellingError SCXW222763700 BCX8\">Christmas<\/span><span class=\"NormalTextRun SCXW222763700 BCX8\"> Gala\u201d (2021), Gala Gwiazd Ta\u0144ca Orientalnego (2022). Nauczycielka ta\u0144ca orientalnego \u2013 prowadzi zaj\u0119cia \u201cTaniec Brzucha dla Seniora\u201d w ramach Uniwersytetu Sportowego Seniora oraz w Centrum Kultury \u015al\u0105skiej w \u015awi\u0119toch\u0142owicach.\u00a0Prowadzi <\/span><span class=\"NormalTextRun SCXW222763700 BCX8\">grup\u0119 taneczn\u0105 <\/span><span class=\"SpellingError SCXW222763700 BCX8\">Orientalesia<\/span><span class=\"NormalTextRun SCXW222763700 BCX8\">. <\/span><span class=\"NormalTextRun SCXW222763700 BCX8\">Bierze udzia\u0142 w konkursach i festiwalach tanecznych, m.in. zdoby\u0142a <\/span><span class=\"NormalTextRun SCXW222763700 BCX8\">I miejsce na mi\u0119dzynarodowym festiwalu ta\u0144ca orientalnego \u201cDance Weekend in <\/span><span class=\"SpellingError SCXW222763700 BCX8\">Warsaw<\/span><span class=\"NormalTextRun SCXW222763700 BCX8\">\u201d (kategoria: polscy profesjonali\u015bci; 2021). By\u0142a zaanga\u017cowana w popularyzacj\u0119 nauki, m.in. w ramach \u015al\u0105skiego Festiwalu Nauki. W jej dorobku naukowym znajduj\u0105 si\u0119 3 artyku\u0142y naukowe, rozdzia\u0142 ksi\u0105\u017ckowy i 2 inne teksty naukowe. Poza tym bra\u0142a czynny udzia\u0142 w 6 konferencjach mi\u0119dzynarodowych oraz 5 og\u00f3lnopolskich.\u00a0<\/span><span class=\"NormalTextRun SCXW222763700 BCX8\">Dzia\u0142a\u0142a spo\u0142ecznie na rzecz Ko\u015bcio\u0142a Bo\u017cego w Chrystusie, zb\u00f3r \u201eNowe Przymierze\u201d w Gliwicach oraz <\/span><span class=\"NormalTextRun SCXW222763700 BCX8\">Ko\u015bcio\u0142a Zielono\u015bwi\u0105tkowego, zb\u00f3r \u201eBetania\u201d w Katowicach. Otrzyma\u0142a <\/span><span class=\"NormalTextRun SCXW222763700 BCX8\">stypendium rz\u0105du francuskiego umo\u017cliwiaj\u0105ce realizacj\u0119 doktoratu en <\/span><span class=\"SpellingError SCXW222763700 BCX8\">cotutelle<\/span><span class=\"NormalTextRun SCXW222763700 BCX8\"> we wsp\u00f3\u0142pracy z jednostk\u0105 francusk\u0105 oraz stypendium EUR-FRAPP w <\/span><span class=\"SpellingError SCXW222763700 BCX8\">Universit\u00e9<\/span><span class=\"NormalTextRun SCXW222763700 BCX8\"> Paris-Est <\/span><span class=\"SpellingError SCXW222763700 BCX8\">Cr\u00e9teil<\/span><span class=\"NormalTextRun SCXW222763700 BCX8\"> dla najbardziej interesuj\u0105cych projekt\u00f3w prac doktorskich.<\/span><\/span><span class=\"EOP SCXW222763700 BCX8\" data-ccp-props=\"{&quot;201341983&quot;:0,&quot;335551550&quot;:1,&quot;335551620&quot;:1,&quot;335559739&quot;:0,&quot;335559740&quot;:360}\">\u00a0<\/span> \r\n                                <div class=\"mt-3\"><\/div>\r\n                            <\/div>\r\n                            \r\n                            <div class=\"text-modules__img\"><img src=\"https:\/\/us.edu.pl\/student\/wp-content\/uploads\/sites\/3\/Wyroznienia-rektora\/wyroznieni-z-lat-poprzednich\/Laureaci-2022\/Mezyk-1-240x300.jpg\" alt=\"img\"><\/div>\r\n                        <\/div>\r\n                    <\/div>\r\n                <\/div>[\/vc_column][\/vc_row]<\/p>","protected":false},"excerpt":{"rendered":"<p>[vc_row][vc_column][\/vc_column][\/vc_row] [&#8230;]<\/p>\n<p><a class=\"btn btn-secondary understrap-read-more-link\" href=\"https:\/\/us.edu.pl\/student\/dzialalnosc-studencka\/wyroznienia-jm-rektora-us\/laureaci-poprzednich-edycji\/laureaci-xiv-edycji\/doktoranci\/judyta-mezyk\/\">Read More&#8230;<\/a><\/p>\n","protected":false},"author":28,"featured_media":0,"parent":35637,"menu_order":0,"comment_status":"closed","ping_status":"closed","template":"","meta":{"_expiration-date-status":"","_expiration-date":0,"_expiration-date-type":"","_expiration-date-categories":[],"_expiration-date-options":[]},"acf":[],"_links":{"self":[{"href":"https:\/\/us.edu.pl\/student\/wp-json\/wp\/v2\/pages\/35659"}],"collection":[{"href":"https:\/\/us.edu.pl\/student\/wp-json\/wp\/v2\/pages"}],"about":[{"href":"https:\/\/us.edu.pl\/student\/wp-json\/wp\/v2\/types\/page"}],"author":[{"embeddable":true,"href":"https:\/\/us.edu.pl\/student\/wp-json\/wp\/v2\/users\/28"}],"replies":[{"embeddable":true,"href":"https:\/\/us.edu.pl\/student\/wp-json\/wp\/v2\/comments?post=35659"}],"version-history":[{"count":2,"href":"https:\/\/us.edu.pl\/student\/wp-json\/wp\/v2\/pages\/35659\/revisions"}],"predecessor-version":[{"id":35809,"href":"https:\/\/us.edu.pl\/student\/wp-json\/wp\/v2\/pages\/35659\/revisions\/35809"}],"up":[{"embeddable":true,"href":"https:\/\/us.edu.pl\/student\/wp-json\/wp\/v2\/pages\/35637"}],"wp:attachment":[{"href":"https:\/\/us.edu.pl\/student\/wp-json\/wp\/v2\/media?parent=35659"}],"curies":[{"name":"wp","href":"https:\/\/api.w.org\/{rel}","templated":true}]}}