{"id":35664,"date":"2022-06-03T10:11:28","date_gmt":"2022-06-03T08:11:28","guid":{"rendered":"https:\/\/us.edu.pl\/student\/?page_id=35664"},"modified":"2022-06-06T12:47:57","modified_gmt":"2022-06-06T10:47:57","slug":"marlena-pazdzior","status":"publish","type":"page","link":"https:\/\/us.edu.pl\/student\/dzialalnosc-studencka\/wyroznienia-jm-rektora-us\/laureaci-poprzednich-edycji\/laureaci-xiv-edycji\/doktoranci\/marlena-pazdzior\/","title":{"rendered":"Marlena Pa\u017adzior"},"content":{"rendered":"<p>[vc_row][vc_column]\r\n                <div class=\"text-modules \">\r\n                    <div class=\"container\">\r\n                         <h3 class=\"subtitle text-modules__subtitle\">Marlena Pa\u017adzior<\/h3>\r\n                        <div class=\"row m-0\">\r\n                            <div class=\"text-modules__content\">\r\n                                <span class=\"TextRun SCXW243816151 BCX8\" lang=\"PL-PL\" xml:lang=\"PL-PL\" data-contrast=\"none\"><span class=\"NormalTextRun SCXW243816151 BCX8\">Otrzyma\u0142a Wyr\u00f3\u017cnienie Rektora U\u015a w XIV edycji konkursu za osi\u0105gni\u0119cia naukowe oraz dzia\u0142alno\u015b\u0107 popularnonaukow\u0105 jako doktorantka w dyscyplinie\u00a0<\/span><span class=\"NormalTextRun SCXW243816151 BCX8\">nauk chemicznych, biologicznych i medycznych<\/span><span class=\"NormalTextRun SCXW243816151 BCX8\">\u00a0w Szkole Doktorskiej U\u015a. Wsp\u00f3\u0142autorka 2 artyku\u0142\u00f3w naukowych, wzi\u0119\u0142a czynny udzia\u0142 w 5 konferencjach mi\u0119dzynarodowych oraz 4 og\u00f3lnopolskich. Realizowa\u0142a w\u0142asne projekty naukowe, kt\u00f3rych celem jest wspieranie <\/span><span class=\"NormalTextRun SCXW243816151 BCX8\">poszukiwania nowych lek\u00f3w przeciwnowotworowych, m.in. by\u0142 to projekt<\/span><span class=\"NormalTextRun SCXW243816151 BCX8\">\u00a0<\/span><span class=\"NormalTextRun SCXW243816151 BCX8\">\u201ePoszukiwanie <\/span><span class=\"SpellingError SCXW243816151 BCX8\">nanono\u015bnik\u00f3w<\/span><span class=\"NormalTextRun SCXW243816151 BCX8\"> lek\u00f3w o potencjalnym zastosowaniu w onkologii\u201d.\u00a0<\/span><span class=\"NormalTextRun SCXW243816151 BCX8\">Prowadzi\u0142a warsztaty chemiczne dla uczni\u00f3w szk\u00f3\u0142 podstawowych w projekcie <\/span><span class=\"NormalTextRun SCXW243816151 BCX8\">\u201eKreatywny odkrywca\u201d, warsztaty dla m\u0142odzie\u017cy szkolnej podczas \u201c<\/span><span class=\"NormalTextRun SCXW243816151 BCX8\">Wirtualnych Dni Otwartych na Wydziale Nauk \u015acis\u0142ych i Technicznych\u201d (2020) oraz podczas \u201cWirtualnego \u015awi\u0119ta Liczby Pi\u201d (2020), wyk\u0142ad i warsztaty w Narodowym Instytucie Onkologii w Gliwicach (2022). Zorganizowa\u0142a mini recital skrzypcowy podczas konferencji \u201eSzybkie testy jako\u015bci paliw\u201d (2021). Gra na fortepianie i skrzypcach, \u015bpiewa, co stanowi jej pasj\u0119 wraz z zami\u0142owaniem do ksi\u0105\u017cek i fotografii. Jej ulubionym cytatem jest ten z Einsteina \u201eJe\u017celi nie potrafisz czego\u015b prosto wyja\u015bni\u0107 -to znaczy, \u017ce niewystarczaj\u0105co to rozumiesz\u201d.<\/span><\/span><span class=\"EOP SCXW243816151 BCX8\" data-ccp-props=\"{&quot;201341983&quot;:0,&quot;335551550&quot;:1,&quot;335551620&quot;:1,&quot;335559739&quot;:0,&quot;335559740&quot;:360}\">\u00a0<\/span> \r\n                                <div class=\"mt-3\"><\/div>\r\n                            <\/div>\r\n                            \r\n                            <div class=\"text-modules__img\"><img src=\"https:\/\/us.edu.pl\/student\/wp-content\/uploads\/sites\/3\/Wyroznienia-rektora\/wyroznieni-z-lat-poprzednich\/Laureaci-2022\/Marlena-Pazdzior-203x300.jpg\" alt=\"img\"><\/div>\r\n                        <\/div>\r\n                    <\/div>\r\n                <\/div>[\/vc_column][\/vc_row]<\/p>","protected":false},"excerpt":{"rendered":"<p>[vc_row][vc_column][\/vc_column][\/vc_row] [&#8230;]<\/p>\n<p><a class=\"btn btn-secondary understrap-read-more-link\" href=\"https:\/\/us.edu.pl\/student\/dzialalnosc-studencka\/wyroznienia-jm-rektora-us\/laureaci-poprzednich-edycji\/laureaci-xiv-edycji\/doktoranci\/marlena-pazdzior\/\">Read More&#8230;<\/a><\/p>\n","protected":false},"author":28,"featured_media":0,"parent":35637,"menu_order":0,"comment_status":"closed","ping_status":"closed","template":"","meta":{"_expiration-date-status":"","_expiration-date":0,"_expiration-date-type":"","_expiration-date-categories":[],"_expiration-date-options":[]},"acf":[],"_links":{"self":[{"href":"https:\/\/us.edu.pl\/student\/wp-json\/wp\/v2\/pages\/35664"}],"collection":[{"href":"https:\/\/us.edu.pl\/student\/wp-json\/wp\/v2\/pages"}],"about":[{"href":"https:\/\/us.edu.pl\/student\/wp-json\/wp\/v2\/types\/page"}],"author":[{"embeddable":true,"href":"https:\/\/us.edu.pl\/student\/wp-json\/wp\/v2\/users\/28"}],"replies":[{"embeddable":true,"href":"https:\/\/us.edu.pl\/student\/wp-json\/wp\/v2\/comments?post=35664"}],"version-history":[{"count":2,"href":"https:\/\/us.edu.pl\/student\/wp-json\/wp\/v2\/pages\/35664\/revisions"}],"predecessor-version":[{"id":35812,"href":"https:\/\/us.edu.pl\/student\/wp-json\/wp\/v2\/pages\/35664\/revisions\/35812"}],"up":[{"embeddable":true,"href":"https:\/\/us.edu.pl\/student\/wp-json\/wp\/v2\/pages\/35637"}],"wp:attachment":[{"href":"https:\/\/us.edu.pl\/student\/wp-json\/wp\/v2\/media?parent=35664"}],"curies":[{"name":"wp","href":"https:\/\/api.w.org\/{rel}","templated":true}]}}