{"id":35668,"date":"2022-06-03T10:15:05","date_gmt":"2022-06-03T08:15:05","guid":{"rendered":"https:\/\/us.edu.pl\/student\/?page_id=35668"},"modified":"2022-06-06T12:52:17","modified_gmt":"2022-06-06T10:52:17","slug":"joanna-nina-skrzydel","status":"publish","type":"page","link":"https:\/\/us.edu.pl\/student\/dzialalnosc-studencka\/wyroznienia-jm-rektora-us\/laureaci-poprzednich-edycji\/laureaci-xiv-edycji\/doktoranci\/joanna-nina-skrzydel\/","title":{"rendered":"Joanna Nina Skrzyde\u0142"},"content":{"rendered":"<p>[vc_row][vc_column]\r\n                <div class=\"text-modules \">\r\n                    <div class=\"container\">\r\n                         <h3 class=\"subtitle text-modules__subtitle\">Joanna Nina Skrzyde\u0142<\/h3>\r\n                        <div class=\"row m-0\">\r\n                            <div class=\"text-modules__content\">\r\n                                <span class=\"TextRun SCXW264387889 BCX8\" lang=\"PL-PL\" xml:lang=\"PL-PL\" data-contrast=\"none\"><span class=\"NormalTextRun SCXW264387889 BCX8\">Otrzyma\u0142a Wyr\u00f3\u017cnienie Rektora U\u015a w XIV edycji konkursu za osi\u0105gni\u0119cia naukowe oraz dzia\u0142alno\u015b\u0107 popularnonaukow\u0105 jako doktorantka w dyscyplinie\u00a0<\/span><\/span><span class=\"TextRun SCXW264387889 BCX8\" lang=\"PL-PL\" xml:lang=\"PL-PL\" data-contrast=\"none\"><span class=\"NormalTextRun SCXW264387889 BCX8\">nauki biologiczne<\/span><\/span><span class=\"TextRun SCXW264387889 BCX8\" lang=\"PL-PL\" xml:lang=\"PL-PL\" data-contrast=\"none\"><span class=\"NormalTextRun SCXW264387889 BCX8\">\u00a0na Wydziale Nauk Przyrodniczych U\u015a. Autorka artyku\u0142u naukowego, realizatorka m.in. autorskiego projektu \u201c<\/span><span class=\"SpellingError SCXW264387889 BCX8\">Investigation<\/span><span class=\"NormalTextRun SCXW264387889 BCX8\"> development of <\/span><span class=\"SpellingError SCXW264387889 BCX8\">cuticle<\/span> <span class=\"SpellingError SCXW264387889 BCX8\">pattern<\/span><span class=\"NormalTextRun SCXW264387889 BCX8\"> on <\/span><span class=\"SpellingError SCXW264387889 BCX8\">Arabidopsis<\/span> <span class=\"SpellingError SCXW264387889 BCX8\">thaliana<\/span><span class=\"NormalTextRun SCXW264387889 BCX8\">\u00a0 <\/span><span class=\"SpellingError SCXW264387889 BCX8\">sepal<\/span><span class=\"NormalTextRun SCXW264387889 BCX8\"> \u2013 <\/span><span class=\"SpellingError SCXW264387889 BCX8\">preliminary<\/span> <span class=\"SpellingError SCXW264387889 BCX8\">studies<\/span><span class=\"NormalTextRun SCXW264387889 BCX8\">\u201d<\/span><span class=\"NormalTextRun SCXW264387889 BCX8\">\u00a0<\/span><span class=\"NormalTextRun SCXW264387889 BCX8\">na Uniwersytecie w Montrealu. Uzyska\u0142a grant MITACS (<\/span><span class=\"SpellingError SCXW264387889 BCX8\">Globalink<\/span> <span class=\"SpellingError SCXW264387889 BCX8\">Research<\/span> <span class=\"SpellingError SCXW264387889 BCX8\">Award<\/span><span class=\"NormalTextRun SCXW264387889 BCX8\"> for <\/span><span class=\"SpellingError SCXW264387889 BCX8\">research<\/span><span class=\"NormalTextRun SCXW264387889 BCX8\"> in Canada) dla realizacji projektu \u201cDevelopment and dynamics of <\/span><span class=\"SpellingError SCXW264387889 BCX8\">cuticle<\/span> <span class=\"SpellingError SCXW264387889 BCX8\">pattern<\/span><span class=\"NormalTextRun SCXW264387889 BCX8\"> on <\/span><span class=\"SpellingError SCXW264387889 BCX8\">Arabidopsis<\/span> <span class=\"SpellingError SCXW264387889 BCX8\">thaliana<\/span><span class=\"NormalTextRun SCXW264387889 BCX8\">\u00a0 <\/span><span class=\"SpellingError SCXW264387889 BCX8\">sepal<\/span><span class=\"NormalTextRun SCXW264387889 BCX8\">\u201d. Pracuje r\u00f3wnie\u017c w zespole badawczym m.in. grantu NCN \u201cRola mechanicznej regulacji lokalnej zmienno\u015bci w formowaniu powtarzalnych organ\u00f3w ro\u015blinnych\u201d. <\/span><span class=\"NormalTextRun SCXW264387889 BCX8\">Zaanga\u017cowana w popularyzacj\u0119 nauki \u2013 m.in. przeprowadza\u0142a<\/span><span class=\"NormalTextRun SCXW264387889 BCX8\"> eksperymenty biologiczne dla student\u00f3w i uczni\u00f3w podczas trzech edycji \u015al\u0105skiego Festiwalu Nauki KATOWICE oraz podczas Og\u00f3lnopolskiej Nocy Biolog\u00f3w. W roku akademickim 2019\/2020 by\u0142a pomys\u0142odawczyni\u0105 oraz inicjatork\u0105 zorganizowania szkolenia dla doktorant\u00f3w z zakresu programowania w niekomercyjnych programach (R\/<\/span><span class=\"SpellingError SCXW264387889 BCX8\">Python<\/span><span class=\"NormalTextRun SCXW264387889 BCX8\">). <\/span><span class=\"NormalTextRun SCXW264387889 BCX8\">Od listopada 2020 do maja 2021 realizowa\u0142a s<\/span><span class=\"NormalTextRun SCXW264387889 BCX8\">ta\u017c w \u015al\u0105skim Centrum Technologii Medycznych <\/span><span class=\"SpellingError SCXW264387889 BCX8\">Kardio-Med<\/span><span class=\"NormalTextRun SCXW264387889 BCX8\"> Silesia w Zabrzu, podczas kt\u00f3rego m.in. wzi\u0119\u0142a udzia\u0142 w eksperymencie badawczym, w ramach kt\u00f3rego na 300 pracownikach ochrony zdrowia przeprowadzono testy na przeciwcia\u0142a przeciwko SARS-Cov-2 przed i po ka\u017cdej dawce szczepienia. Jako sw\u00f3j ulubiony cytat podaje s\u0142owa Michaela Jordana: \u201cMog\u0119 zaakceptowa\u0107 pora\u017ck\u0119, ale nie mog\u0119 zaakceptowa\u0107 braku pr\u00f3by\u201d.<\/span><\/span><span class=\"EOP SCXW264387889 BCX8\" data-ccp-props=\"{&quot;201341983&quot;:0,&quot;335551550&quot;:1,&quot;335551620&quot;:1,&quot;335559739&quot;:0,&quot;335559740&quot;:360}\">\u00a0<\/span> \r\n                                <div class=\"mt-3\"><\/div>\r\n                            <\/div>\r\n                            \r\n                            <div class=\"text-modules__img\"><img src=\"https:\/\/us.edu.pl\/student\/wp-content\/uploads\/sites\/3\/Wyroznienia-rektora\/wyroznieni-z-lat-poprzednich\/Laureaci-2022\/Skrzydel-233x300.jpg\" alt=\"img\"><\/div>\r\n                        <\/div>\r\n                    <\/div>\r\n                <\/div>[\/vc_column][\/vc_row]<\/p>","protected":false},"excerpt":{"rendered":"<p>[vc_row][vc_column][\/vc_column][\/vc_row] [&#8230;]<\/p>\n<p><a class=\"btn btn-secondary understrap-read-more-link\" href=\"https:\/\/us.edu.pl\/student\/dzialalnosc-studencka\/wyroznienia-jm-rektora-us\/laureaci-poprzednich-edycji\/laureaci-xiv-edycji\/doktoranci\/joanna-nina-skrzydel\/\">Read More&#8230;<\/a><\/p>\n","protected":false},"author":28,"featured_media":0,"parent":35637,"menu_order":0,"comment_status":"closed","ping_status":"closed","template":"","meta":{"_expiration-date-status":"","_expiration-date":0,"_expiration-date-type":"","_expiration-date-categories":[],"_expiration-date-options":[]},"acf":[],"_links":{"self":[{"href":"https:\/\/us.edu.pl\/student\/wp-json\/wp\/v2\/pages\/35668"}],"collection":[{"href":"https:\/\/us.edu.pl\/student\/wp-json\/wp\/v2\/pages"}],"about":[{"href":"https:\/\/us.edu.pl\/student\/wp-json\/wp\/v2\/types\/page"}],"author":[{"embeddable":true,"href":"https:\/\/us.edu.pl\/student\/wp-json\/wp\/v2\/users\/28"}],"replies":[{"embeddable":true,"href":"https:\/\/us.edu.pl\/student\/wp-json\/wp\/v2\/comments?post=35668"}],"version-history":[{"count":2,"href":"https:\/\/us.edu.pl\/student\/wp-json\/wp\/v2\/pages\/35668\/revisions"}],"predecessor-version":[{"id":35814,"href":"https:\/\/us.edu.pl\/student\/wp-json\/wp\/v2\/pages\/35668\/revisions\/35814"}],"up":[{"embeddable":true,"href":"https:\/\/us.edu.pl\/student\/wp-json\/wp\/v2\/pages\/35637"}],"wp:attachment":[{"href":"https:\/\/us.edu.pl\/student\/wp-json\/wp\/v2\/media?parent=35668"}],"curies":[{"name":"wp","href":"https:\/\/api.w.org\/{rel}","templated":true}]}}