{"id":35671,"date":"2022-06-03T10:16:55","date_gmt":"2022-06-03T08:16:55","guid":{"rendered":"https:\/\/us.edu.pl\/student\/?page_id=35671"},"modified":"2022-06-09T09:29:48","modified_gmt":"2022-06-09T07:29:48","slug":"mariusz-wierzgon","status":"publish","type":"page","link":"https:\/\/us.edu.pl\/student\/dzialalnosc-studencka\/wyroznienia-jm-rektora-us\/laureaci-poprzednich-edycji\/laureaci-xiv-edycji\/doktoranci\/mariusz-wierzgon\/","title":{"rendered":"Mariusz Wierzgo\u0144"},"content":{"rendered":"<p>[vc_row][vc_column]\r\n                <div class=\"text-modules \">\r\n                    <div class=\"container\">\r\n                         <h3 class=\"subtitle text-modules__subtitle\">Mariusz Wierzgo\u0144<\/h3>\r\n                        <div class=\"row m-0\">\r\n                            <div class=\"text-modules__content\">\r\n                                Otrzyma\u0142 Wyr\u00f3\u017cnienie Rektora U\u015a w XIV edycji konkursu za osi\u0105gni\u0119cia naukowe, dzia\u0142alno\u015b\u0107 popularnonaukow\u0105 i spo\u0142eczn\u0105 jako doktorant w dyscyplinie nauki biologiczne na Wydziale Nauk Przyrodniczych U\u015a. W okresie studi\u00f3w doktoranckich autor 14 artyku\u0142\u00f3w naukowych oraz wyst\u0105pie\u0144 i poster\u00f3w na 4 konferencjach mi\u0119dzynarodowych i 2 og\u00f3lnopolskich. Uzyska\u0142 2 stypendia zagraniczne (PROM). Uczestnik wypraw naukowych na Wysp\u0119 Kr\u00f3la Jerzego (Antarktyka) oraz Spitsbergen. Zaanga\u017cowany od lat w dzia\u0142ania na rzecz ochrony przyrody \u2013 wsp\u00f3\u0142pracuje z innymi spo\u0142ecznikami, organizacjami lokalnymi i og\u00f3lnopolskimi, m.in. z Fundacj\u0105 Las Naturalny (Natural Forest Foundation). Od 2004 roku jest aktywnym cz\u0142onkiem Ochotniczej Stra\u017cy Po\u017carnej w Miko\u0142owie-Kamionce, a od 2010 roku po uko\u0144czeniu szkolenia podstawowego nale\u017cy do Sekcji Bojowej tej jednostki. Od 2021 roku sprawuje r\u00f3wnie\u017c funkcj\u0119 przewodnicz\u0105cego Komisji Rewizyjnej OSP Miko\u0142\u00f3w-Kamionka. Od 2009 roku jest aktywnym cz\u0142onkiem Polskiego Towarzystwa Turystyczno-Krajoznawczego, a od 2021 roku Studenckiego Ko\u0142a Przewodnik\u00f3w Beskidzkich w Katowicach, anga\u017cuj\u0105c si\u0119 w sprawy statutowe i organizacyjne tych stowarzysze\u0144. W 2021 otrzyma\u0142 uprawnienia Przewodnika Beskidzkiego klasy III. Od 2006 roku jest wolontariuszem Wielkiej Orkiestry \u015awi\u0105tecznej Pomocy. Aktywnie w\u0142\u0105cza si\u0119 w dzia\u0142ania samorz\u0105du doktorant\u00f3w, w latach 2019-2021 pe\u0142ni\u0105c funkcj\u0119 Zast\u0119pcy Przewodnicz\u0105cego Uczelnianej Rady Samorz\u0105du Doktorant\u00f3w oraz reprezentuj\u0105c \u015brodowisko doktorant\u00f3w w komisjach uczelnianych. Sprawowa\u0142 opiek\u0119 merytoryczn\u0105 oraz animowa\u0142 dzia\u0142ania student\u00f3w zwi\u0105zanych z Interdyscyplinarnym Ko\u0142em Naukowym Przyrodnik\u00f3w Planeta (2018-2022). Posiada znacz\u0105ce osi\u0105gni\u0119cia r\u00f3wnie\u017c w zakresie popularyzacji nauki i edukacji ekologicznej \u2013 przez ca\u0142y okres studi\u00f3w doktoranckich anga\u017cowa\u0142 si\u0119 podczas r\u00f3\u017cnych wydarze\u0144 naukowych w Uczelni, jednostkach o\u015bwiaty oraz w \u015al\u0105skim Ogrodzie Botanicznym w Miko\u0142owie. \r\n                                <div class=\"mt-3\"><\/div>\r\n                            <\/div>\r\n                            \r\n                            \r\n                        <\/div>\r\n                    <\/div>\r\n                <\/div>[\/vc_column][\/vc_row]<\/p>","protected":false},"excerpt":{"rendered":"<p>[vc_row][vc_column][\/vc_column][\/vc_row] [&#8230;]<\/p>\n<p><a class=\"btn btn-secondary understrap-read-more-link\" href=\"https:\/\/us.edu.pl\/student\/dzialalnosc-studencka\/wyroznienia-jm-rektora-us\/laureaci-poprzednich-edycji\/laureaci-xiv-edycji\/doktoranci\/mariusz-wierzgon\/\">Read More&#8230;<\/a><\/p>\n","protected":false},"author":28,"featured_media":0,"parent":35637,"menu_order":0,"comment_status":"closed","ping_status":"closed","template":"","meta":{"_expiration-date-status":"","_expiration-date":0,"_expiration-date-type":"","_expiration-date-categories":[],"_expiration-date-options":[]},"acf":[],"_links":{"self":[{"href":"https:\/\/us.edu.pl\/student\/wp-json\/wp\/v2\/pages\/35671"}],"collection":[{"href":"https:\/\/us.edu.pl\/student\/wp-json\/wp\/v2\/pages"}],"about":[{"href":"https:\/\/us.edu.pl\/student\/wp-json\/wp\/v2\/types\/page"}],"author":[{"embeddable":true,"href":"https:\/\/us.edu.pl\/student\/wp-json\/wp\/v2\/users\/28"}],"replies":[{"embeddable":true,"href":"https:\/\/us.edu.pl\/student\/wp-json\/wp\/v2\/comments?post=35671"}],"version-history":[{"count":6,"href":"https:\/\/us.edu.pl\/student\/wp-json\/wp\/v2\/pages\/35671\/revisions"}],"predecessor-version":[{"id":35861,"href":"https:\/\/us.edu.pl\/student\/wp-json\/wp\/v2\/pages\/35671\/revisions\/35861"}],"up":[{"embeddable":true,"href":"https:\/\/us.edu.pl\/student\/wp-json\/wp\/v2\/pages\/35637"}],"wp:attachment":[{"href":"https:\/\/us.edu.pl\/student\/wp-json\/wp\/v2\/media?parent=35671"}],"curies":[{"name":"wp","href":"https:\/\/api.w.org\/{rel}","templated":true}]}}