{"id":35712,"date":"2022-06-03T18:22:02","date_gmt":"2022-06-03T16:22:02","guid":{"rendered":"https:\/\/us.edu.pl\/student\/?page_id=35712"},"modified":"2022-06-06T11:11:27","modified_gmt":"2022-06-06T09:11:27","slug":"violetta-bayeva","status":"publish","type":"page","link":"https:\/\/us.edu.pl\/student\/dzialalnosc-studencka\/wyroznienia-jm-rektora-us\/laureaci-poprzednich-edycji\/laureaci-xiv-edycji\/studenci\/violetta-bayeva\/","title":{"rendered":"Violetta Bayeva"},"content":{"rendered":"<p>[vc_row][vc_column]\r\n                <div class=\"text-modules \">\r\n                    <div class=\"container\">\r\n                         <h3 class=\"subtitle text-modules__subtitle\">Violetta Bayeva<\/h3>\r\n                        <div class=\"row m-0\">\r\n                            <div class=\"text-modules__content\">\r\n                                <span class=\"TextRun SCXW143861826 BCX8\" lang=\"PL-PL\" xml:lang=\"PL-PL\" data-contrast=\"none\"><span class=\"NormalTextRun SCXW143861826 BCX8\">Otrzyma\u0142a Wyr\u00f3\u017cnienie Rektora U\u015a w XIV edycji konkursu za osi\u0105gni\u0119cia naukowe jako studentka informatyki na Wydziale <\/span><span class=\"NormalTextRun SCXW143861826 BCX8\">Nauk \u015acis\u0142ych i Technicznych<\/span><span class=\"NormalTextRun SCXW143861826 BCX8\"> U\u015a. Jest jedn\u0105 z 25 w Polsce i pierwsz\u0105 z Uniwersytetu \u015al\u0105skiego stypendystk\u0105 programu \u201c<\/span><span class=\"NormalTextRun SCXW143861826 BCX8\">Nowe technologie dla dziewczyn\u201d realizowanego przez <\/span><span class=\"NormalTextRun SCXW143861826 BCX8\">Intel i Perspektywy<\/span><span class=\"NormalTextRun SCXW143861826 BCX8\">. <\/span><span class=\"NormalTextRun SCXW143861826 BCX8\">Jest to program stypendialny dla m\u0142odych kobiet wi\u0105\u017c\u0105cych swoj\u0105 przysz\u0142o\u015b\u0107 z bran\u017c\u0105 technologiczn\u0105. Wygra\u0142a r\u00f3wnie\u017c w innych presti\u017cowych konkursach: <\/span><span class=\"SpellingError SCXW143861826 BCX8\">LeaderSHEp<\/span> <span class=\"SpellingError SCXW143861826 BCX8\">Academy<\/span><span class=\"NormalTextRun SCXW143861826 BCX8\"> oraz <\/span><span class=\"SpellingError SCXW143861826 BCX8\">Seeds<\/span><span class=\"NormalTextRun SCXW143861826 BCX8\"> for the <\/span><span class=\"SpellingError SCXW143861826 BCX8\">Future<\/span><span class=\"NormalTextRun SCXW143861826 BCX8\">. Uczestniczy\u0142a w <\/span><span class=\"SpellingError SCXW143861826 BCX8\">Women<\/span><span class=\"NormalTextRun SCXW143861826 BCX8\"> in Tech <\/span><span class=\"SpellingError SCXW143861826 BCX8\">Camp<\/span><span class=\"NormalTextRun SCXW143861826 BCX8\"> oraz zda\u0142a egzamin z UI\/UX w programie <\/span><span class=\"SpellingError SCXW143861826 BCX8\">Corporate<\/span> <span class=\"SpellingError SCXW143861826 BCX8\">Readeiness<\/span> <span class=\"SpellingError SCXW143861826 BCX8\">Certificate<\/span><span class=\"NormalTextRun SCXW143861826 BCX8\">. Rozwija si\u0119 naukowo tak\u017ce dzi\u0119ki programowi \u201e<\/span><span class=\"SpellingError SCXW143861826 BCX8\">Tutoring<\/span><span class=\"NormalTextRun SCXW143861826 BCX8\"> dla najlepszych\u201d \u2013 \u201eMistrzowie Dydaktyki\u201d pod okiem <\/span><span class=\"SpellingError SCXW143861826 BCX8\">tutorki<\/span> <span class=\"NormalTextRun SCXW143861826 BCX8\">dr hab. Agnieszki Nowak-Brzezi\u0144skiej <\/span><span class=\"NormalTextRun SCXW143861826 BCX8\">oraz w ramach Ko\u0142a Naukowego Informatyk\u00f3w. Dodatkowe zaj\u0119cia realizuje r\u00f3wnie\u017c dzi\u0119ki dostaniu si\u0119 do projektu <\/span><\/span><span class=\"TextRun SCXW143861826 BCX8\" lang=\"PL-PL\" xml:lang=\"PL-PL\" data-contrast=\"none\"><span class=\"NormalTextRun SCXW143861826 BCX8\">Transform4Europe. <\/span><\/span><span class=\"TextRun SCXW143861826 BCX8\" lang=\"PL-PL\" xml:lang=\"PL-PL\" data-contrast=\"none\"><span class=\"NormalTextRun SCXW143861826 BCX8\">Jak sama pisze &#8211; s<\/span><span class=\"NormalTextRun SCXW143861826 BCX8\">amodzielnie przeprowadzi\u0142a si\u0119 do Polski, co nauczy\u0142o j\u0105 doros\u0142o\u015bci i umiej\u0119tno\u015bci brania odpowiedzialno\u015bci. Nauczy\u0142a si\u0119 polskiego od zera za pomoc\u0105 podr\u0119cznik\u00f3w a jeszcze 4 lata temu nie potrafi\u0142a powiedzie\u0107 ani s\u0142owa po polsku. Uwielbia uniwersum Star Wars, lubi cosplay i <\/span><span class=\"SpellingError SCXW143861826 BCX8\">roleplay<\/span><span class=\"NormalTextRun SCXW143861826 BCX8\">, neurobiologi\u0119 i koty. Posiada czarny pas z <\/span><span class=\"SpellingError SCXW143861826 BCX8\">taekwon<\/span><span class=\"NormalTextRun SCXW143861826 BCX8\">-do.\u00a0<\/span><\/span><span class=\"EOP SCXW143861826 BCX8\" data-ccp-props=\"{&quot;201341983&quot;:0,&quot;335559739&quot;:160,&quot;335559740&quot;:360}\">\u00a0<\/span> \r\n                                <div class=\"mt-3\"><\/div>\r\n                            <\/div>\r\n                            \r\n                            <div class=\"text-modules__img\"><img src=\"https:\/\/us.edu.pl\/student\/wp-content\/uploads\/sites\/3\/Wyroznienia-rektora\/wyroznieni-z-lat-poprzednich\/Laureaci-2022\/Bayeva-3-225x300.jpg\" alt=\"img\"><\/div>\r\n                        <\/div>\r\n                    <\/div>\r\n                <\/div>[\/vc_column][\/vc_row]<\/p>","protected":false},"excerpt":{"rendered":"<p>[vc_row][vc_column][\/vc_column][\/vc_row] [&#8230;]<\/p>\n<p><a class=\"btn btn-secondary understrap-read-more-link\" href=\"https:\/\/us.edu.pl\/student\/dzialalnosc-studencka\/wyroznienia-jm-rektora-us\/laureaci-poprzednich-edycji\/laureaci-xiv-edycji\/studenci\/violetta-bayeva\/\">Read More&#8230;<\/a><\/p>\n","protected":false},"author":28,"featured_media":0,"parent":35675,"menu_order":0,"comment_status":"closed","ping_status":"closed","template":"","meta":{"_expiration-date-status":"","_expiration-date":0,"_expiration-date-type":"","_expiration-date-categories":[],"_expiration-date-options":[]},"acf":[],"_links":{"self":[{"href":"https:\/\/us.edu.pl\/student\/wp-json\/wp\/v2\/pages\/35712"}],"collection":[{"href":"https:\/\/us.edu.pl\/student\/wp-json\/wp\/v2\/pages"}],"about":[{"href":"https:\/\/us.edu.pl\/student\/wp-json\/wp\/v2\/types\/page"}],"author":[{"embeddable":true,"href":"https:\/\/us.edu.pl\/student\/wp-json\/wp\/v2\/users\/28"}],"replies":[{"embeddable":true,"href":"https:\/\/us.edu.pl\/student\/wp-json\/wp\/v2\/comments?post=35712"}],"version-history":[{"count":3,"href":"https:\/\/us.edu.pl\/student\/wp-json\/wp\/v2\/pages\/35712\/revisions"}],"predecessor-version":[{"id":35759,"href":"https:\/\/us.edu.pl\/student\/wp-json\/wp\/v2\/pages\/35712\/revisions\/35759"}],"up":[{"embeddable":true,"href":"https:\/\/us.edu.pl\/student\/wp-json\/wp\/v2\/pages\/35675"}],"wp:attachment":[{"href":"https:\/\/us.edu.pl\/student\/wp-json\/wp\/v2\/media?parent=35712"}],"curies":[{"name":"wp","href":"https:\/\/api.w.org\/{rel}","templated":true}]}}