{"id":35718,"date":"2022-06-06T09:35:22","date_gmt":"2022-06-06T07:35:22","guid":{"rendered":"https:\/\/us.edu.pl\/student\/?page_id=35718"},"modified":"2022-06-07T14:52:40","modified_gmt":"2022-06-07T12:52:40","slug":"aleksandra-fijolek","status":"publish","type":"page","link":"https:\/\/us.edu.pl\/student\/dzialalnosc-studencka\/wyroznienia-jm-rektora-us\/laureaci-poprzednich-edycji\/laureaci-xiv-edycji\/studenci\/aleksandra-fijolek\/","title":{"rendered":"Aleksandra Fijo\u0142ek"},"content":{"rendered":"<p>[vc_row][vc_column]\r\n                <div class=\"text-modules \">\r\n                    <div class=\"container\">\r\n                         <h3 class=\"subtitle text-modules__subtitle\">Aleksandra Fijo\u0142ek<\/h3>\r\n                        <div class=\"row m-0\">\r\n                            <div class=\"text-modules__content\">\r\n                                Otrzyma\u0142a Wyr\u00f3\u017cnienie Rektora U\u015a w XIV edycji konkursu za osi\u0105gni\u0119cia naukowe jako studentka chemii na Wydziale Nauk \u015acis\u0142ych i Technicznych U\u015a. Jest wsp\u00f3\u0142autork\u0105 artyku\u0142u naukowego oraz 4 wyst\u0105pie\u0144 konferencyjnych. Zrealizowa\u0142a w\u0142asny projekt naukowy &#8222;Synteza i w\u0142a\u015bciwo\u015bci nowych,\u00a0 fotostabilnych pochodnych benzoperylenodiimidu do potencjalnych zastosowa\u0144 w technologii organicznych diod elektroluminescencyjnych&#8221; oraz pracuje w zespole badawczym realizuj\u0105cym grant Narodowego Centrum Nauki pn. \u201eStrategia APEX w syntezie funkcjonalizowanych nanografen\u00f3w z 1,4-diarylo-1,3-butadiyn\u00f3w oraz perylenu i jego pochodnych: nowe domino Diels-Alder cykloaddycja-cykloaromatyzacja&#8221;. Cz\u0142onkini Komitetu Organizacyjnego XV Og\u00f3lnopolskiego Konkursu Chemicznego przeznaczonego dla uczni\u00f3w szk\u00f3\u0142 \u015brednich. By\u0142a r\u00f3wnie\u017c odpowiedzialna za pokazy podczas \u015al\u0105skiego Festiwalu Nauki KATOWICE. W\u015br\u00f3d swoich pasji wymienia brushlettering, kr\u00f3liki, kuchni\u0119 wegetaria\u0144sk\u0105, slow fashion, less waste. \r\n                                <div class=\"mt-3\"><\/div>\r\n                            <\/div>\r\n                            \r\n                            <div class=\"text-modules__img\"><img src=\"https:\/\/us.edu.pl\/student\/wp-content\/uploads\/sites\/3\/Wyroznienia-rektora\/wyroznieni-z-lat-poprzednich\/Laureaci-2022\/Fijolek-1-300x300.jpg\" alt=\"img\"><\/div>\r\n                        <\/div>\r\n                    <\/div>\r\n                <\/div>[\/vc_column][\/vc_row]<\/p>","protected":false},"excerpt":{"rendered":"<p>[vc_row][vc_column][\/vc_column][\/vc_row] [&#8230;]<\/p>\n<p><a class=\"btn btn-secondary understrap-read-more-link\" href=\"https:\/\/us.edu.pl\/student\/dzialalnosc-studencka\/wyroznienia-jm-rektora-us\/laureaci-poprzednich-edycji\/laureaci-xiv-edycji\/studenci\/aleksandra-fijolek\/\">Read More&#8230;<\/a><\/p>\n","protected":false},"author":28,"featured_media":0,"parent":35675,"menu_order":0,"comment_status":"closed","ping_status":"closed","template":"","meta":{"_expiration-date-status":"","_expiration-date":0,"_expiration-date-type":"","_expiration-date-categories":[],"_expiration-date-options":[]},"acf":[],"_links":{"self":[{"href":"https:\/\/us.edu.pl\/student\/wp-json\/wp\/v2\/pages\/35718"}],"collection":[{"href":"https:\/\/us.edu.pl\/student\/wp-json\/wp\/v2\/pages"}],"about":[{"href":"https:\/\/us.edu.pl\/student\/wp-json\/wp\/v2\/types\/page"}],"author":[{"embeddable":true,"href":"https:\/\/us.edu.pl\/student\/wp-json\/wp\/v2\/users\/28"}],"replies":[{"embeddable":true,"href":"https:\/\/us.edu.pl\/student\/wp-json\/wp\/v2\/comments?post=35718"}],"version-history":[{"count":4,"href":"https:\/\/us.edu.pl\/student\/wp-json\/wp\/v2\/pages\/35718\/revisions"}],"predecessor-version":[{"id":35839,"href":"https:\/\/us.edu.pl\/student\/wp-json\/wp\/v2\/pages\/35718\/revisions\/35839"}],"up":[{"embeddable":true,"href":"https:\/\/us.edu.pl\/student\/wp-json\/wp\/v2\/pages\/35675"}],"wp:attachment":[{"href":"https:\/\/us.edu.pl\/student\/wp-json\/wp\/v2\/media?parent=35718"}],"curies":[{"name":"wp","href":"https:\/\/api.w.org\/{rel}","templated":true}]}}