{"id":35720,"date":"2022-06-06T09:36:40","date_gmt":"2022-06-06T07:36:40","guid":{"rendered":"https:\/\/us.edu.pl\/student\/?page_id=35720"},"modified":"2022-06-06T11:26:48","modified_gmt":"2022-06-06T09:26:48","slug":"marta-klepek","status":"publish","type":"page","link":"https:\/\/us.edu.pl\/student\/dzialalnosc-studencka\/wyroznienia-jm-rektora-us\/laureaci-poprzednich-edycji\/laureaci-xiv-edycji\/studenci\/marta-klepek\/","title":{"rendered":"Marta Klepek"},"content":{"rendered":"<p>[vc_row][vc_column]\r\n                <div class=\"text-modules \">\r\n                    <div class=\"container\">\r\n                         <h3 class=\"subtitle text-modules__subtitle\">Marta Klepek<\/h3>\r\n                        <div class=\"row m-0\">\r\n                            <div class=\"text-modules__content\">\r\n                                <span class=\"TextRun SCXW231121131 BCX8\" lang=\"PL-PL\" xml:lang=\"PL-PL\" data-contrast=\"none\"><span class=\"NormalTextRun SCXW231121131 BCX8\">Otrzyma\u0142a Wyr\u00f3\u017cnienie Rektora U\u015a w XIV edycji konkursu za osi\u0105gni\u0119cia sportowe i dzia\u0142alno\u015b\u0107 spo\u0142eczn\u0105 jako studentka edukacji kulturalnej na Wydziale <\/span><span class=\"NormalTextRun SCXW231121131 BCX8\">Sztuki i Nauk o Edukacji<\/span><span class=\"NormalTextRun SCXW231121131 BCX8\"> U\u015a. <\/span><span class=\"NormalTextRun SCXW231121131 BCX8\">Cz\u0142onkini Akademickiego Zwi\u0105zku Sportowego od 2018 roku. <\/span><span class=\"NormalTextRun SCXW231121131 BCX8\">W\u015br\u00f3d swoich osi\u0105gni\u0119\u0107 sportowych mo\u017ce wymieni\u0107 <\/span><span class=\"NormalTextRun SCXW231121131 BCX8\">3. miejsce w roku 2022 i 2. miejsce w roku 2021 w\u015br\u00f3d Uniwersytet\u00f3w na Akademickich Mistrzostwach Polski w Badmintonie, 2. miejsce w grze pojedynczej kobiet i 2. miejsce w grze podw\u00f3jnej kobiet na Akademickich Mistrzostwach \u015al\u0105ska w Badmintonie (2021), 3. miejsce w grze podw\u00f3jnej na Mi\u0119dzynarodowym Festiwalu Badmintona (2021), 1. miejsce w grze pojedynczej podczas Grand Prix Ziemi Pszczy\u0144skiej w Badmintonie (2021). Otrzyma\u0142a r\u00f3wnie\u017c wyr\u00f3\u017cnienie i <\/span><span class=\"NormalTextRun SCXW231121131 BCX8\">Nagrod\u0119 Burmistrza Pszczyny<\/span><span class=\"NormalTextRun SCXW231121131 BCX8\"> za dzia\u0142alno\u015b\u0107 trenersk\u0105 w roku 2019. Ponadto na Mistrzostwach Powiatu Pszczy\u0144skiego w Szachach zaj\u0119\u0142a 3. miejsce (2022). Poza zaanga\u017cowaniem w sport, udziela si\u0119 r\u00f3wnie\u017c spo\u0142ecznie, m.in. jako wolontariuszka w Polskim Zwi\u0105zku Niewidomych, w Centrum Edukacyjno-Leczniczo-Rehabilitacyjnym dla Dzieci i M\u0142odzie\u017cy w <\/span><span class=\"SpellingError SCXW231121131 BCX8\">Rudo\u0142towicach<\/span><span class=\"NormalTextRun SCXW231121131 BCX8\"> (od 2021). Dwukrotnie by\u0142a wolontariuszk\u0105 podczas \u015al\u0105skiego Festiwalu Nauki KATOWICE (2017, 2019). Pomaga\u0142a tak\u017ce w organizacji konferencji \u201cAutyzm jako ca\u0142o\u017cyciowe wyzwanie edukacyjne. W trosce o psychiczny dobrostan i jako\u015b\u0107 \u017cycia\u201d (2018). Aktywna uczestniczka dzia\u0142a\u0144 Studenckiego Ko\u0142a Artystyczno-Naukowego Animator\u00f3w Kultury w latach 2017-2019. Posiada r\u00f3wnie\u017c bogate do\u015bwiadczenie taneczne, m.in. jako tancerka w musicalu ,,Poprawiny\u201d oraz \u201eKorpo\u201d Studia Musicalowego Step Tomasza Micha. Poza tym by\u0142a aktork\u0105 m.in. w filmie kr\u00f3tkometra\u017cowym \u201eOddech jest niedosyty\u201d w re\u017cyserii Agnieszki Nowosielskiej. Najbardziej cieszy si\u0119, \u017ce mog\u0142a zata\u0144czy\u0107 na Otwarciu Letnich Igrzysk Olimpiad Specjalnych w Katowicach w 2018 roku.<\/span><\/span><span class=\"EOP SCXW231121131 BCX8\" data-ccp-props=\"{&quot;201341983&quot;:0,&quot;335559739&quot;:160,&quot;335559740&quot;:360}\">\u00a0<\/span> \r\n                                <div class=\"mt-3\"><\/div>\r\n                            <\/div>\r\n                            \r\n                            <div class=\"text-modules__img\"><img src=\"https:\/\/us.edu.pl\/student\/wp-content\/uploads\/sites\/3\/Wyroznienia-rektora\/wyroznieni-z-lat-poprzednich\/Laureaci-2022\/Klepek1-300x256.jpg\" alt=\"img\"><\/div>\r\n                        <\/div>\r\n                    <\/div>\r\n                <\/div>[\/vc_column][\/vc_row]<\/p>","protected":false},"excerpt":{"rendered":"<p>[vc_row][vc_column][\/vc_column][\/vc_row] [&#8230;]<\/p>\n<p><a class=\"btn btn-secondary understrap-read-more-link\" href=\"https:\/\/us.edu.pl\/student\/dzialalnosc-studencka\/wyroznienia-jm-rektora-us\/laureaci-poprzednich-edycji\/laureaci-xiv-edycji\/studenci\/marta-klepek\/\">Read More&#8230;<\/a><\/p>\n","protected":false},"author":28,"featured_media":0,"parent":35675,"menu_order":0,"comment_status":"closed","ping_status":"closed","template":"","meta":{"_expiration-date-status":"","_expiration-date":0,"_expiration-date-type":"","_expiration-date-categories":[],"_expiration-date-options":[]},"acf":[],"_links":{"self":[{"href":"https:\/\/us.edu.pl\/student\/wp-json\/wp\/v2\/pages\/35720"}],"collection":[{"href":"https:\/\/us.edu.pl\/student\/wp-json\/wp\/v2\/pages"}],"about":[{"href":"https:\/\/us.edu.pl\/student\/wp-json\/wp\/v2\/types\/page"}],"author":[{"embeddable":true,"href":"https:\/\/us.edu.pl\/student\/wp-json\/wp\/v2\/users\/28"}],"replies":[{"embeddable":true,"href":"https:\/\/us.edu.pl\/student\/wp-json\/wp\/v2\/comments?post=35720"}],"version-history":[{"count":3,"href":"https:\/\/us.edu.pl\/student\/wp-json\/wp\/v2\/pages\/35720\/revisions"}],"predecessor-version":[{"id":35768,"href":"https:\/\/us.edu.pl\/student\/wp-json\/wp\/v2\/pages\/35720\/revisions\/35768"}],"up":[{"embeddable":true,"href":"https:\/\/us.edu.pl\/student\/wp-json\/wp\/v2\/pages\/35675"}],"wp:attachment":[{"href":"https:\/\/us.edu.pl\/student\/wp-json\/wp\/v2\/media?parent=35720"}],"curies":[{"name":"wp","href":"https:\/\/api.w.org\/{rel}","templated":true}]}}