{"id":35722,"date":"2022-06-06T09:39:45","date_gmt":"2022-06-06T07:39:45","guid":{"rendered":"https:\/\/us.edu.pl\/student\/?page_id=35722"},"modified":"2022-06-06T11:40:26","modified_gmt":"2022-06-06T09:40:26","slug":"justyna-lipus","status":"publish","type":"page","link":"https:\/\/us.edu.pl\/student\/dzialalnosc-studencka\/wyroznienia-jm-rektora-us\/laureaci-poprzednich-edycji\/laureaci-xiv-edycji\/studenci\/justyna-lipus\/","title":{"rendered":"Justyna Lipus"},"content":{"rendered":"<p>[vc_row][vc_column]\r\n                <div class=\"text-modules \">\r\n                    <div class=\"container\">\r\n                         <h3 class=\"subtitle text-modules__subtitle\">Justyna Lipus<\/h3>\r\n                        <div class=\"row m-0\">\r\n                            <div class=\"text-modules__content\">\r\n                                <span class=\"TextRun SCXW230114717 BCX8\" lang=\"PL-PL\" xml:lang=\"PL-PL\" data-contrast=\"none\"><span class=\"NormalTextRun SCXW230114717 BCX8\">Otrzyma\u0142a Wyr\u00f3\u017cnienie Rektora U\u015a w XIV edycji konkursu za osi\u0105gni\u0119cia naukowe jako studentka chemii na Wydziale <\/span><span class=\"NormalTextRun SCXW230114717 BCX8\">Nauk \u015acis\u0142ych i Technicznych<\/span><span class=\"NormalTextRun SCXW230114717 BCX8\"> U\u015a. Jest jednym z wykonawc\u00f3w w grancie Narodowego Centrum Nauki \u201c<\/span><span class=\"SpellingError SCXW230114717 BCX8\">Biofunkcjonalizowane<\/span><span class=\"NormalTextRun SCXW230114717 BCX8\">\u00a0 pokrycia\u00a0 <\/span><span class=\"ContextualSpellingAndGrammarError SCXW230114717 BCX8\">organiczne\u00a0 jako<\/span><span class=\"NormalTextRun SCXW230114717 BCX8\">\u00a0 interfejsy\u00a0 <\/span><span class=\"SpellingError SCXW230114717 BCX8\">neuroelektroniczne<\/span><span class=\"NormalTextRun SCXW230114717 BCX8\">\u201d (od marca 2021). Jest pierwsz\u0105 autork\u0105 artyku\u0142u naukowego \u201c<\/span><span class=\"SpellingError SCXW230114717 BCX8\">Challenges<\/span><span class=\"NormalTextRun SCXW230114717 BCX8\"> and <\/span><span class=\"SpellingError SCXW230114717 BCX8\">limitations<\/span><span class=\"NormalTextRun SCXW230114717 BCX8\"> of <\/span><span class=\"SpellingError SCXW230114717 BCX8\">using<\/span> <span class=\"SpellingError SCXW230114717 BCX8\">charge<\/span><span class=\"NormalTextRun SCXW230114717 BCX8\">\u00a0 <\/span><span class=\"SpellingError SCXW230114717 BCX8\">storage<\/span><span class=\"NormalTextRun SCXW230114717 BCX8\">\u00a0 <\/span><span class=\"SpellingError SCXW230114717 BCX8\">capacity<\/span><span class=\"NormalTextRun SCXW230114717 BCX8\">\u00a0 to\u00a0 <\/span><span class=\"SpellingError SCXW230114717 BCX8\">assess<\/span><span class=\"NormalTextRun SCXW230114717 BCX8\">\u00a0 <\/span><span class=\"SpellingError SCXW230114717 BCX8\">capacitance<\/span><span class=\"NormalTextRun SCXW230114717 BCX8\">\u00a0 of\u00a0 <\/span><span class=\"SpellingError SCXW230114717 BCX8\">biomedical<\/span><span class=\"NormalTextRun SCXW230114717 BCX8\">\u00a0 <\/span><span class=\"SpellingError SCXW230114717 BCX8\">electrodes<\/span><span class=\"NormalTextRun SCXW230114717 BCX8\">\u201d opublikowanego w czasopi\u015bmie naukowym \u201c<\/span><span class=\"SpellingError SCXW230114717 BCX8\">Measurement<\/span><span class=\"NormalTextRun SCXW230114717 BCX8\">\u201d za 200 punkt\u00f3w. Wyst\u0105pi\u0142a z posterem na konferencji \u201ce-<\/span><span class=\"SpellingError SCXW230114717 BCX8\">Factory<\/span><span class=\"NormalTextRun SCXW230114717 BCX8\"> of Science\u201d (2022). Jej zainteresowania i pasje to chemia, <\/span><span class=\"ContextualSpellingAndGrammarError SCXW230114717 BCX8\">wspinaczka\u00a0 g\u00f3rska<\/span><span class=\"ContextualSpellingAndGrammarError SCXW230114717 BCX8\">,\u00a0 zwierz\u0119ta<\/span><span class=\"NormalTextRun SCXW230114717 BCX8\"> (<\/span><span class=\"SpellingError SCXW230114717 BCX8\">behawiorystyka<\/span><span class=\"NormalTextRun SCXW230114717 BCX8\">),\u00a0 podr\u00f3\u017ce, \u017ceglarstwo, muzyka i plastyka. Jej mottem s\u0105 s\u0142owa, \u017ce \u201cw \u017cyciu nie ma pora\u017cek s\u0105 tylko lekcje\u201d.<\/span><\/span><span class=\"EOP SCXW230114717 BCX8\" data-ccp-props=\"{&quot;201341983&quot;:0,&quot;335559739&quot;:160,&quot;335559740&quot;:360}\">\u00a0<\/span> \r\n                                <div class=\"mt-3\"><\/div>\r\n                            <\/div>\r\n                            \r\n                            <div class=\"text-modules__img\"><img src=\"https:\/\/us.edu.pl\/student\/wp-content\/uploads\/sites\/3\/Wyroznienia-rektora\/wyroznieni-z-lat-poprzednich\/Laureaci-2022\/Lipus-1-214x300.jpg\" alt=\"img\"><\/div>\r\n                        <\/div>\r\n                    <\/div>\r\n                <\/div>[\/vc_column][\/vc_row]<\/p>","protected":false},"excerpt":{"rendered":"<p>[vc_row][vc_column][\/vc_column][\/vc_row] [&#8230;]<\/p>\n<p><a class=\"btn btn-secondary understrap-read-more-link\" href=\"https:\/\/us.edu.pl\/student\/dzialalnosc-studencka\/wyroznienia-jm-rektora-us\/laureaci-poprzednich-edycji\/laureaci-xiv-edycji\/studenci\/justyna-lipus\/\">Read More&#8230;<\/a><\/p>\n","protected":false},"author":28,"featured_media":0,"parent":35675,"menu_order":0,"comment_status":"closed","ping_status":"closed","template":"","meta":{"_expiration-date-status":"","_expiration-date":0,"_expiration-date-type":"","_expiration-date-categories":[],"_expiration-date-options":[]},"acf":[],"_links":{"self":[{"href":"https:\/\/us.edu.pl\/student\/wp-json\/wp\/v2\/pages\/35722"}],"collection":[{"href":"https:\/\/us.edu.pl\/student\/wp-json\/wp\/v2\/pages"}],"about":[{"href":"https:\/\/us.edu.pl\/student\/wp-json\/wp\/v2\/types\/page"}],"author":[{"embeddable":true,"href":"https:\/\/us.edu.pl\/student\/wp-json\/wp\/v2\/users\/28"}],"replies":[{"embeddable":true,"href":"https:\/\/us.edu.pl\/student\/wp-json\/wp\/v2\/comments?post=35722"}],"version-history":[{"count":3,"href":"https:\/\/us.edu.pl\/student\/wp-json\/wp\/v2\/pages\/35722\/revisions"}],"predecessor-version":[{"id":35776,"href":"https:\/\/us.edu.pl\/student\/wp-json\/wp\/v2\/pages\/35722\/revisions\/35776"}],"up":[{"embeddable":true,"href":"https:\/\/us.edu.pl\/student\/wp-json\/wp\/v2\/pages\/35675"}],"wp:attachment":[{"href":"https:\/\/us.edu.pl\/student\/wp-json\/wp\/v2\/media?parent=35722"}],"curies":[{"name":"wp","href":"https:\/\/api.w.org\/{rel}","templated":true}]}}