{"id":35727,"date":"2022-06-06T09:43:04","date_gmt":"2022-06-06T07:43:04","guid":{"rendered":"https:\/\/us.edu.pl\/student\/?page_id=35727"},"modified":"2022-06-06T11:52:59","modified_gmt":"2022-06-06T09:52:59","slug":"angelika-mazur","status":"publish","type":"page","link":"https:\/\/us.edu.pl\/student\/dzialalnosc-studencka\/wyroznienia-jm-rektora-us\/laureaci-poprzednich-edycji\/laureaci-xiv-edycji\/studenci\/angelika-mazur\/","title":{"rendered":"Angelika Mazur"},"content":{"rendered":"<p>[vc_row][vc_column]\r\n                <div class=\"text-modules \">\r\n                    <div class=\"container\">\r\n                         <h3 class=\"subtitle text-modules__subtitle\">Angelika Mazur<\/h3>\r\n                        <div class=\"row m-0\">\r\n                            <div class=\"text-modules__content\">\r\n                                <span class=\"TextRun SCXW124196898 BCX8\" lang=\"PL-PL\" xml:lang=\"PL-PL\" data-contrast=\"none\"><span class=\"NormalTextRun SCXW124196898 BCX8\">Otrzyma\u0142a Wyr\u00f3\u017cnienie Rektora U\u015a w XIV edycji konkursu za inicjowanie i rozwijanie \u017cycia studenckiego oraz osi\u0105gni\u0119cia naukowe i organizacyjne jako studentka <\/span><span class=\"NormalTextRun SCXW124196898 BCX8\">bezpiecze\u0144stwa narodowego i mi\u0119dzynarodowego oraz politologii<\/span><span class=\"NormalTextRun SCXW124196898 BCX8\"> na Wydziale <\/span><span class=\"NormalTextRun SCXW124196898 BCX8\">Nauk Spo\u0142ecznych<\/span><span class=\"NormalTextRun SCXW124196898 BCX8\"> U\u015a. Zaanga\u017cowana w inicjowanie i rozwijanie \u017cycia studenckiego m.in. jako w<\/span><span class=\"NormalTextRun SCXW124196898 BCX8\">sp\u00f3\u0142organizatorka \u201cMiko\u0142ajk\u00f3w z WNS\u201d (2017, 2018), akcji \u201c<\/span><span class=\"NormalTextRun SCXW124196898 BCX8\">Ogrzej zwierzaka z <\/span><span class=\"SpellingError SCXW124196898 BCX8\">WNSem<\/span><span class=\"NormalTextRun SCXW124196898 BCX8\">\u201d (2018), <\/span><span class=\"NormalTextRun SCXW124196898 BCX8\">wydzia\u0142owego \u201cDnia Kobiet\u201d (2018, 2019), wieczoru filmowego (2017), <\/span><span class=\"NormalTextRun SCXW124196898 BCX8\">Wielkich Otrz\u0119sin <\/span><span class=\"SpellingError SCXW124196898 BCX8\">WNS&amp;PiPs<\/span><span class=\"NormalTextRun SCXW124196898 BCX8\"> (2018), <\/span><span class=\"NormalTextRun SCXW124196898 BCX8\">Wielkiego turnieju o Puchar Dziekan\u00f3w WNS, <\/span><span class=\"SpellingError SCXW124196898 BCX8\">WPiA<\/span><span class=\"NormalTextRun SCXW124196898 BCX8\">, <\/span><span class=\"SpellingError SCXW124196898 BCX8\">WPiPs<\/span><span class=\"NormalTextRun SCXW124196898 BCX8\"> (2018), <\/span><span class=\"NormalTextRun SCXW124196898 BCX8\">Posesyjnego <\/span><span class=\"SpellingError SCXW124196898 BCX8\">chilloutu<\/span><span class=\"NormalTextRun SCXW124196898 BCX8\"> z WNS<\/span><span class=\"NormalTextRun SCXW124196898 BCX8\"> (2019), <\/span><span class=\"NormalTextRun SCXW124196898 BCX8\">T\u0142ustego Czwartku z WNS (2019), Grillowania z <\/span><span class=\"SpellingError SCXW124196898 BCX8\">WNSem<\/span><span class=\"NormalTextRun SCXW124196898 BCX8\"> (2019), Imprezy ostatniej poprawki z U\u015a (2019) <\/span><span class=\"NormalTextRun SCXW124196898 BCX8\">oraz \u2013 jako prelegentka \u2013 <\/span><span class=\"NormalTextRun SCXW124196898 BCX8\">Dni Adaptacyjnych WNS (2018, 2019).<\/span><span class=\"NormalTextRun SCXW124196898 BCX8\">\u00a0<\/span> <span class=\"NormalTextRun SCXW124196898 BCX8\">W zakresie dzia\u0142alno\u015bci naukowej by\u0142a organizatork\u0105 konferencji naukowej \u201c<\/span><span class=\"NormalTextRun SCXW124196898 BCX8\">Ewolucja terroryzmu w okresie <\/span><span class=\"SpellingError SCXW124196898 BCX8\">pozimnowojennym<\/span><span class=\"NormalTextRun SCXW124196898 BCX8\">\u201d (2019), \u201cSpory i konflikty zbrojne w Europie Wschodniej w okresie <\/span><span class=\"SpellingError SCXW124196898 BCX8\">pozimnowojennym<\/span><span class=\"NormalTextRun SCXW124196898 BCX8\">\u201d (2019), <\/span><span class=\"NormalTextRun SCXW124196898 BCX8\">\u201c<\/span><span class=\"NormalTextRun SCXW124196898 BCX8\">Przemiany spo\u0142eczno-polityczne w Chi\u0144skiej Republice Ludowej w drugiej dekadzie XXI wieku\u201d (2019), \u201cDylematy polskiej polityki zagranicznej w drugiej dekadzie XXI wieku\u201d (2019), \u201cWsp\u00f3\u0142czesne problemy i wyzwania bezpiecze\u0144stwa mi\u0119dzynarodowego w obliczu COVID-19&#8243; (2020), \u201c<\/span><span class=\"NormalTextRun SCXW124196898 BCX8\">Polityka pa\u0144stw Unii Europejskiej wobec kryzysu migracyjnego w drugiej dekadzie XXI wieku. Wyzwania dla bezpiecze\u0144stwa mi\u0119dzynarodowego\u201d (2020), \u201cAzja Po\u0142udniowo-Wschodnia jako region kontrast\u00f3w \u2013 wyzwania i perspektywy\u201d (2021), \u201c\u0141amanie praw cz\u0142owieka jako wyzwanie XXI wieku\u201d (2021) oraz \u201cTransformacja energetyczna w pa\u0144stwach cz\u0142onkowskich Unii Europejskiej w XXI wieku\u201d (2021). Ponadto by\u0142a <\/span><span class=\"NormalTextRun SCXW124196898 BCX8\">wsp\u00f3\u0142organizatork\u0105 konferencji naukowej \u201c<\/span><span class=\"NormalTextRun SCXW124196898 BCX8\">Bliski Wsch\u00f3d po wydarzeniach Arabskiej Wiosny\u201d (2017), \u201cAzja w stosunkach mi\u0119dzynarodowych w pierwszej i drugiej dekadzie XXI wieku\u201d (2018), \u201cWsp\u00f3\u0142czesny wymiar migracji. Wielokulturowo\u015b\u0107 w XXI wieku\u201d (2018), \u201cZmiany klimatyczne na \u015bwiecie \u2013 szanse i zagro\u017cenia dla relacji mi\u0119dzynarodowych\u201d (2019) oraz \u201cWyzwania Europy \u015arodkowo-Wschodniej\u201d (2020). Podsumowuj\u0105c &#8211; d<\/span><span class=\"NormalTextRun SCXW124196898 BCX8\">zia\u0142aj\u0105c w Kole Naukowym Stosunk\u00f3w Mi\u0119dzynarodowych Uniwersytetu \u015al\u0105skiego od 2017 roku zorganizowa\u0142a \u0142\u0105cznie 11 konferencji og\u00f3lnopolskich, 1 og\u00f3lnopolskie seminarium oraz 1 <\/span><span class=\"SpellingError SCXW124196898 BCX8\">webinar<\/span><span class=\"NormalTextRun SCXW124196898 BCX8\"> uczelniany. Ponadto wsp\u00f3\u0142organizowa\u0142a 1 mi\u0119dzynarodow\u0105 konferencj\u0119 naukow\u0105. <\/span><span class=\"NormalTextRun SCXW124196898 BCX8\">W\u015br\u00f3d swoich osi\u0105gni\u0119\u0107 naukowych mo\u017ce wymieni\u0107 autorstwo dw\u00f3ch rozdzia\u0142\u00f3w ksi\u0105\u017ckowych oraz wyst\u0105pienie na 4 konferencjach naukowych mi\u0119dzynarodowych i 16 og\u00f3lnopolskich. Od 2017 roku jest publicystk\u0105 portalu popularnonaukowego <\/span><\/span><a class=\"Hyperlink SCXW124196898 BCX8\" href=\"http:\/\/www.bezpiecznik.org\/\" target=\"_blank\" rel=\"noreferrer noopener\"><span class=\"TextRun Underlined SCXW124196898 BCX8\" lang=\"PL-PL\" xml:lang=\"PL-PL\" data-contrast=\"none\"><span class=\"NormalTextRun SCXW124196898 BCX8\" data-ccp-charstyle=\"Hyperlink\">www.bezpiecznik.org<\/span><\/span><\/a> <span class=\"TextRun SCXW124196898 BCX8\" lang=\"PL-PL\" xml:lang=\"PL-PL\" data-contrast=\"none\"><span class=\"NormalTextRun SCXW124196898 BCX8\">Ponadto pomaga\u0142a w organizacji <\/span><span class=\"NormalTextRun SCXW124196898 BCX8\">IV Og\u00f3lnopolskiego Konkursu Wiedzy o Konfliktach Zbrojnych po 1945 roku skierowanego do uczni\u00f3w szk\u00f3\u0142 \u015brednich (2018), w\u0142\u0105czy\u0142a si\u0119 czynnie w organizacj\u0119 Dni Otwartych WNS (2018, 2019), zorganizowa\u0142a spotkanie dla uczni\u00f3w zainteresowanych studiami (2019), wsp\u00f3\u0142organizowa\u0142a warsztaty dla uczni\u00f3w popularyzuj\u0105ce nauk\u0119. Wyst\u0105pi\u0142a z wyk\u0142adem podczas 5. \u015al\u0105skiego Festiwalu Nauki KATOWICE (2021). <\/span><span class=\"NormalTextRun SCXW124196898 BCX8\">Przedstawicielka student\u00f3w w organach Uniwersytetu \u015al\u0105skiego od 2018 roku. Poza zainteresowaniami naukowymi lubi sport i podr\u00f3\u017ce &#8211; jej <\/span><span class=\"NormalTextRun SCXW124196898 BCX8\">najwi\u0119kszym marzeniem jest zwiedzenie Stan\u00f3w Zjednoczonych.<\/span><\/span><span class=\"EOP SCXW124196898 BCX8\" data-ccp-props=\"{&quot;201341983&quot;:0,&quot;335559739&quot;:160,&quot;335559740&quot;:360}\">\u00a0<\/span> \r\n                                <div class=\"mt-3\"><\/div>\r\n                            <\/div>\r\n                            \r\n                            <div class=\"text-modules__img\"><img src=\"https:\/\/us.edu.pl\/student\/wp-content\/uploads\/sites\/3\/Wyroznienia-rektora\/wyroznieni-z-lat-poprzednich\/Laureaci-2022\/Mazur-3-225x300.jpg\" alt=\"img\"><\/div>\r\n                        <\/div>\r\n                    <\/div>\r\n                <\/div>[\/vc_column][\/vc_row]<\/p>","protected":false},"excerpt":{"rendered":"<p>[vc_row][vc_column][\/vc_column][\/vc_row] [&#8230;]<\/p>\n<p><a class=\"btn btn-secondary understrap-read-more-link\" href=\"https:\/\/us.edu.pl\/student\/dzialalnosc-studencka\/wyroznienia-jm-rektora-us\/laureaci-poprzednich-edycji\/laureaci-xiv-edycji\/studenci\/angelika-mazur\/\">Read More&#8230;<\/a><\/p>\n","protected":false},"author":28,"featured_media":0,"parent":35675,"menu_order":0,"comment_status":"closed","ping_status":"closed","template":"","meta":{"_expiration-date-status":"","_expiration-date":0,"_expiration-date-type":"","_expiration-date-categories":[],"_expiration-date-options":[]},"acf":[],"_links":{"self":[{"href":"https:\/\/us.edu.pl\/student\/wp-json\/wp\/v2\/pages\/35727"}],"collection":[{"href":"https:\/\/us.edu.pl\/student\/wp-json\/wp\/v2\/pages"}],"about":[{"href":"https:\/\/us.edu.pl\/student\/wp-json\/wp\/v2\/types\/page"}],"author":[{"embeddable":true,"href":"https:\/\/us.edu.pl\/student\/wp-json\/wp\/v2\/users\/28"}],"replies":[{"embeddable":true,"href":"https:\/\/us.edu.pl\/student\/wp-json\/wp\/v2\/comments?post=35727"}],"version-history":[{"count":7,"href":"https:\/\/us.edu.pl\/student\/wp-json\/wp\/v2\/pages\/35727\/revisions"}],"predecessor-version":[{"id":35781,"href":"https:\/\/us.edu.pl\/student\/wp-json\/wp\/v2\/pages\/35727\/revisions\/35781"}],"up":[{"embeddable":true,"href":"https:\/\/us.edu.pl\/student\/wp-json\/wp\/v2\/pages\/35675"}],"wp:attachment":[{"href":"https:\/\/us.edu.pl\/student\/wp-json\/wp\/v2\/media?parent=35727"}],"curies":[{"name":"wp","href":"https:\/\/api.w.org\/{rel}","templated":true}]}}