{"id":35729,"date":"2022-06-06T09:44:21","date_gmt":"2022-06-06T07:44:21","guid":{"rendered":"https:\/\/us.edu.pl\/student\/?page_id=35729"},"modified":"2022-06-06T11:57:07","modified_gmt":"2022-06-06T09:57:07","slug":"weronika-paszek","status":"publish","type":"page","link":"https:\/\/us.edu.pl\/student\/dzialalnosc-studencka\/wyroznienia-jm-rektora-us\/laureaci-poprzednich-edycji\/laureaci-xiv-edycji\/studenci\/weronika-paszek\/","title":{"rendered":"Weronika Paszek"},"content":{"rendered":"<p>[vc_row][vc_column]\r\n                <div class=\"text-modules \">\r\n                    <div class=\"container\">\r\n                         <h3 class=\"subtitle text-modules__subtitle\">Weronika Paszek<\/h3>\r\n                        <div class=\"row m-0\">\r\n                            <div class=\"text-modules__content\">\r\n                                <span class=\"TextRun SCXW195909599 BCX8\" lang=\"PL-PL\" xml:lang=\"PL-PL\" data-contrast=\"none\"><span class=\"NormalTextRun SCXW195909599 BCX8\">Otrzyma\u0142a Wyr\u00f3\u017cnienie Rektora U\u015a w XIV edycji konkursu za osi\u0105gni\u0119cia sportowe jako studentka historii\u00a0na Wydziale <\/span><span class=\"NormalTextRun SCXW195909599 BCX8\">Nauk Spo\u0142ecznych<\/span><span class=\"NormalTextRun SCXW195909599 BCX8\"> U\u015a. <\/span><span class=\"NormalTextRun SCXW195909599 BCX8\">Jej najwi\u0119kszymi osi\u0105gni\u0119ciami jest uczestnictwo w licznych zawodach mi\u0119dzynarodowych rangi mistrzowskiej: Mistrzostwach Europy, Pucharze \u015awiata Junior\u00f3w. Do najwa\u017cniejszych osi\u0105gni\u0119\u0107 na tym polu zalicza r\u00f3wnie\u017c bycie wielokrotn\u0105 medalistk\u0105 Mistrzostw Polski w ka\u017cdej kategorii wiekowej. <\/span><span class=\"NormalTextRun SCXW195909599 BCX8\">Na Mistrzostwach Polski Kobiet i M\u0119\u017cczyzn w strzelectwie sportowym w 2021 roku zdoby\u0142a III miejsce w klasyfikacji zespo\u0142owej w konkurencji pistolet pneumatyczny 60 strza\u0142\u00f3w kobiet oraz III miejsce w klasyfikacji zespo\u0142owej w konkurencji pistolet sportowy 30+30 strza\u0142\u00f3w kobiet.<\/span> <span class=\"NormalTextRun SCXW195909599 BCX8\">W\u015br\u00f3d swoich osi\u0105gni\u0119\u0107 sportowych mo\u017ce wymieni\u0107 r\u00f3wnie\u017c uzyskanie wysokich pozycji podczas <\/span><span class=\"NormalTextRun SCXW195909599 BCX8\">Akademickich Mistrzostw Polski w strzelectwie sportowym w 2022 roku: <\/span><span class=\"NormalTextRun SCXW195909599 BCX8\">II miejsce w klasyfikacji generalnej w konkurencji pistolet pneumatyczny 60 strza\u0142\u00f3w kobiet, III miejsce w klasyfikacji generalnej w konkurencji pistolet sportowy 30+30 strza\u0142\u00f3w kobiet, II miejsce w klasyfikacji uniwersytet\u00f3w dla Uniwersytetu \u015al\u0105skiego. Kolejnymi jej sukcesami sportowymi s\u0105 I miejsce w konkurencji pistolet pneumatyczny MIX na <\/span><span class=\"NormalTextRun SCXW195909599 BCX8\">M\u0142odzie\u017cowych Mistrzostwach Polski w strzelectwie sportowym w 2021 oraz II miejsce w klasyfikacji generalnej w konkurencji pistolet pneumatyczny 60 strza\u0142\u00f3w kobiet i III miejsce w klasyfikacji uniwersytet\u00f3w dla Uniwersytetu \u015al\u0105skiego na Akademickich Mistrzostwach Polski w strzelectwie sportowym w 2021 roku oraz <\/span><span class=\"NormalTextRun SCXW195909599 BCX8\">I miejsce w klasyfikacji generalnej w konkurencji pistolet pneumatyczny 60 strza\u0142\u00f3w kobiet na<\/span><span class=\"NormalTextRun SCXW195909599 BCX8\">\u00a0<\/span><span class=\"NormalTextRun SCXW195909599 BCX8\">Akademickich Mistrzostwach Polski w strzelectwie sportowym w 2020 roku.<\/span><span class=\"NormalTextRun SCXW195909599 BCX8\"> Z kolei na Indywidualnych Mistrzostwach \u015al\u0105ska w strzelectwie sportowym w 2021 uzyska\u0142a II miejsce w konkurencji pistolet sportowy 30+30 strza\u0142\u00f3w kobiet a w roku 2019 &#8211; <\/span><span class=\"NormalTextRun SCXW195909599 BCX8\">II miejsce w konkurencji pistolet pneumatyczny 60 strza\u0142\u00f3w kobiet<\/span><span class=\"NormalTextRun SCXW195909599 BCX8\">. Du\u017cym sukcesem okaza\u0142 si\u0119 r\u00f3wnie\u017c udzia\u0142 w <\/span><span class=\"NormalTextRun SCXW195909599 BCX8\">Mistrzostwach Polski Junior\u00f3w w strzelectwie sportowym w 2020 roku, na kt\u00f3rych zdoby\u0142a I miejsce w konkurencji pistolet sportowy 30+30 strza\u0142\u00f3w juniorek, III miejsce w konkurencji pistolet pneumatyczny MIX oraz VIII miejsce w konkurencji pistolet pneumatyczny 60 strza\u0142\u00f3w juniorek. Natomiast w roku 2019 na <\/span><span class=\"NormalTextRun SCXW195909599 BCX8\">Mistrzostwach Polski Junior\u00f3w w strzelectwie sportowym zdoby\u0142a<\/span><span class=\"NormalTextRun SCXW195909599 BCX8\"> I miejsce w klasyfikacji generalnej w konkurencji pistolet pneumatyczny 60 strza\u0142\u00f3w kobiet. Poza znacz\u0105cymi sukcesami sportowymi wzi\u0119\u0142a udzia\u0142 w dw\u00f3ch projektach edukacyjnych: \u201cBohaterowie sag islandzkich\u201d oraz \u201c<\/span><span class=\"NormalTextRun SCXW195909599 BCX8\">Przybli\u017cy\u0107 Polsk\u0119\u201d. By\u0142a r\u00f3wnie\u017c czynn\u0105 uczestniczk\u0105 5. \u015al\u0105skiego Festiwalu Nauki KATOWICE. Jest P<\/span><span class=\"NormalTextRun SCXW195909599 BCX8\">rzewodnicz\u0105c\u0105 sekcji Turystyki Historycznej SKNH U\u015a. Jej zainteresowania to sport, czytanie ksi\u0105\u017cek i historia.<\/span><\/span><span class=\"EOP SCXW195909599 BCX8\" data-ccp-props=\"{&quot;201341983&quot;:0,&quot;335559739&quot;:160,&quot;335559740&quot;:360}\">\u00a0<\/span> \r\n                                <div class=\"mt-3\"><\/div>\r\n                            <\/div>\r\n                            \r\n                            <div class=\"text-modules__img\"><img src=\"https:\/\/us.edu.pl\/student\/wp-content\/uploads\/sites\/3\/Wyroznienia-rektora\/wyroznieni-z-lat-poprzednich\/Laureaci-2022\/Paszek-3-1-225x300.jpg\" alt=\"img\"><\/div>\r\n                        <\/div>\r\n                    <\/div>\r\n                <\/div>[\/vc_column][\/vc_row]<\/p>","protected":false},"excerpt":{"rendered":"<p>[vc_row][vc_column][\/vc_column][\/vc_row] [&#8230;]<\/p>\n<p><a class=\"btn btn-secondary understrap-read-more-link\" href=\"https:\/\/us.edu.pl\/student\/dzialalnosc-studencka\/wyroznienia-jm-rektora-us\/laureaci-poprzednich-edycji\/laureaci-xiv-edycji\/studenci\/weronika-paszek\/\">Read More&#8230;<\/a><\/p>\n","protected":false},"author":28,"featured_media":0,"parent":35675,"menu_order":0,"comment_status":"closed","ping_status":"closed","template":"","meta":{"_expiration-date-status":"","_expiration-date":0,"_expiration-date-type":"","_expiration-date-categories":[],"_expiration-date-options":[]},"acf":[],"_links":{"self":[{"href":"https:\/\/us.edu.pl\/student\/wp-json\/wp\/v2\/pages\/35729"}],"collection":[{"href":"https:\/\/us.edu.pl\/student\/wp-json\/wp\/v2\/pages"}],"about":[{"href":"https:\/\/us.edu.pl\/student\/wp-json\/wp\/v2\/types\/page"}],"author":[{"embeddable":true,"href":"https:\/\/us.edu.pl\/student\/wp-json\/wp\/v2\/users\/28"}],"replies":[{"embeddable":true,"href":"https:\/\/us.edu.pl\/student\/wp-json\/wp\/v2\/comments?post=35729"}],"version-history":[{"count":2,"href":"https:\/\/us.edu.pl\/student\/wp-json\/wp\/v2\/pages\/35729\/revisions"}],"predecessor-version":[{"id":35785,"href":"https:\/\/us.edu.pl\/student\/wp-json\/wp\/v2\/pages\/35729\/revisions\/35785"}],"up":[{"embeddable":true,"href":"https:\/\/us.edu.pl\/student\/wp-json\/wp\/v2\/pages\/35675"}],"wp:attachment":[{"href":"https:\/\/us.edu.pl\/student\/wp-json\/wp\/v2\/media?parent=35729"}],"curies":[{"name":"wp","href":"https:\/\/api.w.org\/{rel}","templated":true}]}}