{"id":35731,"date":"2022-06-06T09:47:01","date_gmt":"2022-06-06T07:47:01","guid":{"rendered":"https:\/\/us.edu.pl\/student\/?page_id=35731"},"modified":"2022-06-06T12:03:39","modified_gmt":"2022-06-06T10:03:39","slug":"katarzyna-tyskiewicz","status":"publish","type":"page","link":"https:\/\/us.edu.pl\/student\/dzialalnosc-studencka\/wyroznienia-jm-rektora-us\/laureaci-poprzednich-edycji\/laureaci-xiv-edycji\/studenci\/katarzyna-tyskiewicz\/","title":{"rendered":"Katarzyna Ty\u015bkiewicz"},"content":{"rendered":"<p>[vc_row][vc_column]\r\n                <div class=\"text-modules \">\r\n                    <div class=\"container\">\r\n                         <h3 class=\"subtitle text-modules__subtitle\">Katarzyna Ty\u015bkiewicz<\/h3>\r\n                        <div class=\"row m-0\">\r\n                            <div class=\"text-modules__content\">\r\n                                <span class=\"TextRun SCXW111712305 BCX8\" lang=\"PL-PL\" xml:lang=\"PL-PL\" data-contrast=\"none\"><span class=\"NormalTextRun SCXW111712305 BCX8\">Otrzyma\u0142a Wyr\u00f3\u017cnienie Rektora U\u015a w XIV edycji konkursu za osi\u0105gni\u0119cia naukowe, dzia\u0142alno\u015b\u0107 popularnonaukow\u0105 oraz inicjowanie i rozwijanie naukowego \u017cycia studenckiego jako studentka\u00a0<\/span><span class=\"NormalTextRun SCXW111712305 BCX8\">informacji naukowej i bibliotekoznawstwa<\/span><span class=\"NormalTextRun SCXW111712305 BCX8\">\u00a0na Wydziale <\/span><span class=\"NormalTextRun SCXW111712305 BCX8\">Humanistycznym<\/span><span class=\"NormalTextRun SCXW111712305 BCX8\"> U\u015a. Autorka 3 artyku\u0142\u00f3w naukowych oraz 1 rozdzia\u0142u ksi\u0105\u017ckowego. Bra\u0142a udzia\u0142 w 4 projektach naukowych. Wyst\u0105pi\u0142a na 1 konferencji naukowej mi\u0119dzynarodowej i 4 og\u00f3lnopolskich. Wsp\u00f3\u0142organizowa\u0142a 4 konferencje naukowe. By\u0142a organizatork\u0105 4 edycji k<\/span><span class=\"NormalTextRun SCXW111712305 BCX8\">onkursu literackiego dla uczni\u00f3w szk\u00f3\u0142 \u015brednich <\/span><span class=\"NormalTextRun SCXW111712305 BCX8\">interesuj\u0105cych si\u0119 antykiem oraz jego recepcj\u0105. <\/span><span class=\"NormalTextRun SCXW111712305 BCX8\">Prowadzi\u0142a warsztaty <\/span><span class=\"NormalTextRun SCXW111712305 BCX8\">\u201e<\/span><span class=\"SpellingError SCXW111712305 BCX8\">Alea<\/span> <span class=\"SpellingError SCXW111712305 BCX8\">iacta<\/span> <span class=\"SpellingError SCXW111712305 BCX8\">est<\/span><span class=\"NormalTextRun SCXW111712305 BCX8\">. Przewodnik po \u015bwiecie staro\u017cytnego gracza\u201d podczas 5. \u015al\u0105skiego Festiwalu Nauki KATOWICE (w ramach wydarzenia plenerowego i online). Przedstawi\u0142a wyk\u0142ad \u201eLingwistyczne tajemnice \u015bwiata magii w Harrym Potterze. Imiona i zakl\u0119cia\u201d podczas Dnia Otwartego Wydzia\u0142u Filologicznego U\u015a (2019). By\u0142a organizatork\u0105 stoiska Ko\u0142a Naukowego M\u0142odych Klasyk\u00f3w podczas XIV \u015al\u0105skiego Studenckiego Festiwalu Nauki 2018. Zorganizowa\u0142a dwa spotkania naukowe w planowanym cyklu pt.\u00a0<\/span><span class=\"NormalTextRun SCXW111712305 BCX8\">\u201eRozmowy (nie) klasyczne\u201d. Czterokrotnie uzyska\u0142a stypendium \u201e<\/span><span class=\"SpellingError SCXW111712305 BCX8\">Quod<\/span> <span class=\"SpellingError SCXW111712305 BCX8\">discis<\/span><span class=\"NormalTextRun SCXW111712305 BCX8\">, <\/span><span class=\"SpellingError SCXW111712305 BCX8\">tibi<\/span> <span class=\"SpellingError SCXW111712305 BCX8\">discis<\/span><span class=\"NormalTextRun SCXW111712305 BCX8\">\u201d dla student\u00f3w legitymuj\u0105cych si\u0119 wybitnymi osi\u0105gni\u0119ciami naukowymi i\u202fzaanga\u017cowaniem w prac\u0119 na rzecz promocji i rozwoju miasta Tychy. W\u015br\u00f3d swoich najwi\u0119kszych osi\u0105gni\u0119\u0107 wymienia dokonanie przek\u0142adu z j\u0119zyka starogreckiego utworu pt. \u201eSyreny\u201d, b\u0119d\u0105cego fragmentem niet\u0142umaczonego dot\u0105d na j\u0119zyk polski dziesi\u0119ciowiecznego, bizantyjskiego leksykonu \u201eKsi\u0119ga <\/span><span class=\"SpellingError SCXW111712305 BCX8\">Suda<\/span><span class=\"NormalTextRun SCXW111712305 BCX8\">\u201d oraz sporz\u0105dzenie komentarza do tego tekstu, opatrzonego <\/span><span class=\"SpellingError SCXW111712305 BCX8\">nawi\u0105zaniami<\/span><span class=\"NormalTextRun SCXW111712305 BCX8\">\u00a0do wielu utwor\u00f3w antycznych z propozycj\u0105 w\u0142asnych t\u0142umacze\u0144. Jej zainteresowania to sztuka, ksi\u0105\u017cki i rysunek.<\/span><\/span><span class=\"EOP SCXW111712305 BCX8\" data-ccp-props=\"{&quot;201341983&quot;:0,&quot;335559739&quot;:160,&quot;335559740&quot;:360}\">\u00a0<\/span> \r\n                                <div class=\"mt-3\"><\/div>\r\n                            <\/div>\r\n                            \r\n                            <div class=\"text-modules__img\"><img src=\"https:\/\/us.edu.pl\/student\/wp-content\/uploads\/sites\/3\/Wyroznienia-rektora\/wyroznieni-z-lat-poprzednich\/Laureaci-2022\/Tyskiewicz_2-196x300.jpg\" alt=\"img\"><\/div>\r\n                        <\/div>\r\n                    <\/div>\r\n                <\/div>[\/vc_column][\/vc_row]<\/p>","protected":false},"excerpt":{"rendered":"<p>[vc_row][vc_column][\/vc_column][\/vc_row] [&#8230;]<\/p>\n<p><a class=\"btn btn-secondary understrap-read-more-link\" href=\"https:\/\/us.edu.pl\/student\/dzialalnosc-studencka\/wyroznienia-jm-rektora-us\/laureaci-poprzednich-edycji\/laureaci-xiv-edycji\/studenci\/katarzyna-tyskiewicz\/\">Read More&#8230;<\/a><\/p>\n","protected":false},"author":28,"featured_media":0,"parent":35675,"menu_order":0,"comment_status":"closed","ping_status":"closed","template":"","meta":{"_expiration-date-status":"","_expiration-date":0,"_expiration-date-type":"","_expiration-date-categories":[],"_expiration-date-options":[]},"acf":[],"_links":{"self":[{"href":"https:\/\/us.edu.pl\/student\/wp-json\/wp\/v2\/pages\/35731"}],"collection":[{"href":"https:\/\/us.edu.pl\/student\/wp-json\/wp\/v2\/pages"}],"about":[{"href":"https:\/\/us.edu.pl\/student\/wp-json\/wp\/v2\/types\/page"}],"author":[{"embeddable":true,"href":"https:\/\/us.edu.pl\/student\/wp-json\/wp\/v2\/users\/28"}],"replies":[{"embeddable":true,"href":"https:\/\/us.edu.pl\/student\/wp-json\/wp\/v2\/comments?post=35731"}],"version-history":[{"count":2,"href":"https:\/\/us.edu.pl\/student\/wp-json\/wp\/v2\/pages\/35731\/revisions"}],"predecessor-version":[{"id":35790,"href":"https:\/\/us.edu.pl\/student\/wp-json\/wp\/v2\/pages\/35731\/revisions\/35790"}],"up":[{"embeddable":true,"href":"https:\/\/us.edu.pl\/student\/wp-json\/wp\/v2\/pages\/35675"}],"wp:attachment":[{"href":"https:\/\/us.edu.pl\/student\/wp-json\/wp\/v2\/media?parent=35731"}],"curies":[{"name":"wp","href":"https:\/\/api.w.org\/{rel}","templated":true}]}}