{"id":35733,"date":"2022-06-06T09:50:14","date_gmt":"2022-06-06T07:50:14","guid":{"rendered":"https:\/\/us.edu.pl\/student\/?page_id=35733"},"modified":"2022-06-07T14:51:43","modified_gmt":"2022-06-07T12:51:43","slug":"wojciech-wydmanski","status":"publish","type":"page","link":"https:\/\/us.edu.pl\/student\/dzialalnosc-studencka\/wyroznienia-jm-rektora-us\/laureaci-poprzednich-edycji\/laureaci-xiv-edycji\/studenci\/wojciech-wydmanski\/","title":{"rendered":"Wojciech Wydma\u0144ski"},"content":{"rendered":"<p>[vc_row][vc_column]\r\n                <div class=\"text-modules \">\r\n                    <div class=\"container\">\r\n                         <h3 class=\"subtitle text-modules__subtitle\">Wojciech Wydma\u0144ski<\/h3>\r\n                        <div class=\"row m-0\">\r\n                            <div class=\"text-modules__content\">\r\n                                Otrzyma\u0142 Wyr\u00f3\u017cnienie Rektora U\u015a w XIV edycji konkursu za inicjowanie i rozwijanie \u017cycia studenckiego oraz osi\u0105gni\u0119cia naukowe jako student Indywidualnych Studi\u00f3w\u00a0Mi\u0119dzyobszarowych\u00a0U\u015a (kierunek prawo oraz historia). Autor 3 artyku\u0142\u00f3w naukowych, 3 rozdzia\u0142\u00f3w ksi\u0105\u017ckowych, w tym\u00a0w\u00a0monografii pokonferencyjnej\u00a0wydanej przez\u00a0\u00a0 Wydawnictwo Sejmowe\u00a0oraz\u00a0sprawozdania z I Og\u00f3lnopolskiego Zjazdu K\u00f3\u0142 Nauk Historycznoprawnych w ,,Czasopi\u015bmie Prawno-Historycznym&#8221;. Realizowa\u0142 2 w\u0142asne projekty naukowe. Wyst\u0105pi\u0142 na 9 konferencjach naukowych mi\u0119dzynarodowych oraz na 21 og\u00f3lnopolskich. Laureat konkursu Wygraj Sta\u017c w Parlamencie Europejskim w Brukseli (2018) oraz\u00a0konkursu\u00a0,,Rola Senatu RP \u2013 w stron\u0119 przysz\u0142o\u015bci&#8221; (2019). Finalista Og\u00f3lnopolskiego Konkursu Prawa Europejskiego 2019. Uzyska\u0142\u00a0dru\u017cynowo II miejsce w og\u00f3lnopolskim konkursie &#8222;Moot\u00a0Court\u00a0Civils&#8221; (2021). W latach 2018-2019 zajmowa\u0142 si\u0119 koordynacj\u0105 dzia\u0142a\u0144 M\u0142odzie\u017cowego Sejmiku Wojew\u00f3dztwa \u015al\u0105skiego. Pe\u0142ni\u0142 funkcj\u0119 przewodnicz\u0105cego Ko\u0142a Naukowego Historii Prawa U\u015a (od 2017), Ko\u0142a Naukowego Prawa Cywilnego ,,Sapere Aude&#8221; (2020-2021) oraz Ko\u0142a Naukowego Prawa Konstytucyjnego ,,Spiritus Constitutionis&#8221; (2020-2021). W okresie zaj\u0119\u0107 zdalnych inicjator, pomys\u0142odawca i g\u0142\u00f3wny organizator Akademii Prawa Cywilnego oraz Akademii Historii Ustroju i Prawa\u00a0(grudzie\u0144 2020 \u2013 maj 2021). Inicjator, pomys\u0142odawca, g\u0142\u00f3wny organizator dzia\u0142aj\u0105cego od listopada 2020 Forum Nauk Historycznoprawnych. Wsp\u00f3\u0142organizator 2 konferencji naukowych. Aktywny uczestnik \u015al\u0105skiego Festiwalu Nauki Katowice 2019, 2020, 2021. \u00a0Jego pasj\u0105 jest prawo, muzyka klasyczna, historia, literatura pi\u0119kna oraz uniwersum Star Wars. \r\n                                <div class=\"mt-3\"><\/div>\r\n                            <\/div>\r\n                            \r\n                            <div class=\"text-modules__img\"><img src=\"https:\/\/us.edu.pl\/student\/wp-content\/uploads\/sites\/3\/Wyroznienia-rektora\/wyroznieni-z-lat-poprzednich\/Laureaci-2022\/Wydmanski-2-rezerwowe-1-200x300.jpg\" alt=\"img\"><\/div>\r\n                        <\/div>\r\n                    <\/div>\r\n                <\/div>[\/vc_column][\/vc_row]<\/p>","protected":false},"excerpt":{"rendered":"<p>[vc_row][vc_column][\/vc_column][\/vc_row] [&#8230;]<\/p>\n<p><a class=\"btn btn-secondary understrap-read-more-link\" href=\"https:\/\/us.edu.pl\/student\/dzialalnosc-studencka\/wyroznienia-jm-rektora-us\/laureaci-poprzednich-edycji\/laureaci-xiv-edycji\/studenci\/wojciech-wydmanski\/\">Read More&#8230;<\/a><\/p>\n","protected":false},"author":28,"featured_media":0,"parent":35675,"menu_order":0,"comment_status":"closed","ping_status":"closed","template":"","meta":{"_expiration-date-status":"","_expiration-date":0,"_expiration-date-type":"","_expiration-date-categories":[],"_expiration-date-options":[]},"acf":[],"_links":{"self":[{"href":"https:\/\/us.edu.pl\/student\/wp-json\/wp\/v2\/pages\/35733"}],"collection":[{"href":"https:\/\/us.edu.pl\/student\/wp-json\/wp\/v2\/pages"}],"about":[{"href":"https:\/\/us.edu.pl\/student\/wp-json\/wp\/v2\/types\/page"}],"author":[{"embeddable":true,"href":"https:\/\/us.edu.pl\/student\/wp-json\/wp\/v2\/users\/28"}],"replies":[{"embeddable":true,"href":"https:\/\/us.edu.pl\/student\/wp-json\/wp\/v2\/comments?post=35733"}],"version-history":[{"count":3,"href":"https:\/\/us.edu.pl\/student\/wp-json\/wp\/v2\/pages\/35733\/revisions"}],"predecessor-version":[{"id":35838,"href":"https:\/\/us.edu.pl\/student\/wp-json\/wp\/v2\/pages\/35733\/revisions\/35838"}],"up":[{"embeddable":true,"href":"https:\/\/us.edu.pl\/student\/wp-json\/wp\/v2\/pages\/35675"}],"wp:attachment":[{"href":"https:\/\/us.edu.pl\/student\/wp-json\/wp\/v2\/media?parent=35733"}],"curies":[{"name":"wp","href":"https:\/\/api.w.org\/{rel}","templated":true}]}}