{"id":35904,"date":"2022-06-09T14:09:03","date_gmt":"2022-06-09T12:09:03","guid":{"rendered":"https:\/\/us.edu.pl\/student\/?page_id=35904"},"modified":"2022-06-09T14:09:40","modified_gmt":"2022-06-09T12:09:40","slug":"adam-szczepaniak","status":"publish","type":"page","link":"https:\/\/us.edu.pl\/student\/dzialalnosc-studencka\/wyroznienia-jm-rektora-us\/laureaci-poprzednich-edycji\/laureaci-xiv-edycji\/uniwersytet-slaski-dzieci\/adam-szczepaniak\/","title":{"rendered":"Adam Szczepaniak"},"content":{"rendered":"<p>[vc_row][vc_column]\r\n                <div class=\"text-modules \">\r\n                    <div class=\"container\">\r\n                         <h3 class=\"subtitle text-modules__subtitle\">Adam Szczepaniak<\/h3>\r\n                        <div class=\"row m-0\">\r\n                            <div class=\"text-modules__content\">\r\n                                Reprezentowa\u0142 szko\u0142\u0119 w konkursie recytatorskim w ramach obchod\u00f3w &#8222;Dni \u015alonski Godki&#8221; organizowanego przez Zwi\u0105zek G\u00f3rno\u015bl\u0105ski i SP nr 40 w Rudzie \u015al\u0105skiej. Jest laureatem licznych konkurs\u00f3w organizowanych przez szko\u0142\u0119. Otrzyma\u0142 Wyr\u00f3\u017cnienie w Og\u00f3lnopolskim Konkursie Nauk Przyrodniczych &#8222;\u015awietlik&#8221; w 2019 roku. Jest wzorowym uczniem. Jego zainteresowania to biologia, fotografia, historia a przede wszystkim historia \u015bl\u0105skich rod\u00f3w przemys\u0142owych. Szczeg\u00f3lnie interesuje si\u0119 Pa\u0142acem w Kopicach. \r\n                                <div class=\"mt-3\"><\/div>\r\n                            <\/div>\r\n                            \r\n                            <div class=\"text-modules__img\"><img src=\"https:\/\/us.edu.pl\/student\/wp-content\/uploads\/sites\/3\/Wyroznienia-rektora\/wyroznieni-z-lat-poprzednich\/Laureaci-2022\/Szczepaniak-7-300x200.jpg\" alt=\"img\"><\/div>\r\n                        <\/div>\r\n                    <\/div>\r\n                <\/div>[\/vc_column][\/vc_row]<\/p>","protected":false},"excerpt":{"rendered":"<p>[vc_row][vc_column][\/vc_column][\/vc_row] [&#8230;]<\/p>\n<p><a class=\"btn btn-secondary understrap-read-more-link\" href=\"https:\/\/us.edu.pl\/student\/dzialalnosc-studencka\/wyroznienia-jm-rektora-us\/laureaci-poprzednich-edycji\/laureaci-xiv-edycji\/uniwersytet-slaski-dzieci\/adam-szczepaniak\/\">Read More&#8230;<\/a><\/p>\n","protected":false},"author":28,"featured_media":0,"parent":35678,"menu_order":0,"comment_status":"closed","ping_status":"closed","template":"","meta":{"_expiration-date-status":"","_expiration-date":0,"_expiration-date-type":"","_expiration-date-categories":[],"_expiration-date-options":[]},"acf":[],"_links":{"self":[{"href":"https:\/\/us.edu.pl\/student\/wp-json\/wp\/v2\/pages\/35904"}],"collection":[{"href":"https:\/\/us.edu.pl\/student\/wp-json\/wp\/v2\/pages"}],"about":[{"href":"https:\/\/us.edu.pl\/student\/wp-json\/wp\/v2\/types\/page"}],"author":[{"embeddable":true,"href":"https:\/\/us.edu.pl\/student\/wp-json\/wp\/v2\/users\/28"}],"replies":[{"embeddable":true,"href":"https:\/\/us.edu.pl\/student\/wp-json\/wp\/v2\/comments?post=35904"}],"version-history":[{"count":1,"href":"https:\/\/us.edu.pl\/student\/wp-json\/wp\/v2\/pages\/35904\/revisions"}],"predecessor-version":[{"id":35906,"href":"https:\/\/us.edu.pl\/student\/wp-json\/wp\/v2\/pages\/35904\/revisions\/35906"}],"up":[{"embeddable":true,"href":"https:\/\/us.edu.pl\/student\/wp-json\/wp\/v2\/pages\/35678"}],"wp:attachment":[{"href":"https:\/\/us.edu.pl\/student\/wp-json\/wp\/v2\/media?parent=35904"}],"curies":[{"name":"wp","href":"https:\/\/api.w.org\/{rel}","templated":true}]}}