{"id":35908,"date":"2022-06-09T14:26:01","date_gmt":"2022-06-09T12:26:01","guid":{"rendered":"https:\/\/us.edu.pl\/student\/?page_id=35908"},"modified":"2022-06-09T14:26:01","modified_gmt":"2022-06-09T12:26:01","slug":"matylda-siesicka","status":"publish","type":"page","link":"https:\/\/us.edu.pl\/student\/dzialalnosc-studencka\/wyroznienia-jm-rektora-us\/laureaci-poprzednich-edycji\/laureaci-xiv-edycji\/uniwersytet-slaski-dzieci\/matylda-siesicka\/","title":{"rendered":"Matylda Siesicka"},"content":{"rendered":"<p>[vc_row][vc_column]\r\n                <div class=\"text-modules \">\r\n                    <div class=\"container\">\r\n                         <h3 class=\"subtitle text-modules__subtitle\"> Matylda Siesicka<\/h3>\r\n                        <div class=\"row m-0\">\r\n                            <div class=\"text-modules__content\">\r\n                                Mo\u017ce poszczyci\u0107 si\u0119 corocznym \u015bwiadectwem z wyr\u00f3\u017cnieniem (\u015brednia powy\u017cej 5,5), udzia\u0142em w konkursach biologicznych (przej\u015bcie do drugiego etapu konkursu przedmiotowego), konkursach plastycznych (konkurs FUTUWAWA &#8222;Jak b\u0119dziemy mieszka\u0107 w Warszawie przysz\u0142o\u015bci?&#8221;, konkurs &#8222;Powr\u00f3t do Panem&#8221;), konkursach matematycznych (wyr\u00f3\u017cnienie w konkursie Kangurek). Zdobywa\u0142a nagrody w konkursach fotograficznych organizowanych przez wydawnictwa ksi\u0105\u017ckowe. Od 2020 roku prowadzi bookstagrama z recenzjami ksi\u0105\u017cek. Wsp\u00f3\u0142prowadzi autorsk\u0105 audycj\u0119 o ksi\u0105\u017ckach &#8222;Co w biblioteczce piszczy&#8221; w radiu LUUUZ (w ramach zaj\u0119\u0107 w Pa\u0142acu M\u0142odzie\u017cy w Katowicach). Do swoich do\u015bwiadcze\u0144 mo\u017ce te\u017c zaliczy\u0107 wypowied\u017a dla pisma &#8222;Kosmos dla dziewczynek&#8221;. Jej najwi\u0119ksz\u0105 pasj\u0105 jest czytanie ksi\u0105\u017cek, szczeg\u00f3lnie fantastyki, poza tym: dziennikarstwo (radio LUUUZ, Akademia M\u0142odego Reportera na U\u015aD), rysowanie (zaj\u0119cia w pracowniach plastycznych, udzia\u0142 w Akademii M\u0142odego Wieku na ASP w Katowicach, kursy grafiki komputerowej), pisanie ksi\u0105\u017cek i opowiada\u0144, spacery z psem oraz uprawianie narciarstwa biegowego. \r\n                                <div class=\"mt-3\"><\/div>\r\n                            <\/div>\r\n                            \r\n                            <div class=\"text-modules__img\"><img src=\"https:\/\/us.edu.pl\/student\/wp-content\/uploads\/sites\/3\/Wyroznienia-rektora\/wyroznieni-z-lat-poprzednich\/Laureaci-2022\/Matylda-Siesicka-277x300.jpg\" alt=\"img\"><\/div>\r\n                        <\/div>\r\n                    <\/div>\r\n                <\/div>[\/vc_column][\/vc_row]<\/p>","protected":false},"excerpt":{"rendered":"<p>[vc_row][vc_column][\/vc_column][\/vc_row] [&#8230;]<\/p>\n<p><a class=\"btn btn-secondary understrap-read-more-link\" href=\"https:\/\/us.edu.pl\/student\/dzialalnosc-studencka\/wyroznienia-jm-rektora-us\/laureaci-poprzednich-edycji\/laureaci-xiv-edycji\/uniwersytet-slaski-dzieci\/matylda-siesicka\/\">Read More&#8230;<\/a><\/p>\n","protected":false},"author":28,"featured_media":0,"parent":35678,"menu_order":0,"comment_status":"closed","ping_status":"closed","template":"","meta":{"_expiration-date-status":"","_expiration-date":0,"_expiration-date-type":"","_expiration-date-categories":[],"_expiration-date-options":[]},"acf":[],"_links":{"self":[{"href":"https:\/\/us.edu.pl\/student\/wp-json\/wp\/v2\/pages\/35908"}],"collection":[{"href":"https:\/\/us.edu.pl\/student\/wp-json\/wp\/v2\/pages"}],"about":[{"href":"https:\/\/us.edu.pl\/student\/wp-json\/wp\/v2\/types\/page"}],"author":[{"embeddable":true,"href":"https:\/\/us.edu.pl\/student\/wp-json\/wp\/v2\/users\/28"}],"replies":[{"embeddable":true,"href":"https:\/\/us.edu.pl\/student\/wp-json\/wp\/v2\/comments?post=35908"}],"version-history":[{"count":1,"href":"https:\/\/us.edu.pl\/student\/wp-json\/wp\/v2\/pages\/35908\/revisions"}],"predecessor-version":[{"id":35911,"href":"https:\/\/us.edu.pl\/student\/wp-json\/wp\/v2\/pages\/35908\/revisions\/35911"}],"up":[{"embeddable":true,"href":"https:\/\/us.edu.pl\/student\/wp-json\/wp\/v2\/pages\/35678"}],"wp:attachment":[{"href":"https:\/\/us.edu.pl\/student\/wp-json\/wp\/v2\/media?parent=35908"}],"curies":[{"name":"wp","href":"https:\/\/api.w.org\/{rel}","templated":true}]}}