{"id":35912,"date":"2022-06-09T14:29:19","date_gmt":"2022-06-09T12:29:19","guid":{"rendered":"https:\/\/us.edu.pl\/student\/?page_id=35912"},"modified":"2022-06-09T14:29:39","modified_gmt":"2022-06-09T12:29:39","slug":"aleksandra-kulawiak","status":"publish","type":"page","link":"https:\/\/us.edu.pl\/student\/dzialalnosc-studencka\/wyroznienia-jm-rektora-us\/laureaci-poprzednich-edycji\/laureaci-xiv-edycji\/uniwersytet-slaski-dzieci\/aleksandra-kulawiak\/","title":{"rendered":"Aleksandra Kulawiak"},"content":{"rendered":"<p>[vc_row][vc_column]\r\n                <div class=\"text-modules \">\r\n                    <div class=\"container\">\r\n                         <h3 class=\"subtitle text-modules__subtitle\">Aleksandra Kulawiak<\/h3>\r\n                        <div class=\"row m-0\">\r\n                            <div class=\"text-modules__content\">\r\n                                W\u015br\u00f3d jej osi\u0105gni\u0119\u0107 wymieni\u0107 mo\u017cna m.in. zaj\u0119cie pierwszych miejsc w konkursach recytatorskich w Szkole oraz w szkolnych konkursach Mam Talent, konkursach plastycznych. Ponadto reprezentowa\u0142a szko\u0142\u0119 z zespo\u0142em Kobi\u00f3rsko Czelodka. Wzi\u0119\u0142a udzia\u0142 w koncercie charytatywnym &#8222;Sercem z Ukrain\u0105&#8221;. Jej pasja to \u015bpiew, recytacja, taniec, muzyka, plastyka, rolki, \u0142y\u017cwy, szachy, judo. \r\n                                <div class=\"mt-3\"><\/div>\r\n                            <\/div>\r\n                            \r\n                            <div class=\"text-modules__img\"><img src=\"https:\/\/us.edu.pl\/student\/wp-content\/uploads\/sites\/3\/Wyroznienia-rektora\/wyroznieni-z-lat-poprzednich\/Laureaci-2022\/75c6b3e0-cd63-4cc8-8916-7e9dfba0aadd-225x300.jpg\" alt=\"img\"><\/div>\r\n                        <\/div>\r\n                    <\/div>\r\n                <\/div>[\/vc_column][\/vc_row]<\/p>","protected":false},"excerpt":{"rendered":"<p>[vc_row][vc_column][\/vc_column][\/vc_row] [&#8230;]<\/p>\n<p><a class=\"btn btn-secondary understrap-read-more-link\" href=\"https:\/\/us.edu.pl\/student\/dzialalnosc-studencka\/wyroznienia-jm-rektora-us\/laureaci-poprzednich-edycji\/laureaci-xiv-edycji\/uniwersytet-slaski-dzieci\/aleksandra-kulawiak\/\">Read More&#8230;<\/a><\/p>\n","protected":false},"author":28,"featured_media":0,"parent":35678,"menu_order":0,"comment_status":"closed","ping_status":"closed","template":"","meta":{"_expiration-date-status":"","_expiration-date":0,"_expiration-date-type":"","_expiration-date-categories":[],"_expiration-date-options":[]},"acf":[],"_links":{"self":[{"href":"https:\/\/us.edu.pl\/student\/wp-json\/wp\/v2\/pages\/35912"}],"collection":[{"href":"https:\/\/us.edu.pl\/student\/wp-json\/wp\/v2\/pages"}],"about":[{"href":"https:\/\/us.edu.pl\/student\/wp-json\/wp\/v2\/types\/page"}],"author":[{"embeddable":true,"href":"https:\/\/us.edu.pl\/student\/wp-json\/wp\/v2\/users\/28"}],"replies":[{"embeddable":true,"href":"https:\/\/us.edu.pl\/student\/wp-json\/wp\/v2\/comments?post=35912"}],"version-history":[{"count":1,"href":"https:\/\/us.edu.pl\/student\/wp-json\/wp\/v2\/pages\/35912\/revisions"}],"predecessor-version":[{"id":35915,"href":"https:\/\/us.edu.pl\/student\/wp-json\/wp\/v2\/pages\/35912\/revisions\/35915"}],"up":[{"embeddable":true,"href":"https:\/\/us.edu.pl\/student\/wp-json\/wp\/v2\/pages\/35678"}],"wp:attachment":[{"href":"https:\/\/us.edu.pl\/student\/wp-json\/wp\/v2\/media?parent=35912"}],"curies":[{"name":"wp","href":"https:\/\/api.w.org\/{rel}","templated":true}]}}