{"id":37086,"date":"2022-09-22T11:53:37","date_gmt":"2022-09-22T09:53:37","guid":{"rendered":"https:\/\/us.edu.pl\/student\/?page_id=37086"},"modified":"2022-09-22T12:04:48","modified_gmt":"2022-09-22T10:04:48","slug":"jezyk-polski-dla-studentow-z-zagranicy","status":"publish","type":"page","link":"https:\/\/us.edu.pl\/student\/studia\/jezyk-polski-dla-studentow-z-zagranicy\/","title":{"rendered":"j\u0119zyk polski dla student\u00f3w z zagranicy"},"content":{"rendered":"<p>[vc_row][vc_column]\r\n                <div class=\"text-modules\">\r\n                    <div class=\"container\">\r\n                        <h3 class=\"page-title text__title\">Kurs j\u0119zyka polskiego dla student\u00f3w cudzoziemc\u00f3w<\/h3>\r\n                        <div class=\"text-modules__content\"><p><img class=\"wp-image-37087 size-full aligncenter\" src=\"https:\/\/us.edu.pl\/student\/wp-content\/uploads\/sites\/3\/2022\/09\/kursy-baner.png\" alt=\"Na zdjeciu osoba kt\u00f3ra siedzi przed komputerem oraz napis kursy j\u0119zyka polskiego\" width=\"1300\" height=\"700\" \/><\/p>\n<\/div>\r\n                    <\/div>\r\n                <\/div>\r\n                <div class=\"text-modules\">\r\n                    <div class=\"container\">\r\n                        \r\n                        <div class=\"text-modules__content\"><p>Szko\u0142a J\u0119zyka i Kultury Polskiej U\u015a prowadzi bezp\u0142atne kursy j\u0119zyka polskiego dla student\u00f3w cudzoziemc\u00f3w Uniwersytetu \u015al\u0105skiego. Ka\u017cdy student przez ca\u0142y okres studi\u00f3w mo\u017ce uczestniczy\u0107 w kursach j\u0119zyka polskiego na dowolnym poziomie j\u0119zykowym.<\/p>\n<p>Zapraszamy!<\/p>\n<p>Wi\u0119cej informacji na stronie <a href=\"http:\/\/www.sjikp.us.edu.pl\/\">www.sjikp.us.edu.pl<\/a><\/p>\n<\/div>\r\n                    <\/div>\r\n                <\/div>[\/vc_column][\/vc_row]<\/p>","protected":false},"excerpt":{"rendered":"<p>[vc_row][vc_column][\/vc_column][\/vc_row] [&#8230;]<\/p>\n<p><a class=\"btn btn-secondary understrap-read-more-link\" href=\"https:\/\/us.edu.pl\/student\/studia\/jezyk-polski-dla-studentow-z-zagranicy\/\">Read More&#8230;<\/a><\/p>\n","protected":false},"author":28,"featured_media":0,"parent":6306,"menu_order":0,"comment_status":"closed","ping_status":"closed","template":"","meta":{"_expiration-date-status":"","_expiration-date":0,"_expiration-date-type":"","_expiration-date-categories":[],"_expiration-date-options":[]},"acf":[],"_links":{"self":[{"href":"https:\/\/us.edu.pl\/student\/wp-json\/wp\/v2\/pages\/37086"}],"collection":[{"href":"https:\/\/us.edu.pl\/student\/wp-json\/wp\/v2\/pages"}],"about":[{"href":"https:\/\/us.edu.pl\/student\/wp-json\/wp\/v2\/types\/page"}],"author":[{"embeddable":true,"href":"https:\/\/us.edu.pl\/student\/wp-json\/wp\/v2\/users\/28"}],"replies":[{"embeddable":true,"href":"https:\/\/us.edu.pl\/student\/wp-json\/wp\/v2\/comments?post=37086"}],"version-history":[{"count":8,"href":"https:\/\/us.edu.pl\/student\/wp-json\/wp\/v2\/pages\/37086\/revisions"}],"predecessor-version":[{"id":37102,"href":"https:\/\/us.edu.pl\/student\/wp-json\/wp\/v2\/pages\/37086\/revisions\/37102"}],"up":[{"embeddable":true,"href":"https:\/\/us.edu.pl\/student\/wp-json\/wp\/v2\/pages\/6306"}],"wp:attachment":[{"href":"https:\/\/us.edu.pl\/student\/wp-json\/wp\/v2\/media?parent=37086"}],"curies":[{"name":"wp","href":"https:\/\/api.w.org\/{rel}","templated":true}]}}