{"id":40480,"date":"2023-06-07T12:37:37","date_gmt":"2023-06-07T10:37:37","guid":{"rendered":"https:\/\/us.edu.pl\/student\/?page_id=40480"},"modified":"2024-03-05T10:11:41","modified_gmt":"2024-03-05T09:11:41","slug":"uniwersytet-slaski-dzieci","status":"publish","type":"page","link":"https:\/\/us.edu.pl\/student\/dzialalnosc-studencka\/wyroznienia-jm-rektora-us\/laureaci-poprzednich-edycji\/uniwersytet-slaski-dzieci\/","title":{"rendered":"Uniwersytet \u015al\u0105ski Dzieci"},"content":{"rendered":"<p>[vc_row][vc_column]\r\n                <div class=\"text-modules\">\r\n                    <div class=\"container\">\r\n                        <h3 class=\"page-title text__title\">Uniwersytet \u015al\u0105ski Dzieci<\/h3>\r\n                        <div class=\"text-modules__content\"><p><a href=\"#hanna\">Hanna Witoszek<\/a><br \/>\n<a href=\"#hannaD\">Hanna Drozd<\/a><br \/>\n<a href=\"#oliwia\">Oliwia Szeremeta<\/a><br \/>\n<a href=\"#Aneta\">Aneta Buczek<\/a><\/p>\n<p>&nbsp;<\/p>\n<h3>Hanna Witoszek<\/h3>\n<p><a id=\"hanna\"><\/a>W Uniwersytecie \u015al\u0105skim Dzieci rozwija\u0142a swoje zainteresowania w grupie Poszukiwaczy. Hania jest niezwykle ciekaw\u0105 \u017cycia zer\u00f3wkowiczk\u0105. Uwielbia podr\u00f3\u017cowa\u0107, poznawa\u0107 nowe miejsca i zwyczaje. Ch\u0119tnie przemierza tysi\u0105ce krok\u00f3w w poszukiwaniu przyg\u00f3d. Kocha g\u00f3rskie w\u0119dr\u00f3wki. Jest ogromn\u0105 fank\u0105 ksi\u0105\u017cek Astrid Lindgren. Marzy o podr\u00f3\u017cy do szwedzkiego Vimmerby. Jej ulubionymi ksi\u0105\u017ckami s\u0105 &#8222;Madika z Czerwcowego Wzg\u00f3rza&#8221;, &#8222;Ronja, c\u00f3rka zb\u00f3jnika&#8221; i \u201eDzieci z Bullerbyn\u201d. Jej ogromn\u0105 pasj\u0105 s\u0105 konie. Uwielbia sp\u0119dza\u0107 czas w stajni. Ch\u0119tnie bierze udzia\u0142 r\u00f3wnie\u017c w konkursach plastycznych. Ucz\u0119szcza na zaj\u0119cia taneczne i wraz ze swoj\u0105 grup\u0105 wyst\u0119puje na scenie uczestnicz\u0105c w r\u00f3\u017cnych pokazach. Na co dzie\u0144 wykazuje si\u0119 ogromn\u0105 empati\u0105 i wspiera Rodzic\u00f3w w opiece nad g\u0142\u0119boko niepe\u0142nosprawnym bratem. Jest inicjatorem zabaw i zaj\u0119\u0107 dla brata. Uniwersytet \u015al\u0105ski dla Hani to miejsce, w kt\u00f3rym mo\u017ce zaspokoi\u0107 swoj\u0105 potrzeb\u0119 odkrywania. Uwielbia U\u015a, jak sama m\u00f3wi, za jego &#8222;atrakcje&#8221;. To miejsce spotka\u0144 z r\u00f3wie\u015bnikami i \u015bwietna rozrywka.<\/p>\n<h3>Hanna Drozd<\/h3>\n<p><a id=\"hannaD\"><\/a>W Uniwersytecie \u015al\u0105skim Dzieci rozwija\u0142a swoje zainteresowania w grupie Odkrywc\u00f3w. Hania zaj\u0119\u0142a pierwsze miejsce w konkursie plastycznym &#8222;Posprz\u0105tamy Polsk\u0119&#8221;. Wzi\u0119\u0142a udzia\u0142 w Powiatowym Konkursie Recytatorskim w j\u0119zyku angielskim oraz w mi\u0119dzyszkolnych zawodach p\u0142ywackich. W\u015br\u00f3d swoich zainteresowa\u0144 wymieni\u0107 mo\u017ce rysunek, sport, sztuki walki, j\u0119zyki, przyrod\u0119 i wiedz\u0119 o \u015bwiecie. Przy\u015bwieca jej motto z u\u015bmiechem przez \u017cycie! Cieszy si\u0119, \u017ce dzi\u0119ki U\u015a Dzieci mo\u017ce rozwija\u0107 swoje zainteresowania i zdobywa\u0107 wiedz\u0119 o otaczaj\u0105cym \u015bwiecie.<\/p>\n<h3>Oliwia Szeremeta<\/h3>\n<p><a id=\"oliwia\"><\/a>W Uniwersytecie \u015al\u0105skim Dzieci rozwija\u0142a swoje zainteresowania w grupie M\u0142odych Naukowc\u00f3w. Oliwia zwi\u0105zana jest z Uniwersytetem \u015al\u0105skim Dzieci od 2016 roku. Oliwka ch\u0119tnie bierze aktywny udzia\u0142 we wszelkich wydarzeniach o charakterze charytatywnym i wolontariackim organizowanych przez jej szko\u0142\u0119 oraz w ramach U\u015a Dzieci. W\u015br\u00f3d swoich najwa\u017cniejszych sukces\u00f3w mo\u017ce wymieni\u0107 dwukrotne wyr\u00f3\u017cnienie w Og\u00f3lnopolskim Konkursie Nauk Przyrodniczych \u201e\u015awietlik\u201d; Wyr\u00f3\u017cnienie w Mi\u0119dzynarodowym Konkursie ,,Matematyczny Kangur\u201d; I i II miejsce w konkursie plastycznym Konkursu Literacko-Artystycznego ,,Wyp\u0142y\u0144 na g\u0142\u0119bi\u0119\u201d; I miejsce w IX Regionalnym Konkursie Po\u015bwi\u0119conym Poezji ks. Jana Twardowskiego; I, II i III miejsce w biegu na 600 m dziewczyn w Pucharze MSZS w lekkiej atletyce; III miejsce w Rodzinnym Konkursie Ekologicznym w Jaworznie; III miejsce w Rodzinnej Grze Terenowej ,,St\u00f3j na stra\u017cy ekologii\u201d w Katowicach. Oliwia zajmuje r\u00f3wnie\u017c wysokie miejsca w szkolnych konkursach i regularnie dostaje wyr\u00f3\u017cnienie za najlepsze wyniki w nauce. Ch\u0119tnie bierze udzia\u0142 w wydarzeniach sportowych upami\u0119tniaj\u0105cych wydarzenia historyczne np. bieg ,,Wilczym Tropem\u201d i ,,Bieg Wolno\u015bci\u201d. Wyr\u00f3\u017cnia si\u0119 talentem plastycznym, ale jej pasj\u0105 jest r\u00f3wnie\u017c sport &#8211; gra w badmintona, doskonali p\u0142ywanie oraz trenuje lekkoatletyk\u0119. W czasie wolnym przyjemno\u015b\u0107 sprawia jej uk\u0142adanie klock\u00f3w Lego oraz granie w gry planszowe. Jej pasj\u0105 jest r\u00f3wnie\u017c kolekcjonowanie owad\u00f3w. Uniwersytet \u015al\u0105ski Dzieci jest dla Oliwii magicznym portalem, kt\u00f3ry z jednej strony pozwala jej odkrywa\u0107 tajemnice magicznych sztuczek w grupie tw\u00f3rczej, a z drugiej strony pokazuje jak bardzo ciekawy i tajemniczy jest otaczaj\u0105cy j\u0105 \u015bwiat.<\/p>\n<h3>Aneta Buczek<\/h3>\n<p><a id=\"Aneta\"><\/a>W Uniwersytecie \u015al\u0105skim Dzieci rozwija\u0142a swoje zainteresowania w grupie M\u0142odych Naukowc\u00f3w. Posiada uzdolnienia plastyczne \u2013 bierze udzia\u0142 w og\u00f3lnopolskich konkursach plastycznych zdobywaj\u0105c wyr\u00f3\u017cnienia. Jest wolontariuszk\u0105 Wielkiej Orkiestry \u015awi\u0105tecznej Pomocy. Bierze udzia\u0142 w dodatkowych zaj\u0119ciach z akrobatyki sportowej. Jest ciekawa \u015bwiata zw\u0142aszcza w tematyce zwierz\u0105t. Jak sama twierdzi \u201cnajlepiej jak robi si\u0119 wszystko w\u0142asnor\u0119cznie, wtedy satysfakcja jest najwi\u0119ksza. Uniwersytet \u015al\u0105ski jest dla niej mo\u017cliwo\u015bci\u0105 rozwoju w r\u00f3\u017cnych kierunkach, poszerzaniem wiedzy, kontaktem z wyj\u0105tkowymi lud\u017ami i super sp\u0119dzonym czasem.<\/p>\n<\/div>\r\n                    <\/div>\r\n                <\/div>[\/vc_column][\/vc_row]<\/p>","protected":false},"excerpt":{"rendered":"<p>[vc_row][vc_column][\/vc_column][\/vc_row] [&#8230;]<\/p>\n<p><a class=\"btn btn-secondary understrap-read-more-link\" href=\"https:\/\/us.edu.pl\/student\/dzialalnosc-studencka\/wyroznienia-jm-rektora-us\/laureaci-poprzednich-edycji\/uniwersytet-slaski-dzieci\/\">Read More&#8230;<\/a><\/p>\n","protected":false},"author":28,"featured_media":0,"parent":5729,"menu_order":0,"comment_status":"closed","ping_status":"closed","template":"","meta":{"_expiration-date-status":"","_expiration-date":0,"_expiration-date-type":"","_expiration-date-categories":[],"_expiration-date-options":[]},"acf":[],"_links":{"self":[{"href":"https:\/\/us.edu.pl\/student\/wp-json\/wp\/v2\/pages\/40480"}],"collection":[{"href":"https:\/\/us.edu.pl\/student\/wp-json\/wp\/v2\/pages"}],"about":[{"href":"https:\/\/us.edu.pl\/student\/wp-json\/wp\/v2\/types\/page"}],"author":[{"embeddable":true,"href":"https:\/\/us.edu.pl\/student\/wp-json\/wp\/v2\/users\/28"}],"replies":[{"embeddable":true,"href":"https:\/\/us.edu.pl\/student\/wp-json\/wp\/v2\/comments?post=40480"}],"version-history":[{"count":4,"href":"https:\/\/us.edu.pl\/student\/wp-json\/wp\/v2\/pages\/40480\/revisions"}],"predecessor-version":[{"id":40571,"href":"https:\/\/us.edu.pl\/student\/wp-json\/wp\/v2\/pages\/40480\/revisions\/40571"}],"up":[{"embeddable":true,"href":"https:\/\/us.edu.pl\/student\/wp-json\/wp\/v2\/pages\/5729"}],"wp:attachment":[{"href":"https:\/\/us.edu.pl\/student\/wp-json\/wp\/v2\/media?parent=40480"}],"curies":[{"name":"wp","href":"https:\/\/api.w.org\/{rel}","templated":true}]}}