{"id":40482,"date":"2023-06-07T12:38:58","date_gmt":"2023-06-07T10:38:58","guid":{"rendered":"https:\/\/us.edu.pl\/student\/?page_id=40482"},"modified":"2023-06-15T14:49:56","modified_gmt":"2023-06-15T12:49:56","slug":"uniwersytet-trzeciego-wieku","status":"publish","type":"page","link":"https:\/\/us.edu.pl\/student\/dzialalnosc-studencka\/wyroznienia-jm-rektora-us\/laureaci-poprzednich-edycji\/laureaci-xv-edycji\/uniwersytet-trzeciego-wieku\/","title":{"rendered":"Uniwersytet Trzeciego Wieku"},"content":{"rendered":"<p>[vc_row][vc_column]\r\n                <div class=\"text-modules \">\r\n                    <div class=\"container\">\r\n                        <h3 class=\"section-title section-title_border-bottom\">Uniwersytet Trzeciego Wieku<\/h3> \r\n                        <div class=\"row m-0\">\r\n                            <div class=\"text-modules__content\">\r\n                                <\/p>\n<h3><strong>Gra\u017cyna Dudzicz<\/strong><\/h3>\n<p>S\u0142uchaczka Uniwersytetu Trzeciego Wieku od 2005 roku. Cz\u0142onek samorz\u0105du s\u0142uchaczy UTW formalnie od 2019 roku, ale ju\u017c wcze\u015bniej cyklicznie anga\u017cowa\u0142a si\u0119 w prac\u0119 na rzecz spo\u0142eczno\u015bci UTW. W\u0142\u0105cza\u0142a si\u0119 w wiele prac, jak np. prowadzenie zapis\u00f3w, wsparcie organizacji jubileuszy UTW. Przez wiele lat by\u0142a koordynatorem grup z lektoratu j\u0119zyka angielskiego. Obecnie, od 2 lat w\u0142\u0105czy\u0142a si\u0119 we wsp\u00f3\u0142prac\u0119 ze Stowarzyszeniem Tur Bor\u00f3wka dla os\u00f3b z niepe\u0142nosprawno\u015bciami. W gronie s\u0142uchaczy UTW doceniane s\u0105 jej odpowiedzialno\u015b\u0107, pogoda ducha i spok\u00f3j jaki wnosi w otoczenie. Wsp\u00f3\u0142pracuje te\u017c ze Stowarzyszeniem FAMI.LOCK, Teatrem bez Sceny, szczeg\u00f3lnie przy organizacji przez Urz\u0105d Miasta, Katowickich Dni Seniora. By\u0142a te\u017c wolontariuszk\u0105 podczas \u015al\u0105skiego Festiwalu Nauki KATOWICE. Poza Uniwersytetem Trzeciego Wieku, Pani Gra\u017cyna jest cz\u0142onkiem samorz\u0105du ko\u0142a emeryckiego w by\u0142ym zak\u0142adzie pracy. Jej zainteresowania i pasje to turystyka, podr\u00f3\u017ce oraz ksi\u0105\u017cki. Przy\u015bwieca jej motto m\u00f3wi\u0105ce o tym, \u017ce u\u015bmiech to bodaj najkr\u00f3tsza droga do drugiego cz\u0142owieka. \r\n                                <div class=\"mt-3\"><\/div>\r\n                            <\/div>\r\n                            \r\n                            \r\n                        <\/div>\r\n                    <\/div>\r\n                <\/div>[\/vc_column][\/vc_row]<\/p>","protected":false},"excerpt":{"rendered":"<p>[vc_row][vc_column][\/vc_column][\/vc_row] [&#8230;]<\/p>\n<p><a class=\"btn btn-secondary understrap-read-more-link\" href=\"https:\/\/us.edu.pl\/student\/dzialalnosc-studencka\/wyroznienia-jm-rektora-us\/laureaci-poprzednich-edycji\/laureaci-xv-edycji\/uniwersytet-trzeciego-wieku\/\">Read More&#8230;<\/a><\/p>\n","protected":false},"author":28,"featured_media":0,"parent":40471,"menu_order":0,"comment_status":"closed","ping_status":"closed","template":"","meta":{"_expiration-date-status":"","_expiration-date":0,"_expiration-date-type":"","_expiration-date-categories":[],"_expiration-date-options":[]},"acf":[],"_links":{"self":[{"href":"https:\/\/us.edu.pl\/student\/wp-json\/wp\/v2\/pages\/40482"}],"collection":[{"href":"https:\/\/us.edu.pl\/student\/wp-json\/wp\/v2\/pages"}],"about":[{"href":"https:\/\/us.edu.pl\/student\/wp-json\/wp\/v2\/types\/page"}],"author":[{"embeddable":true,"href":"https:\/\/us.edu.pl\/student\/wp-json\/wp\/v2\/users\/28"}],"replies":[{"embeddable":true,"href":"https:\/\/us.edu.pl\/student\/wp-json\/wp\/v2\/comments?post=40482"}],"version-history":[{"count":4,"href":"https:\/\/us.edu.pl\/student\/wp-json\/wp\/v2\/pages\/40482\/revisions"}],"predecessor-version":[{"id":40568,"href":"https:\/\/us.edu.pl\/student\/wp-json\/wp\/v2\/pages\/40482\/revisions\/40568"}],"up":[{"embeddable":true,"href":"https:\/\/us.edu.pl\/student\/wp-json\/wp\/v2\/pages\/40471"}],"wp:attachment":[{"href":"https:\/\/us.edu.pl\/student\/wp-json\/wp\/v2\/media?parent=40482"}],"curies":[{"name":"wp","href":"https:\/\/api.w.org\/{rel}","templated":true}]}}