{"id":41120,"date":"2023-09-07T15:48:58","date_gmt":"2023-09-07T13:48:58","guid":{"rendered":"https:\/\/us.edu.pl\/student\/?page_id=41120"},"modified":"2025-02-11T12:08:42","modified_gmt":"2025-02-11T11:08:42","slug":"doradztwo-kariery","status":"publish","type":"page","link":"https:\/\/us.edu.pl\/student\/kariera-i-rozwoj\/planowanie-kariery\/doradztwo-kariery\/","title":{"rendered":"doradztwo kariery"},"content":{"rendered":"<p>[vc_row][vc_column]\r\n                <div class=\"text-modules \">\r\n                    <div class=\"container\">\r\n                        <h3 class=\"section-title section-title_border-bottom\">Doradztwo kariery<\/h3> \r\n                        <div class=\"row m-0\">\r\n                            <div class=\"text-modules__content\">\r\n                                <\/p>\n<h4><strong>Na czym polega doradztwo kariery?<\/strong><\/h4>\n<p>Doradztwo kariery polega na udzielaniu wsparcia w wyborze zawodu, planowaniu kariery oraz poruszaniu si\u0119 po rynku pracy. Dzi\u0119ki takiemu spotkaniu mo\u017cesz odkry\u0107 nowe mo\u017cliwo\u015bci zawodowe lub sprawdzi\u0107, czy Twoje dotychczasowe pomys\u0142y s\u0105 zbie\u017cne z sytuacj\u0105 na rynku pracy. Doradczynie kariery w Biurze Karier U\u015a w ka\u017cdej chwili mog\u0105 udzieli\u0107 Ci informacji o zawodach, mo\u017cliwo\u015bciach szkole\u0144 i kszta\u0142cenia oraz spojrze\u0107 fachowym okiem na Twoje dokumenty aplikacyjne.<\/p>\n<p>W ramach doradztwa kariery mo\u017cesz liczy\u0107 m. in. na:<\/p>\n<ul>\n<li>pomoc w okre\u015bleniu swoich cel\u00f3w zawodowych i zaplanowaniu kariery,<\/li>\n<li>pomoc w okre\u015bleniu swoich mocnych i s\u0142abych stron,<\/li>\n<li>informacje, jak wygl\u0105da sytuacja na rynku pracy w Twojej bran\u017cy,<\/li>\n<li>doradztwo w przygotowaniu profesjonalnego CV i LM,<\/li>\n<li>pr\u00f3bn\u0105 rozmow\u0119 kwalifikacyjn\u0105,<\/li>\n<li>informacje dotycz\u0105ce wsp\u00f3\u0142czesnych form rekrutacji i selekcji pracownik\u00f3w.<\/li>\n<\/ul>\n<h4><strong>Kto prowadzi doradztwo kariery w Biurze Karier?<\/strong><\/h4>\n<p>W zale\u017cno\u015bci od wydzia\u0142u, na kt\u00f3rym studiujesz wsparciem obejmie Ci\u0119 jedna z naszych doradczy\u0144:<\/p>\n<ul>\n<li>je\u015bli studiujesz na Wydziale: Humanistycznym, Nauk Przyrodniczych, Teologicznym lub Sztuki i Nauk o Edukacji Twoj\u0105 doradczyni\u0105 jest:\n<ul>\n<li><strong>Ewelina Skuba\u0142a-Skrzynecka<\/strong><br \/>\ne-mail: <a href=\"mailto:ewelina.skubala@us.edu.pl\">ewelina.skubala@us.edu.pl<\/a><br \/>\ntel. 32 359 19 77, 508 375 583<\/li>\n<\/ul>\n<\/li>\n<\/ul>\n<ul>\n<li>je\u015bli studiujesz na Wydziale: Prawa i Administracji, Nauk \u015acis\u0142ych i Technicznych, Nauk Spo\u0142ecznych lub w Szkole Filmowej im. K. Kie\u015blowskiego Twoj\u0105 doradczyni\u0105 jest:\n<ul>\n<li><strong>Ma\u0142gorzata Chatys<\/strong><br \/>\ne-mail: <a href=\"mailto:malgorzata.chatys@us.edu.pl\">malgorzata.chatys@us.edu.pl<\/a><br \/>\ntel. 32 359 20 32, 508 371 586<\/li>\n<\/ul>\n<\/li>\n<\/ul>\n<h4><strong>Jak um\u00f3wi\u0107 si\u0119 na spotkanie z doradczyni\u0105 kariery?<\/strong><\/h4>\n<p>Je\u015bli chcesz pozna\u0107 mo\u017cliwo\u015bci rozwoju zawodowego, rozpocz\u0105\u0107 poszukiwanie pracy, zapyta\u0107 o rad\u0119<br \/>\nw pisaniu dokument\u00f3w aplikacyjnych lub przej\u015b\u0107 pr\u00f3bn\u0105 rozmow\u0119 kwalifikacyjn\u0105 \u2013 zadzwo\u0144 lub wy\u015blij e-maila z:<\/p>\n<ul>\n<li>imieniem i nazwiskiem,<\/li>\n<li>nazw\u0105 wydzia\u0142u, na kt\u00f3rym studiujesz,<\/li>\n<li>rokiem studi\u00f3w,<\/li>\n<li>informacj\u0105 o Twoim aktualnym statusie na rynku pracy,<\/li>\n<li>Twoj\u0105 dost\u0119pno\u015bci\u0105 godzinow\u0105 w poszczeg\u00f3lne dni tygodnia.<\/li>\n<\/ul>\n<p>na adres mailowy swojej doradczyni z informacj\u0105, w jakiej sprawie chcesz si\u0119 spotka\u0107, a dostaniesz odpowied\u017a z propozycj\u0105 terminu spotkania indywidualnego, na kt\u00f3rym b\u0119dziesz m\u00f3g\u0142 opowiedzie\u0107 o swoich w\u0105tpliwo\u015bciach, planach, aspiracjach.<\/p>\n<p>Na podstawie tych informacji nasza doradczyni kariery wybierze metody, kt\u00f3re w najwi\u0119kszym stopniu pomog\u0105 odpowiedzie\u0107 Ci na nurtuj\u0105ce Ci\u0119 pytania. Spotkanie mo\u017ce by\u0107 jedno, mo\u017ce te\u017c by\u0107 ich kilka, ale ka\u017cde z nich z pewno\u015bci\u0105 wniesie nowe informacje do Twoich plan\u00f3w zawodowych. \r\n                                <div class=\"mt-3\"><\/div>\r\n                            <\/div>\r\n                            \r\n                            \r\n                        <\/div>\r\n                    <\/div>\r\n                <\/div>[\/vc_column][\/vc_row]<\/p>","protected":false},"excerpt":{"rendered":"<p>[vc_row][vc_column][\/vc_column][\/vc_row] [&#8230;]<\/p>\n<p><a class=\"btn btn-secondary understrap-read-more-link\" href=\"https:\/\/us.edu.pl\/student\/kariera-i-rozwoj\/planowanie-kariery\/doradztwo-kariery\/\">Read More&#8230;<\/a><\/p>\n","protected":false},"author":28,"featured_media":0,"parent":41086,"menu_order":0,"comment_status":"closed","ping_status":"closed","template":"","meta":{"_expiration-date-status":"","_expiration-date":0,"_expiration-date-type":"","_expiration-date-categories":[],"_expiration-date-options":[]},"acf":[],"_links":{"self":[{"href":"https:\/\/us.edu.pl\/student\/wp-json\/wp\/v2\/pages\/41120"}],"collection":[{"href":"https:\/\/us.edu.pl\/student\/wp-json\/wp\/v2\/pages"}],"about":[{"href":"https:\/\/us.edu.pl\/student\/wp-json\/wp\/v2\/types\/page"}],"author":[{"embeddable":true,"href":"https:\/\/us.edu.pl\/student\/wp-json\/wp\/v2\/users\/28"}],"replies":[{"embeddable":true,"href":"https:\/\/us.edu.pl\/student\/wp-json\/wp\/v2\/comments?post=41120"}],"version-history":[{"count":10,"href":"https:\/\/us.edu.pl\/student\/wp-json\/wp\/v2\/pages\/41120\/revisions"}],"predecessor-version":[{"id":50073,"href":"https:\/\/us.edu.pl\/student\/wp-json\/wp\/v2\/pages\/41120\/revisions\/50073"}],"up":[{"embeddable":true,"href":"https:\/\/us.edu.pl\/student\/wp-json\/wp\/v2\/pages\/41086"}],"wp:attachment":[{"href":"https:\/\/us.edu.pl\/student\/wp-json\/wp\/v2\/media?parent=41120"}],"curies":[{"name":"wp","href":"https:\/\/api.w.org\/{rel}","templated":true}]}}