{"id":41124,"date":"2023-09-07T16:04:39","date_gmt":"2023-09-07T14:04:39","guid":{"rendered":"https:\/\/us.edu.pl\/student\/?page_id=41124"},"modified":"2025-02-11T12:10:08","modified_gmt":"2025-02-11T11:10:08","slug":"probne-rozmowy-kwalifikacyjne","status":"publish","type":"page","link":"https:\/\/us.edu.pl\/student\/kariera-i-rozwoj\/planowanie-kariery\/probne-rozmowy-kwalifikacyjne\/","title":{"rendered":"pr\u00f3bne rozmowy kwalifikacyjne"},"content":{"rendered":"<p>[vc_row][vc_column]\r\n                <div class=\"text-modules \">\r\n                    <div class=\"container\">\r\n                        <h3 class=\"section-title section-title_border-bottom\">Pr\u00f3bne rozmowy kwalifikacyjne<\/h3> \r\n                        <div class=\"row m-0\">\r\n                            <div class=\"text-modules__content\">\r\n                                <\/p>\n<h4><strong>Czym s\u0105 pr\u00f3bne rozmowy kwalifikacyjne?<\/strong><\/h4>\n<p>W ramach spotkania uczestnicy mog\u0105 sprawdzi\u0107 swoje umiej\u0119tno\u015bci z zakresu autoprezentacji, udzielania efektownych odpowiedzi na pytania rekrutacyjne czy negocjacji p\u0142acowych. Celem takiego treningu jest przekazanie uczestnikowi informacji zwrotnej na temat jego atut\u00f3w i s\u0142abych stron. Rozmowy s\u0105 realizowane w j\u0119zyku polskim i\/lub j\u0119zyku angielskim!<\/p>\n<h4><strong>Kto mo\u017ce skorzysta\u0107 z oferty pr\u00f3bnych rozm\u00f3w kwalifikacyjnych?<\/strong><\/h4>\n<p>Spotkania s\u0105 skierowane do student\u00f3w i absolwent\u00f3w Uniwersytetu \u015al\u0105skiego, kt\u00f3rzy dot\u0105d nie brali udzia\u0142u w rozmowie kwalifikacyjnej lub z innych powod\u00f3w chcieliby sprawdzi\u0107 si\u0119 w sytuacji takiej rozmowy z przysz\u0142ym pracodawc\u0105.<\/p>\n<h4><strong>Kto prowadzi pr\u00f3bne rozmowy kwalifikacyjne w Biurze Karier?<\/strong><\/h4>\n<p>Pr\u00f3bne rozmowy kwalifikacyjne prowadz\u0105 Ma\u0142gorzata Chatys i Ewelina Skuba\u0142a-Skrzynecka &#8211; doradczynie zawodowe i coacherki kariery.<\/p>\n<h4><strong>Jak um\u00f3wi\u0107 si\u0119 na pr\u00f3bn\u0105 rozmow\u0119 kwalifikacyjn\u0105?<\/strong><\/h4>\n<p>Chcesz odby\u0107 pr\u00f3bn\u0105 rozmow\u0119 kwalifikacyjn\u0105 w j\u0119zyku polskim i\/lub j\u0119zyku angielskim? Napisz wiadomo\u015b\u0107 mailow\u0105 do doradczyni zawodowej odpowiedniej dla Twojego wydzia\u0142u:<\/p>\n<ul>\n<li>je\u015bli studiujesz na Wydziale: Humanistycznym, Nauk Przyrodniczych, Teologicznym lub Sztuki i Nauk o Edukacji Twoj\u0105 doradczyni\u0105 jest:\n<ul>\n<li>Ewelina Skuba\u0142a-Skrzynecka<br \/>\ne-mail: <a href=\"mailto:ewelina.skubala@us.edu.pl\">ewelina.skubala@us.edu.pl<\/a><br \/>\ntel. 32 359 19 77, 508 375 583<\/li>\n<\/ul>\n<\/li>\n<\/ul>\n<ul>\n<li>je\u015bli studiujesz na Wydziale: Prawa i Administracji, Nauk \u015acis\u0142ych i Technicznych, Nauk Spo\u0142ecznych lub w Szkole Filmowej im. K. Kie\u015blowskiego Twoj\u0105 doradczyni\u0105 jest:\n<ul>\n<li>Ma\u0142gorzata Chatys<br \/>\ne-mail: <a href=\"mailto:malgorzata.chatys@us.edu.pl\">malgorzata.chatys@us.edu.pl<\/a><br \/>\ntel. 32 359 20 32, 508 371 586<\/li>\n<\/ul>\n<\/li>\n<\/ul>\n<div class=\"mt-3\"><\/div>\r\n                            <\/div>\r\n                            \r\n                            \r\n                        <\/div>\r\n                    <\/div>\r\n                <\/div>[\/vc_column][\/vc_row]<\/p>","protected":false},"excerpt":{"rendered":"<p>[vc_row][vc_column][\/vc_column][\/vc_row] [&#8230;]<\/p>\n<p><a class=\"btn btn-secondary understrap-read-more-link\" href=\"https:\/\/us.edu.pl\/student\/kariera-i-rozwoj\/planowanie-kariery\/probne-rozmowy-kwalifikacyjne\/\">Read More&#8230;<\/a><\/p>\n","protected":false},"author":28,"featured_media":0,"parent":41086,"menu_order":0,"comment_status":"closed","ping_status":"closed","template":"","meta":{"_expiration-date-status":"","_expiration-date":0,"_expiration-date-type":"","_expiration-date-categories":[],"_expiration-date-options":[]},"acf":[],"_links":{"self":[{"href":"https:\/\/us.edu.pl\/student\/wp-json\/wp\/v2\/pages\/41124"}],"collection":[{"href":"https:\/\/us.edu.pl\/student\/wp-json\/wp\/v2\/pages"}],"about":[{"href":"https:\/\/us.edu.pl\/student\/wp-json\/wp\/v2\/types\/page"}],"author":[{"embeddable":true,"href":"https:\/\/us.edu.pl\/student\/wp-json\/wp\/v2\/users\/28"}],"replies":[{"embeddable":true,"href":"https:\/\/us.edu.pl\/student\/wp-json\/wp\/v2\/comments?post=41124"}],"version-history":[{"count":8,"href":"https:\/\/us.edu.pl\/student\/wp-json\/wp\/v2\/pages\/41124\/revisions"}],"predecessor-version":[{"id":50077,"href":"https:\/\/us.edu.pl\/student\/wp-json\/wp\/v2\/pages\/41124\/revisions\/50077"}],"up":[{"embeddable":true,"href":"https:\/\/us.edu.pl\/student\/wp-json\/wp\/v2\/pages\/41086"}],"wp:attachment":[{"href":"https:\/\/us.edu.pl\/student\/wp-json\/wp\/v2\/media?parent=41124"}],"curies":[{"name":"wp","href":"https:\/\/api.w.org\/{rel}","templated":true}]}}