{"id":41127,"date":"2023-09-07T16:10:59","date_gmt":"2023-09-07T14:10:59","guid":{"rendered":"https:\/\/us.edu.pl\/student\/?page_id=41127"},"modified":"2026-04-03T09:18:40","modified_gmt":"2026-04-03T07:18:40","slug":"praktyki-na-studiach","status":"publish","type":"page","link":"https:\/\/us.edu.pl\/student\/kariera-i-rozwoj\/planowanie-kariery\/praktyki-na-studiach\/","title":{"rendered":"praktyki na studiach"},"content":{"rendered":"<p>[vc_row][vc_column]\r\n                <div class=\"text-modules \">\r\n                    <div class=\"container\">\r\n                        <h3 class=\"section-title section-title_border-bottom\">Praktyki na studiach<\/h3> \r\n                        <div class=\"row m-0\">\r\n                            <div class=\"text-modules__content\">\r\n                                Je\u015bli chcesz lub musisz odby\u0107 praktyk\u0119 w trakcie studi\u00f3w, to zapoznaj si\u0119 z niniejsz\u0105 stron\u0105.<\/p>\n<h4><strong>Musisz odby\u0107 obowi\u0105zkow\u0105 praktyk\u0119 zawodow\u0105?<\/strong><\/h4>\n<p>Na ka\u017cdym Wydziale praktyki s\u0105 organizowane w nieco odmienny spos\u00f3b. Wszelkich informacji w tym zakresie udzieli Ci Tw\u00f3j Opiekun Praktyk.<\/p>\n<p>Mo\u017cesz te\u017c zajrze\u0107 do serwisu <a href=\"http:\/\/www.biurokarier.edu.pl\">www.biurokarier.edu.pl<\/a>, by znale\u017a\u0107 firm\u0119 lub instytucj\u0119, kt\u00f3ra dzia\u0142a w interesuj\u0105cej Ci\u0119 bran\u017cy b\u0105d\u017a skorzysta\u0107 z\u00a0 utworzonej <a href=\"https:\/\/us.edu.pl\/student\/wp-content\/uploads\/sites\/3\/Editor\/Biuro-Karier\/Baza_Dobrych_Praktykodawcow_ost.-akt_03.04.26-aktualizacja.xlsx\" class=\"mtli_attachment mtli_xlsx\" data-mtli=\"mtli_filesize68,14kB\">Bazy Dobrych Praktykodawc\u00f3w<\/a>.<\/p>\n<p>Baza powsta\u0142a w ramach projektu &#8222;Praktyka czyni mistrza. Studenckie praktyki zawodowe w obliczu zmian prawnych, spo\u0142ecznych i gospodarczych&#8221;. Celem by\u0142o usprawnienie systemu realizacji studenckich praktyk zawodowych w Uniwersytecie \u015al\u0105skim na kierunkach o profilach praktycznych.<\/p>\n<p>Z za\u0142o\u017cenia powsta\u0142a z my\u015bl\u0105 o studentach kierunk\u00f3w praktycznych, jednak jest sukcesywnie rozbudowywana o kolejne firmy, kt\u00f3re zg\u0142aszaj\u0105 ch\u0119\u0107 przyj\u0119cia w swoje szeregi praktykant\u00f3w kierunk\u00f3w realizowanych na Uniwersytecie \u015al\u0105skiem. W kolumnie &#8222;Preferowane kierunki studi\u00f3w&#8221; mo\u017cesz sprawdzi\u0107, czy firma poszukuje praktykant\u00f3w z Twojego kierunku studi\u00f3w.<\/p>\n<h4><strong>Chcesz odby\u0107 dodatkow\u0105, nadobowi\u0105zkow\u0105 praktyk\u0119?<\/strong><\/h4>\n<p>Przede wszystkim musisz wiedzie\u0107, \u017ce w przypadku praktyk nadobowi\u0105zkowych uczelnia nie po\u015bredniczy przy podpisywaniu umowy o praktyk\u0119 &#8211; nie s\u0105 zawierane zatem umowy tr\u00f3jstronne. Mo\u017cemy przygotowa\u0107 dla Ciebie List Polecaj\u0105cy, a firma powinna skorzysta\u0107 z <a href=\"https:\/\/us.edu.pl\/student\/wp-content\/uploads\/sites\/3\/Bez-kategorii\/umowa-o-praktyki-absolwenckie-1.doc\" class=\"mtli_attachment mtli_doc\" data-mtli=\"mtli_filesize31,50kB\">og\u00f3lnopolskiego wzoru umowy o praktyki absolwenckie<\/a> (absolwent jest rozumiany jako absolwent szko\u0142y \u015bredniej).<\/p>\n<h4><strong>Poszukujesz ciekawej oferty praktyk?<\/strong><\/h4>\n<ul>\n<li>sprawd\u017a oferty praktyk w naszym serwisie <a href=\"https:\/\/www.biurokarier.edu.pl\/\">www.biurokarier.edu.pl<\/a>,<\/li>\n<li>zajrzyj do <a href=\"https:\/\/us.edu.pl\/student\/wp-content\/uploads\/sites\/3\/Editor\/Biuro-Karier\/Baza_Dobrych_Praktykodawcow_ost.-akt_03.04.26-aktualizacja.xlsx\" class=\"mtli_attachment mtli_xlsx\" data-mtli=\"mtli_filesize68,14kB\">Bazy Dobrych Praktykodawc\u00f3w<\/a> i skontaktuj si\u0119 z firm\u0105, kt\u00f3ra poszukuje praktykant\u00f3w z Twojego kierunku studi\u00f3w, kt\u00f3rej profil Ci\u0119 interesuje.<\/li>\n<\/ul>\n<h4><strong>Kontakt<\/strong><\/h4>\n<p>Je\u015bli masz jakiekolwiek pytania dotycz\u0105ce praktyk, napisz do nas na: <a href=\"mailto:bk@us.edu.pl\">bk@us.edu.pl<\/a> lub zadzwo\u0144: (32) 359 20 32 \/ (32) 359 19 77.<\/p>\n<p>&nbsp;<\/p>\n<p>***<\/p>\n<p>Baza Dobrych Praktykodawc\u00f3w jest rozbudowywana w ramach projektu &#8222;jU\u015at transition \u2013 Potencja\u0142 Uniwersytetu \u015al\u0105skiego podstaw\u0105 Sprawiedliwej Transformacji regionu&#8221;.<\/p>\n<p><img class=\"wp-image-45995 aligncenter\" src=\"https:\/\/us.edu.pl\/student\/wp-content\/uploads\/sites\/3\/Bez-kategorii\/logotypy-justUS-300x22.png\" alt=\"logotypy projektu unijnego\" width=\"1104\" height=\"81\" srcset=\"https:\/\/us.edu.pl\/student\/wp-content\/uploads\/sites\/3\/Bez-kategorii\/logotypy-justUS-300x22.png 300w, https:\/\/us.edu.pl\/student\/wp-content\/uploads\/sites\/3\/Bez-kategorii\/logotypy-justUS-768x56.png 768w, https:\/\/us.edu.pl\/student\/wp-content\/uploads\/sites\/3\/Bez-kategorii\/logotypy-justUS-575x42.png 575w, https:\/\/us.edu.pl\/student\/wp-content\/uploads\/sites\/3\/Bez-kategorii\/logotypy-justUS.png 944w\" sizes=\"(max-width: 1104px) 100vw, 1104px\" \/> \r\n                                <div class=\"mt-3\"><\/div>\r\n                            <\/div>\r\n                            \r\n                            \r\n                        <\/div>\r\n                    <\/div>\r\n                <\/div>[\/vc_column][\/vc_row]<\/p>\n<style type=\"text\/css\">a[data-mtli~=\"mtli_filesize68,14kB\"]:after {content:\" (68,14 kB)\"}a[data-mtli~=\"mtli_filesize31,50kB\"]:after {content:\" (31,50 kB)\"}a[data-mtli~=\"mtli_filesize70,19kB\"]:after {content:\" (70,19 kB)\"}<\/style>","protected":false},"excerpt":{"rendered":"<p>[vc_row][vc_column][\/vc_column][\/vc_row] [&#8230;]<\/p>\n<p><a class=\"btn btn-secondary understrap-read-more-link\" href=\"https:\/\/us.edu.pl\/student\/kariera-i-rozwoj\/planowanie-kariery\/praktyki-na-studiach\/\">Read More&#8230;<\/a><\/p>\n","protected":false},"author":28,"featured_media":0,"parent":41086,"menu_order":0,"comment_status":"closed","ping_status":"closed","template":"","meta":{"_expiration-date-status":"","_expiration-date":0,"_expiration-date-type":"","_expiration-date-categories":[],"_expiration-date-options":[]},"acf":[],"_links":{"self":[{"href":"https:\/\/us.edu.pl\/student\/wp-json\/wp\/v2\/pages\/41127"}],"collection":[{"href":"https:\/\/us.edu.pl\/student\/wp-json\/wp\/v2\/pages"}],"about":[{"href":"https:\/\/us.edu.pl\/student\/wp-json\/wp\/v2\/types\/page"}],"author":[{"embeddable":true,"href":"https:\/\/us.edu.pl\/student\/wp-json\/wp\/v2\/users\/28"}],"replies":[{"embeddable":true,"href":"https:\/\/us.edu.pl\/student\/wp-json\/wp\/v2\/comments?post=41127"}],"version-history":[{"count":11,"href":"https:\/\/us.edu.pl\/student\/wp-json\/wp\/v2\/pages\/41127\/revisions"}],"predecessor-version":[{"id":61280,"href":"https:\/\/us.edu.pl\/student\/wp-json\/wp\/v2\/pages\/41127\/revisions\/61280"}],"up":[{"embeddable":true,"href":"https:\/\/us.edu.pl\/student\/wp-json\/wp\/v2\/pages\/41086"}],"wp:attachment":[{"href":"https:\/\/us.edu.pl\/student\/wp-json\/wp\/v2\/media?parent=41127"}],"curies":[{"name":"wp","href":"https:\/\/api.w.org\/{rel}","templated":true}]}}