{"id":41130,"date":"2023-09-07T16:15:19","date_gmt":"2023-09-07T14:15:19","guid":{"rendered":"https:\/\/us.edu.pl\/student\/?page_id=41130"},"modified":"2026-04-27T07:26:00","modified_gmt":"2026-04-27T05:26:00","slug":"oferty-pracy-praktyk-i-stazy","status":"publish","type":"page","link":"https:\/\/us.edu.pl\/student\/kariera-i-rozwoj\/planowanie-kariery\/oferty-pracy-praktyk-i-stazy\/","title":{"rendered":"oferty pracy, praktyk i sta\u017cy"},"content":{"rendered":"<p>[vc_row][vc_column]\r\n                <div class=\"text-modules \">\r\n                    <div class=\"container\">\r\n                        <h3 class=\"section-title section-title_border-bottom\">Oferty pracy, praktyk i sta\u017cy<\/h3> \r\n                        <div class=\"row m-0\">\r\n                            <div class=\"text-modules__content\">\r\n                                <\/p>\n<h4><strong>Czym jest serwis biurokarier.edu.pl?<\/strong><\/h4>\n<p>Serwis <a href=\"https:\/\/www.biurokarier.edu.pl\/\">www.biurokarier.edu.pl<\/a> to platforma z ofertami pracy, praktyk i sta\u017cy oraz mo\u017cliwo\u015bci\u0105 przygotowania w\u0142asnego profilu zawodowego. W serwisie znajduj\u0105 si\u0119 oferty publikowane nie tylko w Biurze Karier U\u015a, ale r\u00f3wnie\u017c w kilku innych uczelniach. Dzi\u0119ki temu mo\u017cesz zrealizowa\u0107 praktyk\u0119 r\u00f3wnie\u017c w innych miastach!<\/p>\n<h4><strong>Kto mo\u017ce zarejestrowa\u0107 si\u0119 w serwisie?<\/strong><\/h4>\n<p>Serwis jest skierowany do student\u00f3w i absolwent\u00f3w poszczeg\u00f3lnych uczelni:<\/p>\n<ul>\n<li>Uniwersytetu \u015al\u0105skiego,<\/li>\n<li>Uniwersytetu Miko\u0142aja Kopernika w Toruniu,<\/li>\n<li>Uniwersytetu Opolskiego,<\/li>\n<li>Uniwersytetu Warszawskiego,<\/li>\n<li>Uniwersytetu Kardyna\u0142a Stefana Wyszy\u0144skiego w Warszawie,<\/li>\n<li>Uniwersytetu DSW Ideis,<\/li>\n<li>Uczelni Pa\u0144stwowej im. Jana Grodka w Sanoku,<\/li>\n<li>Instytutu Rozrodu Zwierz\u0105t i Bada\u0144 \u017bywno\u015bci Polskiej Akademii Nauk w Olsztynie,<\/li>\n<li>Collegium Medicum im. Ludwika Rydygiera w Bydgoszczy Uniwersytetu Miko\u0142aja Kopernika w Toruniu;<\/li>\n<li>Uniwersytetu Zielonog\u00f3rskiego.<\/li>\n<\/ul>\n<h4><strong>Jak zarejestrowa\u0107 si\u0119 w serwisie?<\/strong><\/h4>\n<p>Przebieg procedury rejestracyjnej\u00a0 zale\u017cy od tego, jaki status posiadasz &#8211; status studenta czy status absolwenta. Je\u015bli posiadasz oba te statusy jednocze\u015bnie, to kieruj si\u0119 procedur\u0105 rejestracji dla student\u00f3w.<\/p>\n<p><strong>Procedura rejestracyjna dla student\u00f3w:<\/strong><\/p>\n<ol>\n<li>zaloguj si\u0119 do systemu\u00a0<a href=\"https:\/\/usosweb.us.edu.pl\/kontroler.php?_action=actionx:news\/default()\"><strong>USOSweb<\/strong><\/a>,<\/li>\n<li>przejd\u017a do zak\u0142adki \u201edla wszystkich\u201d i wybierz pozycj\u0119 \u201e<strong>Biuro Karier<\/strong>\u201d,<\/li>\n<li>wype\u0142nij formularz zawieraj\u0105cy zgod\u0119 na przetwarzanie danych osobowych w zwi\u0105zku z przyst\u0105pieniem do serwisu\u00a0<a href=\"https:\/\/www.biurokarier.edu.pl\/\"><strong>biurokarier.edu.pl\u00a0<\/strong><\/a>oraz adres e-mail, kt\u00f3ry b\u0119dzie s\u0142u\u017cy\u0142 do kontaktu z pracodawcami oraz Biurem Karier U\u015a,<\/li>\n<li>kolejnego dnia odbierz e-mail aktywacyjny wys\u0142any na podany przez Ciebie adres e-mail,<\/li>\n<li>zaloguj si\u0119 do serwisu\u00a0<a href=\"https:\/\/www.biurokarier.edu.pl\/\"><strong>biurokarier.edu.pl<\/strong><\/a>, a nast\u0119pnie ustal nowe has\u0142o dost\u0119pu,<\/li>\n<li>uzupe\u0142nij profil zawodowy, \u017ceby zwi\u0119kszy\u0107 swoj\u0105 szans\u0119 na znalezienie pracy.<\/li>\n<\/ol>\n<p><strong>Procedura rejestracyjna dla absolwent\u00f3w:<\/strong><\/p>\n<ol>\n<li>wype\u0142nij formularz, wydrukuj go i podpisz:<br \/>\n&#8211; formularz dla obywateli Polski (.<a href=\"https:\/\/us.edu.pl\/student\/wp-content\/uploads\/sites\/3\/Bez-kategorii\/biurokarier.edu_.pl-Formularz-rejestracyjny-PL-RODO_v-2023.docx\" class=\"mtli_attachment mtli_docx\" data-mtli=\"mtli_filesize171,21kB\">docx<\/a>, <a href=\"https:\/\/us.edu.pl\/student\/wp-content\/uploads\/sites\/3\/2024\/08\/biurokarier.edu_.pl-Formularz-rejestracyjny-PL-RODO_v-2023.pdf\" class=\"mtli_attachment mtli_pdf\" data-mtli=\"mtli_filesize204,63kB\">PDF<\/a>)<br \/>\n&#8211; formularz dla cudzoziemc\u00f3w\u00a0(.<a href=\"https:\/\/us.edu.pl\/student\/wp-content\/uploads\/sites\/3\/2024\/08\/biurokarier.edu_.pl_Formularz_rejestracyjny_EN_RODO_v_2023.docx\" class=\"mtli_attachment mtli_docx\" data-mtli=\"mtli_filesize170,23kB\">docx<\/a>, <a href=\"https:\/\/us.edu.pl\/student\/wp-content\/uploads\/sites\/3\/2024\/08\/biurokarier.edu_.pl_Formularz_rejestracyjny_EN_RODO_v_2023.pdf\" class=\"mtli_attachment mtli_pdf\" data-mtli=\"mtli_filesize201,81kB\">PDF<\/a>)<\/li>\n<li>wype\u0142niony i podpisany formularz z\u0142\u00f3\u017c osobi\u015bcie lub prze\u015blij na adres naszej siedziby (Biuro Karier U\u015a, budynek spinPLACE, ul. Bankowa 5, 40-007 Katowice),<\/li>\n<li>odbierz e-mail aktywacyjny wys\u0142any na podany przez Ciebie adres e-mail (w zale\u017cno\u015bci od sposobu z\u0142o\u017cenia przez Ciebie formularza rejestracyjnego dostarczenie e-maila aktywacyjnego mo\u017ce potrwa\u0107 od jednego do kilku dni),<\/li>\n<li>zaloguj si\u0119 do serwisu\u00a0<a href=\"https:\/\/www.biurokarier.edu.pl\/\"><strong>biurokarier.edu.pl<\/strong><\/a>, a nast\u0119pnie ustal nowe has\u0142o dost\u0119pu,<\/li>\n<li>uzupe\u0142nij profil zawodowy, \u017ceby zwi\u0119kszy\u0107 swoj\u0105 szans\u0119 na znalezienie pracy.<\/li>\n<\/ol>\n<p>W przypadku problem\u00f3w zwi\u0105zanych z rejestracj\u0105 lub u\u017cytkowaniem serwisu skontaktuj si\u0119 z nami przez e-mail:\u00a0<a href=\"mailto:bk@us.edu.pl\">bk@us.edu.pl<\/a> lub telefonicznie: 32 359 20 32, 32 359 19 77. \r\n                                <div class=\"mt-3\"><\/div>\r\n                            <\/div>\r\n                            \r\n                            \r\n                        <\/div>\r\n                    <\/div>\r\n                <\/div>[\/vc_column][\/vc_row][vc_row disable_element=&#8221;yes&#8221;][vc_column width=&#8221;1\/6&#8243;][\/vc_column][vc_column width=&#8221;2\/3&#8243;]\r\n                <div class='sidebar_moduls sidebar_dropdown color-blue' style='background-color: #EBEBEB'>\r\n                    <h3>Chc\u0119 si\u0119 zarejestrowa\u0107, jestem:<\/h3>\r\n                  \r\n                        <div id='sidebar_dropdown'>\r\n                          <div class='angle-list'>\r\n                            <div>\r\n                              <h5>\r\n                                <a class='dropdown_header_title' href=''>\r\n                                 studentem\r\n                                <\/a>\r\n                              <\/h5>\r\n                            <\/div>\r\n                        \r\n                            <div>\r\n                              <div class='sidebar__textarea'>\r\n                           \r\n                                 <div>\r\n                                    Procedura rejestracyjna dla student\u00f3w:\n\n1. zaloguj si\u0119 do systemu USOSweb,\n2. przejd\u017a do zak\u0142adki \u201edla wszystkich\u201d i wybierz pozycj\u0119 \u201eBiuro Karier\u201d,\n3.wype\u0142nij formularz zawieraj\u0105cy zgod\u0119 na przetwarzanie danych osobowych w zwi\u0105zku z przyst\u0105pieniem do serwisu biurokarier.edu.pl oraz adres e-mail, kt\u00f3ry b\u0119dzie s\u0142u\u017cy\u0142 do kontaktu z pracodawcami oraz Biurem Karier U\u015a,\n4. kolejnego dnia odbierz e-mail aktywacyjny wys\u0142any na podany przez Ciebie adres e-mail,\n5. zaloguj si\u0119 do serwisu biurokarier.edu.pl, a nast\u0119pnie ustal nowe has\u0142o dost\u0119pu,\n6. uzupe\u0142nij profil zawodowy, \u017ceby zwi\u0119kszy\u0107 swoj\u0105 szans\u0119 na znalezienie pracy.\n\nW przypadku problem\u00f3w zwi\u0105zanych z rejestracj\u0105 lub u\u017cytkowaniem serwisu skontaktuj si\u0119 z nami przez e-mail: bk@us.edu.pl lub telefonicznie: 32 359 20 32, 32 359 19 82, 32 359 19 77.\r\n                                 <\/div>\r\n                                  \r\n                              <\/div>\r\n                            <\/div>\r\n                          <\/div><!--.card-->\r\n                        <\/div><!--#dslide_ropdown-->\r\n                  \r\n                        <div id='sidebar_dropdown'>\r\n                          <div class='angle-list'>\r\n                            <div>\r\n                              <h5>\r\n                                <a class='dropdown_header_title' href=''>\r\n                                 absolwentem\r\n                                <\/a>\r\n                              <\/h5>\r\n                            <\/div>\r\n                        \r\n                            <div>\r\n                              <div class='sidebar__textarea'>\r\n                           \r\n                                 <div>\r\n                                    Procedura rejestracyjna dla absolwent\u00f3w:\n\n1. wype\u0142nij formularz, wydrukuj go i podpisz:\n- formularz dla obywateli Polski (.docx, PDF)\n- formularz dla cudzoziemc\u00f3w (.docx, PDF)\n2. wype\u0142niony i podpisany formularz z\u0142\u00f3\u017c osobi\u015bcie lub prze\u015blij na adres naszej siedziby (Biuro Karier U\u015a, ul. Bankowa 12, 40-007 Katowice),\n3. odbierz e-mail aktywacyjny wys\u0142any na podany przez Ciebie adres e-mail (w zale\u017cno\u015bci od sposobu z\u0142o\u017cenia przez Ciebie formularza rejestracyjnego dostarczenie e-maila aktywacyjnego mo\u017ce potrwa\u0107 od jednego do kilku dni),\n4. zaloguj si\u0119 do serwisu biurokarier.edu.pl, a nast\u0119pnie ustal nowe has\u0142o dost\u0119pu,\n5. uzupe\u0142nij profil zawodowy, \u017ceby zwi\u0119kszy\u0107 swoj\u0105 szans\u0119 na znalezienie pracy.\n\nW przypadku problem\u00f3w zwi\u0105zanych z rejestracj\u0105 lub u\u017cytkowaniem serwisu skontaktuj si\u0119 z nami przez e-mail: bk@us.edu.pl lub telefonicznie: 32 359 20 32, 32 359 19 82, 32 359 19 77.\n\r\n                                 <\/div>\r\n                                  \r\n                              <\/div>\r\n                            <\/div>\r\n                          <\/div><!--.card-->\r\n                        <\/div><!--#dslide_ropdown-->\r\n                \r\n            <\/div> <!--.sidebar_moduls-->\r\n            [\/vc_column][vc_column width=&#8221;1\/6&#8243;][\/vc_column][\/vc_row][vc_row][vc_column]\r\n                <div class=\"text-modules \">\r\n                    <div class=\"container\">\r\n                         \r\n                        <div class=\"row m-0\">\r\n                            <div class=\"text-modules__content\">\r\n                                U\u017cytkowanie serwisu warto rozpocz\u0105\u0107 od uzupe\u0142nienia swojego profilu zawodowego. Mo\u017cesz wykorzysta\u0107 w tym celu zawarto\u015b\u0107 Uniwersyteckiego Systemu Obs\u0142ugi Studi\u00f3w (USOS). Pozwoli to wzbogaci\u0107 Tw\u00f3j profil o wybrane informacje na temat przebiegu studi\u00f3w (np. przedmioty, kt\u00f3re uko\u0144czy\u0142e\u015b, tytu\u0142 pracy dyplomowej). Opcja ta jest jednak dost\u0119pna tylko dla os\u00f3b, kt\u00f3re rozpocz\u0119\u0142y studia nie wcze\u015bniej ni\u017c w 2004 roku.<\/p>\n<p>Wi\u0119cej informacji nt. funkcjonowania serwisu znajdziesz w <a href=\"https:\/\/biurokarier.edu.pl\/index.php?view=default&amp;module=data.Info&amp;params=faq-students\">FAQ dla studenta i absolwenta<\/a>. \r\n                                <div class=\"mt-3\"><\/div>\r\n                            <\/div>\r\n                            \r\n                            \r\n                        <\/div>\r\n                    <\/div>\r\n                <\/div>[\/vc_column][\/vc_row]<\/p>\n<style type=\"text\/css\">a[data-mtli~=\"mtli_filesize171,21kB\"]:after {content:\" (171,21 kB)\"}a[data-mtli~=\"mtli_filesize204,63kB\"]:after {content:\" (204,63 kB)\"}a[data-mtli~=\"mtli_filesize170,23kB\"]:after {content:\" (170,23 kB)\"}a[data-mtli~=\"mtli_filesize201,81kB\"]:after {content:\" (201,81 kB)\"}<\/style>","protected":false},"excerpt":{"rendered":"<p>[vc_row][vc_column][\/vc_column][\/vc_row][vc_row disable_element=&#8221;yes&#8221;][vc_column width=&#8221;1\/6&#8243;][\/vc_column][vc_column width=&#8221;2\/3&#8243;][\/vc_column][vc_column width=&#8221;1\/6&#8243;][\/vc_column][\/vc_row][vc_row][vc_column][\/vc_column][\/vc_row] [&#8230;]<\/p>\n<p><a class=\"btn btn-secondary understrap-read-more-link\" href=\"https:\/\/us.edu.pl\/student\/kariera-i-rozwoj\/planowanie-kariery\/oferty-pracy-praktyk-i-stazy\/\">Read More&#8230;<\/a><\/p>\n","protected":false},"author":28,"featured_media":0,"parent":41086,"menu_order":0,"comment_status":"closed","ping_status":"closed","template":"","meta":{"_expiration-date-status":"","_expiration-date":0,"_expiration-date-type":"","_expiration-date-categories":[],"_expiration-date-options":[]},"acf":[],"_links":{"self":[{"href":"https:\/\/us.edu.pl\/student\/wp-json\/wp\/v2\/pages\/41130"}],"collection":[{"href":"https:\/\/us.edu.pl\/student\/wp-json\/wp\/v2\/pages"}],"about":[{"href":"https:\/\/us.edu.pl\/student\/wp-json\/wp\/v2\/types\/page"}],"author":[{"embeddable":true,"href":"https:\/\/us.edu.pl\/student\/wp-json\/wp\/v2\/users\/28"}],"replies":[{"embeddable":true,"href":"https:\/\/us.edu.pl\/student\/wp-json\/wp\/v2\/comments?post=41130"}],"version-history":[{"count":10,"href":"https:\/\/us.edu.pl\/student\/wp-json\/wp\/v2\/pages\/41130\/revisions"}],"predecessor-version":[{"id":61583,"href":"https:\/\/us.edu.pl\/student\/wp-json\/wp\/v2\/pages\/41130\/revisions\/61583"}],"up":[{"embeddable":true,"href":"https:\/\/us.edu.pl\/student\/wp-json\/wp\/v2\/pages\/41086"}],"wp:attachment":[{"href":"https:\/\/us.edu.pl\/student\/wp-json\/wp\/v2\/media?parent=41130"}],"curies":[{"name":"wp","href":"https:\/\/api.w.org\/{rel}","templated":true}]}}