{"id":41133,"date":"2023-09-07T16:19:57","date_gmt":"2023-09-07T14:19:57","guid":{"rendered":"https:\/\/us.edu.pl\/student\/?page_id=41133"},"modified":"2025-02-11T12:10:58","modified_gmt":"2025-02-11T11:10:58","slug":"konsultacje-cv","status":"publish","type":"page","link":"https:\/\/us.edu.pl\/student\/kariera-i-rozwoj\/planowanie-kariery\/konsultacje-cv\/","title":{"rendered":"konsultacje CV"},"content":{"rendered":"<p>[vc_row][vc_column]\r\n                <div class=\"text-modules \">\r\n                    <div class=\"container\">\r\n                        <h3 class=\"section-title section-title_border-bottom\">Konsultacje CV<\/h3> \r\n                        <div class=\"row m-0\">\r\n                            <div class=\"text-modules__content\">\r\n                                Podczas spotkania dotycz\u0105cego konsultacji CV mo\u017cesz dowiedzie\u0107 si\u0119, w jaki spos\u00f3b przygotowa\u0107 dobrze skonstruowany \u017cyciorys, jakimi zasadami nale\u017cy si\u0119 kierowa\u0107 pisz\u0105c CV oraz jakie s\u0105 najnowsze trendy w CV w zale\u017cno\u015bci od bran\u017cy. Um\u00f3w si\u0119 na spotkanie doradcze, na kt\u00f3re mo\u017cesz przynie\u015b\u0107 ze sob\u0105 gotowy dokument, nad kt\u00f3rym b\u0119dziemy pracowa\u0107 lub nasze doradczynie pomog\u0105 Ci przygotowa\u0107 dokument od podstaw.<\/p>\n<h4><strong>Kto konsultuje CV w Biurze Karier?<\/strong><\/h4>\n<p>Konsultacje CV prowadzone s\u0105 przez Ma\u0142gorzat\u0119 Chatys i Ewelin\u0119 Skuba\u0142\u0119-Skrzyneck\u0105 &#8211; doradczynie zawodowe i coacherki kariery.<\/p>\n<h4><strong>Jak um\u00f3wi\u0107 si\u0119 na konsultacj\u0119 CV?<\/strong><\/h4>\n<p>Chcesz popracowa\u0107 nad swoim \u017cyciorysem zawodowym lub wsp\u00f3lnie stworzy\u0107 go od podstaw? Napisz wiadomo\u015b\u0107 mailow\u0105 do doradczyni zawodowej odpowiedniej dla Twojego wydzia\u0142u:<\/p>\n<ul>\n<li>je\u015bli studiujesz na Wydziale: Humanistycznym, Nauk Przyrodniczych, Teologicznym lub Sztuki i Nauk o Edukacji Twoj\u0105 doradczyni\u0105 jest:\n<ul>\n<li><strong>Ewelina Skuba\u0142a-Skrzynecka<\/strong><br \/>\ne-mail: <a href=\"mailto:ewelina.skubala@us.edu.pl\">ewelina.skubala@us.edu.pl<\/a><br \/>\ntel. 32 359 19 77, 508 375 583<\/li>\n<\/ul>\n<\/li>\n<\/ul>\n<ul>\n<li>je\u015bli studiujesz na Wydziale: Prawa i Administracji, Nauk \u015acis\u0142ych i Technicznych, Nauk Spo\u0142ecznych lub w Szkole Filmowej im. K. Kie\u015blowskiego Twoj\u0105 doradczyni\u0105 jest:\n<ul>\n<li><strong>Ma\u0142gorzata Chatys<\/strong><br \/>\ne-mail: <a href=\"mailto:malgorzata.chatys@us.edu.pl\">malgorzata.chatys@us.edu.pl<\/a><br \/>\ntel. 32 359 20 32, 508 371 586<\/li>\n<\/ul>\n<\/li>\n<\/ul>\n<div class=\"mt-3\"><\/div>\r\n                            <\/div>\r\n                            \r\n                            \r\n                        <\/div>\r\n                    <\/div>\r\n                <\/div>[\/vc_column][\/vc_row]<\/p>","protected":false},"excerpt":{"rendered":"<p>[vc_row][vc_column][\/vc_column][\/vc_row] [&#8230;]<\/p>\n<p><a class=\"btn btn-secondary understrap-read-more-link\" href=\"https:\/\/us.edu.pl\/student\/kariera-i-rozwoj\/planowanie-kariery\/konsultacje-cv\/\">Read More&#8230;<\/a><\/p>\n","protected":false},"author":28,"featured_media":0,"parent":41086,"menu_order":0,"comment_status":"closed","ping_status":"closed","template":"","meta":{"_expiration-date-status":"","_expiration-date":0,"_expiration-date-type":"","_expiration-date-categories":[],"_expiration-date-options":[]},"acf":[],"_links":{"self":[{"href":"https:\/\/us.edu.pl\/student\/wp-json\/wp\/v2\/pages\/41133"}],"collection":[{"href":"https:\/\/us.edu.pl\/student\/wp-json\/wp\/v2\/pages"}],"about":[{"href":"https:\/\/us.edu.pl\/student\/wp-json\/wp\/v2\/types\/page"}],"author":[{"embeddable":true,"href":"https:\/\/us.edu.pl\/student\/wp-json\/wp\/v2\/users\/28"}],"replies":[{"embeddable":true,"href":"https:\/\/us.edu.pl\/student\/wp-json\/wp\/v2\/comments?post=41133"}],"version-history":[{"count":8,"href":"https:\/\/us.edu.pl\/student\/wp-json\/wp\/v2\/pages\/41133\/revisions"}],"predecessor-version":[{"id":50081,"href":"https:\/\/us.edu.pl\/student\/wp-json\/wp\/v2\/pages\/41133\/revisions\/50081"}],"up":[{"embeddable":true,"href":"https:\/\/us.edu.pl\/student\/wp-json\/wp\/v2\/pages\/41086"}],"wp:attachment":[{"href":"https:\/\/us.edu.pl\/student\/wp-json\/wp\/v2\/media?parent=41133"}],"curies":[{"name":"wp","href":"https:\/\/api.w.org\/{rel}","templated":true}]}}