{"id":41159,"date":"2023-09-11T11:14:52","date_gmt":"2023-09-11T09:14:52","guid":{"rendered":"https:\/\/us.edu.pl\/student\/?page_id=41159"},"modified":"2024-03-06T15:35:07","modified_gmt":"2024-03-06T14:35:07","slug":"rozwoj-osobisty","status":"publish","type":"page","link":"https:\/\/us.edu.pl\/student\/kariera-i-rozwoj\/rozwoj-osobisty\/","title":{"rendered":"rozw\u00f3j osobisty"},"content":{"rendered":"<p>[vc_row][vc_column]\r\n\r\n            <div class=\"blocks\" style=\"text-align: \">\r\n               <div class=\"container\">\r\n                  <div class=\"page-title\">Rozw\u00f3j osobisty<\/div>\r\n                  <div class=\"row m-0 blocks_3\">\r\n                  \r\n                     <a href=\"https:\/\/us.edu.pl\/student\/kariera-i-rozwoj\/rozwoj-osobisty\/coaching-kariery\/\" class=\"thumbnail blocks__item\" style=\"background-image: url(https:\/\/us.edu.pl\/student\/wp-content\/uploads\/sites\/3\/BK\/rozwoj-osobisty-coaching-kariery.jpg)\">\r\n                        <span>wi\u0119cej<\/span>\r\n                        <div class=\"blocks__bottom\">\r\n                        <div class=\"blocks__title\">Coaching kariery<\/div>\r\n                        \r\n                        <\/div>\r\n                     <\/a>\r\n                  \r\n                     <a href=\"https:\/\/us.edu.pl\/student\/kariera-i-rozwoj\/rozwoj-osobisty\/szkolenia-i-warsztaty\/\" class=\"thumbnail blocks__item\" style=\"background-image: url(https:\/\/us.edu.pl\/student\/wp-content\/uploads\/sites\/3\/BK\/pracujacy-zespol-wspolpracownikow-koncepcja-burzy-mozgow.jpg)\">\r\n                        <span>wi\u0119cej<\/span>\r\n                        <div class=\"blocks__bottom\">\r\n                        <div class=\"blocks__title\">Szkolenia i warsztaty<\/div>\r\n                        \r\n                        <\/div>\r\n                     <\/a>\r\n                  \r\n                     <a href=\"https:\/\/us.edu.pl\/student\/kariera-i-rozwoj\/rozwoj-osobisty\/akademia-rozwoju-kariery\/\" class=\"thumbnail blocks__item\" style=\"background-image: url(https:\/\/us.edu.pl\/student\/wp-content\/uploads\/sites\/3\/BK\/szczesliwy-zespol-biznesowy-wspolpracujacy-podczas-analizy-postepow-biznesowych-na-tablicy-w-biurze.jpg)\">\r\n                        <span>wi\u0119cej<\/span>\r\n                        <div class=\"blocks__bottom\">\r\n                        <div class=\"blocks__title\">Akademia Rozwoju Kariery<\/div>\r\n                        \r\n                        <\/div>\r\n                     <\/a>\r\n                  \r\n                     <a href=\"https:\/\/us.edu.pl\/student\/kariera-i-rozwoj\/rozwoj-osobisty\/spotkania-z-pracodawcami\/\" class=\"thumbnail blocks__item\" style=\"background-image: url(https:\/\/us.edu.pl\/student\/wp-content\/uploads\/sites\/3\/BK\/usmiechniety-biznesmena-i-bizneswomanu-chwiania-reki-przy-grupowego-spotkania-negocjacjami-2.jpg)\">\r\n                        <span>wi\u0119cej<\/span>\r\n                        <div class=\"blocks__bottom\">\r\n                        <div class=\"blocks__title\">Spotkania z pracodawcami<\/div>\r\n                        \r\n                        <\/div>\r\n                     <\/a>\r\n                  \r\n                     <a href=\"https:\/\/us.edu.pl\/student\/kariera-i-rozwoj\/rozwoj-osobisty\/wolontariat-w-ppop\/\" class=\"thumbnail blocks__item\" style=\"background-image: url(https:\/\/us.edu.pl\/student\/wp-content\/uploads\/sites\/3\/BK\/rece-zjednoczone-serce-wspolnota-milosci.jpg)\">\r\n                        <span>wi\u0119cej<\/span>\r\n                        <div class=\"blocks__bottom\">\r\n                        <div class=\"blocks__title\">Wolontariat w PPOP<\/div>\r\n                        \r\n                        <\/div>\r\n                     <\/a>\r\n                  \r\n                     <a href=\"https:\/\/us.edu.pl\/student\/kariera-i-rozwoj\/rozwoj-osobisty\/program-crc\/\" class=\"thumbnail blocks__item\" style=\"background-image: url(https:\/\/us.edu.pl\/student\/wp-content\/uploads\/sites\/3\/BK\/kobieta-wykonawczy-manager-i-zespolu.jpg)\">\r\n                        <span>wi\u0119cej<\/span>\r\n                        <div class=\"blocks__bottom\">\r\n                        <div class=\"blocks__title\">Program CRC<\/div>\r\n                        \r\n                        <\/div>\r\n                     <\/a><\/div>     \r\n               <\/div>\r\n            <\/div>[\/vc_column][\/vc_row][vc_row][vc_column]\r\n                <div class=\"text-modules\">\r\n                    <div class=\"container\">\r\n                        <h3 class=\"page-title text__title\">Biuro Karier Uniwersytetu \u015al\u0105skiego<\/h3>\r\n                        <div class=\"text-modules__content\"><p>Biuro Karier dzia\u0142a z my\u015bl\u0105 o studentach i absolwentach Uniwersytetu \u015al\u0105skiego w Katowicach na rynku pracy. Naszym celem jest szeroko poj\u0119te wspieranie rozwoju ich kariery zawodowej. Pracodawcom oferujemy natomiast mo\u017cliwo\u015b\u0107 zaistnienia w \u015bwiadomo\u015bci student\u00f3w i absolwent\u00f3w, a tak\u017ce pomoc w poszukiwaniu wykwalifikowanej kadry.<\/p>\n<\/div>\r\n                    <\/div>\r\n                <\/div>[\/vc_column][\/vc_row][vc_row][vc_column width=&#8221;1\/2&#8243;]\r\n                <div class=\"text-modules\">\r\n                    <div class=\"container\">\r\n                        \r\n                        <div class=\"text-modules__content\"><\/p>\n<p style=\"text-align: right;\">godziny otwarcia: poniedzia\u0142ek-pi\u0105tek, 7:30 \u2013 15:30<br \/>\ne-mail: <a href=\"mailto:bk@us.edu.pl\">bk@us.edu.pl<\/a><br \/>\ntel. 32\u00a0359 20 32, 32\u00a0359 19 82, 32\u00a0359 19 77<\/p>\n<p>\n<\/div>\r\n                    <\/div>\r\n                <\/div>[\/vc_column][vc_column width=&#8221;1\/2&#8243;]\r\n                <div class=\"text-modules\">\r\n                    <div class=\"container\">\r\n                        \r\n                        <div class=\"text-modules__content\"><\/p>\n<p style=\"text-align: left;\">budynek spinPLACE<br \/>\nul. Bankowa 5, 40-007 Katowice<br \/>\npokoje A 3.1 \u2013 A 3.5 (III pi\u0119tro)<\/p>\n<p>\n<\/div>\r\n                    <\/div>\r\n                <\/div>[\/vc_column][\/vc_row]<\/p>","protected":false},"excerpt":{"rendered":"<p>[vc_row][vc_column][\/vc_column][\/vc_row][vc_row][vc_column][\/vc_column][\/vc_row][vc_row][vc_column width=&#8221;1\/2&#8243;][\/vc_column][vc_column width=&#8221;1\/2&#8243;][\/vc_column][\/vc_row] [&#8230;]<\/p>\n<p><a class=\"btn btn-secondary understrap-read-more-link\" href=\"https:\/\/us.edu.pl\/student\/kariera-i-rozwoj\/rozwoj-osobisty\/\">Read More&#8230;<\/a><\/p>\n","protected":false},"author":28,"featured_media":0,"parent":21793,"menu_order":0,"comment_status":"closed","ping_status":"closed","template":"","meta":{"_expiration-date-status":"","_expiration-date":0,"_expiration-date-type":"","_expiration-date-categories":[],"_expiration-date-options":[]},"acf":[],"_links":{"self":[{"href":"https:\/\/us.edu.pl\/student\/wp-json\/wp\/v2\/pages\/41159"}],"collection":[{"href":"https:\/\/us.edu.pl\/student\/wp-json\/wp\/v2\/pages"}],"about":[{"href":"https:\/\/us.edu.pl\/student\/wp-json\/wp\/v2\/types\/page"}],"author":[{"embeddable":true,"href":"https:\/\/us.edu.pl\/student\/wp-json\/wp\/v2\/users\/28"}],"replies":[{"embeddable":true,"href":"https:\/\/us.edu.pl\/student\/wp-json\/wp\/v2\/comments?post=41159"}],"version-history":[{"count":8,"href":"https:\/\/us.edu.pl\/student\/wp-json\/wp\/v2\/pages\/41159\/revisions"}],"predecessor-version":[{"id":43615,"href":"https:\/\/us.edu.pl\/student\/wp-json\/wp\/v2\/pages\/41159\/revisions\/43615"}],"up":[{"embeddable":true,"href":"https:\/\/us.edu.pl\/student\/wp-json\/wp\/v2\/pages\/21793"}],"wp:attachment":[{"href":"https:\/\/us.edu.pl\/student\/wp-json\/wp\/v2\/media?parent=41159"}],"curies":[{"name":"wp","href":"https:\/\/api.w.org\/{rel}","templated":true}]}}