{"id":41176,"date":"2023-09-11T11:40:04","date_gmt":"2023-09-11T09:40:04","guid":{"rendered":"https:\/\/us.edu.pl\/student\/?page_id=41176"},"modified":"2024-08-09T15:11:10","modified_gmt":"2024-08-09T13:11:10","slug":"spotkania-z-pracodawcami","status":"publish","type":"page","link":"https:\/\/us.edu.pl\/student\/kariera-i-rozwoj\/rozwoj-osobisty\/spotkania-z-pracodawcami\/","title":{"rendered":"spotkania z pracodawcami"},"content":{"rendered":"<p>[vc_row][vc_column]\r\n                <div class=\"text-modules \">\r\n                    <div class=\"container\">\r\n                        <h3 class=\"section-title section-title_border-bottom\">Spotkania z pracodawcami<\/h3> \r\n                        <div class=\"row m-0\">\r\n                            <div class=\"text-modules__content\">\r\n                                <\/p>\n<h4><strong>Czego dotycz\u0105 spotkania?<\/strong><\/h4>\n<p>Spotkania z pracodawcami, kt\u00f3re organizujemy dla Ciebie jako Biuro Karier, maj\u0105 charakter informacyjno-rekrutacyjny. Oznacza to, \u017ce mo\u017cesz pozna\u0107 organizacje, kt\u00f3re s\u0105 zainteresowane zatrudnieniem student\u00f3w, a tak\u017ce pozna\u0107 wymagania rekrutacyjne. W trakcie spotkania mo\u017cesz r\u00f3wnie\u017c zostawi\u0107 u pracodawcy swoje dokumenty aplikacyjne. Informacje na temat najbli\u017cszych spotka\u0144 mo\u017cesz znale\u017a\u0107 w newsach <a href=\"https:\/\/us.edu.pl\/student\/kariera-i-rozwoj\/\">na stronie g\u0142\u00f3wnej BK<\/a>.<\/p>\n<h4><strong>Kto mo\u017ce wzi\u0105\u0107 udzia\u0142 w spotkaniu?<\/strong><\/h4>\n<p>Spotkania s\u0105 skierowane &#8211; przede wszystkim &#8211; do student\u00f3w i absolwent\u00f3w Uniwersytetu \u015al\u0105skiego, jednak\u017ce obecno\u015b\u0107 student\u00f3w i absolwent\u00f3w innych uczelni jest mile widziana.<\/p>\n<h4><strong>Jak zapisa\u0107 si\u0119 na spotkanie?<\/strong><\/h4>\n<p>Udzia\u0142 w spotkaniach jest bezp\u0142atny. Szczeg\u00f3\u0142owe informacje o rekrutacji i zasadach uczestnictwa znajdziesz w informacji o konkretnym spotkaniu zamieszczonej na stronie g\u0142\u00f3wnej biura. \r\n                                <div class=\"mt-3\"><\/div>\r\n                            <\/div>\r\n                            \r\n                            \r\n                        <\/div>\r\n                    <\/div>\r\n                <\/div>[\/vc_column][\/vc_row]<\/p>","protected":false},"excerpt":{"rendered":"<p>[vc_row][vc_column][\/vc_column][\/vc_row] [&#8230;]<\/p>\n<p><a class=\"btn btn-secondary understrap-read-more-link\" href=\"https:\/\/us.edu.pl\/student\/kariera-i-rozwoj\/rozwoj-osobisty\/spotkania-z-pracodawcami\/\">Read More&#8230;<\/a><\/p>\n","protected":false},"author":28,"featured_media":0,"parent":41159,"menu_order":0,"comment_status":"closed","ping_status":"closed","template":"","meta":{"_expiration-date-status":"","_expiration-date":0,"_expiration-date-type":"","_expiration-date-categories":[],"_expiration-date-options":[]},"acf":[],"_links":{"self":[{"href":"https:\/\/us.edu.pl\/student\/wp-json\/wp\/v2\/pages\/41176"}],"collection":[{"href":"https:\/\/us.edu.pl\/student\/wp-json\/wp\/v2\/pages"}],"about":[{"href":"https:\/\/us.edu.pl\/student\/wp-json\/wp\/v2\/types\/page"}],"author":[{"embeddable":true,"href":"https:\/\/us.edu.pl\/student\/wp-json\/wp\/v2\/users\/28"}],"replies":[{"embeddable":true,"href":"https:\/\/us.edu.pl\/student\/wp-json\/wp\/v2\/comments?post=41176"}],"version-history":[{"count":3,"href":"https:\/\/us.edu.pl\/student\/wp-json\/wp\/v2\/pages\/41176\/revisions"}],"predecessor-version":[{"id":45319,"href":"https:\/\/us.edu.pl\/student\/wp-json\/wp\/v2\/pages\/41176\/revisions\/45319"}],"up":[{"embeddable":true,"href":"https:\/\/us.edu.pl\/student\/wp-json\/wp\/v2\/pages\/41159"}],"wp:attachment":[{"href":"https:\/\/us.edu.pl\/student\/wp-json\/wp\/v2\/media?parent=41176"}],"curies":[{"name":"wp","href":"https:\/\/api.w.org\/{rel}","templated":true}]}}