{"id":41178,"date":"2023-09-11T11:42:55","date_gmt":"2023-09-11T09:42:55","guid":{"rendered":"https:\/\/us.edu.pl\/student\/?page_id=41178"},"modified":"2024-08-09T15:36:56","modified_gmt":"2024-08-09T13:36:56","slug":"wolontariat-w-ppop","status":"publish","type":"page","link":"https:\/\/us.edu.pl\/student\/kariera-i-rozwoj\/rozwoj-osobisty\/wolontariat-w-ppop\/","title":{"rendered":"wolontariat w PPOP"},"content":{"rendered":"<p>[vc_row][vc_column]\r\n                <div class=\"text-modules \">\r\n                    <div class=\"container\">\r\n                        <h3 class=\"section-title section-title_border-bottom\">Wolontariat w PPOP<\/h3> \r\n                        <div class=\"row m-0\">\r\n                            <div class=\"text-modules__content\">\r\n                                Biuro Karier wraz z Komend\u0105 Wojew\u00f3dzk\u0105 Policji w Katowicach prowadzi od 2005 roku projekt &#8222;Wolontariat w Punktach Pomocy Osobom Pokrzywdzonym&#8221;. Je\u015bli jeste\u015b studentem (minimum II roku) lub absolwentem prawa, psychologii, pedagogiki, pracy socjalnej, kognitywistyki, nauk o rodzinie lub doradztwa filozoficznego i coachingu oraz chcesz pom\u00f3c osobom pokrzywdzonym przest\u0119pstwem &#8211; nasz projekt jest skierowany do Ciebie!<\/p>\n<h4><strong>Na czym polega &#8222;Wolontariat w Punktach Pomocy Osobom Pokrzywdzonym&#8221;?<\/strong><\/h4>\n<p>Celem wolontariatu w PPOP jest z jednej strony skupienie si\u0119 na potrzebach osoby pokrzywdzonej przest\u0119pstwem, cz\u0119sto pozostawionej samej sobie i ca\u0142kowicie bezradnej, a z drugiej strony &#8211; nabycie do\u015bwiadczenia przez student\u00f3w i absolwent\u00f3w w zakresie pomocy psychologicznej i prawnej. Wolontariat odbywa si\u0119 w Punktach Pomocy Osobom Pokrzywdzonym i w jednostkach samopomocowych &#8211; instytucje te dzia\u0142aj\u0105 w wi\u0119kszo\u015bci miast na terenie wojew\u00f3dztwa \u015bl\u0105skiego.<\/p>\n<p>Je\u015bli chcesz wzi\u0105\u0107 udzia\u0142 w wolontariacie, zapoznaj si\u0119 z jego etapami:<\/p>\n<ul>\n<li>zg\u0142oszenie ch\u0119ci udzia\u0142u w wolontariacie poprzez wype\u0142nienie i dostarczenie <a href=\"https:\/\/us.edu.pl\/student\/wp-content\/uploads\/sites\/3\/dokumenty\/Formularz-dla-wolontariuszy_2022.docx\" class=\"mtli_attachment mtli_docx\" data-mtli=\"mtli_filesize283,25kB\">formularza<\/a>,<\/li>\n<li>obowi\u0105zkowy udzia\u0142 w dw\u00f3ch szkoleniach z zakresu udzielania pomocy psychologicznej i prawnej, prowadzonych przez pracownik\u00f3w Komendy Wojew\u00f3dzkiej Policji w Katowicach i zaproszonych prelegent\u00f3w,<\/li>\n<li>przydzielenie wolontariusza do wybranej jednostki samopomocowej,<\/li>\n<li>odbycie wolontariatu w terminie ustalonym z jednostk\u0105 samopomocow\u0105.<\/li>\n<\/ul>\n<h4><strong>Jakie s\u0105 korzy\u015bci z odbycia wolontariatu?<\/strong><\/h4>\n<p>Poprzez udzia\u0142 w wolontariacie:<\/p>\n<ul>\n<li>nab\u0119dziesz wiedz\u0119 z zakresu pomocy psychologicznej i prawnej osobom pokrzywdzonym przest\u0119pstwem,<\/li>\n<li>zdob\u0119dziesz warto\u015bciowe do\u015bwiadczenie zawodowe i poznasz specyfik\u0119 funkcjonowania i pracy w instytucjach oferuj\u0105cych wsparcie osobom pokrzywdzonym,<\/li>\n<li>poczujesz satysfakcj\u0119 z niesienia pomocy innym ludziom!<\/li>\n<\/ul>\n<h4><strong>Kto mo\u017ce zosta\u0107 wolontariuszem?<\/strong><\/h4>\n<p>Wolontariat jest skierowany przede wszystkim do student\u00f3w (kt\u00f3rzy uko\u0144czyli minimum II roku) i absolwent\u00f3w kierunk\u00f3w: prawo, psychologia, pedagogika, praca socjalna, kognitywistyka, nauki o rodzinie, doradztwo filozoficzne i coaching.<\/p>\n<h4><strong>Kiedy i w jaki spos\u00f3b mo\u017cna zg\u0142osi\u0107 si\u0119 do wolontariatu?<\/strong><\/h4>\n<p>Projekt jest organizowany corocznie. Pierwsze spotkania informacyjne ruszaj\u0105 pod koniec roku kalendarzowego (warto \u015bledzi\u0107 newsy na stronie Biura Karier), szkolenia odbywaj\u0105 si\u0119 w I kwartale roku, a wolontariat mo\u017cesz odby\u0107 w terminie ustalonym wsp\u00f3lnie z jednostk\u0105 samopomocow\u0105.<\/p>\n<h4><strong>KONTAKT<\/strong><\/h4>\n<p>Wszelkie informacje na temat Wolontariatu uzyskasz kontaktuj\u0105c si\u0119 mailowo z Biurem Karier, pisz\u0105c na adres <a href=\"mailto:bk@us.edu.pl\">bk@us.edu.pl<\/a>. \r\n                                <div class=\"mt-3\"><\/div>\r\n                            <\/div>\r\n                            \r\n                            \r\n                        <\/div>\r\n                    <\/div>\r\n                <\/div>[\/vc_column][\/vc_row]<\/p>\n<style type=\"text\/css\">a[data-mtli~=\"mtli_filesize283,25kB\"]:after {content:\" (283,25 kB)\"}<\/style>","protected":false},"excerpt":{"rendered":"<p>[vc_row][vc_column][\/vc_column][\/vc_row] [&#8230;]<\/p>\n<p><a class=\"btn btn-secondary understrap-read-more-link\" href=\"https:\/\/us.edu.pl\/student\/kariera-i-rozwoj\/rozwoj-osobisty\/wolontariat-w-ppop\/\">Read More&#8230;<\/a><\/p>\n","protected":false},"author":28,"featured_media":0,"parent":41159,"menu_order":0,"comment_status":"closed","ping_status":"closed","template":"","meta":{"_expiration-date-status":"","_expiration-date":0,"_expiration-date-type":"","_expiration-date-categories":[],"_expiration-date-options":[]},"acf":[],"_links":{"self":[{"href":"https:\/\/us.edu.pl\/student\/wp-json\/wp\/v2\/pages\/41178"}],"collection":[{"href":"https:\/\/us.edu.pl\/student\/wp-json\/wp\/v2\/pages"}],"about":[{"href":"https:\/\/us.edu.pl\/student\/wp-json\/wp\/v2\/types\/page"}],"author":[{"embeddable":true,"href":"https:\/\/us.edu.pl\/student\/wp-json\/wp\/v2\/users\/28"}],"replies":[{"embeddable":true,"href":"https:\/\/us.edu.pl\/student\/wp-json\/wp\/v2\/comments?post=41178"}],"version-history":[{"count":6,"href":"https:\/\/us.edu.pl\/student\/wp-json\/wp\/v2\/pages\/41178\/revisions"}],"predecessor-version":[{"id":45323,"href":"https:\/\/us.edu.pl\/student\/wp-json\/wp\/v2\/pages\/41178\/revisions\/45323"}],"up":[{"embeddable":true,"href":"https:\/\/us.edu.pl\/student\/wp-json\/wp\/v2\/pages\/41159"}],"wp:attachment":[{"href":"https:\/\/us.edu.pl\/student\/wp-json\/wp\/v2\/media?parent=41178"}],"curies":[{"name":"wp","href":"https:\/\/api.w.org\/{rel}","templated":true}]}}