{"id":41185,"date":"2023-09-11T12:02:52","date_gmt":"2023-09-11T10:02:52","guid":{"rendered":"https:\/\/us.edu.pl\/student\/?page_id=41185"},"modified":"2023-09-11T16:11:47","modified_gmt":"2023-09-11T14:11:47","slug":"e-publikacje","status":"publish","type":"page","link":"https:\/\/us.edu.pl\/student\/e-publikacje\/","title":{"rendered":"e-publikacje"},"content":{"rendered":"<p>[vc_row][vc_column]\r\n                <div class=\"text-modules \">\r\n                    <div class=\"container\">\r\n                        <h3 class=\"section-title section-title_border-bottom\">e-publikacje<\/h3> \r\n                        <div class=\"row m-0\">\r\n                            <div class=\"text-modules__content\">\r\n                                <\/p>\n<h4>Lektura na weekend<\/h4>\n<p>W niniejszej zak\u0142adce znajdziesz tre\u015bci tworzone przez nasze doradczynie zawodowe. Specjalnie dla student\u00f3w i absolwent\u00f3w Uniwersytetu \u015al\u0105skiego tworz\u0105 one teksty omawiaj\u0105ce sytuacj\u0119 na rynku pracy oraz zawieraj\u0105ce porady b\u0105d\u017a cenne informacje pomocne przy wej\u015bciu i poruszaniu si\u0119 po rynku pracy.<\/p>\n<h4><strong>Lista artyku\u0142\u00f3w:<\/strong><\/h4>\n<ul>\n<li><a href=\"http:\/\/bk.us.edu.pl\/sites\/bk.us.edu.pl\/files\/imce\/ph\/news\/lektura_na_weekend_-_wymagane_doswiadczenie_zawodowe.pdf\" class=\"mtli_attachment mtli_pdf\">&#8222;Wymagane: do\u015bwiadczenie zawodowe&#8221; &#8211; Ewelina Skuba\u0142a<\/a><\/li>\n<li><a href=\"http:\/\/bk.us.edu.pl\/sites\/bk.us.edu.pl\/files\/imce\/e-publikacje\/czytelnia\/Metafora%20w%20wyborze%20%C5%9Bcie%C5%BCki%20zawodowej.pdf\" class=\"mtli_attachment mtli_pdf\">&#8222;Metafora w wyborze \u015bcie\u017cki zawodowej&#8221; &#8211; Ma\u0142gorzata Chatys<\/a><\/li>\n<li><a href=\"http:\/\/bk.us.edu.pl\/sites\/bk.us.edu.pl\/files\/imce\/lektura_na_weekend_-_pali_sie_.pdf\" class=\"mtli_attachment mtli_pdf\">&#8222;Pali si\u0119&#8221; &#8211; Ma\u0142gorzata Biylnik<\/a><\/li>\n<li><a href=\"http:\/\/bk.us.edu.pl\/sites\/bk.us.edu.pl\/files\/imce\/ph\/news\/lektura_na_weekend_-_wszystkie_puzzle_na_swoim_miejscu.pdf\" class=\"mtli_attachment mtli_pdf\">&#8222;Wszystkie puzzle na swoim miejscu&#8221; &#8211; Ewelina Skuba\u0142a<\/a><\/li>\n<li><a href=\"http:\/\/bk.us.edu.pl\/sites\/bk.us.edu.pl\/files\/imce\/ph\/news\/przeznaczenie_-_rozpoznaj_zainteresowania_zawodowe.pdf\" class=\"mtli_attachment mtli_pdf\">&#8222;Przeznaczenie? &#8211; rozpoznaj zainteresowania zawodowe&#8221; &#8211; Ewa Cetnar-Tkaczyk<\/a><\/li>\n<li><a href=\"http:\/\/bk.us.edu.pl\/sites\/bk.us.edu.pl\/files\/imce\/ph\/news\/lektura_na_weekend_-_po_co_sie_w_to_angazujesz.pdf\" class=\"mtli_attachment mtli_pdf\">&#8222;Po co si\u0119 w to anga\u017cujesz?&#8221; &#8211; Ma\u0142gorzata Biylnik<\/a><\/li>\n<li><a href=\"http:\/\/bk.us.edu.pl\/sites\/bk.us.edu.pl\/files\/imce\/ph\/news\/lektura_na_weekend_-_rekrutacja_online-wchodze_w_to.pdf\" class=\"mtli_attachment mtli_pdf\">&#8222;Rekrutacja online? Wchodz\u0119 w to!&#8221; &#8211; Ewelina Kaleta<\/a><\/li>\n<li><a href=\"http:\/\/bk.us.edu.pl\/sites\/bk.us.edu.pl\/files\/imce\/ph\/news\/lektura_na_weekend_urzad_pracy_co_oferuje_absolwentom.pdf\" class=\"mtli_attachment mtli_pdf\">&#8222;Urz\u0105d Pracy &#8211; co oferuje absolwentom?&#8221; &#8211; Ewa Cetnar-Tkaczyk<\/a><\/li>\n<li><a href=\"http:\/\/bk.us.edu.pl\/sites\/bk.us.edu.pl\/files\/imce\/ph\/news\/lektura_na_weekend_-_jak_cie_widza_tak_cie_pisza.pdf\" class=\"mtli_attachment mtli_pdf\">&#8222;Jak ci\u0119 widz\u0105, tak ci\u0119 pisz\u0105! O sile personal brandingu&#8221; &#8211; Ewelina Kaleta<\/a><\/li>\n<li><a href=\"http:\/\/bk.us.edu.pl\/sites\/bk.us.edu.pl\/files\/imce\/ph\/news\/lektura_na_weekend_na_wlasny_rachunek.pdf\" class=\"mtli_attachment mtli_pdf\">&#8222;Na w\u0142asny rachunek&#8221; &#8211; Ewa Cetnar-Tkaczyk<\/a><\/li>\n<li><a href=\"http:\/\/bk.us.edu.pl\/sites\/bk.us.edu.pl\/files\/imce\/ph\/news\/lektura_na_weekend_-_lider-na-czasy-kryzysu.pdf\" class=\"mtli_attachment mtli_pdf\">&#8222;Lider na czasy kryzysu&#8221; &#8211; Ma\u0142gorzata Biylnik<\/a><\/li>\n<li><a href=\"http:\/\/bk.us.edu.pl\/sites\/bk.us.edu.pl\/files\/imce\/ph\/news\/lektura_na_weekend_-_kompetencje.pdf\" class=\"mtli_attachment mtli_pdf\">&#8222;Wi\u0119cej ni\u017c dobre ch\u0119ci: kompetencje!&#8221; &#8211; Ewa Cetnar-Tkaczyk<\/a><\/li>\n<li><a href=\"http:\/\/bk.us.edu.pl\/sites\/bk.us.edu.pl\/files\/imce\/ph\/news\/lektura_na_weekend_-_your_work_is_where_your_Wi-Fi_is.pdf\" class=\"mtli_attachment mtli_pdf\">&#8222;Your work is where your Wi-Fi is! Jak efektywnie pracowa\u0107 w domowym zaciszu?&#8221; &#8211; Ewelina Kaleta<\/a><\/li>\n<li><a href=\"http:\/\/bk.us.edu.pl\/sites\/bk.us.edu.pl\/files\/imce\/ph\/news\/lektura_na_weekend_-_obudz_w_sobie_gracza.pdf\" class=\"mtli_attachment mtli_pdf\">&#8222;Obud\u017a w sobie gracza i pokonaj kwarantann\u0119&#8221; &#8211; Ma\u0142gorzata Biylnik<\/a><\/li>\n<\/ul>\n<div class=\"mt-3\"><\/div>\r\n                            <\/div>\r\n                            \r\n                            \r\n                        <\/div>\r\n                    <\/div>\r\n                <\/div>[\/vc_column][\/vc_row][vc_row][vc_column]\r\n                <div class=\"text-modules\">\r\n                    <div class=\"container\">\r\n                        <h3 class=\"page-title text__title\">Raporty z bada\u0144<\/h3>\r\n                        <div class=\"text-modules__content\"><\/div>\r\n                    <\/div>\r\n                <\/div>[vc_tta_accordion shape=&#8221;round&#8221; color=&#8221;white&#8221; c_icon=&#8221;chevron&#8221; active_section=&#8221;1&#8243; collapsible_all=&#8221;true&#8221; css=&#8221;.vc_custom_1694441496780{margin-left: 100px !important;border-left-width: 100px !important;padding-left: 120px !important;}&#8221;][vc_tta_section title=&#8221;Badania los\u00f3w zawodowych absolwent\u00f3w U\u015a&#8221; tab_id=&#8221;1694426429198-07995cee-b6d1&#8243;]\r\n                <div class=\"text-modules \">\r\n                    <div class=\"container\">\r\n                         \r\n                        <div class=\"row m-0\">\r\n                            <div class=\"text-modules__content\">\r\n                                Losy zawodowe absolwent\u00f3w informuj\u0105 o:<\/p>\n<ul>\n<li>sytuacji zawodowej absolwent\u00f3w Uniwersytetu \u015al\u0105skiego,<\/li>\n<li>ich statusie na rynku pracy,<\/li>\n<li>zgodno\u015bci pracy z uko\u0144czonym kierunkiem studi\u00f3w,<\/li>\n<li>ocenie zapotrzebowania na absolwent\u00f3w na rynku pracy,<\/li>\n<li>poziomie zadowolenia ze studi\u00f3w i pracy.<\/li>\n<\/ul>\n<div class=\"mt-3\"><\/div>\r\n                            <\/div>\r\n                            \r\n                            \r\n                        <\/div>\r\n                    <\/div>\r\n                <\/div>[\/vc_tta_section][vc_tta_section title=&#8221;Badanie &#8222;Oczekiwa\u0144 pracodawc\u00f3w wobec absolwent\u00f3w Uniwersytetu \u015al\u0105skiego&#8222;&#8221; tab_id=&#8221;1694426429209-36ff5c6c-7da9&#8243;]\r\n                <div class=\"text-modules \">\r\n                    <div class=\"container\">\r\n                         \r\n                        <div class=\"row m-0\">\r\n                            <div class=\"text-modules__content\">\r\n                                Oczekiwania pracodawc\u00f3w wobec absolwent\u00f3w informuj\u0105 o:<\/p>\n<ul>\n<li>po\u017c\u0105danych kompetencjach przysz\u0142ych pracownik\u00f3w,<\/li>\n<li>znaczeniu r\u00f3\u017cnych cech kandydat\u00f3w w procesie rekrutacji,<\/li>\n<li>metodach rekrutacji absolwent\u00f3w r\u00f3\u017cnych kierunk\u00f3w.<\/li>\n<\/ul>\n<div class=\"mt-3\"><\/div>\r\n                            <\/div>\r\n                            \r\n                            \r\n                        <\/div>\r\n                    <\/div>\r\n                <\/div>[\/vc_tta_section][\/vc_tta_accordion][\/vc_column][\/vc_row]<\/p>","protected":false},"excerpt":{"rendered":"<p>[vc_row][vc_column][\/vc_column][\/vc_row][vc_row][vc_column][vc_tta_accordion shape=&#8221;round&#8221; color=&#8221;white&#8221; c_icon=&#8221;chevron&#8221; active_section=&#8221;1&#8243; collapsible_all=&#8221;true&#8221; css=&#8221;.vc_custom_1694441496780{margin-left: 100px !important;border-left-width: 100px !important;padding-left: 120px !important;}&#8221;][vc_tta_section title=&#8221;Badania los\u00f3w zawodowych absolwent\u00f3w U\u015a&#8221; tab_id=&#8221;1694426429198-07995cee-b6d1&#8243;][\/vc_tta_section][vc_tta_section title=&#8221;Badanie &#8222;Oczekiwa\u0144 pracodawc\u00f3w wobec absolwent\u00f3w Uniwersytetu \u015al\u0105skiego&#8222;&#8221; tab_id=&#8221;1694426429209-36ff5c6c-7da9&#8243;][\/vc_tta_section][\/vc_tta_accordion][\/vc_column][\/vc_row] [&#8230;]<\/p>\n<p><a class=\"btn btn-secondary understrap-read-more-link\" href=\"https:\/\/us.edu.pl\/student\/e-publikacje\/\">Read More&#8230;<\/a><\/p>\n","protected":false},"author":28,"featured_media":0,"parent":0,"menu_order":0,"comment_status":"closed","ping_status":"closed","template":"","meta":{"_expiration-date-status":"","_expiration-date":0,"_expiration-date-type":"","_expiration-date-categories":[],"_expiration-date-options":[]},"acf":[],"_links":{"self":[{"href":"https:\/\/us.edu.pl\/student\/wp-json\/wp\/v2\/pages\/41185"}],"collection":[{"href":"https:\/\/us.edu.pl\/student\/wp-json\/wp\/v2\/pages"}],"about":[{"href":"https:\/\/us.edu.pl\/student\/wp-json\/wp\/v2\/types\/page"}],"author":[{"embeddable":true,"href":"https:\/\/us.edu.pl\/student\/wp-json\/wp\/v2\/users\/28"}],"replies":[{"embeddable":true,"href":"https:\/\/us.edu.pl\/student\/wp-json\/wp\/v2\/comments?post=41185"}],"version-history":[{"count":10,"href":"https:\/\/us.edu.pl\/student\/wp-json\/wp\/v2\/pages\/41185\/revisions"}],"predecessor-version":[{"id":41198,"href":"https:\/\/us.edu.pl\/student\/wp-json\/wp\/v2\/pages\/41185\/revisions\/41198"}],"wp:attachment":[{"href":"https:\/\/us.edu.pl\/student\/wp-json\/wp\/v2\/media?parent=41185"}],"curies":[{"name":"wp","href":"https:\/\/api.w.org\/{rel}","templated":true}]}}