{"id":41403,"date":"2023-09-28T15:21:00","date_gmt":"2023-09-28T13:21:00","guid":{"rendered":"https:\/\/us.edu.pl\/student\/?page_id=41403"},"modified":"2023-09-28T16:38:55","modified_gmt":"2023-09-28T14:38:55","slug":"spotkania-adaptacyjno-informacyjne-dla-studentek-i-studentow-i-roku","status":"publish","type":"page","link":"https:\/\/us.edu.pl\/student\/spotkania-adaptacyjno-informacyjne-dla-studentek-i-studentow-i-roku\/","title":{"rendered":"Spotkania adaptacyjno-informacyjne dla studentek i student\u00f3w I roku"},"content":{"rendered":"<p>[vc_row][vc_column]\r\n                <div class=\"text-modules\">\r\n                    <div class=\"container\">\r\n                        \r\n                        <div class=\"text-modules__content\"><p><img class=\"aligncenter wp-image-41418\" src=\"https:\/\/us.edu.pl\/student\/wp-content\/uploads\/sites\/3\/WDA-zdjecia\/wda2020_1300x300px_pasek-1024x236-1.jpg\" alt=\"Napis: Wpitamy na Uniwersytecie \u015al\u0105skim w Katowicach Dni Adaptacyjne\" width=\"1300\" height=\"300\" srcset=\"https:\/\/us.edu.pl\/student\/wp-content\/uploads\/sites\/3\/WDA-zdjecia\/wda2020_1300x300px_pasek-1024x236-1.jpg 1024w, https:\/\/us.edu.pl\/student\/wp-content\/uploads\/sites\/3\/WDA-zdjecia\/wda2020_1300x300px_pasek-1024x236-1-300x69.jpg 300w, https:\/\/us.edu.pl\/student\/wp-content\/uploads\/sites\/3\/WDA-zdjecia\/wda2020_1300x300px_pasek-1024x236-1-768x177.jpg 768w, https:\/\/us.edu.pl\/student\/wp-content\/uploads\/sites\/3\/WDA-zdjecia\/wda2020_1300x300px_pasek-1024x236-1-575x133.jpg 575w\" sizes=\"(max-width: 1300px) 100vw, 1300px\" \/><\/p>\n<\/div>\r\n                    <\/div>\r\n                <\/div>\r\n                <div class=\"text-modules\">\r\n                    <div class=\"container\">\r\n                        <h3 class=\"page-title text__title\">Spotkania adaptacyjno-informacyjne dla studentek i student\u00f3w I roku<\/h3>\r\n                        <div class=\"text-modules__content\"><p><span style=\"font-size: 12pt;\">W pierwszym tygodniu pa\u017adziernika na wszystkich wydzia\u0142ach U\u015a odb\u0119d\u0105 si\u0119 spotkania adaptacyjno-informacyjne dla studentek i student\u00f3w I roku. B\u0119dzie to okazja, by lepiej odnale\u017a\u0107 si\u0119 w uniwersyteckim \u015brodowisku i otrzyma\u0107 odpowiedzi na najbardziej nurtuj\u0105ce pytania.<\/span><\/p>\n<p><span style=\"font-size: 12pt;\">Spotkania zostan\u0105 poprowadzone zgodnie z prezentacj\u0105 podzielon\u0105 na bloki tematyczne: vademecum studenckie, wsparcie student\u00f3w, informacje o Uniwersytecie \u015al\u0105skim, prezentacja wydzia\u0142u \u2013 w\u0142adze, kierunki, pe\u0142nomocnicy, opiekunowie, Uczelniana Rada Samorz\u0105du Studenckiego (URSS), Wydzia\u0142owa Rada Samorz\u0105du Studenckiego (WRSS) i organizacje studenckie oraz lektoraty i zaj\u0119cia z wychowania fizycznego. W spotkaniach b\u0119d\u0105 czynnie uczestniczy\u0107 przedstawiciele Samorz\u0105du Studenckiego Uniwersytetu \u015al\u0105skiego.<\/span><\/p>\n<\/div>\r\n                    <\/div>\r\n                <\/div>[\/vc_column][\/vc_row][vc_row][vc_column width=&#8221;1\/2&#8243;]\r\n                <div class='sidebar_moduls sidebar_dropdown color-blue' style='background-color: #FFFFFF'>\r\n                    <h3><\/h3>\r\n                  \r\n                        <div id='sidebar_dropdown'>\r\n                          <div class='angle-list'>\r\n                            <div>\r\n                              <h5>\r\n                                <a class='dropdown_header_title' href=''>\r\n                                 Wydzia\u0142 Humanistyczny*\r\n                                <\/a>\r\n                              <\/h5>\r\n                            <\/div>\r\n                        \r\n                            <div>\r\n                              <div class='sidebar__textarea'>\r\n                           \r\n                                 <div>\r\n                                    3.10.23 r. w godzinach 9:00-11:00 - Aula im. Pawlikowskiego - Katowice\r\n                                 <\/div>\r\n                                 \r\n                                 <div>\r\n                                    3.10.23 r. w godzinach 11:20-13:20 - Aula im. Pawlikowskiego - Katowice\n\r\n                                 <\/div>\r\n                                 \r\n                                 <div>\r\n                                    3.10.23 r. w godzinach 13:40-16:00 - Aula im. Pawlikowskiego - Katowice\r\n                                 <\/div>\r\n                                 \r\n                                 <div>\r\n                                    3.10.23 r. w godzinach 9:00-11:00 - aula. im. Prof. I. Opackiego - Katowice\n\n\r\n                                 <\/div>\r\n                                 \r\n                                 <div>\r\n                                    3.10.23 r. w godzinach 11:20 - 13:20 - aula. im. Prof. I. Opackiego - Katowice\r\n                                 <\/div>\r\n                                 \r\n                                 <div>\r\n                                    3.10.23 r. w godzinach 13:40 - 16:00 - aula. im. Prof. I. Opackiego - Katowice\n\r\n                                 <\/div>\r\n                                 \r\n                                 <div>\r\n                                    3.10.23 r. w godzinach 08:00 - 10:30, sala 0.1 - Sosnowiec\r\n                                 <\/div>\r\n                                 \r\n                                 <div>\r\n                                    3.10.23 r. w godzinach 08:00 - 10:30, HOL - Sosnowiec\r\n                                 <\/div>\r\n                                 \r\n                                 <div>\r\n                                    3.10.23 r. - 08:00 - 10:30, Sala Rady Wydzia\u0142u - Sosnowiec\r\n                                 <\/div>\r\n                                 \r\n                                 <div>\r\n                                     3.10.23 r. w godzinach10:45-13:15, sala 0.1 - Sosnowiec\r\n                                 <\/div>\r\n                                 \r\n                                 <div>\r\n                                    3.10.23 r. w godzinach 10:45-13:15, HOL - Sosnowiec\r\n                                 <\/div>\r\n                                 \r\n                                 <div>\r\n                                    3.10.23r. w godzinach 10:45-13:15, Sala Rady Wydzia\u0142u - Sosnowiec\r\n                                 <\/div>\r\n                                 \r\n                                 <div>\r\n                                    * link do rejestracji: https:\/\/formularze.us.edu.pl\/site\/index\/762\n<a href=\"https:\/\/formularze.us.edu.pl\/site\/index\/762\">Zarejestruj si\u0119 na wybran\u0105 godzin\u0119<\/a>\nFormularz dost\u0119pny b\u0119dzie od dn. 29.09.23r. od godziny 10:00\r\n                                 <\/div>\r\n                                  \r\n                              <\/div>\r\n                            <\/div>\r\n                          <\/div><!--.card-->\r\n                        <\/div><!--#dslide_ropdown-->\r\n                  \r\n                        <div id='sidebar_dropdown'>\r\n                          <div class='angle-list'>\r\n                            <div>\r\n                              <h5>\r\n                                <a class='dropdown_header_title' href=''>\r\n                                 Wydzia\u0142 Nauk Przyrodniczych\r\n                                <\/a>\r\n                              <\/h5>\r\n                            <\/div>\r\n                        \r\n                            <div>\r\n                              <div class='sidebar__textarea'>\r\n                           \r\n                                 <div>\r\n                                    2.10.23 r. w godzinach 9:00-11:00, \nAula WNP, \nSosnowiec, ul. B\u0119dzi\u0144ska 60\n\n\r\n                                 <\/div>\r\n                                 \r\n                                 <div>\r\n                                    Szkolenie odb\u0119dzie si\u0119 dla wszystkich kierunk\u00f3w.\r\n                                 <\/div>\r\n                                  \r\n                              <\/div>\r\n                            <\/div>\r\n                          <\/div><!--.card-->\r\n                        <\/div><!--#dslide_ropdown-->\r\n                  \r\n                        <div id='sidebar_dropdown'>\r\n                          <div class='angle-list'>\r\n                            <div>\r\n                              <h5>\r\n                                <a class='dropdown_header_title' href=''>\r\n                                 Wydzia\u0142 Nauk Spo\u0142ecznych\r\n                                <\/a>\r\n                              <\/h5>\r\n                            <\/div>\r\n                        \r\n                            <div>\r\n                              <div class='sidebar__textarea'>\r\n                           \r\n                                 <div>\r\n                                    2.10.23 r. Katowice, ul. Gra\u017cy\u0144skiego 53: s. 208 (aula) godz. 11:45 - 13:30\n\r\n                                 <\/div>\r\n                                 \r\n                                 <div>\r\n                                    dla student\u00f3w kierunk\u00f3w:\nPedagogika, Pedagogika przedszkolna i wczesnoszkolna, Pedagogika specjalna.\r\n                                 <\/div>\r\n                                 \r\n                                 <div>\r\n                                    2.10.23 r. Katowice, ul. Bankowa 11, Nowa aula, \ngodz. 9:45 - 11:30\r\n                                 <\/div>\r\n                                 \r\n                                 <div>\r\n                                    dla student\u00f3w kierunk\u00f3w:\nDziennikarstwo i komunikacja spo\u0142eczna, Socjologia,\nPraca socjalna, Zarz\u0105dzanie zasobami ludzkimi w organizacji.\r\n                                 <\/div>\r\n                                 \r\n                                 <div>\r\n                                    2.10.23 r. Katowice, ul. Bankowa 11, Nowa aula, \ngodz. 11:45 - 13:30\r\n                                 <\/div>\r\n                                 \r\n                                 <div>\r\n                                    dla student\u00f3w kierunk\u00f3w:\nDoradztwo polityczne i publiczne, Bezpiecze\u0144stwo narodowe i mi\u0119dzynarodowe,\nPolitologia, Mi\u0119dzynarodowe studia nauk politycznych i dyplomacji.\r\n                                 <\/div>\r\n                                 \r\n                                 <div>\r\n                                    2.10.23 r. Katowice, ul. Gra\u017cy\u0144skiego 53: s. 208 (aula) \ngodz. 9:45 - 11:30\ndla student\u00f3w kierunk\u00f3w:\nPsychologia, Arteterapia.\r\n                                 <\/div>\r\n                                  \r\n                              <\/div>\r\n                            <\/div>\r\n                          <\/div><!--.card-->\r\n                        <\/div><!--#dslide_ropdown-->\r\n                  \r\n                        <div id='sidebar_dropdown'>\r\n                          <div class='angle-list'>\r\n                            <div>\r\n                              <h5>\r\n                                <a class='dropdown_header_title' href=''>\r\n                                 Wydzia\u0142 Nauk \u015acis\u0142ych i Technicznych\r\n                                <\/a>\r\n                              <\/h5>\r\n                            <\/div>\r\n                        \r\n                            <div>\r\n                              <div class='sidebar__textarea'>\r\n                           \r\n                                 <div>\r\n                                    2.10.23 r. w godzinach  9:00 - 11:00, aula 227, Katowice ul. Bankowa 14\r\n                                 <\/div>\r\n                                 \r\n                                 <div>\r\n                                    dla student\u00f3w kierunk\u00f3w:\nchemia, technologia chemiczna, matematyka\r\n                                 <\/div>\r\n                                 \r\n                                 <div>\r\n                                    2.10.23 r. w godzinach 9:00-11:00, Biblioteka, Chorz\u00f3w 75 Pu\u0142ku Piechoty 1a.\r\n                                 <\/div>\r\n                                 \r\n                                 <div>\r\n                                    dla student\u00f3w kierunk\u00f3w:\nbiofizyka, fizyka medyczna, fizyka, \nin\u017cynieria materia\u0142owa, informatyka stosowana\r\n                                 <\/div>\r\n                                 \r\n                                 <div>\r\n                                    2.10.23 r. w godzinach 11:30-13:30, aula 213, Katowice ul. Bankowa 14.\r\n                                 <\/div>\r\n                                 \r\n                                 <div>\r\n                                    dla student\u00f3w kierunk\u00f3w:\ninformatyka, in\u017cynieria biomedyczna, mechatronika\r\n                                 <\/div>\r\n                                  \r\n                              <\/div>\r\n                            <\/div>\r\n                          <\/div><!--.card-->\r\n                        <\/div><!--#dslide_ropdown-->\r\n                  \r\n                        <div id='sidebar_dropdown'>\r\n                          <div class='angle-list'>\r\n                            <div>\r\n                              <h5>\r\n                                <a class='dropdown_header_title' href=''>\r\n                                 Wydzia\u0142 Prawa i Administracji\r\n                                <\/a>\r\n                              <\/h5>\r\n                            <\/div>\r\n                        \r\n                            <div>\r\n                              <div class='sidebar__textarea'>\r\n                           \r\n                                 <div>\r\n                                    3.10.23 r. w godzinach 8:00 -11:00, Aula nr.8, Katowice, ul. Bankowa 11B\r\n                                 <\/div>\r\n                                  \r\n                              <\/div>\r\n                            <\/div>\r\n                          <\/div><!--.card-->\r\n                        <\/div><!--#dslide_ropdown-->\r\n                \r\n            <\/div> <!--.sidebar_moduls-->\r\n            [\/vc_column][vc_column width=&#8221;1\/2&#8243;]\r\n                <div class='sidebar_moduls sidebar_dropdown color-blue' style='background-color: #FFFFFF'>\r\n                    <h3><\/h3>\r\n                  \r\n                        <div id='sidebar_dropdown'>\r\n                          <div class='angle-list'>\r\n                            <div>\r\n                              <h5>\r\n                                <a class='dropdown_header_title' href=''>\r\n                                 Wydzia\u0142 Sztuki i Nauk o Edukacji\r\n                                <\/a>\r\n                              <\/h5>\r\n                            <\/div>\r\n                        \r\n                            <div>\r\n                              <div class='sidebar__textarea'>\r\n                           \r\n                                 <div>\r\n                                    2.10.23 r. od godziny 10:30 - 13:00 w sali Konferencyjnej\n\n\r\n                                 <\/div>\r\n                                  \r\n                              <\/div>\r\n                            <\/div>\r\n                          <\/div><!--.card-->\r\n                        <\/div><!--#dslide_ropdown-->\r\n                  \r\n                        <div id='sidebar_dropdown'>\r\n                          <div class='angle-list'>\r\n                            <div>\r\n                              <h5>\r\n                                <a class='dropdown_header_title' href=''>\r\n                                 Wydzia\u0142 Teologiczny\r\n                                <\/a>\r\n                              <\/h5>\r\n                            <\/div>\r\n                        \r\n                            <div>\r\n                              <div class='sidebar__textarea'>\r\n                           \r\n                                 <div>\r\n                                    03.10.23r. w godzinach 11:30 - 13:00 - Aula, Katowice ul. Jordana 18\r\n                                 <\/div>\r\n                                 \r\n                                 <div>\r\n                                    dla student\u00f3w kierunk\u00f3w :\nTeologia, Nauki o rodzinie.\n\r\n                                 <\/div>\r\n                                  \r\n                              <\/div>\r\n                            <\/div>\r\n                          <\/div><!--.card-->\r\n                        <\/div><!--#dslide_ropdown-->\r\n                  \r\n                        <div id='sidebar_dropdown'>\r\n                          <div class='angle-list'>\r\n                            <div>\r\n                              <h5>\r\n                                <a class='dropdown_header_title' href=''>\r\n                                 Szko\u0142a Filmowa im. Krzysztofa Kie\u015blowskiego\r\n                                <\/a>\r\n                              <\/h5>\r\n                            <\/div>\r\n                        \r\n                            <div>\r\n                              <div class='sidebar__textarea'>\r\n                           \r\n                                 <div>\r\n                                    02.10.23 r. godz.ina 10:30, sala 2.08 ab, II pi\u0119tro,\nSzko\u0142a Filmowa im. Krzysztofa Kie\u015blowskiego \nul. \u015aw. Paw\u0142a 3, 40-008 Katowice \n\r\n                                 <\/div>\r\n                                 \r\n                                 <div>\r\n                                    Dla wszystkich student\u00f3w I roku Szko\u0142y Filmowej \r\n                                 <\/div>\r\n                                  \r\n                              <\/div>\r\n                            <\/div>\r\n                          <\/div><!--.card-->\r\n                        <\/div><!--#dslide_ropdown-->\r\n                \r\n            <\/div> <!--.sidebar_moduls-->\r\n            [\/vc_column][\/vc_row][vc_row el_class=&#8221;container&#8221;][vc_column el_class=&#8221;container&#8221;][\/vc_column][\/vc_row]<\/p>","protected":false},"excerpt":{"rendered":"<p>[vc_row][vc_column][\/vc_column][\/vc_row][vc_row][vc_column width=&#8221;1\/2&#8243;][\/vc_column][vc_column width=&#8221;1\/2&#8243;][\/vc_column][\/vc_row][vc_row el_class=&#8221;container&#8221;][vc_column el_class=&#8221;container&#8221;][\/vc_column][\/vc_row] [&#8230;]<\/p>\n<p><a class=\"btn btn-secondary understrap-read-more-link\" href=\"https:\/\/us.edu.pl\/student\/spotkania-adaptacyjno-informacyjne-dla-studentek-i-studentow-i-roku\/\">Read More&#8230;<\/a><\/p>\n","protected":false},"author":28,"featured_media":0,"parent":0,"menu_order":0,"comment_status":"closed","ping_status":"closed","template":"page-templates\/inner-page.php","meta":{"_expiration-date-status":"","_expiration-date":0,"_expiration-date-type":"","_expiration-date-categories":[],"_expiration-date-options":[]},"acf":[],"_links":{"self":[{"href":"https:\/\/us.edu.pl\/student\/wp-json\/wp\/v2\/pages\/41403"}],"collection":[{"href":"https:\/\/us.edu.pl\/student\/wp-json\/wp\/v2\/pages"}],"about":[{"href":"https:\/\/us.edu.pl\/student\/wp-json\/wp\/v2\/types\/page"}],"author":[{"embeddable":true,"href":"https:\/\/us.edu.pl\/student\/wp-json\/wp\/v2\/users\/28"}],"replies":[{"embeddable":true,"href":"https:\/\/us.edu.pl\/student\/wp-json\/wp\/v2\/comments?post=41403"}],"version-history":[{"count":10,"href":"https:\/\/us.edu.pl\/student\/wp-json\/wp\/v2\/pages\/41403\/revisions"}],"predecessor-version":[{"id":41436,"href":"https:\/\/us.edu.pl\/student\/wp-json\/wp\/v2\/pages\/41403\/revisions\/41436"}],"wp:attachment":[{"href":"https:\/\/us.edu.pl\/student\/wp-json\/wp\/v2\/media?parent=41403"}],"curies":[{"name":"wp","href":"https:\/\/api.w.org\/{rel}","templated":true}]}}