{"id":42348,"date":"2023-11-24T11:34:23","date_gmt":"2023-11-24T10:34:23","guid":{"rendered":"https:\/\/us.edu.pl\/student\/?page_id=42348"},"modified":"2023-11-24T11:34:23","modified_gmt":"2023-11-24T10:34:23","slug":"obwieszczenia-uskw-wybory-2023","status":"publish","type":"page","link":"https:\/\/us.edu.pl\/student\/dzialalnosc-studencka\/samorzad-studencki\/obwieszczenia-uskw-wybory-2023\/","title":{"rendered":"Obwieszczenia USKW wybory 2023"},"content":{"rendered":"<p>[vc_row][vc_column]\r\n                <div class=\"text-modules \">\r\n                    <div class=\"container\">\r\n                         <h3 class=\"subtitle text-modules__subtitle\">Obwieszczenia USKW wybory 2023<\/h3>\r\n                        <div class=\"row m-0\">\r\n                            <div class=\"text-modules__content\">\r\n                                <a href=\"https:\/\/us.edu.pl\/student\/wp-content\/uploads\/sites\/3\/Obwieszczenia-USKW-wybory-2023\/obwieszczenie-USKW-wyniki-SF.pdf\" class=\"mtli_attachment mtli_pdf\" data-mtli=\"mtli_filesize169,41kB\">Obwieszczenie USKW wyniki Szko\u0142a Filmowa<\/a><br \/>\n<a href=\"https:\/\/us.edu.pl\/student\/wp-content\/uploads\/sites\/3\/Obwieszczenia-USKW-wybory-2023\/obwieszczenie-USKW-wyniki-ISM.pdf\" class=\"mtli_attachment mtli_pdf\" data-mtli=\"mtli_filesize194,79kB\">Obwieszczenie USKW wyniki Kolegium Indywidualnych Studi\u00f3w Mi\u0119dzyobszarowych<\/a><br \/>\n<a href=\"https:\/\/us.edu.pl\/student\/wp-content\/uploads\/sites\/3\/Obwieszczenia-USKW-wybory-2023\/obwieszczenie-USKW-wyniki-WPiA.pdf\" class=\"mtli_attachment mtli_pdf\" data-mtli=\"mtli_filesize203,94kB\">Obwieszczenie USKW wyniki Wydzia\u0142 Prawa i Administracji<\/a><br \/>\n<a href=\"https:\/\/us.edu.pl\/student\/wp-content\/uploads\/sites\/3\/Obwieszczenia-USKW-wybory-2023\/zarza\u0328dzenie-druga-tura-WPiA.pdf\" class=\"mtli_attachment mtli_pdf\" data-mtli=\"mtli_filesize166,47kB\">Zarz\u0105dzenie druga tura Wydzia\u0142 Prawa i Administracji<\/a><br \/>\n<a href=\"https:\/\/us.edu.pl\/student\/wp-content\/uploads\/sites\/3\/Obwieszczenia-USKW-wybory-2023\/obwieszczenie-USKW-wyniki-WNST.pdf\" class=\"mtli_attachment mtli_pdf\" data-mtli=\"mtli_filesize170,59kB\">Obwieszczenie USKW wyniki Wydzia\u0142 Nauk \u015acis\u0142ych i Technicznych<\/a><br \/>\n<a href=\"https:\/\/us.edu.pl\/student\/wp-content\/uploads\/sites\/3\/Obwieszczenia-USKW-wybory-2023\/obwieszczenie-USKW-wyniki-WTL.pdf\" class=\"mtli_attachment mtli_pdf\" data-mtli=\"mtli_filesize167,79kB\">Obwieszczenie USKW wyniki Wydzia\u0142 Teologiczny<\/a><br \/>\n<a href=\"https:\/\/us.edu.pl\/student\/wp-content\/uploads\/sites\/3\/Obwieszczenia-USKW-wybory-2023\/obwieszczenie-USKW-wyniki-WNS.pdf\" class=\"mtli_attachment mtli_pdf\" data-mtli=\"mtli_filesize202,47kB\">Obwieszczenie USKW wyniki Wydzia\u0142 Nauk Spo\u0142ecznych<\/a><br \/>\n<a href=\"https:\/\/us.edu.pl\/student\/wp-content\/uploads\/sites\/3\/Obwieszczenia-USKW-wybory-2023\/obwieszczenie-USKW-wyniki-WH.pdf\" class=\"mtli_attachment mtli_pdf\" data-mtli=\"mtli_filesize234,40kB\">Obwieszczenie USKW wyniki Wydzia\u0142 Humanistyczny<\/a><br \/>\n<a href=\"https:\/\/us.edu.pl\/student\/wp-content\/uploads\/sites\/3\/Obwieszczenia-USKW-wybory-2023\/zarza\u0328dzenie-druga-tura-WH.pdf\" class=\"mtli_attachment mtli_pdf\" data-mtli=\"mtli_filesize167,00kB\">Zarza\u0328dzenie druga tura Wydzia\u0142 Humanistyczny<\/a> \r\n                                <div class=\"mt-3\"><\/div>\r\n                            <\/div>\r\n                            \r\n                            \r\n                        <\/div>\r\n                    <\/div>\r\n                <\/div>[\/vc_column][\/vc_row]<\/p>\n<style type=\"text\/css\">a[data-mtli~=\"mtli_filesize169,41kB\"]:after {content:\" (169,41 kB)\"}a[data-mtli~=\"mtli_filesize194,79kB\"]:after {content:\" (194,79 kB)\"}a[data-mtli~=\"mtli_filesize203,94kB\"]:after {content:\" (203,94 kB)\"}a[data-mtli~=\"mtli_filesize166,47kB\"]:after {content:\" (166,47 kB)\"}a[data-mtli~=\"mtli_filesize170,59kB\"]:after {content:\" (170,59 kB)\"}a[data-mtli~=\"mtli_filesize167,79kB\"]:after {content:\" (167,79 kB)\"}a[data-mtli~=\"mtli_filesize202,47kB\"]:after {content:\" (202,47 kB)\"}a[data-mtli~=\"mtli_filesize234,40kB\"]:after {content:\" (234,40 kB)\"}a[data-mtli~=\"mtli_filesize167,00kB\"]:after {content:\" (167,00 kB)\"}<\/style>","protected":false},"excerpt":{"rendered":"<p>[vc_row][vc_column][\/vc_column][\/vc_row] [&#8230;]<\/p>\n<p><a class=\"btn btn-secondary understrap-read-more-link\" href=\"https:\/\/us.edu.pl\/student\/dzialalnosc-studencka\/samorzad-studencki\/obwieszczenia-uskw-wybory-2023\/\">Read More&#8230;<\/a><\/p>\n","protected":false},"author":28,"featured_media":0,"parent":9574,"menu_order":0,"comment_status":"closed","ping_status":"closed","template":"","meta":{"_expiration-date-status":"","_expiration-date":0,"_expiration-date-type":"","_expiration-date-categories":[],"_expiration-date-options":[]},"acf":[],"_links":{"self":[{"href":"https:\/\/us.edu.pl\/student\/wp-json\/wp\/v2\/pages\/42348"}],"collection":[{"href":"https:\/\/us.edu.pl\/student\/wp-json\/wp\/v2\/pages"}],"about":[{"href":"https:\/\/us.edu.pl\/student\/wp-json\/wp\/v2\/types\/page"}],"author":[{"embeddable":true,"href":"https:\/\/us.edu.pl\/student\/wp-json\/wp\/v2\/users\/28"}],"replies":[{"embeddable":true,"href":"https:\/\/us.edu.pl\/student\/wp-json\/wp\/v2\/comments?post=42348"}],"version-history":[{"count":1,"href":"https:\/\/us.edu.pl\/student\/wp-json\/wp\/v2\/pages\/42348\/revisions"}],"predecessor-version":[{"id":42359,"href":"https:\/\/us.edu.pl\/student\/wp-json\/wp\/v2\/pages\/42348\/revisions\/42359"}],"up":[{"embeddable":true,"href":"https:\/\/us.edu.pl\/student\/wp-json\/wp\/v2\/pages\/9574"}],"wp:attachment":[{"href":"https:\/\/us.edu.pl\/student\/wp-json\/wp\/v2\/media?parent=42348"}],"curies":[{"name":"wp","href":"https:\/\/api.w.org\/{rel}","templated":true}]}}