{"id":42671,"date":"2024-01-09T14:16:13","date_gmt":"2024-01-09T13:16:13","guid":{"rendered":"https:\/\/us.edu.pl\/student\/?page_id=42671"},"modified":"2026-02-06T09:06:53","modified_gmt":"2026-02-06T08:06:53","slug":"raporty-z-badan","status":"publish","type":"page","link":"https:\/\/us.edu.pl\/student\/kariera-i-rozwoj\/raporty-z-badan\/","title":{"rendered":"Raporty z bada\u0144"},"content":{"rendered":"<p>[vc_row][vc_column]\r\n                <div class=\"text-modules \">\r\n                    <div class=\"container\">\r\n                        <h3 class=\"section-title section-title_border-bottom\">Raporty z bada\u0144<\/h3> \r\n                        <div class=\"row m-0\">\r\n                            <div class=\"text-modules__content\">\r\n                                <\/p>\n<h4>Badania \u201eLosy zawodowe absolwent\u00f3w Uniwersytetu \u015al\u0105skiego w Katowicach\u201d<\/h4>\n<p>Losy zawodowe absolwent\u00f3w informuj\u0105 m.in. o:<\/p>\n<ul>\n<li>sytuacji zawodowej absolwent\u00f3w Uniwersytetu \u015al\u0105skiego,<\/li>\n<li>ich statusie na rynku pracy,<\/li>\n<li>zgodno\u015bci pracy z uko\u0144czonym kierunkiem studi\u00f3w,<\/li>\n<li>ocenie zapotrzebowania na absolwent\u00f3w na rynku pracy,<\/li>\n<li>poziomie zadowolenia ze studi\u00f3w i pracy.<\/li>\n<\/ul>\n<div class=\"mt-3\"><\/div>\r\n                            <\/div>\r\n                            \r\n                            \r\n                        <\/div>\r\n                    <\/div>\r\n                <\/div>\r\n                <div class=\"text-modules\">\r\n                    <div class=\"container\">\r\n                        \r\n                        <div class=\"text-modules__content\"><\/p>\n<hr \/>\n<h3 style=\"text-align: center;\">Losy zawodowe absolwent\u00f3w<\/h3>\n<hr \/>\n<ul>\n<li>Lata 2023-2024\n<ul>\n<li><a href=\"https:\/\/us.edu.pl\/student\/wp-content\/uploads\/sites\/3\/Editor\/Biuro-Karier\/Raport-zbiorczy-BLA-2023-2024.pdf\" class=\"mtli_attachment mtli_pdf\" data-mtli=\"mtli_filesize1,78MB\" class=\"mtli_attachment mtli_pdf\" data-mtli=\"mtli_filesize1,78MB\">prezentacja uzyskanych wynik\u00f3w<\/a><\/li>\n<li><a href=\"https:\/\/us.edu.pl\/student\/wp-content\/uploads\/sites\/3\/Editor\/Biuro-Karier\/BLA-2023-2024-prezentacja-wynikow-transkrypcja.docx\" class=\"mtli_attachment mtli_docx\" data-mtli=\"mtli_filesize81,71kB\" class=\"mtli_attachment mtli_docx\" data-mtli=\"mtli_filesize81,71kB\">tekstowa wersja prezentacji wynik\u00f3w<\/a><\/li>\n<\/ul>\n<\/li>\n<li>Lata 2022-2023\n<ul>\n<li><a href=\"https:\/\/us.edu.pl\/student\/wp-content\/uploads\/sites\/3\/Editor\/Biuro-Karier\/Raport-zbiorczy-BLA-2022-2023.pdf\" class=\"mtli_attachment mtli_pdf\" data-mtli=\"mtli_filesize1,82MB\" class=\"mtli_attachment mtli_pdf\" data-mtli=\"mtli_filesize1,82MB\">prezentacja uzyskanych wynik\u00f3w<\/a><\/li>\n<li><a href=\"https:\/\/us.edu.pl\/student\/wp-content\/uploads\/sites\/3\/Editor\/Biuro-Karier\/BLA-2022-2023-prezentacja-wynikow-transkrypcja-1.docx\" class=\"mtli_attachment mtli_docx\" data-mtli=\"mtli_filesize76,11kB\" class=\"mtli_attachment mtli_docx\" data-mtli=\"mtli_filesize76,11kB\">tekstowa wersja prezentacji wynik\u00f3w<\/a><\/li>\n<\/ul>\n<\/li>\n<li>Lata 2021-2022\n<ul>\n<li><a href=\"https:\/\/us.edu.pl\/student\/wp-content\/uploads\/sites\/3\/Bez-kategorii\/BLA-2021-2022-prezentacja-wynikow.pdf\" class=\"mtli_attachment mtli_pdf\" data-mtli=\"mtli_filesize1,86MB\" class=\"mtli_attachment mtli_pdf\" data-mtli=\"mtli_filesize1,86MB\">prezentacja uzyskanych wynik\u00f3w<\/a><\/li>\n<li><a href=\"https:\/\/us.edu.pl\/student\/wp-content\/uploads\/sites\/3\/2024\/10\/BLA-2021-2022-transkrypcja.docx\" class=\"mtli_attachment mtli_docx\" data-mtli=\"mtli_filesize70,08kB\" class=\"mtli_attachment mtli_docx\" data-mtli=\"mtli_filesize70,08kB\">tekstowa wersja prezentacji wynik\u00f3w<\/a><\/li>\n<\/ul>\n<\/li>\n<li>Lata 2020-2021\n<ul>\n<li><a href=\"https:\/\/us.edu.pl\/student\/wp-content\/uploads\/sites\/3\/2024\/10\/BLA-2020-2021-prezentacja-wynikow.pdf\" class=\"mtli_attachment mtli_pdf\" data-mtli=\"mtli_filesize1,85MB\" class=\"mtli_attachment mtli_pdf\" data-mtli=\"mtli_filesize1,85MB\">prezentacja uzyskanych wynik\u00f3w<\/a><\/li>\n<li><a href=\"https:\/\/us.edu.pl\/student\/wp-content\/uploads\/sites\/3\/2024\/10\/BLA-2020-2021-transkrypcja.docx\" class=\"mtli_attachment mtli_docx\" data-mtli=\"mtli_filesize63,29kB\" class=\"mtli_attachment mtli_docx\" data-mtli=\"mtli_filesize63,29kB\">tekstowa wersja prezentacji wynik\u00f3w<\/a><\/li>\n<\/ul>\n<\/li>\n<li>Lata 2019-2020\n<ul>\n<li><a href=\"https:\/\/us.edu.pl\/student\/wp-content\/uploads\/sites\/3\/2024\/10\/BLA-2019-2020-prezentacja-wynikow.pdf\" class=\"mtli_attachment mtli_pdf\" data-mtli=\"mtli_filesize1,86MB\" class=\"mtli_attachment mtli_pdf\" data-mtli=\"mtli_filesize1,86MB\">prezentacja uzyskanych wynik\u00f3w<\/a><\/li>\n<li><a href=\"https:\/\/us.edu.pl\/student\/wp-content\/uploads\/sites\/3\/2024\/10\/BLA-2019-2020-transkrypcja.docx\" class=\"mtli_attachment mtli_docx\" data-mtli=\"mtli_filesize73,47kB\" class=\"mtli_attachment mtli_docx\" data-mtli=\"mtli_filesize73,47kB\">tekstowa wersja prezentacji wynik\u00f3w<\/a><\/li>\n<\/ul>\n<\/li>\n<li>Lata 2018-2019\n<ul>\n<li><a href=\"https:\/\/us.edu.pl\/student\/wp-content\/uploads\/sites\/3\/2024\/10\/BLA-2018-2019-prezentacja-wynikow.pdf\" class=\"mtli_attachment mtli_pdf\" data-mtli=\"mtli_filesize2,27MB\" class=\"mtli_attachment mtli_pdf\" data-mtli=\"mtli_filesize2,27MB\">prezentacja uzyskanych wynik\u00f3w<\/a><\/li>\n<li><a href=\"https:\/\/us.edu.pl\/student\/wp-content\/uploads\/sites\/3\/2024\/10\/BLA-2018-2019-transkrypcja.docx\" class=\"mtli_attachment mtli_docx\" data-mtli=\"mtli_filesize67,15kB\" class=\"mtli_attachment mtli_docx\" data-mtli=\"mtli_filesize67,15kB\">tekstowa wersja prezentacji wynik\u00f3w<\/a><\/li>\n<\/ul>\n<\/li>\n<\/ul>\n<p>\n<style type=\"text\/css\">a[data-mtli~=\"mtli_filesize1,78MB\"]:after {content:\" (1,78 MB)\"}a[data-mtli~=\"mtli_filesize81,71kB\"]:after {content:\" (81,71 kB)\"}a[data-mtli~=\"mtli_filesize1,82MB\"]:after {content:\" (1,82 MB)\"}a[data-mtli~=\"mtli_filesize76,11kB\"]:after {content:\" (76,11 kB)\"}a[data-mtli~=\"mtli_filesize1,86MB\"]:after {content:\" (1,86 MB)\"}a[data-mtli~=\"mtli_filesize70,08kB\"]:after {content:\" (70,08 kB)\"}a[data-mtli~=\"mtli_filesize1,85MB\"]:after {content:\" (1,85 MB)\"}a[data-mtli~=\"mtli_filesize63,29kB\"]:after {content:\" (63,29 kB)\"}a[data-mtli~=\"mtli_filesize73,47kB\"]:after {content:\" (73,47 kB)\"}a[data-mtli~=\"mtli_filesize2,27MB\"]:after {content:\" (2,27 MB)\"}a[data-mtli~=\"mtli_filesize67,15kB\"]:after {content:\" (67,15 kB)\"}<\/style><\/div>\r\n                    <\/div>\r\n                <\/div>\r\n                <div class=\"text-modules \">\r\n                    <div class=\"container\">\r\n                         \r\n                        <div class=\"row m-0\">\r\n                            <div class=\"text-modules__content\">\r\n                                <\/p>\n<h4>Badania \u201eOczekiwania pracodawc\u00f3w wobec absolwent\u00f3w Uniwersytetu \u015al\u0105skiego w Katowicach\u201d<\/h4>\n<p>Oczekiwania pracodawc\u00f3w wobec absolwent\u00f3w informuj\u0105 o:<\/p>\n<ul>\n<li>po\u017c\u0105danych kompetencjach przysz\u0142ych pracownik\u00f3w,<\/li>\n<li>znaczeniu r\u00f3\u017cnych cech kandydat\u00f3w w procesie rekrutacji,<\/li>\n<li>metodach rekrutacji absolwent\u00f3w r\u00f3\u017cnych kierunk\u00f3w.<\/li>\n<\/ul>\n<div class=\"mt-3\"><\/div>\r\n                            <\/div>\r\n                            \r\n                            \r\n                        <\/div>\r\n                    <\/div>\r\n                <\/div>\r\n                <div class=\"text-modules\">\r\n                    <div class=\"container\">\r\n                        \r\n                        <div class=\"text-modules__content\"><\/p>\n<hr \/>\n<h3 style=\"text-align: center;\">Oczekiwania pracodawc\u00f3w<\/h3>\n<hr \/>\n<ul>\n<li>Rok 2024\n<ul>\n<li><a href=\"https:\/\/us.edu.pl\/student\/wp-content\/uploads\/sites\/3\/Editor\/Biuro-Karier\/BOP-raport-2024.pdf\" class=\"mtli_attachment mtli_pdf\" data-mtli=\"mtli_filesize1,05MB\" class=\"mtli_attachment mtli_pdf\" data-mtli=\"mtli_filesize1,05MB\">prezentacja uzyskanych wynik\u00f3w<\/a><\/li>\n<li><a href=\"https:\/\/us.edu.pl\/student\/wp-content\/uploads\/sites\/3\/Editor\/Biuro-Karier\/BOP-raport-2024-wersja-tekstowa.docx\" class=\"mtli_attachment mtli_docx\" data-mtli=\"mtli_filesize78,78kB\" class=\"mtli_attachment mtli_docx\" data-mtli=\"mtli_filesize78,78kB\">tekstowa wersja prezentacji wynik\u00f3w<\/a><\/li>\n<\/ul>\n<\/li>\n<li>Lata 2021-2022\n<ul>\n<li><a href=\"https:\/\/us.edu.pl\/student\/wp-content\/uploads\/sites\/3\/Bez-kategorii\/Raport-BOP-2021-2022.pdf\" class=\"mtli_attachment mtli_pdf\" data-mtli=\"mtli_filesize999,37kB\" class=\"mtli_attachment mtli_pdf\" data-mtli=\"mtli_filesize999,37kB\">prezentacja uzyskanych wynik\u00f3w<\/a><\/li>\n<li><a href=\"https:\/\/us.edu.pl\/student\/wp-content\/uploads\/sites\/3\/2024\/10\/Raport-BOP-2021-2022-transkrypcja.docx\" class=\"mtli_attachment mtli_docx\" data-mtli=\"mtli_filesize49,83kB\" class=\"mtli_attachment mtli_docx\" data-mtli=\"mtli_filesize49,83kB\">tekstowa wersja prezentacji wynik\u00f3w<\/a><\/li>\n<\/ul>\n<\/li>\n<li>Rok 2020\n<ul>\n<li><a href=\"https:\/\/us.edu.pl\/student\/wp-content\/uploads\/sites\/3\/2024\/10\/Raport-BOP-2020.pdf\" class=\"mtli_attachment mtli_pdf\" data-mtli=\"mtli_filesize729,76kB\" class=\"mtli_attachment mtli_pdf\" data-mtli=\"mtli_filesize729,76kB\">prezentacja uzyskanych wynik\u00f3w<\/a><\/li>\n<li><a href=\"https:\/\/us.edu.pl\/student\/wp-content\/uploads\/sites\/3\/Bez-kategorii\/Raport-BOP-2020-transkrypcja.docx\" class=\"mtli_attachment mtli_docx\" data-mtli=\"mtli_filesize51,37kB\" class=\"mtli_attachment mtli_docx\" data-mtli=\"mtli_filesize51,37kB\">tekstowa wersja prezentacji wynik\u00f3w<\/a><\/li>\n<\/ul>\n<\/li>\n<\/ul>\n<p>\n<style type=\"text\/css\">a[data-mtli~=\"mtli_filesize1,05MB\"]:after {content:\" (1,05 MB)\"}a[data-mtli~=\"mtli_filesize78,78kB\"]:after {content:\" (78,78 kB)\"}a[data-mtli~=\"mtli_filesize999,37kB\"]:after {content:\" (999,37 kB)\"}a[data-mtli~=\"mtli_filesize49,83kB\"]:after {content:\" (49,83 kB)\"}a[data-mtli~=\"mtli_filesize729,76kB\"]:after {content:\" (729,76 kB)\"}a[data-mtli~=\"mtli_filesize51,37kB\"]:after {content:\" (51,37 kB)\"}<\/style><\/div>\r\n                    <\/div>\r\n                <\/div>[vc_row_inner][vc_column_inner][vc_empty_space height=&#8221;128px&#8221; el_class=&#8221;container&#8221;]\r\n                <div class=\"text-modules\">\r\n                    <div class=\"container\">\r\n                        <h3 class=\"page-title text__title\">Biuro Karier Uniwersytetu \u015al\u0105skiego<\/h3>\r\n                        <div class=\"text-modules__content\"><p>Biuro Karier dzia\u0142a z my\u015bl\u0105 o studentach i absolwentach Uniwersytetu \u015al\u0105skiego w Katowicach na rynku pracy. Naszym celem jest szeroko poj\u0119te wspieranie rozwoju ich kariery zawodowej. Pracodawcom oferujemy natomiast mo\u017cliwo\u015b\u0107 zaistnienia w \u015bwiadomo\u015bci student\u00f3w i absolwent\u00f3w, a tak\u017ce pomoc w poszukiwaniu wykwalifikowanej kadry.<\/p>\n<\/div>\r\n                    <\/div>\r\n                <\/div>[\/vc_column_inner][\/vc_row_inner][vc_row_inner equal_height=&#8221;yes&#8221; rtl_reverse=&#8221;yes&#8221;][vc_column_inner width=&#8221;1\/2&#8243;]\r\n                <div class=\"text-modules\">\r\n                    <div class=\"container\">\r\n                        \r\n                        <div class=\"text-modules__content\"><\/p>\n<p style=\"text-align: right;\">godziny otwarcia: poniedzia\u0142ek-pi\u0105tek, 7:30 \u2013 15:30<br \/>\ne-mail: <a href=\"mailto:bk@us.edu.pl\">bk@us.edu.pl<\/a><br \/>\ntel. 32\u00a0359 20 32, 32\u00a0359 19 82, 32\u00a0359 19 77<\/p>\n<p>\n<\/div>\r\n                    <\/div>\r\n                <\/div>[\/vc_column_inner][vc_column_inner width=&#8221;1\/2&#8243;]\r\n                <div class=\"text-modules\">\r\n                    <div class=\"container\">\r\n                        \r\n                        <div class=\"text-modules__content\"><\/p>\n<p>budynek spinPLACE<br \/>\nul. Bankowa 5, 40-007 Katowice<br \/>\npokoje A 3.1 \u2013 A 3.5 (III pi\u0119tro)<\/p>\n<\/div>\r\n                    <\/div>\r\n                <\/div>[\/vc_column_inner][\/vc_row_inner][\/vc_column][\/vc_row][vc_row][vc_column][\/vc_column][\/vc_row][vc_row][vc_column][\/vc_column][\/vc_row]<\/p>\n<style type=\"text\/css\">a[data-mtli~=\"mtli_filesize1,78MB\"]:after {content:\" (1,78 MB)\"}a[data-mtli~=\"mtli_filesize81,71kB\"]:after {content:\" (81,71 kB)\"}a[data-mtli~=\"mtli_filesize1,82MB\"]:after {content:\" (1,82 MB)\"}a[data-mtli~=\"mtli_filesize76,11kB\"]:after {content:\" (76,11 kB)\"}a[data-mtli~=\"mtli_filesize1,86MB\"]:after {content:\" (1,86 MB)\"}a[data-mtli~=\"mtli_filesize70,08kB\"]:after {content:\" (70,08 kB)\"}a[data-mtli~=\"mtli_filesize1,85MB\"]:after {content:\" (1,85 MB)\"}a[data-mtli~=\"mtli_filesize63,29kB\"]:after {content:\" (63,29 kB)\"}a[data-mtli~=\"mtli_filesize73,47kB\"]:after {content:\" (73,47 kB)\"}a[data-mtli~=\"mtli_filesize2,27MB\"]:after {content:\" (2,27 MB)\"}a[data-mtli~=\"mtli_filesize67,15kB\"]:after {content:\" (67,15 kB)\"}a[data-mtli~=\"mtli_filesize1,05MB\"]:after {content:\" (1,05 MB)\"}a[data-mtli~=\"mtli_filesize78,78kB\"]:after {content:\" (78,78 kB)\"}a[data-mtli~=\"mtli_filesize999,37kB\"]:after {content:\" (999,37 kB)\"}a[data-mtli~=\"mtli_filesize49,83kB\"]:after {content:\" (49,83 kB)\"}a[data-mtli~=\"mtli_filesize729,76kB\"]:after {content:\" (729,76 kB)\"}a[data-mtli~=\"mtli_filesize51,37kB\"]:after {content:\" (51,37 kB)\"}<\/style>","protected":false},"excerpt":{"rendered":"<p>[vc_row][vc_column][vc_row_inner][vc_column_inner][vc_empty_space height=&#8221;128px&#8221; el_class=&#8221;container&#8221;][\/vc_column_inner][\/vc_row_inner][vc_row_inner equal_height=&#8221;yes&#8221; rtl_reverse=&#8221;yes&#8221;][vc_column_inner width=&#8221;1\/2&#8243;][\/vc_column_inner][vc_column_inner width=&#8221;1\/2&#8243;][\/vc_column_inner][\/vc_row_inner][\/vc_column][\/vc_row][vc_row][vc_column][\/vc_column][\/vc_row][vc_row][vc_column][\/vc_column][\/vc_row] [&#8230;]<\/p>\n<p><a class=\"btn btn-secondary understrap-read-more-link\" href=\"https:\/\/us.edu.pl\/student\/kariera-i-rozwoj\/raporty-z-badan\/\">Read More&#8230;<\/a><\/p>\n","protected":false},"author":28,"featured_media":0,"parent":21793,"menu_order":0,"comment_status":"closed","ping_status":"closed","template":"","meta":{"_expiration-date-status":"","_expiration-date":0,"_expiration-date-type":"","_expiration-date-categories":[],"_expiration-date-options":[]},"acf":[],"_links":{"self":[{"href":"https:\/\/us.edu.pl\/student\/wp-json\/wp\/v2\/pages\/42671"}],"collection":[{"href":"https:\/\/us.edu.pl\/student\/wp-json\/wp\/v2\/pages"}],"about":[{"href":"https:\/\/us.edu.pl\/student\/wp-json\/wp\/v2\/types\/page"}],"author":[{"embeddable":true,"href":"https:\/\/us.edu.pl\/student\/wp-json\/wp\/v2\/users\/28"}],"replies":[{"embeddable":true,"href":"https:\/\/us.edu.pl\/student\/wp-json\/wp\/v2\/comments?post=42671"}],"version-history":[{"count":11,"href":"https:\/\/us.edu.pl\/student\/wp-json\/wp\/v2\/pages\/42671\/revisions"}],"predecessor-version":[{"id":60650,"href":"https:\/\/us.edu.pl\/student\/wp-json\/wp\/v2\/pages\/42671\/revisions\/60650"}],"up":[{"embeddable":true,"href":"https:\/\/us.edu.pl\/student\/wp-json\/wp\/v2\/pages\/21793"}],"wp:attachment":[{"href":"https:\/\/us.edu.pl\/student\/wp-json\/wp\/v2\/media?parent=42671"}],"curies":[{"name":"wp","href":"https:\/\/api.w.org\/{rel}","templated":true}]}}