{"id":42685,"date":"2024-01-09T14:39:52","date_gmt":"2024-01-09T13:39:52","guid":{"rendered":"https:\/\/us.edu.pl\/student\/?page_id=42685"},"modified":"2024-08-09T13:50:32","modified_gmt":"2024-08-09T11:50:32","slug":"realizowane-projekty","status":"publish","type":"page","link":"https:\/\/us.edu.pl\/student\/kariera-i-rozwoj\/projekty\/realizowane-projekty\/","title":{"rendered":"realizowane projekty"},"content":{"rendered":"<p>[vc_row][vc_column]\r\n                <div class=\"text-modules\">\r\n                    <div class=\"container\">\r\n                        \r\n                        <div class=\"text-modules__content\"><\/p>\n<h3>Realizowane projekty<\/h3>\n<ul>\n<li><strong>&#8222;<\/strong><strong>jU\u015at transition \u2013 Potencja\u0142 Uniwersytetu \u015al\u0105skiego podstaw\u0105 Sprawiedliwej Transformacji regionu&#8221; <\/strong>to projekt realizowany w ramach Programu Fundusze Europejskie dla \u015al\u0105skiego 2021-2027 wsp\u00f3\u0142finansowanego ze \u015brodk\u00f3w Funduszu na rzecz Sprawiedliwej Transformacji. Celem projektu jest wzmocnienie potencja\u0142u Uniwersytetu \u015al\u0105skiego w Katowicach na rzecz efektywnego wsparcia sprawiedliwej transformacji oraz przysz\u0142ych kadr regionu, co zostanie osi\u0105gni\u0119te dzi\u0119ki wdro\u017ceniu dzia\u0142a\u0144 wp\u0142ywaj\u0105cych na rozw\u00f3j instytucjonalny uczelni oraz poprzez udzielenie wsparcia indywidualnego osobom stanowi\u0105cym spo\u0142eczno\u015b\u0107 akademick\u0105. Rozw\u00f3j instytucjonalny obejmuje wzmocnienie potencja\u0142u kadrowego oraz infrastrukturalnego Biura Karier, Szk\u00f3\u0142 Doktorskich oraz Wydzia\u0142\u00f3w U\u015a powi\u0105zanych z procesem zmian z kierunkami zielonej i cyfrowej gospodarki. Wsparcie indywidualne udzielane jest studentom\/-tkom, nauczycielom\/-lkom akademickim, doktorantom\/-tkom oraz przedstawicielom\/-lkom otoczenia spo\u0142eczno-gospodarczego.<\/li>\n<li><strong>&#8222;RESTLESS (EmpoweRing univErsity Students Through heaLth EntrepreneurShip TrainingS)&#8221; &#8211;\u00a0 <\/strong>projekt ma na celu inspirowanie, szkolenie i wzmacnianie pozycji rynkowej student\u00f3w poprzez kszta\u0142cenie i doskonalenie umiej\u0119tno\u015bci i wiedzy w zakresie przedsi\u0119biorczo\u015bci, kompetencji cyfrowych i zielonych (ekologicznych). W ramach projektu RESTLESS uczelnie wy\u017csze i M\u015aP z Polski, Niemiec, Portugalii, Grecji i Cypru opracuj\u0105 program szkoleniowy rozwijaj\u0105cy umiej\u0119tno\u015bci i wiedz\u0119 w zakresie przedsi\u0119biorczo\u015bci, technologii cyfrowych i ekologii oraz zwi\u0119kszaj\u0105cy \u015bwiadomo\u015b\u0107 uczestnik\u00f3w w kluczowych obszarach zwi\u0105zanych ze zdrowiem. Studenci i absolwenci uczelni, specjalizuj\u0105cy si\u0119 w medycynie, naukach przyrodniczych, biznesie, in\u017cynierii i ICT, b\u0119d\u0105 mieli okazj\u0119 do\u0142\u0105czy\u0107 do programu Health Entrepreneurship Bootcamps i zaprezentowa\u0107 swoje pomys\u0142y podczas konferencji ko\u0144cowej. Instytucja koordynuj\u0105ca: Polska \u2013\u00a0<a href=\"https:\/\/us.edu.pl\/pl\/\">Uniwersytet \u015al\u0105ski w Katowicach<\/a>. Partnerzy projektu: Cypr:\u00a0<a href=\"https:\/\/www.grantxpert.eu\/\">GrantXpert Consulting<\/a>,\u00a0Grecja:\u00a0<a href=\"https:\/\/joistpark.eu\/en\/\">JOIST Innovation Park<\/a>,\u00a0Niemcy:\u00a0<a href=\"https:\/\/ibi.med.upenn.edu\/\">Institute for Biomedical Informatics,<\/a>\u00a0Portugalia:\u00a0<a href=\"https:\/\/www.ubi.pt\/en\/\">University of Beira Interior<\/a>.<\/li>\n<\/ul>\n<p>\n<\/div>\r\n                    <\/div>\r\n                <\/div>\r\n                <div class=\"text-modules\">\r\n                    <div class=\"container\">\r\n                        \r\n                        <div class=\"text-modules__content\"><\/p>\n<h3>Realizowane wydarzenia<\/h3>\n<ul>\n<li><strong>\u201eAkademia Rozwoju Kariery\u201d<\/strong> \u2013 celem Akademii jest szkolenie si\u0119 przez student\u00f3w i absolwent\u00f3w Uniwersytetu \u015al\u0105skiego w najbardziej po\u017c\u0105danych przez pracodawc\u00f3w obszarach, takich jak: komunikatywno\u015b\u0107, umiej\u0119tno\u015b\u0107 pracy w grupie, przedsi\u0119biorczo\u015b\u0107. Akademia odbywa si\u0119 corocznie od czerwca do wrze\u015bnia. Wi\u0119cej informacji na\u00a0<a href=\"https:\/\/us.edu.pl\/student\/kariera-i-rozwoj\/rozwoj-osobisty\/akademia-rozwoju-kariery\/\">stronie Biura.<\/a><\/li>\n<li><strong>\u201eWolontariat w Punktach Pomocy Osobom Pokrzywdzonym\u201d<\/strong> \u2013 celem wolontariatu jest uzyskanie do\u015bwiadczenia zawodowego przez student\u00f3w i absolwent\u00f3w prawa, psychologii, pedagogiki, pracy socjalnej i socjologii. Nab\u00f3r do wolontariatu odbywa si\u0119 corocznie w grudniu\/styczniu. Wi\u0119cej informacji na\u00a0<a href=\"https:\/\/us.edu.pl\/student\/kariera-i-rozwoj\/rozwoj-osobisty\/wolontariat-w-ppop\/\">stronie Biura.<\/a><\/li>\n<li><strong>Mobilne Targi Kariery \u2013 \u201eSzybki Szpil, Gibka Gra\u201d<\/strong> \u2013 celem targ\u00f3w s\u0105 spotkania student\u00f3w i absolwent\u00f3w Uniwersytetu \u015al\u0105skiego z przedstawicielami czo\u0142owych pracodawc\u00f3w w wojew\u00f3dztwie \u015bl\u0105skim.<\/li>\n<\/ul>\n<p>\n<\/div>\r\n                    <\/div>\r\n                <\/div>[\/vc_column][\/vc_row]<\/p>","protected":false},"excerpt":{"rendered":"<p>[vc_row][vc_column][\/vc_column][\/vc_row] [&#8230;]<\/p>\n<p><a class=\"btn btn-secondary understrap-read-more-link\" href=\"https:\/\/us.edu.pl\/student\/kariera-i-rozwoj\/projekty\/realizowane-projekty\/\">Read More&#8230;<\/a><\/p>\n","protected":false},"author":28,"featured_media":0,"parent":42683,"menu_order":0,"comment_status":"closed","ping_status":"closed","template":"","meta":{"_expiration-date-status":"","_expiration-date":0,"_expiration-date-type":"","_expiration-date-categories":[],"_expiration-date-options":[]},"acf":[],"_links":{"self":[{"href":"https:\/\/us.edu.pl\/student\/wp-json\/wp\/v2\/pages\/42685"}],"collection":[{"href":"https:\/\/us.edu.pl\/student\/wp-json\/wp\/v2\/pages"}],"about":[{"href":"https:\/\/us.edu.pl\/student\/wp-json\/wp\/v2\/types\/page"}],"author":[{"embeddable":true,"href":"https:\/\/us.edu.pl\/student\/wp-json\/wp\/v2\/users\/28"}],"replies":[{"embeddable":true,"href":"https:\/\/us.edu.pl\/student\/wp-json\/wp\/v2\/comments?post=42685"}],"version-history":[{"count":10,"href":"https:\/\/us.edu.pl\/student\/wp-json\/wp\/v2\/pages\/42685\/revisions"}],"predecessor-version":[{"id":45283,"href":"https:\/\/us.edu.pl\/student\/wp-json\/wp\/v2\/pages\/42685\/revisions\/45283"}],"up":[{"embeddable":true,"href":"https:\/\/us.edu.pl\/student\/wp-json\/wp\/v2\/pages\/42683"}],"wp:attachment":[{"href":"https:\/\/us.edu.pl\/student\/wp-json\/wp\/v2\/media?parent=42685"}],"curies":[{"name":"wp","href":"https:\/\/api.w.org\/{rel}","templated":true}]}}