{"id":43937,"date":"2024-04-10T13:44:58","date_gmt":"2024-04-10T11:44:58","guid":{"rendered":"https:\/\/us.edu.pl\/student\/?page_id=43937"},"modified":"2024-07-02T09:09:59","modified_gmt":"2024-07-02T07:09:59","slug":"newsletter-biura-karier","status":"publish","type":"page","link":"https:\/\/us.edu.pl\/student\/kariera-i-rozwoj\/newsletter-biura-karier\/","title":{"rendered":"Newsletter Biura Karier"},"content":{"rendered":"<p>[vc_row][vc_column width=&#8221;1\/6&#8243;][\/vc_column][vc_column width=&#8221;2\/3&#8243;]\r\n                <div class=\"text-modules\">\r\n                    <div class=\"container\">\r\n                        \r\n                        <div class=\"text-modules__content\"><\/p>\n<p class=\"rtejustify\">Zapominasz o ciekawych konferencjach? Masz wra\u017cenie, \u017ce na wszystkie interesuj\u0105ce szkolenia min\u0119\u0142y ju\u017c zapisy lub \u2013 co gorsza \u2013 \u017ce\u00a0na rynku nie ma \u017cadnych interesuj\u0105cych Ci\u0119 warsztat\u00f3w?\u00a0Szukasz mo\u017cliwo\u015bci podniesienia\u00a0swojej warto\u015bci w oczach pracodawc\u00f3w?<\/p>\n<p class=\"rtecenter\">B\u0105d\u017a szybsza\/y od innych! B\u0105d\u017a na bie\u017c\u0105co z informacjami!<br \/>\n<strong>Zapisz si\u0119 do newslettera Biura Karier U\u015a.<\/strong><\/p>\n<p>\n<\/div>\r\n                    <\/div>\r\n                <\/div>[\/vc_column][vc_column width=&#8221;1\/6&#8243;][\/vc_column][\/vc_row][vc_row el_class=&#8221;container&#8221;][vc_column width=&#8221;1\/6&#8243;][\/vc_column][vc_column width=&#8221;2\/3&#8243;][vc_raw_html]JTNDc3BhbiUyMHN0eWxlJTNEJTIyZm9udC1mYW1pbHklM0ElMjB2ZXJkYW5hJTJDJTIwZ2VuZXZhJTJDJTIwc2Fucy1zZXJpZiUzQiUyMGZvbnQtc2l6ZSUzQSUyMDExcHQlM0IlMjIlM0UlMEElM0Nmb3JtJTIwbWV0aG9kJTNEJTIycG9zdCUyMiUyMGFjdGlvbiUzRCUyMmh0dHAlM0ElMkYlMkZzLmVuZXdzbGV0dGVyLnBsJTJGYWNxJTJGNjA2JTJGJTIyJTNFJTBBJTIwJTIwJTIwJTIwJTNDZGl2JTIwc3R5bGUlM0QlMjJkaXNwbGF5JTNBJTIwbm9uZSUzQiUyMiUzRSUwQSUyMCUyMCUyMCUyMCUyMCUyMCUyMCUyMCUzQ2lucHV0JTIwdHlwZSUzRCUyMmhpZGRlbiUyMiUyMG5hbWUlM0QlMjJzX3VpZCUyMiUyMHZhbHVlJTNEJTIyNjA2JTIyJTNFJTBBJTIwJTIwJTIwJTIwJTIwJTIwJTIwJTIwJTNDaW5wdXQlMjB0eXBlJTNEJTIyaGlkZGVuJTIyJTIwbmFtZSUzRCUyMnNfa2V5JTIyJTIwdmFsdWUlM0QlMjIlMkEwRjBGNkM1RUM0RjEzRjg0QkFBNTVDMERBOThGNjBCMjJCODg1QzY5JTIyJTNFJTBBJTIwJTIwJTIwJTIwJTIwJTIwJTIwJTIwJTNDaW5wdXQlMjB0eXBlJTNEJTIyaGlkZGVuJTIyJTIwbmFtZSUzRCUyMnNfaW50ZXJmYWNlJTIyJTIwdmFsdWUlM0QlMjIxJTIyJTNFJTBBJTIwJTIwJTIwJTIwJTIwJTIwJTIwJTIwJTNDaW5wdXQlMjB0eXBlJTNEJTIyaGlkZGVuJTIyJTIwbmFtZSUzRCUyMnNfdHlwZSUyMiUyMHZhbHVlJTNEJTIySFRNTCUyMiUzRSUwQSUyMCUyMCUyMCUyMCUyMCUyMCUyMCUyMCUzQ2lucHV0JTIwdHlwZSUzRCUyMmhpZGRlbiUyMiUyMG5hbWUlM0QlMjJzX2VuY29kZWQlMjIlMjB2YWx1ZSUzRCUyMklTTy04ODU5LTIlMjIlM0UlMEElMjAlMjAlMjAlMjAlMjAlMjAlMjAlMjAlM0NpbnB1dCUyMHR5cGUlM0QlMjJoaWRkZW4lMjIlMjBuYW1lJTNEJTIyc19ncm91cF8zJTIyJTIwdmFsdWUlM0QlMjIxJTIyJTNFJTBBJTIwJTIwJTIwJTIwJTNDJTJGZGl2JTNFJTBBJTIwJTIwJTIwJTIwJTNDZGl2JTNFJTBBJTIwJTIwJTIwJTIwJTIwJTIwJTIwJTIwJTNDZGl2JTNFJTBBJTIwJTIwJTIwJTIwJTIwJTIwJTIwJTIwJTIwJTIwJTIwJTIwJTNDZGl2JTNFJTBBJTIwJTIwJTIwJTIwJTIwJTIwJTIwJTIwJTIwJTIwJTIwJTIwJTIwJTIwJTIwJTIwJTNDc3BhbiUzRSUwQVdwaXN6JTIwc3clQzMlQjNqJTIwYWRyZXMlMjBlLW1haWwlMkMlMjBhYnklMjBvdHJ6eW15d2ElQzQlODclMjBuYXN6JTIwbmV3c2xldHRlciUwQSUzQyUyRnNwYW4lM0UlMEElMjAlMjAlMjAlMjAlMjAlMjAlMjAlMjAlMjAlMjAlMjAlMjAlM0MlMkZkaXYlM0UlMEElMjAlMjAlMjAlMjAlMjAlMjAlMjAlMjAlM0MlMkZkaXYlM0UlMEElMjAlMjAlMjAlMjAlMjAlMjAlMjAlMjAlM0NkaXYlM0UlMEElMjAlMjAlMjAlMjAlMjAlMjAlMjAlMjAlMjAlMjAlMjAlMjAlM0NkaXYlM0UlMEElMjAlMjAlMjAlMjAlMjAlMjAlMjAlMjAlMjAlMjAlMjAlMjAlMjAlMjAlMjAlMjAlM0NsYWJlbCUyMGZvciUzRCUyMlNBUkVmb3Jtc19lbWFpbCUyMiUzRSUwQUFkcmVzJTIwZS1tYWlsJTBBJTNDJTJGbGFiZWwlM0UlMEElMjAlMjAlMjAlMjAlMjAlMjAlMjAlMjAlMjAlMjAlMjAlMjAlM0MlMkZkaXYlM0UlMEElMjAlMjAlMjAlMjAlMjAlMjAlMjAlMjAlMjAlMjAlMjAlMjAlM0NkaXYlM0UlMEElMjAlMjAlMjAlMjAlMjAlMjAlMjAlMjAlMjAlMjAlMjAlMjAlMjAlMjAlMjAlMjAlM0NpbnB1dCUyMGlkJTNEJTIyU0FSRWZvcm1zX2VtYWlsJTIyJTIwdHlwZSUzRCUyMmVtYWlsJTIyJTIwbmFtZSUzRCUyMnNfZW1haWwlMjIlMjBwbGFjZWhvbGRlciUzRCUyMiUyMiUyMHZhbHVlJTNEJTIyJTIyJTIwcmVxdWlyZWQlM0QlMjJyZXF1aXJlZCUyMiUzRSUwQSUyMCUyMCUyMCUyMCUyMCUyMCUyMCUyMCUyMCUyMCUyMCUyMCUzQyUyRmRpdiUzRSUwQSUyMCUyMCUyMCUyMCUyMCUyMCUyMCUyMCUzQyUyRmRpdiUzRSUwQSUyMCUyMCUyMCUyMCUyMCUyMCUyMCUyMCUzQ2RpdiUzRSUwQSUyMCUyMCUyMCUyMCUyMCUyMCUyMCUyMCUyMCUyMCUyMCUyMCUzQ2RpdiUzRSUwQSUyMCUyMCUyMCUyMCUyMCUyMCUyMCUyMCUyMCUyMCUyMCUyMCUyMCUyMCUyMCUyMCUzQ2lucHV0JTIwaWQlM0QlMjJTQVJFZm9ybXNfcHJvcGVydHkyTyVDNSU5QndpYWRjemVuaWUlMjIlMjB0eXBlJTNEJTIyY2hlY2tib3glMjIlMjBuYW1lJTNEJTIyc19wcm9wZXJ0eTIlMjIlMjB2YWx1ZSUzRCUyMk8lQzUlOUJ3aWFkY3plbmllJTIyJTIwcmVxdWlyZWQlM0QlMjJyZXF1aXJlZCUyMiUzRSUwQSUyMCUyMCUyMCUyMCUyMCUyMCUyMCUyMCUyMCUyMCUyMCUyMCUyMCUyMCUyMCUyMCUzQ2xhYmVsJTIwZm9yJTNEJTIyU0FSRWZvcm1zX3Byb3BlcnR5Mk8lQzUlOUJ3aWFkY3plbmllJTIyJTNFJTBBTyVDNSU5QndpYWRjemFtJTJDJTIwJUM1JUJDZSUyMHphcG96bmElQzUlODJlbSUyMHNpJUM0JTk5JTIweiUyMHRyZSVDNSU5QmNpJUM0JTg1JTIwJTNDYSUyMGhyZWYlM0QlMjJodHRwJTNBJTJGJTJGd3d3LmJrLnVzLmVkdS5wbCUyRnNpdGVzJTJGYmsudXMuZWR1LnBsJTJGZmlsZXMlMkZpbWNlJTJGS2xhdXp1bGElMjUyMGluZm9ybWFjeWpuYSUyNTIwbmV3c2xldHRlci5wZGYlMjIlMjB0YXJnZXQlM0QlMjJfYmxhbmslMjIlM0VrbGF1enVsaSUyMGluZm9ybWFjeWpuZWolM0MlMkZhJTNFJTIwUk9ETyUwQSUzQyUyRmxhYmVsJTNFJTBBJTIwJTIwJTIwJTIwJTIwJTIwJTIwJTIwJTIwJTIwJTIwJTIwJTIwJTIwJTIwJTIwJTNDZGl2JTNFJTBBJTIwJTIwJTIwJTIwJTIwJTIwJTIwJTIwJTIwJTIwJTIwJTIwJTIwJTIwJTIwJTIwJTNDJTJGZGl2JTNFJTBBJTIwJTIwJTIwJTIwJTIwJTIwJTIwJTIwJTIwJTIwJTIwJTIwJTNDJTJGZGl2JTNFJTBBJTIwJTIwJTIwJTIwJTIwJTIwJTIwJTIwJTNDJTJGZGl2JTNFJTBBJTIwJTIwJTIwJTIwJTIwJTIwJTIwJTIwJTNDZGl2JTNFJTBBJTIwJTIwJTIwJTIwJTIwJTIwJTIwJTIwJTIwJTIwJTIwJTIwJTNDZGl2JTNFJTBBJTIwJTIwJTIwJTIwJTIwJTIwJTIwJTIwJTIwJTIwJTIwJTIwJTIwJTIwJTIwJTIwJTNDaW5wdXQlMjBpZCUzRCUyMlNBUkVmb3Jtc19wcm9wZXJ0eTNaZ29kYSUyMiUyMHR5cGUlM0QlMjJjaGVja2JveCUyMiUyMG5hbWUlM0QlMjJzX3Byb3BlcnR5MyUyMiUyMHZhbHVlJTNEJTIyWmdvZGElMjIlMjByZXF1aXJlZCUzRCUyMnJlcXVpcmVkJTIyJTNFJTBBJTIwJTIwJTIwJTIwJTIwJTIwJTIwJTIwJTIwJTIwJTIwJTIwJTIwJTIwJTIwJTIwJTNDbGFiZWwlMjBmb3IlM0QlMjJTQVJFZm9ybXNfcHJvcGVydHkzWmdvZGElMjIlM0UlMEFXeXJhJUM1JUJDYW0lMjB6Z29kJUM0JTk5JTIwbmElMjBwcnpldHdhcnphbmllJTIwbW9pY2glMjBkYW55Y2glMjBvc29ib3d5Y2glMjBwcnpleiUyMFVuaXdlcnN5dGV0JTIwJUM1JTlBbCVDNCU4NXNraSUyMHclMjBLYXRvd2ljYWNoJTIwY2VsZW0lMjBvdHJ6eW15d2FuaWElMjBpbmZvcm1hY2ppJTIwbyUyMGluaWNqYXR5d2FjaCUyMG9yYXolMjB3eWRhcnplbmlhY2glMjBvZGJ5d2FqJUM0JTg1Y3ljaCUyMHNpJUM0JTk5JTIwdyUyMFVuaXdlcnN5dGVjaWUlMjAlQzUlOUFsJUM0JTg1c2tpbSUyMHclMjBLYXRvd2ljYWNoJTJDJTIwdyUyMHR5bSUyMGluaWNqYXR5d2FjaCUyMGklMjB3eWRhcnplbmlhY2glMjBvcmdhbml6b3dhbnljaCUyMHByemV6JTIwZmlybXklMjBpJTIwaW5zdHl0dWNqZSUyMHdzcCVDMyVCMyVDNSU4MnByYWN1aiVDNCU4NWNlJTIweiUyMFVuaXdlcnN5dGV0ZW0lMjAlQzUlOUFsJUM0JTg1c2tpbSUyMHclMjBLYXRvd2ljYWNoJTJDJTIwYSUyMHRhayVDNSVCQ2UlMjBpbm55Y2glMjBpbmljamF0eXdhY2glMjBpJTIwd3lkYXJ6ZW5pYWNoJTIwaXN0b3RueWNoJTIwZGxhJTIwc3BvJUM1JTgyZWN6bm8lQzUlOUJjaSUyMFVuaXdlcnN5dGV0dSUyMCVDNSU5QWwlQzQlODVza2llZ28lMjB3JTIwS2F0b3dpY2FjaCUyQyUyMHclMjB6YWtyZXNpZSUyMG5hc3QlQzQlOTlwdWolQzQlODVjeWNoJTIwZGFueWNoJTNBJTIwaW1pJUM0JTk5JTIwaSUyMG5hendpc2tvJTJDJTIwYWRyZXMlMjBwb2N6dHklMjBlbGVrdHJvbmljem5lai4lMEElM0MlMkZsYWJlbCUzRSUwQSUyMCUyMCUyMCUyMCUyMCUyMCUyMCUyMCUyMCUyMCUyMCUyMCUyMCUyMCUyMCUyMCUzQ2RpdiUzRSUwQSUyMCUyMCUyMCUyMCUyMCUyMCUyMCUyMCUyMCUyMCUyMCUyMCUyMCUyMCUyMCUyMCUzQyUyRmRpdiUzRSUwQSUyMCUyMCUyMCUyMCUyMCUyMCUyMCUyMCUyMCUyMCUyMCUyMCUzQyUyRmRpdiUzRSUwQSUyMCUyMCUyMCUyMCUyMCUyMCUyMCUyMCUzQyUyRmRpdiUzRSUwQSUyMCUyMCUyMCUyMCUyMCUyMCUyMCUyMCUzQ2RpdiUzRSUwQSUyMCUyMCUyMCUyMCUyMCUyMCUyMCUyMCUyMCUyMCUyMCUyMCUzQ2RpdiUzRSUwQSUyMCUyMCUyMCUyMCUyMCUyMCUyMCUyMCUyMCUyMCUyMCUyMCUyMCUyMCUyMCUyMCUzQ2lucHV0JTIwdHlwZSUzRCUyMnN1Ym1pdCUyMiUyMG5hbWUlM0QlMjJzdWJtaXQlMjIlMjB2YWx1ZSUzRCUyMld5JUM1JTlCbGlqJTIyJTNFJTBBJTIwJTIwJTIwJTIwJTIwJTIwJTIwJTIwJTIwJTIwJTIwJTIwJTNDJTJGZGl2JTNFJTBBJTIwJTIwJTIwJTIwJTIwJTIwJTIwJTIwJTNDJTJGZGl2JTNFJTBBJTIwJTIwJTIwJTIwJTNDJTJGZGl2JTNFJTBBJTNDJTJGZm9ybSUzRSUwQSUzQyUyRmRpdiUzRQ==[\/vc_raw_html][\/vc_column][vc_column width=&#8221;1\/6&#8243;][\/vc_column][\/vc_row]<\/p>","protected":false},"excerpt":{"rendered":"<p>[vc_row][vc_column width=&#8221;1\/6&#8243;][\/vc_column][vc_column width=&#8221;2\/3&#8243;][\/vc_column][vc_column width=&#8221;1\/6&#8243;][\/vc_column][\/vc_row][vc_row el_class=&#8221;container&#8221;][vc_column width=&#8221;1\/6&#8243;][\/vc_column][vc_column width=&#8221;2\/3&#8243;][vc_raw_html]JTNDc3BhbiUyMHN0eWxlJTNEJTIyZm9udC1mYW1pbHklM0ElMjB2ZXJkYW5hJTJDJTIwZ2VuZXZhJTJDJTIwc2Fucy1zZXJpZiUzQiUyMGZvbnQtc2l6ZSUzQSUyMDExcHQlM0IlMjIlM0UlMEElM0Nmb3JtJTIwbWV0aG9kJTNEJTIycG9zdCUyMiUyMGFjdGlvbiUzRCUyMmh0dHAlM0ElMkYlMkZzLmVuZXdzbGV0dGVyLnBsJTJGYWNxJTJGNjA2JTJGJTIyJTNFJTBBJTIwJTIwJTIwJTIwJTNDZGl2JTIwc3R5bGUlM0QlMjJkaXNwbGF5JTNBJTIwbm9uZSUzQiUyMiUzRSUwQSUyMCUyMCUyMCUyMCUyMCUyMCUyMCUyMCUzQ2lucHV0JTIwdHlwZSUzRCUyMmhpZGRlbiUyMiUyMG5hbWUlM0QlMjJzX3VpZCUyMiUyMHZhbHVlJTNEJTIyNjA2JTIyJTNFJTBBJTIwJTIwJTIwJTIwJTIwJTIwJTIwJTIwJTNDaW5wdXQlMjB0eXBlJTNEJTIyaGlkZGVuJTIyJTIwbmFtZSUzRCUyMnNfa2V5JTIyJTIwdmFsdWUlM0QlMjIlMkEwRjBGNkM1RUM0RjEzRjg0QkFBNTVDMERBOThGNjBCMjJCODg1QzY5JTIyJTNFJTBBJTIwJTIwJTIwJTIwJTIwJTIwJTIwJTIwJTNDaW5wdXQlMjB0eXBlJTNEJTIyaGlkZGVuJTIyJTIwbmFtZSUzRCUyMnNfaW50ZXJmYWNlJTIyJTIwdmFsdWUlM0QlMjIxJTIyJTNFJTBBJTIwJTIwJTIwJTIwJTIwJTIwJTIwJTIwJTNDaW5wdXQlMjB0eXBlJTNEJTIyaGlkZGVuJTIyJTIwbmFtZSUzRCUyMnNfdHlwZSUyMiUyMHZhbHVlJTNEJTIySFRNTCUyMiUzRSUwQSUyMCUyMCUyMCUyMCUyMCUyMCUyMCUyMCUzQ2lucHV0JTIwdHlwZSUzRCUyMmhpZGRlbiUyMiUyMG5hbWUlM0QlMjJzX2VuY29kZWQlMjIlMjB2YWx1ZSUzRCUyMklTTy04ODU5LTIlMjIlM0UlMEElMjAlMjAlMjAlMjAlMjAlMjAlMjAlMjAlM0NpbnB1dCUyMHR5cGUlM0QlMjJoaWRkZW4lMjIlMjBuYW1lJTNEJTIyc19ncm91cF8zJTIyJTIwdmFsdWUlM0QlMjIxJTIyJTNFJTBBJTIwJTIwJTIwJTIwJTNDJTJGZGl2JTNFJTBBJTIwJTIwJTIwJTIwJTNDZGl2JTNFJTBBJTIwJTIwJTIwJTIwJTIwJTIwJTIwJTIwJTNDZGl2JTNFJTBBJTIwJTIwJTIwJTIwJTIwJTIwJTIwJTIwJTIwJTIwJTIwJTIwJTNDZGl2JTNFJTBBJTIwJTIwJTIwJTIwJTIwJTIwJTIwJTIwJTIwJTIwJTIwJTIwJTIwJTIwJTIwJTIwJTNDc3BhbiUzRSUwQVdwaXN6JTIwc3clQzMlQjNqJTIwYWRyZXMlMjBlLW1haWwlMkMlMjBhYnklMjBvdHJ6eW15d2ElQzQlODclMjBuYXN6JTIwbmV3c2xldHRlciUwQSUzQyUyRnNwYW4lM0UlMEElMjAlMjAlMjAlMjAlMjAlMjAlMjAlMjAlMjAlMjAlMjAlMjAlM0MlMkZkaXYlM0UlMEElMjAlMjAlMjAlMjAlMjAlMjAlMjAlMjAlM0MlMkZkaXYlM0UlMEElMjAlMjAlMjAlMjAlMjAlMjAlMjAlMjAlM0NkaXYlM0UlMEElMjAlMjAlMjAlMjAlMjAlMjAlMjAlMjAlMjAlMjAlMjAlMjAlM0NkaXYlM0UlMEElMjAlMjAlMjAlMjAlMjAlMjAlMjAlMjAlMjAlMjAlMjAlMjAlMjAlMjAlMjAlMjAlM0NsYWJlbCUyMGZvciUzRCUyMlNBUkVmb3Jtc19lbWFpbCUyMiUzRSUwQUFkcmVzJTIwZS1tYWlsJTBBJTNDJTJGbGFiZWwlM0UlMEElMjAlMjAlMjAlMjAlMjAlMjAlMjAlMjAlMjAlMjAlMjAlMjAlM0MlMkZkaXYlM0UlMEElMjAlMjAlMjAlMjAlMjAlMjAlMjAlMjAlMjAlMjAlMjAlMjAlM0NkaXYlM0UlMEElMjAlMjAlMjAlMjAlMjAlMjAlMjAlMjAlMjAlMjAlMjAlMjAlMjAlMjAlMjAlMjAlM0NpbnB1dCUyMGlkJTNEJTIyU0FSRWZvcm1zX2VtYWlsJTIyJTIwdHlwZSUzRCUyMmVtYWlsJTIyJTIwbmFtZSUzRCUyMnNfZW1haWwlMjIlMjBwbGFjZWhvbGRlciUzRCUyMiUyMiUyMHZhbHVlJTNEJTIyJTIyJTIwcmVxdWlyZWQlM0QlMjJyZXF1aXJlZCUyMiUzRSUwQSUyMCUyMCUyMCUyMCUyMCUyMCUyMCUyMCUyMCUyMCUyMCUyMCUzQyUyRmRpdiUzRSUwQSUyMCUyMCUyMCUyMCUyMCUyMCUyMCUyMCUzQyUyRmRpdiUzRSUwQSUyMCUyMCUyMCUyMCUyMCUyMCUyMCUyMCUzQ2RpdiUzRSUwQSUyMCUyMCUyMCUyMCUyMCUyMCUyMCUyMCUyMCUyMCUyMCUyMCUzQ2RpdiUzRSUwQSUyMCUyMCUyMCUyMCUyMCUyMCUyMCUyMCUyMCUyMCUyMCUyMCUyMCUyMCUyMCUyMCUzQ2lucHV0JTIwaWQlM0QlMjJTQVJFZm9ybXNfcHJvcGVydHkyTyVDNSU5QndpYWRjemVuaWUlMjIlMjB0eXBlJTNEJTIyY2hlY2tib3glMjIlMjBuYW1lJTNEJTIyc19wcm9wZXJ0eTIlMjIlMjB2YWx1ZSUzRCUyMk8lQzUlOUJ3aWFkY3plbmllJTIyJTIwcmVxdWlyZWQlM0QlMjJyZXF1aXJlZCUyMiUzRSUwQSUyMCUyMCUyMCUyMCUyMCUyMCUyMCUyMCUyMCUyMCUyMCUyMCUyMCUyMCUyMCUyMCUzQ2xhYmVsJTIwZm9yJTNEJTIyU0FSRWZvcm1zX3Byb3BlcnR5Mk8lQzUlOUJ3aWFkY3plbmllJTIyJTNFJTBBTyVDNSU5QndpYWRjemFtJTJDJTIwJUM1JUJDZSUyMHphcG96bmElQzUlODJlbSUyMHNpJUM0JTk5JTIweiUyMHRyZSVDNSU5QmNpJUM0JTg1JTIwJTNDYSUyMGhyZWYlM0QlMjJodHRwJTNBJTJGJTJGd3d3LmJrLnVzLmVkdS5wbCUyRnNpdGVzJTJGYmsudXMuZWR1LnBsJTJGZmlsZXMlMkZpbWNlJTJGS2xhdXp1bGElMjUyMGluZm9ybWFjeWpuYSUyNTIwbmV3c2xldHRlci5wZGYlMjIlMjB0YXJnZXQlM0QlMjJfYmxhbmslMjIlM0VrbGF1enVsaSUyMGluZm9ybWFjeWpuZWolM0MlMkZhJTNFJTIwUk9ETyUwQSUzQyUyRmxhYmVsJTNFJTBBJTIwJTIwJTIwJTIwJTIwJTIwJTIwJTIwJTIwJTIwJTIwJTIwJTIwJTIwJTIwJTIwJTNDZGl2JTNFJTBBJTIwJTIwJTIwJTIwJTIwJTIwJTIwJTIwJTIwJTIwJTIwJTIwJTIwJTIwJTIwJTIwJTNDJTJGZGl2JTNFJTBBJTIwJTIwJTIwJTIwJTIwJTIwJTIwJTIwJTIwJTIwJTIwJTIwJTNDJTJGZGl2JTNFJTBBJTIwJTIwJTIwJTIwJTIwJTIwJTIwJTIwJTNDJTJGZGl2JTNFJTBBJTIwJTIwJTIwJTIwJTIwJTIwJTIwJTIwJTNDZGl2JTNFJTBBJTIwJTIwJTIwJTIwJTIwJTIwJTIwJTIwJTIwJTIwJTIwJTIwJTNDZGl2JTNFJTBBJTIwJTIwJTIwJTIwJTIwJTIwJTIwJTIwJTIwJTIwJTIwJTIwJTIwJTIwJTIwJTIwJTNDaW5wdXQlMjBpZCUzRCUyMlNBUkVmb3Jtc19wcm9wZXJ0eTNaZ29kYSUyMiUyMHR5cGUlM0QlMjJjaGVja2JveCUyMiUyMG5hbWUlM0QlMjJzX3Byb3BlcnR5MyUyMiUyMHZhbHVlJTNEJTIyWmdvZGElMjIlMjByZXF1aXJlZCUzRCUyMnJlcXVpcmVkJTIyJTNFJTBBJTIwJTIwJTIwJTIwJTIwJTIwJTIwJTIwJTIwJTIwJTIwJTIwJTIwJTIwJTIwJTIwJTNDbGFiZWwlMjBmb3IlM0QlMjJTQVJFZm9ybXNfcHJvcGVydHkzWmdvZGElMjIlM0UlMEFXeXJhJUM1JUJDYW0lMjB6Z29kJUM0JTk5JTIwbmElMjBwcnpldHdhcnphbmllJTIwbW9pY2glMjBkYW55Y2glMjBvc29ib3d5Y2glMjBwcnpleiUyMFVuaXdlcnN5dGV0JTIwJUM1JTlBbCVDNCU4NXNraSUyMHclMjBLYXRvd2ljYWNoJTIwY2VsZW0lMjBvdHJ6eW15d2FuaWElMjBpbmZvcm1hY2ppJTIwbyUyMGluaWNqYXR5d2FjaCUyMG9yYXolMjB3eWRhcnplbmlhY2glMjBvZGJ5d2FqJUM0JTg1Y3ljaCUyMHNpJUM0JTk5JTIwdyUyMFVuaXdlcnN5dGVjaWUlMjAlQzUlOUFsJUM0JTg1c2tpbSUyMHclMjBLYXRvd2ljYWNoJTJDJTIwdyUyMHR5bSUyMGluaWNqYXR5d2FjaCUyMGklMjB3eWRhcnplbmlhY2glMjBvcmdhbml6b3dhbnljaCUyMHByemV6JTIwZmlybXklMjBpJTIwaW5zdHl0dWNqZSUyMHdzcCVDMyVCMyVDNSU4MnByYWN1aiVDNCU4NWNlJTIweiUyMFVuaXdlcnN5dGV0ZW0lMjAlQzUlOUFsJUM0JTg1c2tpbSUyMHclMjBLYXRvd2ljYWNoJTJDJTIwYSUyMHRhayVDNSVCQ2UlMjBpbm55Y2glMjBpbmljamF0eXdhY2glMjBpJTIwd3lkYXJ6ZW5pYWNoJTIwaXN0b3RueWNoJTIwZGxhJTIwc3BvJUM1JTgyZWN6bm8lQzUlOUJjaSUyMFVuaXdlcnN5dGV0dSUyMCVDNSU5QWwlQzQlODVza2llZ28lMjB3JTIwS2F0b3dpY2FjaCUyQyUyMHclMjB6YWtyZXNpZSUyMG5hc3QlQzQlOTlwdWolQzQlODVjeWNoJTIwZGFueWNoJTNBJTIwaW1pJUM0JTk5JTIwaSUyMG5hendpc2tvJTJDJTIwYWRyZXMlMjBwb2N6dHklMjBlbGVrdHJvbmljem5lai4lMEElM0MlMkZsYWJlbCUzRSUwQSUyMCUyMCUyMCUyMCUyMCUyMCUyMCUyMCUyMCUyMCUyMCUyMCUyMCUyMCUyMCUyMCUzQ2RpdiUzRSUwQSUyMCUyMCUyMCUyMCUyMCUyMCUyMCUyMCUyMCUyMCUyMCUyMCUyMCUyMCUyMCUyMCUzQyUyRmRpdiUzRSUwQSUyMCUyMCUyMCUyMCUyMCUyMCUyMCUyMCUyMCUyMCUyMCUyMCUzQyUyRmRpdiUzRSUwQSUyMCUyMCUyMCUyMCUyMCUyMCUyMCUyMCUzQyUyRmRpdiUzRSUwQSUyMCUyMCUyMCUyMCUyMCUyMCUyMCUyMCUzQ2RpdiUzRSUwQSUyMCUyMCUyMCUyMCUyMCUyMCUyMCUyMCUyMCUyMCUyMCUyMCUzQ2RpdiUzRSUwQSUyMCUyMCUyMCUyMCUyMCUyMCUyMCUyMCUyMCUyMCUyMCUyMCUyMCUyMCUyMCUyMCUzQ2lucHV0JTIwdHlwZSUzRCUyMnN1Ym1pdCUyMiUyMG5hbWUlM0QlMjJzdWJtaXQlMjIlMjB2YWx1ZSUzRCUyMld5JUM1JTlCbGlqJTIyJTNFJTBBJTIwJTIwJTIwJTIwJTIwJTIwJTIwJTIwJTIwJTIwJTIwJTIwJTNDJTJGZGl2JTNFJTBBJTIwJTIwJTIwJTIwJTIwJTIwJTIwJTIwJTNDJTJGZGl2JTNFJTBBJTIwJTIwJTIwJTIwJTNDJTJGZGl2JTNFJTBBJTNDJTJGZm9ybSUzRSUwQSUzQyUyRmRpdiUzRQ==[\/vc_raw_html][\/vc_column][vc_column width=&#8221;1\/6&#8243;][\/vc_column][\/vc_row] [&#8230;]<\/p>\n<p><a class=\"btn btn-secondary understrap-read-more-link\" href=\"https:\/\/us.edu.pl\/student\/kariera-i-rozwoj\/newsletter-biura-karier\/\">Read More&#8230;<\/a><\/p>\n","protected":false},"author":25,"featured_media":0,"parent":21793,"menu_order":0,"comment_status":"closed","ping_status":"closed","template":"","meta":{"_expiration-date-status":"","_expiration-date":0,"_expiration-date-type":"","_expiration-date-categories":[],"_expiration-date-options":[]},"acf":[],"_links":{"self":[{"href":"https:\/\/us.edu.pl\/student\/wp-json\/wp\/v2\/pages\/43937"}],"collection":[{"href":"https:\/\/us.edu.pl\/student\/wp-json\/wp\/v2\/pages"}],"about":[{"href":"https:\/\/us.edu.pl\/student\/wp-json\/wp\/v2\/types\/page"}],"author":[{"embeddable":true,"href":"https:\/\/us.edu.pl\/student\/wp-json\/wp\/v2\/users\/25"}],"replies":[{"embeddable":true,"href":"https:\/\/us.edu.pl\/student\/wp-json\/wp\/v2\/comments?post=43937"}],"version-history":[{"count":6,"href":"https:\/\/us.edu.pl\/student\/wp-json\/wp\/v2\/pages\/43937\/revisions"}],"predecessor-version":[{"id":44861,"href":"https:\/\/us.edu.pl\/student\/wp-json\/wp\/v2\/pages\/43937\/revisions\/44861"}],"up":[{"embeddable":true,"href":"https:\/\/us.edu.pl\/student\/wp-json\/wp\/v2\/pages\/21793"}],"wp:attachment":[{"href":"https:\/\/us.edu.pl\/student\/wp-json\/wp\/v2\/media?parent=43937"}],"curies":[{"name":"wp","href":"https:\/\/api.w.org\/{rel}","templated":true}]}}