{"id":44356,"date":"2024-05-27T15:54:49","date_gmt":"2024-05-27T13:54:49","guid":{"rendered":"https:\/\/us.edu.pl\/student\/?page_id=44356"},"modified":"2024-05-31T13:21:29","modified_gmt":"2024-05-31T11:21:29","slug":"doktoranci","status":"publish","type":"page","link":"https:\/\/us.edu.pl\/student\/dzialalnosc-studencka\/wyroznienia-jm-rektora-us\/laureatki-i-laureaci-xvi-edycji\/doktoranci\/","title":{"rendered":"Doktoranci"},"content":{"rendered":"<p>[vc_row][vc_column]\r\n                <div class=\"text-modules \">\r\n                    <div class=\"container\">\r\n                        <h3 class=\"section-title section-title_border-bottom\">Doktoranci<\/h3> \r\n                        <div class=\"row m-0\">\r\n                            <div class=\"text-modules__content\">\r\n                                <span style=\"font-weight: 400;\"><a href=\"#kar\">Karolina Kowalska<\/a><br \/>\n<\/span><span style=\"font-weight: 400;\"><a href=\"#joa\">Joanna Kruszy\u0144ska-Szwedo<\/a><br \/>\n<\/span><span style=\"font-weight: 400;\"><a href=\"#krz\">Krzysztof Kupczak<\/a><br \/>\n<\/span><span style=\"font-weight: 400;\"><a href=\"#moh\">Mohit Phulara<\/a><br \/>\n<\/span><span style=\"font-weight: 400;\"><a href=\"#pio\">Piotr F. Piekutowski<\/a><br \/>\n<\/span><span style=\"font-weight: 400;\"><a href=\"#pie\">Pierre Van Cutsem<\/a><br \/>\n<\/span><a href=\"#jak\"><span style=\"font-weight: 400;\">Jakub Wyczik<\/span><\/a><\/p>\n<div class=\"mt-3\"><\/div>\r\n                            <\/div>\r\n                            \r\n                            \r\n                        <\/div>\r\n                    <\/div>\r\n                <\/div>\r\n                <div class=\"text-modules \">\r\n                    <div class=\"container\">\r\n                         \r\n                        <div class=\"row m-0\">\r\n                            <div class=\"text-modules__content\">\r\n                                <\/p>\n<h3><\/h3>\n<hr \/>\n<h3><b><a id=\"kar\"><\/a>Karolina Kowalska<\/b><\/h3>\n<p><span style=\"font-weight: 400;\">Otrzyma\u0142a Wyr\u00f3\u017cnienie Rektora U\u015a w XVI edycji konkursu za osi\u0105gni\u0119cia naukowe jako doktorantka w dyscyplinie nauki chemiczne w Szkole Doktorskiej U\u015a. <\/span><span style=\"font-weight: 400;\">Obszar, w kt\u00f3rym realizuje badania, jest zwi\u0105zany z materia\u0142ami dla nieorganicznej optoelektroniki. Prowadzone przez ni\u0105 prace badawczo-rozwojowe nad nowatorskim szk\u0142em tytanowo-germanianowym przyczyniaj\u0105 si\u0119 do rozwoju dziedziny \u015bwiat\u0142owod\u00f3w optycznych i laser\u00f3w, aby urz\u0105dzenia, z kt\u00f3rych na co dzie\u0144 korzystamy, dzia\u0142a\u0142y d\u0142u\u017cej, szybciej oraz bezpieczniej dla \u015brodowiska. Jej najwi\u0119ksze osi\u0105gni\u0119cia to m.in. autorstwo\/wsp\u00f3\u0142autorstwo w 16 publikacjach naukowych, a tak\u017ce w uznanych i cz\u0119sto cytowanych czasopismach mi\u0119dzynarodowych, dwukrotne przyznanie zwi\u0119kszonego stypendium doktoranckiego dla 10% najlepszych doktorant\u00f3w szk\u00f3\u0142 doktorskich w ramach Inicjatywy Doskona\u0142o\u015bci Badawczej za osi\u0105gni\u0119cia naukowe, dwukrotne uzyskanie III miejsca za najlepszy komunikat ustny podczas VII oraz VIII Szczeci\u0144skiego Sympozjum M\u0142odych Chemik\u00f3w. <\/span><span style=\"font-weight: 400;\">\u00a0<\/span><\/p>\n<p>&nbsp;<\/p>\n<div class=\"mt-3\"><\/div>\r\n                            <\/div>\r\n                            \r\n                            <div class=\"text-modules__img\"><img src=\"https:\/\/us.edu.pl\/student\/wp-content\/uploads\/sites\/3\/Wyroznienia-rektora\/Wyroznienia-2024\/Kowalska-1-297x300.jpg\" alt=\"img\"><\/div>\r\n                        <\/div>\r\n                    <\/div>\r\n                <\/div>\r\n                <div class=\"text-modules \">\r\n                    <div class=\"container\">\r\n                         \r\n                        <div class=\"row m-0\">\r\n                            <div class=\"text-modules__content\">\r\n                                <\/p>\n<hr \/>\n<h3><b><a id=\"joa\"><\/a>Joanna Kruszy\u0144ska-Szwedo<\/b><\/h3>\n<p><span style=\"font-weight: 400;\">Otrzyma\u0142a Wyr\u00f3\u017cnienie Rektora U\u015a w XVI edycji konkursu za osi\u0105gni\u0119cia naukowe oraz dzia\u0142alno\u015b\u0107 popularnonaukow\u0105 jako doktorantka w dyscyplinie <\/span><span style=\"font-weight: 400;\">pedagogika<\/span><span style=\"font-weight: 400;\"> w Szkole Doktorskiej U\u015a. Prowadzenie lekcji skrzypiec z dzie\u0107mi o specjalnych potrzebach zainspirowa\u0142o j\u0105 do opracowania komparatystycznego projektu badawczego \u201eMetoda Suzuki w procesie wspierania rozwoju uczni\u00f3w w spektrum autyzmu w pozaszkolnej edukacji muzycznej na przyk\u0142adzie Polski, Australii i W\u0142och\u201d. Jej dorobek naukowy (publikacje, wyst\u0105pienia konferencyjne) dotyczy tematyki zwi\u0105zanej z oddzia\u0142ywaniem muzykoterapii na dzieci ze spektrum autyzmu, jak r\u00f3wnie\u017c oceny kinematyki, neuroobrazowania oraz stabilno\u015bci postawy u dzieci i zawodowych muzyk\u00f3w graj\u0105cych na instrumentach muzycznych. Zosta\u0142a stypendystk\u0105 kanadyjskiego programu im. Laury Bassi (Laura Bassi Scholarship).<\/span> \r\n                                <div class=\"mt-3\"><\/div>\r\n                            <\/div>\r\n                            \r\n                            <div class=\"text-modules__img\"><img src=\"https:\/\/us.edu.pl\/student\/wp-content\/uploads\/sites\/3\/Wyroznienia-rektora\/Wyroznienia-2024\/Kruszynska-Szwedo-1-300x200.jpg\" alt=\"img\"><\/div>\r\n                        <\/div>\r\n                    <\/div>\r\n                <\/div>\r\n                <div class=\"text-modules \">\r\n                    <div class=\"container\">\r\n                         \r\n                        <div class=\"row m-0\">\r\n                            <div class=\"text-modules__content\">\r\n                                <\/p>\n<hr \/>\n<h3><b><a id=\"krz\"><\/a>Krzysztof Kupczak\u00a0<\/b><\/h3>\n<p><span style=\"font-weight: 400;\">Otrzyma\u0142 Wyr\u00f3\u017cnienie Rektora U\u015a w XVI edycji konkursu za osi\u0105gni\u0119cia naukowe jako doktorant w dyscyplinie <\/span><span style=\"font-weight: 400;\">nauki o Ziemi i \u015brodowisku<\/span><span style=\"font-weight: 400;\"> w Szkole Doktorskiej U\u015a. <\/span><span style=\"font-weight: 400;\">Jego badania s\u0105 bezpo\u015brednio zwi\u0105zane z dziedzictwem przemys\u0142owym. G\u0142\u00f3wny obszar jego zainteresowa\u0144 naukowych koncentruje si\u0119 na dog\u0142\u0119bnej analizie historycznych \u017cu\u017cli oraz proces\u00f3w hutniczych z obszaru dzisiejszej Polski (m.in. S\u0142awk\u00f3w, Z\u0142oty Stok). Prowadzone przez niego badania maj\u0105 charakter interdyscyplinarny \u2013 obejmuj\u0105 analiz\u0119 \u017ar\u00f3de\u0142 historycznych i archeologicznych, a tak\u017ce wykorzystanie nowoczesnych metod analitycznych i informatycznych. W swojej pracy badawczej wykorzystuje r\u00f3\u017cnorodne i zaawansowane metody geochemiczno-mineralogiczno-petrograficzne. Jest wsp\u00f3\u0142autorem sze\u015bciu artyku\u0142\u00f3w naukowych oraz wyst\u0105pie\u0144 na czterech konferencjach mi\u0119dzynarodowych, krajowych i zagranicznych.<\/span> \r\n                                <div class=\"mt-3\"><\/div>\r\n                            <\/div>\r\n                            \r\n                            <div class=\"text-modules__img\"><img src=\"https:\/\/us.edu.pl\/student\/wp-content\/uploads\/sites\/3\/Wyroznienia-rektora\/Wyroznienia-2024\/Kupczak-1-240x300.jpg\" alt=\"img\"><\/div>\r\n                        <\/div>\r\n                    <\/div>\r\n                <\/div>\r\n                <div class=\"text-modules \">\r\n                    <div class=\"container\">\r\n                         \r\n                        <div class=\"row m-0\">\r\n                            <div class=\"text-modules__content\">\r\n                                <\/p>\n<hr \/>\n<h3><b><a id=\"moh\"><\/a>Mohit Phulara<\/b><\/h3>\n<p><span style=\"font-weight: 400;\">Otrzyma\u0142 Wyr\u00f3\u017cnienie Rektora U\u015a w XVI edycji konkursu za osi\u0105gni\u0119cia naukowe oraz dzia\u0142alno\u015b\u0107 popularnonaukow\u0105 i spo\u0142eczn\u0105 jako doktorant w dyscyplinie nauki o Ziemi i \u015brodowisku w Mi\u0119dzynarodowej \u015arodowiskowej Szkole Doktorskiej przy Centrum Studi\u00f3w Polarnych U\u015a. Specjalizuje si\u0119 w badaniach dendroklimatycznych, ze szczeg\u00f3lnym uwzgl\u0119dnieniem ro\u015blinno\u015bci arktycznej i wysokog\u00f3rskiej. Jego prace terenowe przemierza\u0142y kra\u0144ce polarne Svalbardu i wy\u017cyny Himalaj\u00f3w, co dowodzi jego sprawno\u015bci w prowadzeniu bada\u0144 w najtrudniejszych warunkach. Wsp\u00f3\u0142pracuje z wieloma instytucjami naukowymi, takimi jak Uniwersytet Lubla\u0144ski, WSL w Szwajcarii, Czeska Akademia Nauk i indyjskim Narodowym Instytutem Himalajskiego \u015arodowiska GB Pant. Zdoby\u0142 presti\u017cowe granty, takie jak NAWA PROM, Bekker NAWA i Preludium Narodowego Centrum Nauki. Efekty jego bada\u0144 dotycz\u0105cych ekologii Himalaj\u00f3w i krzew\u00f3w arktycznych zosta\u0142y przedstawione w licznych publikacjach i na wielu konferencjach. Ponadto jest zaanga\u017cowany w r\u00f3\u017cne akcje spo\u0142eczne i popularyzacj\u0119 nauki, m.in. bior\u0105c udzia\u0142 w wystawach GeoPiknik oraz pe\u0142ni\u0105c funkcj\u0119 ambasadora Mi\u0119dzynarodowej \u015arodowiskowej Szko\u0142y Doktorskiej. Co warte podkre\u015blenia, jego zaanga\u017cowanie wykracza poza \u015brodowisko akademickie i obejmuje dzia\u0142ania spo\u0142eczne, takie jak sadzenie drzew i akcje sprz\u0105tania, a tak\u017ce pomoc osobom z niepe\u0142nosprawno\u015bci\u0105 intelektualn\u0105 w Indiach. Dzieli si\u0119 kultur\u0105 indyjsk\u0105 (m.in. poprzez kuchni\u0119 i taniec) z polskimi kole\u017cankami i kolegami, a jednocze\u015bnie zanurza si\u0119 w polskiej sztuce kulinarnej.<\/span> \r\n                                <div class=\"mt-3\"><\/div>\r\n                            <\/div>\r\n                            \r\n                            <div class=\"text-modules__img\"><img src=\"https:\/\/us.edu.pl\/student\/wp-content\/uploads\/sites\/3\/Wyroznienia-rektora\/Wyroznienia-2024\/Phulara-1-200x300.jpg\" alt=\"img\"><\/div>\r\n                        <\/div>\r\n                    <\/div>\r\n                <\/div>\r\n                <div class=\"text-modules \">\r\n                    <div class=\"container\">\r\n                         \r\n                        <div class=\"row m-0\">\r\n                            <div class=\"text-modules__content\">\r\n                                <\/p>\n<hr \/>\n<h3><b><a id=\"pio\"><\/a>Piotr F. Piekutowski<\/b><span style=\"font-weight: 400;\">\u00a0<\/span><\/h3>\n<p><span style=\"font-weight: 400;\">Otrzyma\u0142 Wyr\u00f3\u017cnienie Rektora U\u015a w XVI edycji konkursu za osi\u0105gni\u0119cia naukowe oraz dzia\u0142alno\u015b\u0107 popularnonaukow\u0105 jako doktorant w dyscyplinie <\/span><span style=\"font-weight: 400;\">literaturoznawstwo<\/span><span style=\"font-weight: 400;\"> w Szkole Doktorskiej U\u015a. Autor pi\u0119ciu artyku\u0142\u00f3w naukowych i czterech rozdzia\u0142\u00f3w ksi\u0105\u017ckowych. Wyst\u0105pi\u0142 na trzech konferencjach mi\u0119dzynarodowych i czterech og\u00f3lnopolskich. Jest kierownikiem projektu badawczego PRELUDIUM pt. \u201ePoetyki spl\u0105tania. Nie-ludzka strona literatury polskiej w podej\u015bciu ekonarratologicznym\u201d, finansowanego przez Narodowe Centrum Nauki i realizowanego we wsp\u00f3\u0142pracy mi\u0119dzynarodowej z Uniwersytetem Gandawskim w Belgii. Cz\u0142onek stowarzyszenia European Narratology Network. Zaanga\u017cowany w popularyzacj\u0119 nauki i \u017cycie akademickie, prowadzi\u0142 wyk\u0142ady oraz warsztaty m.in. na \u015al\u0105skim Festiwalu Nauki KATOWICE. W 2021 by\u0142 pomys\u0142odawc\u0105, a p\u00f3\u017aniej redaktorem ksi\u0105\u017cki os\u00f3b studiuj\u0105cych na sztuce pisania na Wydziale Humanistycznym U\u015a, opublikowanej w ramach \u015aFN pt. <\/span><i><span style=\"font-weight: 400;\">Poza\u015bwiat. Studencka antologia tekst\u00f3w nie-ludzkich<\/span><\/i><span style=\"font-weight: 400;\">.<\/span> \r\n                                <div class=\"mt-3\"><\/div>\r\n                            <\/div>\r\n                            \r\n                            <div class=\"text-modules__img\"><img src=\"https:\/\/us.edu.pl\/student\/wp-content\/uploads\/sites\/3\/Wyroznienia-rektora\/Wyroznienia-2024\/Piekutowski-1-225x300.jpeg\" alt=\"img\"><\/div>\r\n                        <\/div>\r\n                    <\/div>\r\n                <\/div>\r\n                <div class=\"text-modules \">\r\n                    <div class=\"container\">\r\n                         \r\n                        <div class=\"row m-0\">\r\n                            <div class=\"text-modules__content\">\r\n                                <\/p>\n<hr \/>\n<h3><b><a id=\"pie\"><\/a>Pierre Van Cutsem\u00a0<\/b><\/h3>\n<p><span style=\"font-weight: 400;\">Otrzyma\u0142 Wyr\u00f3\u017cnienie Rektora U\u015a w XVI edycji konkursu za osi\u0105gni\u0119cia naukowe oraz dzia\u0142alno\u015b\u0107 kulturaln\u0105 jako doktorant w dyscyplinie <\/span><span style=\"font-weight: 400;\">literaturoznawstwo<\/span><span style=\"font-weight: 400;\"> w Szkole Doktorskiej U\u015a. W ramach pracy doktorskiej pt. <\/span><i><span style=\"font-weight: 400;\">Fantastyka Stefana Grabi\u0144skiego: mi\u0119dzy teori\u0105 a praktyk\u0105<\/span><\/i><span style=\"font-weight: 400;\"> zorganizowa\u0142 liczne wydarzenia popularyzatorskie zar\u00f3wno w Polsce, jak i zagranic\u0105 (wystawy, prelekcje itp.). Badanie fantastyki (szczeg\u00f3lnie polskiej i \u015brodkowoeuropejskiej) oraz rozpowszechnianie wiedzy na jej temat jest jego d\u0142ugoletni\u0105 pasj\u0105. W 2018 obroni\u0142 na Universit\u00e9 Libre de Bruxelles w Belgii prac\u0119 magistersk\u0105 po\u015bwi\u0119con\u0105 tw\u00f3rczo\u015bci Grabi\u0144skiego. W tym samym roku ukaza\u0142y si\u0119 jego pierwsze t\u0142umaczenia noweli wspomnianego pisarza na j\u0119zyk francuski. Rozpocz\u0119cie studi\u00f3w doktoranckich w 2020 umo\u017cliwi\u0142o mu dalsze badanie tw\u00f3rczo\u015bci autora <\/span><i><span style=\"font-weight: 400;\">Demona ruchu<\/span><\/i><span style=\"font-weight: 400;\">. Zorganizowa\u0142 spotkania oraz wystawy na temat Grabi\u0144skiego m.in. w Wiedniu, Katowicach i Warszawie. W 2022 opublikowa\u0142 kolejne t\u0142umaczenia utwor\u00f3w polskiego pisarza. Rok p\u00f3\u017aniej czeskie wydawnictwo Protimluv wyda\u0142o odnaleziony przez niego r\u0119kopis jedynego istniej\u0105cego t\u0142umaczenia sztuki Grabi\u0144skiego. Do ko\u0144ca wrze\u015bnia 2024 b\u0119dzie przebywa\u0142 na Uniwersytecie Alberty (Wirth Institute) w ramach stypendium Polish doctoral research fellowship. R\u00f3wnie\u017c w Kanadzie rozpowszechnia wiedz\u0119 na temat polskiej fantastyki \u2013 nie tylko w\u015br\u00f3d badaczy Wirth Institute, ale tak\u017ce w szerszym gronie.<\/span> \r\n                                <div class=\"mt-3\"><\/div>\r\n                            <\/div>\r\n                            \r\n                            <div class=\"text-modules__img\"><img src=\"https:\/\/us.edu.pl\/student\/wp-content\/uploads\/sites\/3\/Wyroznienia-rektora\/Wyroznienia-2024\/Van-Cutsem-1-262x300.jpeg\" alt=\"img\"><\/div>\r\n                        <\/div>\r\n                    <\/div>\r\n                <\/div>\r\n                <div class=\"text-modules \">\r\n                    <div class=\"container\">\r\n                         \r\n                        <div class=\"row m-0\">\r\n                            <div class=\"text-modules__content\">\r\n                                <\/p>\n<hr \/>\n<h3><b><a id=\"jak\"><\/a>Jakub Wyczik<\/b><\/h3>\n<p><span style=\"font-weight: 400;\">Otrzyma\u0142 Wyr\u00f3\u017cnienie Rektora U\u015a w XVI edycji konkursu za osi\u0105gni\u0119cia naukowe oraz dzia\u0142alno\u015b\u0107 popularnonaukow\u0105 jako doktorant w dyscyplinie <\/span><span style=\"font-weight: 400;\">nauki prawne<\/span><span style=\"font-weight: 400;\"> w Szkole Doktorskiej U\u015a. <\/span><span style=\"font-weight: 400;\">Jest prawnikiem oraz badaczem problem\u00f3w prawnych bran\u017cy IT i gamedev, specjalizuje si\u0119 w szeroko rozumianych dobrach cyfrowych, sztucznej inteligencji, umowach IT oraz w\u0142asno\u015bci intelektualnej do oprogramowania. Autor opracowa\u0144 dotycz\u0105cych m.in. w\u0142asno\u015bci intelektualnej w cyklu \u017cycia sztucznej inteligencji, statusu prawnego kryptoaktyw\u00f3w oraz d\u00f3br wirtualnych w \u015bwiatach cyfrowych. Laureat I nagrody w XVIII edycji konkursu Urz\u0119du Patentowego RP oraz aktywny uczestnik Internet Governance Forum. Uzyska\u0142 r\u00f3wnie\u017c I nagrod\u0119 w konkursie \u201eThe Future of the Internet Challenge\u201d organizowanym przez Naukow\u0105 i Akademick\u0105 Sie\u0107 Komputerow\u0105 \u2013 Pa\u0144stwowy Instytut Badawczy z siedzib\u0105 w Warszawie (2023). W swoich badaniach koncentruje si\u0119 na koncepcji w\u0142asno\u015bci danych, a szczeg\u00f3lnie na podkre\u015bleniu r\u00f3\u017cnicy mi\u0119dzy informacjami a danymi. Stara si\u0119 tak\u017ce popularyzowa\u0107 nauk\u0119, wyja\u015bniaj\u0105c prostym j\u0119zykiem techniczne i prawne aspekty nowoczesnych rozwi\u0105za\u0144 informatycznych \u2013 zw\u0142aszcza na swoim profilu na LinkedIn, ale r\u00f3wnie\u017c go\u015bcinnie na r\u00f3\u017cnych blogach, takich jak IPKat, oraz podczas \u015al\u0105skiego Festiwalu Nauki KATOWICE. Prowadzi\u0142 szkolenia i warsztaty m.in. dla Narodowego Centrum Nauki, American Bar Association oraz Naczelnej Rady Adwokackiej.<\/span> \r\n                                <div class=\"mt-3\"><\/div>\r\n                            <\/div>\r\n                            \r\n                            <div class=\"text-modules__img\"><img src=\"https:\/\/us.edu.pl\/student\/wp-content\/uploads\/sites\/3\/Wyroznienia-rektora\/Wyroznienia-2024\/Wyczik-1-200x300.jpg\" alt=\"img\"><\/div>\r\n                        <\/div>\r\n                    <\/div>\r\n                <\/div>[\/vc_column][\/vc_row]<\/p>","protected":false},"excerpt":{"rendered":"<p>[vc_row][vc_column][\/vc_column][\/vc_row] [&#8230;]<\/p>\n<p><a class=\"btn btn-secondary understrap-read-more-link\" href=\"https:\/\/us.edu.pl\/student\/dzialalnosc-studencka\/wyroznienia-jm-rektora-us\/laureatki-i-laureaci-xvi-edycji\/doktoranci\/\">Read More&#8230;<\/a><\/p>\n","protected":false},"author":28,"featured_media":0,"parent":44347,"menu_order":0,"comment_status":"closed","ping_status":"closed","template":"","meta":{"_expiration-date-status":"","_expiration-date":0,"_expiration-date-type":"","_expiration-date-categories":[],"_expiration-date-options":[]},"acf":[],"_links":{"self":[{"href":"https:\/\/us.edu.pl\/student\/wp-json\/wp\/v2\/pages\/44356"}],"collection":[{"href":"https:\/\/us.edu.pl\/student\/wp-json\/wp\/v2\/pages"}],"about":[{"href":"https:\/\/us.edu.pl\/student\/wp-json\/wp\/v2\/types\/page"}],"author":[{"embeddable":true,"href":"https:\/\/us.edu.pl\/student\/wp-json\/wp\/v2\/users\/28"}],"replies":[{"embeddable":true,"href":"https:\/\/us.edu.pl\/student\/wp-json\/wp\/v2\/comments?post=44356"}],"version-history":[{"count":5,"href":"https:\/\/us.edu.pl\/student\/wp-json\/wp\/v2\/pages\/44356\/revisions"}],"predecessor-version":[{"id":44501,"href":"https:\/\/us.edu.pl\/student\/wp-json\/wp\/v2\/pages\/44356\/revisions\/44501"}],"up":[{"embeddable":true,"href":"https:\/\/us.edu.pl\/student\/wp-json\/wp\/v2\/pages\/44347"}],"wp:attachment":[{"href":"https:\/\/us.edu.pl\/student\/wp-json\/wp\/v2\/media?parent=44356"}],"curies":[{"name":"wp","href":"https:\/\/api.w.org\/{rel}","templated":true}]}}