{"id":44408,"date":"2024-05-31T10:58:49","date_gmt":"2024-05-31T08:58:49","guid":{"rendered":"https:\/\/us.edu.pl\/student\/?page_id=44408"},"modified":"2024-05-31T13:33:49","modified_gmt":"2024-05-31T11:33:49","slug":"uniwersytet-trzeciego-wieku","status":"publish","type":"page","link":"https:\/\/us.edu.pl\/student\/dzialalnosc-studencka\/wyroznienia-jm-rektora-us\/laureatki-i-laureaci-xvi-edycji\/uniwersytet-trzeciego-wieku\/","title":{"rendered":"Uniwersytet Trzeciego Wieku"},"content":{"rendered":"<p>[vc_row][vc_column]\r\n                <div class=\"text-modules \">\r\n                    <div class=\"container\">\r\n                        <h3 class=\"section-title section-title_border-bottom\">Uniwersytet Trzeciego Wieku<\/h3> \r\n                        <div class=\"row m-0\">\r\n                            <div class=\"text-modules__content\">\r\n                                <\/p>\n<h3><b>Sonia Mazgaj<\/b><\/h3>\n<p><span style=\"font-weight: 400;\">Po przej\u015bciu na emerytur\u0119 szuka\u0142a mo\u017cliwo\u015bci dalszego rozwoju i spo\u017cytkowania energii. Efektem tego by\u0142o zapisanie si\u0119 do Uniwersytetu Trzeciego Wieku w Uniwersytecie \u015al\u0105skim. Jak sama m\u00f3wi, wyb\u00f3r okaza\u0142 si\u0119 jak najbardziej w\u0142a\u015bciwy, poniewa\u017c Uniwersytet nie tylko wspiera jej rozw\u00f3j osobisty, ale r\u00f3wnie\u017c pozwoli\u0142 jej w\u0142\u0105czy\u0107 si\u0119 w pomoc innym osobom. Przyk\u0142adem mo\u017ce by\u0107 wsp\u00f3\u0142praca z Domem Anio\u0142\u00f3w Str\u00f3\u017c\u00f3w w Za\u0142\u0119\u017cu, gdzie mia\u0142a kontakt z dzie\u0107mi, co bezpo\u015brednio \u0142\u0105czy\u0142o si\u0119 z prac\u0105 zawodow\u0105, kt\u00f3r\u0105 wykonywa\u0142a do czasu przej\u015bcia na emerytur\u0119. Robi\u0142a to, co daje jej ogromn\u0105 satysfakcj\u0119 i wywo\u0142uje u\u015bmiech ka\u017cdego dnia. Poprzez uczestnictwo w projekcie \u201e4 strony \u015bwiata\u201d u\u015bwiadomi\u0142a sobie, jak niewiele trzeba, aby da\u0107 rado\u015b\u0107 innym. Program ten polega\u0142 na integracji m\u0142odzie\u017cy, os\u00f3b z niepe\u0142nosprawno\u015bci\u0105 oraz senior\u00f3w. Jednym z jego punkt\u00f3w by\u0142a Szyndzielnia \u2013 wsp\u00f3lnymi si\u0142ami ka\u017cdy stan\u0105\u0142 na szczycie. By\u0142a to bardzo wzruszaj\u0105ca chwila, poniewa\u017c wiele os\u00f3b bior\u0105cych udzia\u0142 w projekcie zdoby\u0142o pierwszy raz w \u017cyciu g\u00f3rski szczyt. Okaza\u0142o si\u0119, \u017ce razem mo\u017cna zdzia\u0142a\u0107 wi\u0119cej. Od tej pory rozpocz\u0119\u0142a wsp\u00f3\u0142prac\u0119 i utrzymuje sta\u0142y kontakt ze Stowarzyszeniem Tur Bor\u00f3wka \u2013 uda\u0142o si\u0119 przygotowa\u0107 dla os\u00f3b z niepe\u0142nosprawno\u015bci\u0105 wsparcie w ramach Szlachetnej Paczki oraz pomoc w realizowaniu ich pasji, czyli zaj\u0119cia sportowe czy chocia\u017cby spacer z najm\u0142odsz\u0105 podopieczn\u0105. Takie spotkania daj\u0105 jej ogromn\u0105 rado\u015b\u0107 i si\u0142\u0119 oraz u\u015bwiadamiaj\u0105, \u017ce \u017cyje si\u0119 nie tylko dla siebie. Bierze udzia\u0142 w r\u00f3\u017cnych dzia\u0142aniach organizowanych przez Uniwersytet Trzeciego Wieku, takich jak spotkanie w NOSPR z osobami z d\u0142ugoletnim sta\u017cem ma\u0142\u017ce\u0144skim, spotkanie z d\u0142ugoletnimi s\u0142uchaczami UTW, spotkania kol\u0119dowe czy inne dzia\u0142ania bie\u017c\u0105ce. By\u0142a ambasadork\u0105 UTW. Niemal\u017ce od pocz\u0105tku swojej przygody z Uniwersytetem jest cz\u0142onkini\u0105 Samorz\u0105du S\u0142uchaczy UTW, a obecnie pe\u0142ni funkcj\u0119 jego przewodnicz\u0105cej.<\/span> \r\n                                <div class=\"mt-3\"><\/div>\r\n                            <\/div>\r\n                            \r\n                            <div class=\"text-modules__img\"><img src=\"https:\/\/us.edu.pl\/student\/wp-content\/uploads\/sites\/3\/Wyroznienia-rektora\/Wyroznienia-2024\/Mazgaj-1-200x300.jpg\" alt=\"img\"><\/div>\r\n                        <\/div>\r\n                    <\/div>\r\n                <\/div>[\/vc_column][\/vc_row]<\/p>","protected":false},"excerpt":{"rendered":"<p>[vc_row][vc_column][\/vc_column][\/vc_row] [&#8230;]<\/p>\n<p><a class=\"btn btn-secondary understrap-read-more-link\" href=\"https:\/\/us.edu.pl\/student\/dzialalnosc-studencka\/wyroznienia-jm-rektora-us\/laureatki-i-laureaci-xvi-edycji\/uniwersytet-trzeciego-wieku\/\">Read More&#8230;<\/a><\/p>\n","protected":false},"author":28,"featured_media":0,"parent":44347,"menu_order":0,"comment_status":"closed","ping_status":"closed","template":"","meta":{"_expiration-date-status":"","_expiration-date":0,"_expiration-date-type":"","_expiration-date-categories":[],"_expiration-date-options":[]},"acf":[],"_links":{"self":[{"href":"https:\/\/us.edu.pl\/student\/wp-json\/wp\/v2\/pages\/44408"}],"collection":[{"href":"https:\/\/us.edu.pl\/student\/wp-json\/wp\/v2\/pages"}],"about":[{"href":"https:\/\/us.edu.pl\/student\/wp-json\/wp\/v2\/types\/page"}],"author":[{"embeddable":true,"href":"https:\/\/us.edu.pl\/student\/wp-json\/wp\/v2\/users\/28"}],"replies":[{"embeddable":true,"href":"https:\/\/us.edu.pl\/student\/wp-json\/wp\/v2\/comments?post=44408"}],"version-history":[{"count":2,"href":"https:\/\/us.edu.pl\/student\/wp-json\/wp\/v2\/pages\/44408\/revisions"}],"predecessor-version":[{"id":44503,"href":"https:\/\/us.edu.pl\/student\/wp-json\/wp\/v2\/pages\/44408\/revisions\/44503"}],"up":[{"embeddable":true,"href":"https:\/\/us.edu.pl\/student\/wp-json\/wp\/v2\/pages\/44347"}],"wp:attachment":[{"href":"https:\/\/us.edu.pl\/student\/wp-json\/wp\/v2\/media?parent=44408"}],"curies":[{"name":"wp","href":"https:\/\/api.w.org\/{rel}","templated":true}]}}