{"id":45397,"date":"2024-08-12T14:30:17","date_gmt":"2024-08-12T12:30:17","guid":{"rendered":"https:\/\/us.edu.pl\/student\/?page_id=45397"},"modified":"2025-11-13T09:23:37","modified_gmt":"2025-11-13T08:23:37","slug":"akademik-dla-studentow-spoza-us","status":"publish","type":"page","link":"https:\/\/us.edu.pl\/student\/wsparcie-i-fundusze\/akademiki-2\/akademik-dla-studentow-spoza-us\/","title":{"rendered":"Akademik dla student\u00f3w spoza U\u015a"},"content":{"rendered":"<p>[vc_row el_class=&#8221;container&#8221;][vc_column]\r\n                <div class=\"text-modules\">\r\n                    <div class=\"container\">\r\n                        \r\n                        <div class=\"text-modules__content\"><p>Studenci spoza Uniwersytetu \u015al\u0105skiego mog\u0105 sk\u0142ada\u0107 <a href=\"https:\/\/us.edu.pl\/student\/wp-content\/uploads\/sites\/3\/dokumenty\/wniosek_nr_7_z_klauzula_informacyjna-3.docx\" class=\"mtli_attachment mtli_docx\" data-mtli=\"mtli_filesize18,85kB\" class=\"mtli_attachment mtli_docx\" data-mtli=\"mtli_filesize18,85kB\">wniosek nr 7 <\/a>(eng. <a href=\"https:\/\/us.edu.pl\/student\/wp-content\/uploads\/sites\/3\/Aktualne-akty-prawne\/7_application_non-students-US_information-clause.docx\" class=\"mtli_attachment mtli_docx\" data-mtli=\"mtli_filesize18,77kB\" class=\"mtli_attachment mtli_docx\" data-mtli=\"mtli_filesize18,77kB\">7 application<\/a>) o przyznanie miejsca w akademiku pod koniec wrze\u015bnia. Dok\u0142adnie wype\u0142niony i podpisany wniosek + za\u015bwiadczenie, \u017ce jest si\u0119 studentem innej uczelni nale\u017cy przes\u0142a\u0107 na adres mailowy: <a href=\"mailto:bstud@us.edu.pl\">bstud@us.edu.pl\u00a0<\/a><\/p>\n<p>Wnioski student\u00f3w spoza naszej uczelni b\u0119d\u0105 rozpatrywane w po\u0142owie pa\u017adziernika, po zakwaterowaniu student\u00f3w Uniwersytetu \u015al\u0105skiego, w ramach pozosta\u0142ych wolnych miejsc dla student\u00f3w innych uczelni.<\/p>\n<style type=\"text\/css\">a[data-mtli~=\"mtli_filesize18,85kB\"]:after {content:\" (18,85 kB)\"}a[data-mtli~=\"mtli_filesize18,77kB\"]:after {content:\" (18,77 kB)\"}<\/style><\/div>\r\n                    <\/div>\r\n                <\/div>[\/vc_column][\/vc_row]<\/p>\n<style type=\"text\/css\">a[data-mtli~=\"mtli_filesize18,85kB\"]:after {content:\" (18,85 kB)\"}a[data-mtli~=\"mtli_filesize18,77kB\"]:after {content:\" (18,77 kB)\"}<\/style>","protected":false},"excerpt":{"rendered":"<p>[vc_row el_class=&#8221;container&#8221;][vc_column][\/vc_column][\/vc_row] [&#8230;]<\/p>\n<p><a class=\"btn btn-secondary understrap-read-more-link\" href=\"https:\/\/us.edu.pl\/student\/wsparcie-i-fundusze\/akademiki-2\/akademik-dla-studentow-spoza-us\/\">Read More&#8230;<\/a><\/p>\n","protected":false},"author":28,"featured_media":0,"parent":8464,"menu_order":0,"comment_status":"closed","ping_status":"closed","template":"","meta":{"_expiration-date-status":"","_expiration-date":0,"_expiration-date-type":"","_expiration-date-categories":[],"_expiration-date-options":[]},"acf":[],"_links":{"self":[{"href":"https:\/\/us.edu.pl\/student\/wp-json\/wp\/v2\/pages\/45397"}],"collection":[{"href":"https:\/\/us.edu.pl\/student\/wp-json\/wp\/v2\/pages"}],"about":[{"href":"https:\/\/us.edu.pl\/student\/wp-json\/wp\/v2\/types\/page"}],"author":[{"embeddable":true,"href":"https:\/\/us.edu.pl\/student\/wp-json\/wp\/v2\/users\/28"}],"replies":[{"embeddable":true,"href":"https:\/\/us.edu.pl\/student\/wp-json\/wp\/v2\/comments?post=45397"}],"version-history":[{"count":6,"href":"https:\/\/us.edu.pl\/student\/wp-json\/wp\/v2\/pages\/45397\/revisions"}],"predecessor-version":[{"id":60025,"href":"https:\/\/us.edu.pl\/student\/wp-json\/wp\/v2\/pages\/45397\/revisions\/60025"}],"up":[{"embeddable":true,"href":"https:\/\/us.edu.pl\/student\/wp-json\/wp\/v2\/pages\/8464"}],"wp:attachment":[{"href":"https:\/\/us.edu.pl\/student\/wp-json\/wp\/v2\/media?parent=45397"}],"curies":[{"name":"wp","href":"https:\/\/api.w.org\/{rel}","templated":true}]}}