{"id":46481,"date":"2024-10-04T11:23:34","date_gmt":"2024-10-04T09:23:34","guid":{"rendered":"https:\/\/us.edu.pl\/student\/?page_id=46481"},"modified":"2025-09-05T10:22:57","modified_gmt":"2025-09-05T08:22:57","slug":"aplikacja-mobilna-dostepny-us","status":"publish","type":"page","link":"https:\/\/us.edu.pl\/student\/aplikacja-mobilna-dostepny-us\/","title":{"rendered":"Aplikacje mobilne \u201eDost\u0119pny U\u015a\u201d, \u201eMobilny USOS U\u015a\u201d, &#8222;Europejskie Miasto Nauki&#8221; oraz \u201eCINiBA Katowice \u2013 mPROLIB\u201d!"},"content":{"rendered":"<p>[vc_row el_class=&#8221;container&#8221;][vc_column]\r\n                <div class=\"text-modules\">\r\n                    <div class=\"container\">\r\n                        \r\n                        <div class=\"text-modules__content\"><\/p>\n<h3>Aplikacje mobilne \u201eDost\u0119pny U\u015a\u201d, \u201eMobilny USOS U\u015a\u201d, &#8222;Europejskie Miasto Nauki&#8221; oraz \u201eCINiBA Katowice \u2013 mPROLIB\u201d!<\/h3>\n<p>Z my\u015bl\u0105 o tym, by u\u0142atwi\u0107 ka\u017cdej osobie studiuj\u0105cej codzienne poruszanie si\u0119 po kampusach, sprawdzanie najwa\u017cniejszych informacji i za\u0142atwianie najistotniejszych spraw, a tak\u017ce umo\u017cliwi\u0107 \u0142atwy dost\u0119p do bogatego programu Europejskiego Miasta Nauki, oddajemy w Wasze r\u0119ce aplikacje \u201eDost\u0119pny U\u015a\u201d, \u201eMobilny USOS U\u015a\u201d, Europejskie Miasto Nauki&#8221; oraz \u201eCINiBA Katowice \u2013 mPROLIB\u201d.<\/p>\n<p>\n<\/div>\r\n                    <\/div>\r\n                <\/div>\r\n                <div class=\"text-modules \">\r\n                    <div class=\"container\">\r\n                         \r\n                        <div class=\"row m-0\">\r\n                            <div class=\"text-modules__content\">\r\n                                <\/p>\n<h3>Aplikacja mobilna \u201eDost\u0119pny U\u015a\u201d<\/h3>\n<p>Dost\u0119pny U\u015a to innowacyjne narz\u0119dzie, kt\u00f3re sprawi, \u017ce Twoje codzienne poruszanie si\u0119 po kampusach Uniwersytetu \u015al\u0105skiego w Katowicach, Sosnowcu, Chorzowie i Cieszynie b\u0119dzie \u0142atwiejsze i efektywniejsze. Poprzez system wewn\u0119trznej nawigacji aplikacja nie tylko umo\u017cliwia szybkie odnajdywanie wa\u017cnych miejsc w budynkach, ale tak\u017ce oferuje dodatkowe funkcje, aby umo\u017cliwi\u0107 Ci bezpieczne i sprawne przemieszczanie si\u0119 po terenie uczelni oraz komunikacj\u0119 w obr\u0119bie spo\u0142eczno\u015bci akademickiej.<\/p>\n<p>G\u0142\u00f3wne funkcje:<img class=\"wp-image-46485 alignright\" src=\"https:\/\/us.edu.pl\/student\/wp-content\/uploads\/sites\/3\/2024\/10\/800x600px.png\" alt=\"Grafika promujaca aplikacje Dostepny US\" width=\"579\" height=\"434\" srcset=\"https:\/\/us.edu.pl\/student\/wp-content\/uploads\/sites\/3\/2024\/10\/800x600px.png 800w, https:\/\/us.edu.pl\/student\/wp-content\/uploads\/sites\/3\/2024\/10\/800x600px-300x225.png 300w, https:\/\/us.edu.pl\/student\/wp-content\/uploads\/sites\/3\/2024\/10\/800x600px-768x576.png 768w, https:\/\/us.edu.pl\/student\/wp-content\/uploads\/sites\/3\/2024\/10\/800x600px-575x431.png 575w\" sizes=\"(max-width: 579px) 100vw, 579px\" \/><\/p>\n<ol>\n<li>Nawigacja Wewn\u0105trz Budynk\u00f3w<br \/>\nZ \u0142atwo\u015bci\u0105 znajduj sale wyk\u0142adowe, pracownie, biblioteki i inne kluczowe\u00a0punkty w obr\u0119bie kampusu. Dzi\u0119ki intuicyjnemu systemowi map wewn\u0119trznych b\u0119dziesz mog\u0142a\/m\u00f3g\u0142 szybko dostosowa\u0107 tras\u0119 do swoich bie\u017c\u0105cych potrzeb.<\/li>\n<li>Panic Button<br \/>\nZ my\u015bl\u0105 o Twoim bezpiecze\u0144stwie Dost\u0119pny U\u015a zawiera funkcj\u0119 Panic Button. W przypadku nag\u0142ej sytuacji lub zagro\u017cenia wystarczy jedno klikni\u0119cie, aby aplikacja automatycznie wys\u0142a\u0142a powiadomienie z Twoj\u0105 lokalizacj\u0105 do odpowiednich s\u0142u\u017cb.<\/li>\n<li>Przywo\u0142anie Asysty<br \/>\nPotrzebujesz pomocy lub informacji? Dzi\u0119ki funkcji Przywo\u0142ania Asysty osoby znajduj\u0105ce si\u0119 w pobli\u017cu, r\u00f3wnie\u017c korzystaj\u0105ce z aplikacji dowiedz\u0105 si\u0119, \u017ce kto\u015b potrzebuje asysty. Dzi\u0119ki systemowi nawigacji wewn\u0119trznej b\u0119d\u0105 mog\u0142y Ci\u0119 zlokalizowa\u0107 i udzieli\u0107 Ci wsparcia.<\/li>\n<li>U\u015aterka \u2013 Zg\u0142aszanie Usterki<br \/>\nZauwa\u017cy\u0142a\u015b(-e\u015b) usterk\u0119 w budynku uczelni albo co\u015b, co wymaga ulepszenia? Chcesz zostawi\u0107 informacj\u0119, \u017ce co\u015b Ci si\u0119 podoba, a mo\u017ce masz pomys\u0142 na usprawnienie przestrzeni kampusu? Dzi\u0119ki funkcji U\u015aterka mo\u017cesz \u0142atwo zg\u0142osi\u0107 problem zwi\u0105zany z infrastruktur\u0105 i mie\u0107 realny wp\u0142yw na swoje otoczenie.<\/li>\n<li>Komunikaty i Og\u0142oszenia<br \/>\nB\u0105d\u017a na bie\u017c\u0105co z najnowszymi informacjami dotycz\u0105cymi \u017cycia na kampusie. Otrzymuj komunikaty, dodawaj swoje og\u0142oszenia i aktywnie dzia\u0142aj w spo\u0142eczno\u015bci studenckiej.<\/li>\n<\/ol>\n<p>Pobierz Dost\u0119pny U\u015a ju\u017c dzi\u015b i korzystaj z nowoczesnej nawigacji na Uniwersytecie \u015al\u0105skim!<\/p>\n<ul>\n<li><a href=\"https:\/\/play.google.com\/store\/apps\/details?id=pl.edu.us.dostepnyus&amp;hl=pl\"><span lang=\"EN-GB\">Android<\/span><\/a><\/li>\n<li><a href=\"https:\/\/apps.apple.com\/pl\/app\/dost%C4%99pny-u%C5%9B\/id6468239872?l=pl\">iOS<\/a><\/li>\n<\/ul>\n<p>&nbsp;<\/p>\n<h3>Aplikacja \u201eMobilny USOS U\u015a\u201d<\/h3>\n<p style=\"font-weight: 400;\">\u201eMobilny USOS U\u015a\u201d to wersja mobilna systemu USOS. Dzi\u0119ki niej mo\u017cecie mie\u0107 zawsze pod r\u0119k\u0105 dost\u0119p do swoich ocen i planu zaj\u0119\u0107, a tak\u017ce sprawnie i wygodnie z\u0142o\u017cy\u0107 wniosek, sprawdzi\u0107 stan rozpocz\u0119tej sprawy czy uzyska\u0107 inne wa\u017cne informacje ze swojego wydzia\u0142u.<\/p>\n<p style=\"font-weight: 400;\">Aplikacj\u0119 mo\u017cna bezp\u0142atnie pobra\u0107 na urz\u0105dzeniach z systemem <a href=\"https:\/\/play.google.com\/store\/apps\/details?id=pl.edu.usos.mobilny&amp;fbclid=IwY2xjawMmgMZleHRuA2FlbQIxMABicmlkETE1ckNDZ2JGOGd3QlNOV1RYAR4jPr7OcFRrwaQMjirLxwMzbOARZCYT88NAJEt3KxkNwUXy-eOXTAu_pMfkTg_aem_jd56Bw5FzwpE0pfXSOZEwA\">Android<\/a> oraz <a href=\"https:\/\/apps.apple.com\/us\/app\/mobilny-usos-2-0\/id6747705479\">iOS<\/a>.<\/p>\n<div class=\"mt-3\"><\/div>\r\n                            <\/div>\r\n                            \r\n                            \r\n                        <\/div>\r\n                    <\/div>\r\n                <\/div>[vc_row_inner el_class=&#8221;container&#8221;][vc_column_inner width=&#8221;1\/2&#8243;]\r\n                <div class=\"text-modules\">\r\n                    <div class=\"container\">\r\n                        \r\n                        <div class=\"text-modules__content\"><\/p>\n<h3>Aplikacja Europejskiego Miasta Nauki<\/h3>\n<p>Odkryj now\u0105 aplikacj\u0119 Europejskiego Miasta Nauki \u2013 stworzona z my\u015bl\u0105 o uczestnikach wyj\u0105tkowych wydarze\u0144!<br \/>\nDzi\u0119ki niej masz \u0142atwy dost\u0119p do wszystkich tre\u015bci programowych na wyci\u0105gni\u0119cie r\u0119ki. Sprawd\u017a pe\u0142en harmonogram przygotowanych aktywno\u015bci w prosty spos\u00f3b przegl\u0105daj r\u00f3\u017cne wydarzenia, i wybieraj te, kt\u00f3re Ci\u0119 najbardziej interesuj\u0105.<br \/>\nAplikacja dzia\u0142a w trzech j\u0119zykach (PL.ENG, UKR), co u\u0142atwia korzystanie.<br \/>\nMo\u017cesz j\u0105 pobra\u0107 na urz\u0105dzenia z systemem <a href=\"https:\/\/play.google.com\/store\/apps\/details?id=pl.miastonauki\">Android<\/a> oraz <a href=\"https:\/\/apps.apple.com\/us\/app\/miasto-nauki\/id6737172204\">iOS<\/a>.<\/p>\n<p>Zainstaluj aplikacj\u0119 i miej program Europejskiego Miasta Nauki zawsze pod r\u0119k\u0105!<\/p>\n<\/div>\r\n                    <\/div>\r\n                <\/div>[\/vc_column_inner][vc_column_inner width=&#8221;1\/2&#8243;]\r\n                <div class=\"text-modules\">\r\n                    <div class=\"container\">\r\n                        \r\n                        <div class=\"text-modules__content\"><p><iframe loading=\"lazy\" title=\"Witamy w Europejskim Mie\u015bcie Nauki 2024!\" src=\"https:\/\/www.youtube.com\/embed\/ZtOKkHD1IDs\" width=\"600\" height=\"300\" frameborder=\"0\" allowfullscreen=\"allowfullscreen\"><\/iframe><\/p>\n<\/div>\r\n                    <\/div>\r\n                <\/div>[\/vc_column_inner][\/vc_row_inner][vc_row_inner][vc_column_inner width=&#8221;1\/2&#8243;]\r\n                <div class=\"text-modules\">\r\n                    <div class=\"container\">\r\n                        \r\n                        <div class=\"text-modules__content\"><\/p>\n<h3>Aplikacja \u201eCINiBA Katowice \u2013 mPROLIB\u201d<\/h3>\n<p style=\"font-weight: 400;\">\u201eCINiBA Katowice \u2013 mPROLIB\u201d gwarantuje szybki dost\u0119p do katalogu Integro oraz pozwala zarz\u0105dza\u0107 swoim kontem czytelniczym. Umo\u017cliwia obs\u0142ug\u0119 podstawowych funkcji katalogu Integro, w tym:<\/p>\n<ul>\n<li>przegl\u0105danie katalogu,<\/li>\n<li>zamawianie i rezerwowanie materia\u0142\u00f3w bibliotecznych,<\/li>\n<li>czytanie zasob\u00f3w bibliotecznych dost\u0119pnych online,<\/li>\n<li>sprawdzanie stanu konta i zarz\u0105dzanie nim,<\/li>\n<li>prolongat\u0119 \/ zmian\u0119 terminu zwrotu.<\/li>\n<\/ul>\n<p>Nie umo\u017cliwia z kolei rezerwacji kabin pracy indywidualnej, zamawiania kopii oraz sprawdzania numeru rega\u0142u w wolnym dost\u0119pie.<\/p>\n<p>Do aplikacji loguje si\u0119 przy u\u017cyciu danych z konta czytelnika.<\/p>\n<p>Aplikacj\u0119 mo\u017cna bezp\u0142atnie pobra\u0107<span id=\"more-46578\"><\/span>\u00a0ze sklepu\u00a0<a href=\"https:\/\/play.google.com\/store\/apps\/details?id=pl.prolib.ciniba&amp;hl=pl\">Google Play<\/a>.<\/p>\n<\/div>\r\n                    <\/div>\r\n                <\/div>[\/vc_column_inner][vc_column_inner width=&#8221;1\/2&#8243;]\r\n                <div class=\"text-modules\">\r\n                    <div class=\"container\">\r\n                        \r\n                        <div class=\"text-modules__content\"><p><img class=\"wp-image-46589 alignleft\" src=\"https:\/\/us.edu.pl\/student\/wp-content\/uploads\/sites\/3\/2024\/10\/1-e1728458564970.png\" alt=\"Plakat informacyjny - telefon, na kt\u00f3rym wy\u015bwietlone s\u0105 zasoby biblioteczne, wok\u00f3\u0142 niego dymki z informacjami.\" width=\"380\" height=\"538\" \/><\/p>\n<\/div>\r\n                    <\/div>\r\n                <\/div>[\/vc_column_inner][\/vc_row_inner][\/vc_column][\/vc_row][vc_row][vc_column]\r\n                <div class=\"text-modules\">\r\n                    <div class=\"container\">\r\n                        \r\n                        <div class=\"text-modules__content\"><\/p>\n<hr \/>\n<p>Aplikacja \u201eDost\u0119pny U\u015a\u201d zosta\u0142a zrealizowana w ramach projektu \u201eDUO \u2013 Uniwersytet \u015al\u0105ski uczelni\u0105 dost\u0119pn\u0105, uniwersaln\u0105 i otwart\u0105\u201d ze \u015brodk\u00f3w Unii Europejskiej w ramach Programu Operacyjnego Wiedza Edukacja Rozw\u00f3j, O\u015b priorytetowa: III. Szkolnictwo wy\u017csze dla gospodarki i rozwoju, Dzia\u0142anie: 3.5 Kompleksowe programy szk\u00f3\u0142 wy\u017cszych \u2013 ZADANIE 5: Wprowadzenie technologii wspieraj\u0105cych zwi\u0119kszaj\u0105cych samodzielno\u015b\u0107 student\u00f3w \u2013 Zbudowanie i wdro\u017cenie mobilnej aplikacji pomocowej. Nr umowy o dofinansowanie: POWR.03.05.00-00-A031\/19-00.<\/p>\n<\/div>\r\n                    <\/div>\r\n                <\/div>[\/vc_column][\/vc_row]<\/p>","protected":false},"excerpt":{"rendered":"<p>[vc_row el_class=&#8221;container&#8221;][vc_column][vc_row_inner el_class=&#8221;container&#8221;][vc_column_inner width=&#8221;1\/2&#8243;][\/vc_column_inner][vc_column_inner width=&#8221;1\/2&#8243;][\/vc_column_inner][\/vc_row_inner][vc_row_inner][vc_column_inner width=&#8221;1\/2&#8243;][\/vc_column_inner][vc_column_inner width=&#8221;1\/2&#8243;][\/vc_column_inner][\/vc_row_inner][\/vc_column][\/vc_row][vc_row][vc_column][\/vc_column][\/vc_row] [&#8230;]<\/p>\n<p><a class=\"btn btn-secondary understrap-read-more-link\" href=\"https:\/\/us.edu.pl\/student\/aplikacja-mobilna-dostepny-us\/\">Read More&#8230;<\/a><\/p>\n","protected":false},"author":28,"featured_media":0,"parent":0,"menu_order":0,"comment_status":"closed","ping_status":"closed","template":"","meta":{"_expiration-date-status":"","_expiration-date":0,"_expiration-date-type":"","_expiration-date-categories":[],"_expiration-date-options":[]},"acf":[],"_links":{"self":[{"href":"https:\/\/us.edu.pl\/student\/wp-json\/wp\/v2\/pages\/46481"}],"collection":[{"href":"https:\/\/us.edu.pl\/student\/wp-json\/wp\/v2\/pages"}],"about":[{"href":"https:\/\/us.edu.pl\/student\/wp-json\/wp\/v2\/types\/page"}],"author":[{"embeddable":true,"href":"https:\/\/us.edu.pl\/student\/wp-json\/wp\/v2\/users\/28"}],"replies":[{"embeddable":true,"href":"https:\/\/us.edu.pl\/student\/wp-json\/wp\/v2\/comments?post=46481"}],"version-history":[{"count":10,"href":"https:\/\/us.edu.pl\/student\/wp-json\/wp\/v2\/pages\/46481\/revisions"}],"predecessor-version":[{"id":58926,"href":"https:\/\/us.edu.pl\/student\/wp-json\/wp\/v2\/pages\/46481\/revisions\/58926"}],"wp:attachment":[{"href":"https:\/\/us.edu.pl\/student\/wp-json\/wp\/v2\/media?parent=46481"}],"curies":[{"name":"wp","href":"https:\/\/api.w.org\/{rel}","templated":true}]}}