{"id":5036,"date":"2019-09-16T10:59:26","date_gmt":"2019-09-16T08:59:26","guid":{"rendered":"http:\/\/php71.nfinity-beta.pl\/us\/student\/?page_id=5036"},"modified":"2022-12-09T14:30:34","modified_gmt":"2022-12-09T13:30:34","slug":"urlopy","status":"publish","type":"page","link":"https:\/\/us.edu.pl\/student\/studia\/tok-studiow-2\/urlopy\/","title":{"rendered":"Urlopy"},"content":{"rendered":"<p>[vc_row][vc_column]\r\n                <div class=\"text-modules\">\r\n                    <div class=\"container\">\r\n                        <h3 class=\"page-title text__title\">Urlop dzieka\u0144ski<\/h3>\r\n                        <div class=\"text-modules__content\"><p>W sytuacji, kiedy student z wa\u017cnych przyczyn nie mo\u017ce uczestniczy\u0107 w zaj\u0119ciach, ma prawo wnioskowa\u0107 o urlop. Wa\u017cne jest, by wniosek taki z\u0142o\u017cy\u0107 niezw\u0142ocznie po zaistnieniu przyczyny uzasadniaj\u0105cej ubieganie si\u0119 o urlop.<\/p>\n<p>Zazwyczaj powodem korzystania z tego uprawnienia jest ograniczona zdolno\u015b\u0107 studenta do uczestniczenia w zaj\u0119ciach zwi\u0105zana z wa\u017cnymi wydarzeniami w jego \u017cyciu. Urlop pozwala na legalne zaniechanie udzia\u0142u w zaj\u0119ciach, a nast\u0119pnie powr\u00f3t i kontynuacj\u0119 studi\u00f3w.<\/p>\n<p>Studentowi mo\u017ce by\u0107 udzielony urlop kr\u00f3tkoterminowy, trwaj\u0105cy nie d\u0142u\u017cej ni\u017c 6 tygodni.<\/p>\n<p>Je\u015bli staranie si\u0119 o urlop wynika z powtarzania semestru, studentowi mo\u017ce zosta\u0107 udzielony urlop semestralny.<\/p>\n<p>Student mo\u017ce ubiega\u0107 si\u0119 tak\u017ce o urlop roczny.<\/p>\n<\/div>\r\n                    <\/div>\r\n                <\/div>\r\n                <div class=\"text-modules\">\r\n                    <div class=\"container\">\r\n                        <h3 class=\"page-title text__title\">Urlop udzielany studentce w ci\u0105\u017cy<\/h3>\r\n                        <div class=\"text-modules__content\"><p>Okres urlopu dla studentki w ci\u0105\u017cy przewidziany w ustawie to czas do dnia urodzenia dziecka. Je\u015bli koniec urlopu przypada w trakcie semestru, mo\u017cna go przed\u0142u\u017cy\u0107 do ko\u0144ca semestru. Takiego urlopu uczelnia nie mo\u017ce odm\u00f3wi\u0107. Do wniosku nale\u017cy za\u0142\u0105czy\u0107 za\u015bwiadczenie lekarskie, a potem uzupe\u0142ni\u0107 o akt urodzenia dziecka.<\/p>\n<p>Mo\u017cliwa jest ponadto kr\u00f3tkotrwa\u0142a nieobecno\u015b\u0107 na zaj\u0119ciach niewymagaj\u0105ca korzystania z urlopu. Nale\u017cy w\u00f3wczas zg\u0142osi\u0107 jej przyczyny prowadz\u0105cemu najp\u00f3\u017aniej na pierwszych zaj\u0119ciach, na kt\u00f3rych student b\u0119dzie obecny.<\/p>\n<\/div>\r\n                    <\/div>\r\n                <\/div>\r\n                <div class=\"text-modules\">\r\n                    <div class=\"container\">\r\n                        <h3 class=\"page-title text__title\">Urlop dla student\u00f3w-rodzic\u00f3w<\/h3>\r\n                        <div class=\"text-modules__content\"><p>Maksymalny okres urlopu dla matki i ojca b\u0119d\u0105cych studentami to rok. Je\u017celi koniec urlopu przypada w trakcie semestru, urlop mo\u017ce by\u0107 przed\u0142u\u017cony do ko\u0144ca tego semestru. Takiego urlopu uczelnia nie mo\u017ce odm\u00f3wi\u0107. Wniosek o udzielenie urlopu powinien by\u0107 z\u0142o\u017cony w okresie 1 roku od dnia urodzenia dziecka.\u00a0Do wniosku nale\u017cy za\u0142\u0105czy\u0107 akt urodzenia.<\/p>\n<\/div>\r\n                    <\/div>\r\n                <\/div>\r\n                <div class=\"text-modules\">\r\n                    <div class=\"container\">\r\n                        <h3 class=\"page-title text__title\">Urlop zdrowotny<\/h3>\r\n                        <div class=\"text-modules__content\"><p>Student, kt\u00f3remu stan zdrowia czasowo uniemo\u017cliwia studiowanie, ma prawo do urlopu zdrowotnego.<\/p>\n<\/div>\r\n                    <\/div>\r\n                <\/div>\r\n                <div class=\"text-modules\">\r\n                    <div class=\"container\">\r\n                        <h3 class=\"page-title text__title\">Informacje uzupe\u0142niaj\u0105ce dotycz\u0105ce urlop\u00f3w:<\/h3>\r\n                        <div class=\"text-modules__content\"><\/p>\n<ul style=\"list-style-type: circle;\">\n<li>\u0142\u0105czna d\u0142ugo\u015b\u0107 urlopu nie mo\u017ce przekracza\u0107 2 lat w ci\u0105gu ca\u0142ego okresu studi\u00f3w \u2013 przepisu tego nie stosuje si\u0119 do urlopu zdrowotnego;<\/li>\n<li>przebywanie na urlopie kr\u00f3tkoterminowym (do 6 tygodni) nie zwalnia studenta z obowi\u0105zku terminowego zaliczenia semestru studi\u00f3w;<\/li>\n<li>w trakcie urlopu student ma mo\u017cliwo\u015b\u0107 przyst\u0119powania do zalicze\u0144 i egzamin\u00f3w \u2013 we wniosku o udzielenie urlopu nale\u017cy zaznaczy\u0107, \u017ce zamierza si\u0119 z tego prawa skorzysta\u0107;<\/li>\n<li>studentowi mo\u017ce by\u0107 udzielony urlop roczny \u2013 warunkiem udzielenia tego urlopu jest zaliczenie semestru studi\u00f3w;<\/li>\n<li>w uzasadnionych przypadkach dziekan mo\u017ce przyzna\u0107 urlop w sytuacji braku zaliczenia semestru;<\/li>\n<li>student po powrocie z urlopu jest zobowi\u0105zany wyr\u00f3wna\u0107 r\u00f3\u017cnice programowe wynikaj\u0105ce ze zmiany programu studi\u00f3w;<\/li>\n<li>w trakcie przebywania na urlopie student zachowuje uprawnienia studenckie;<\/li>\n<li>uprawnienia do \u015bwiadcze\u0144 pomocy materialnej w trakcie przebywania na urlopie reguluj\u0105 odr\u0119bne przepisy.<\/li>\n<\/ul>\n<p>Powinno by\u0107: Podstaw\u0105 prawn\u0105 do udzielania urlop\u00f3w jest <strong>\u00a7 32<\/strong>\u00a0<a href=\"http:\/\/student.us.edu.pl\/najwazniejsze-akty-prawne\"><strong>Regulaminu studi\u00f3w w Uniwersytecie \u015al\u0105skim<\/strong><\/a>.<\/p>\n<\/div>\r\n                    <\/div>\r\n                <\/div>\r\n                <div class=\"text-modules\">\r\n                    <div class=\"container\">\r\n                        <h3 class=\"page-title text__title\">Pami\u0119taj!<\/h3>\r\n                        <div class=\"text-modules__content\"><p>Na ka\u017cdym z wniosk\u00f3w musi znale\u017a\u0107 si\u0119 Tw\u00f3j w\u0142asnor\u0119czny podpis.<\/p>\n<p>Wniosek o udzielenie urlopu powinien r\u00f3wnie\u017c zawiera\u0107 nale\u017cyte uzasadnienie.<\/p>\n<p>Aktualizuj r\u00f3wnie\u017c dane kontaktowe, by m\u00f3c niezw\u0142ocznie otrzyma\u0107 odpowied\u017a na sw\u00f3j wniosek.<\/p>\n<\/div>\r\n                    <\/div>\r\n                <\/div>\r\n                <div class=\"text-modules\">\r\n                    <div class=\"container\">\r\n                        <h3 class=\"page-title text__title\">Wymagane dokumenty<\/h3>\r\n                        <div class=\"text-modules__content\"><\/div>\r\n                    <\/div>\r\n                <\/div>[\/vc_column][\/vc_row]<\/p>","protected":false},"excerpt":{"rendered":"<p>[vc_row][vc_column][\/vc_column][\/vc_row] [&#8230;]<\/p>\n<p><a class=\"btn btn-secondary understrap-read-more-link\" href=\"https:\/\/us.edu.pl\/student\/studia\/tok-studiow-2\/urlopy\/\">Read More&#8230;<\/a><\/p>\n","protected":false},"author":1,"featured_media":0,"parent":9046,"menu_order":0,"comment_status":"closed","ping_status":"closed","template":"page-templates\/inner-page.php","meta":{"_expiration-date-status":"saved","_expiration-date":0,"_expiration-date-type":"","_expiration-date-categories":[],"_expiration-date-options":[]},"acf":[],"_links":{"self":[{"href":"https:\/\/us.edu.pl\/student\/wp-json\/wp\/v2\/pages\/5036"}],"collection":[{"href":"https:\/\/us.edu.pl\/student\/wp-json\/wp\/v2\/pages"}],"about":[{"href":"https:\/\/us.edu.pl\/student\/wp-json\/wp\/v2\/types\/page"}],"author":[{"embeddable":true,"href":"https:\/\/us.edu.pl\/student\/wp-json\/wp\/v2\/users\/1"}],"replies":[{"embeddable":true,"href":"https:\/\/us.edu.pl\/student\/wp-json\/wp\/v2\/comments?post=5036"}],"version-history":[{"count":2,"href":"https:\/\/us.edu.pl\/student\/wp-json\/wp\/v2\/pages\/5036\/revisions"}],"predecessor-version":[{"id":38259,"href":"https:\/\/us.edu.pl\/student\/wp-json\/wp\/v2\/pages\/5036\/revisions\/38259"}],"up":[{"embeddable":true,"href":"https:\/\/us.edu.pl\/student\/wp-json\/wp\/v2\/pages\/9046"}],"wp:attachment":[{"href":"https:\/\/us.edu.pl\/student\/wp-json\/wp\/v2\/media?parent=5036"}],"curies":[{"name":"wp","href":"https:\/\/api.w.org\/{rel}","templated":true}]}}