{"id":53901,"date":"2025-06-02T10:44:36","date_gmt":"2025-06-02T08:44:36","guid":{"rendered":"https:\/\/us.edu.pl\/student\/?page_id=53901"},"modified":"2025-06-04T17:11:30","modified_gmt":"2025-06-04T15:11:30","slug":"uniwersytet-slaski-dzieci","status":"publish","type":"page","link":"https:\/\/us.edu.pl\/student\/dzialalnosc-studencka\/wyroznienia-jm-rektora-us\/laureatki-i-laureaci-xvii-edycji-wyroznien-jm-rektora-us\/uniwersytet-slaski-dzieci\/","title":{"rendered":"Uniwersytet \u015al\u0105ski Dzieci"},"content":{"rendered":"<p>[vc_row][vc_column]\r\n                <div class=\"text-modules\">\r\n                    <div class=\"container\">\r\n                        <h3 class=\"page-title text__title\">Uniwersytet \u015al\u0105ski Dzieci<\/h3>\r\n                        <div class=\"text-modules__content\"><p><a href=\"#pelka\">Lilianna Pe\u0142ka<\/a><br \/>\n<a href=\"#rams\">Benedykt Rams<\/a><br \/>\n<a href=\"#Grajcarek\">Maja Grajcarek<\/a><\/p>\n<\/div>\r\n                    <\/div>\r\n                <\/div>\r\n                <div class=\"text-modules \">\r\n                    <div class=\"container\">\r\n                         \r\n                        <div class=\"row m-0\">\r\n                            <div class=\"text-modules__content\">\r\n                                <\/p>\n<h3><b>Lilianna Pe\u0142ka<a id=\"pelka\"><\/a><\/b><\/h3>\n<p><span style=\"font-weight: 400;\">Ch\u0119tnie bierze udzia\u0142 w konkursach plastycznych, w kt\u00f3rych zdobywa nagrody i wyr\u00f3\u017cnienia. Na Uniwersytecie \u015al\u0105skim Dzieci jest cz\u0142onkiem wolontariatu. Rozwija swoje zainteresowania artystyczne: malarstwo, rysunek, prace manualne oraz zainteresowania muzyczne, takie jak \u015bpiew czy gra na instrumentach (pianino i gitara). Interesuje si\u0119 chemi\u0105, lubi eksperymentowa\u0107 oraz uwielbia czyta\u0107.<\/span> \r\n                                <div class=\"mt-3\"><\/div>\r\n                            <\/div>\r\n                            \r\n                            <div class=\"text-modules__img\"><img src=\"https:\/\/us.edu.pl\/student\/wp-content\/uploads\/sites\/3\/Wyroznienia-rektora\/Wroznienia-2025\/Pelka-190x300.jpg\" alt=\"img\"><\/div>\r\n                        <\/div>\r\n                    <\/div>\r\n                <\/div>\r\n                <div class=\"text-modules \">\r\n                    <div class=\"container\">\r\n                         \r\n                        <div class=\"row m-0\">\r\n                            <div class=\"text-modules__content\">\r\n                                <\/p>\n<h3><b>Benedykt Rams<a id=\"rams\"><\/a><\/b><\/h3>\n<p><span style=\"font-weight: 400;\">W\u015br\u00f3d swoich osi\u0105gni\u0119\u0107 mo\u017ce wymieni\u0107 zdobycie pierwszego miejsca w szkolnym konkursie \u201eMagiczna Jedenastka\u201d w kategorii \u201eOpowie\u015bci z Narni\u201d (6.03.2025) oraz drugiego miejsca w kategorii \u201eHarry Potter\u201d (6.03.2025). Wzi\u0105\u0142 r\u00f3wnie\u017c udzia\u0142 w konkursie \u201eKangur Matematyczny\u201d (20.03.2025). Jego zainteresowania i pasje to fizyka, matematyka, programowanie robot\u00f3w, biologia, historia, ksi\u0105\u017cki Tolkiena, Pratchetta i Rowling oraz jazda konna.<\/span> \r\n                                <div class=\"mt-3\"><\/div>\r\n                            <\/div>\r\n                            \r\n                            <div class=\"text-modules__img\"><img src=\"https:\/\/us.edu.pl\/student\/wp-content\/uploads\/sites\/3\/Wyroznienia-rektora\/Wroznienia-2025\/Rams-226x300.jpg\" alt=\"img\"><\/div>\r\n                        <\/div>\r\n                    <\/div>\r\n                <\/div>\r\n                <div class=\"text-modules \">\r\n                    <div class=\"container\">\r\n                         \r\n                        <div class=\"row m-0\">\r\n                            <div class=\"text-modules__content\">\r\n                                <\/p>\n<h3><b>Maja Grajcarek<a id=\"Grajcarek\"><\/a><\/b><\/h3>\n<p><span style=\"font-weight: 400;\">Bra\u0142a udzia\u0142 w olimpiadach matematycznych i biologicznych. Anga\u017cuje si\u0119 r\u00f3wnie\u017c w dzia\u0142ania Dzieci\u0119cej Rady Miasta w Pszczynie. Pomaga jako wolontariuszka, a w roku szkolnym 2023\/2024 pe\u0142ni\u0142a funkcj\u0119 przewodnicz\u0105cej w Uniwersytecie \u015al\u0105skim Dzieci. Jej zainteresowania to czytanie ksi\u0105\u017cek i podr\u00f3\u017ce. Uniwersytet \u015al\u0105ski jest dla niej inspiruj\u0105cym \u017ar\u00f3d\u0142em wiedzy, pozwalaj\u0105cym pozna\u0107 r\u00f3\u017cne tematy \u2013 zar\u00f3wno naukowe, jak i artystyczne.<\/span> \r\n                                <div class=\"mt-3\"><\/div>\r\n                            <\/div>\r\n                            \r\n                            <div class=\"text-modules__img\"><img src=\"https:\/\/us.edu.pl\/student\/wp-content\/uploads\/sites\/3\/Wyroznienia-rektora\/Wroznienia-2025\/Grajcarek-233x300.jpg\" alt=\"img\"><\/div>\r\n                        <\/div>\r\n                    <\/div>\r\n                <\/div>[\/vc_column][\/vc_row]<\/p>","protected":false},"excerpt":{"rendered":"<p>[vc_row][vc_column][\/vc_column][\/vc_row] [&#8230;]<\/p>\n<p><a class=\"btn btn-secondary understrap-read-more-link\" href=\"https:\/\/us.edu.pl\/student\/dzialalnosc-studencka\/wyroznienia-jm-rektora-us\/laureatki-i-laureaci-xvii-edycji-wyroznien-jm-rektora-us\/uniwersytet-slaski-dzieci\/\">Read More&#8230;<\/a><\/p>\n","protected":false},"author":28,"featured_media":0,"parent":53861,"menu_order":0,"comment_status":"closed","ping_status":"closed","template":"","meta":{"_expiration-date-status":"","_expiration-date":0,"_expiration-date-type":"","_expiration-date-categories":[],"_expiration-date-options":[]},"acf":[],"_links":{"self":[{"href":"https:\/\/us.edu.pl\/student\/wp-json\/wp\/v2\/pages\/53901"}],"collection":[{"href":"https:\/\/us.edu.pl\/student\/wp-json\/wp\/v2\/pages"}],"about":[{"href":"https:\/\/us.edu.pl\/student\/wp-json\/wp\/v2\/types\/page"}],"author":[{"embeddable":true,"href":"https:\/\/us.edu.pl\/student\/wp-json\/wp\/v2\/users\/28"}],"replies":[{"embeddable":true,"href":"https:\/\/us.edu.pl\/student\/wp-json\/wp\/v2\/comments?post=53901"}],"version-history":[{"count":6,"href":"https:\/\/us.edu.pl\/student\/wp-json\/wp\/v2\/pages\/53901\/revisions"}],"predecessor-version":[{"id":54613,"href":"https:\/\/us.edu.pl\/student\/wp-json\/wp\/v2\/pages\/53901\/revisions\/54613"}],"up":[{"embeddable":true,"href":"https:\/\/us.edu.pl\/student\/wp-json\/wp\/v2\/pages\/53861"}],"wp:attachment":[{"href":"https:\/\/us.edu.pl\/student\/wp-json\/wp\/v2\/media?parent=53901"}],"curies":[{"name":"wp","href":"https:\/\/api.w.org\/{rel}","templated":true}]}}