{"id":53913,"date":"2025-06-02T10:47:53","date_gmt":"2025-06-02T08:47:53","guid":{"rendered":"https:\/\/us.edu.pl\/student\/?page_id=53913"},"modified":"2025-06-03T16:01:19","modified_gmt":"2025-06-03T14:01:19","slug":"uniwersytet-slaski-mlodziezy","status":"publish","type":"page","link":"https:\/\/us.edu.pl\/student\/dzialalnosc-studencka\/wyroznienia-jm-rektora-us\/laureatki-i-laureaci-xvii-edycji-wyroznien-jm-rektora-us\/uniwersytet-slaski-mlodziezy\/","title":{"rendered":"Uniwersytet \u015al\u0105ski M\u0142odzie\u017cy"},"content":{"rendered":"<p>[vc_row][vc_column]\r\n                <div class=\"text-modules \">\r\n                    <div class=\"container\">\r\n                        <h3 class=\"section-title section-title_border-bottom\">Uniwersytet \u015al\u0105ski M\u0142odzie\u017cy<\/h3> \r\n                        <div class=\"row m-0\">\r\n                            <div class=\"text-modules__content\">\r\n                                <\/p>\n<h3><strong>Rita Stefa\u0144ska<\/strong><\/h3>\n<p><span style=\"font-weight: 400;\">W 2024 roku uko\u0144czy\u0142a z wyr\u00f3\u017cnieniem Szko\u0142\u0119 Podstawow\u0105 nr 58 w Katowicach i otrzyma\u0142a tytu\u0142 \u201ePrymusa Szko\u0142y\u201d. Uczestniczka og\u00f3lnopolskiego konkursu j\u0119zyka angielskiego Memory Master, laureatka III stopnia w 2020 roku. Bra\u0142a udzia\u0142 w szkolnych konkursach matematycznych, w kt\u00f3rych dwukrotnie zaj\u0119\u0142a pierwsze miejsce, a tak\u017ce w szkolnych konkursach plastycznych, w kt\u00f3rych zdobywa\u0142a wyr\u00f3\u017cnienia oraz dwukrotnie zaj\u0119\u0142a pierwsze miejsce. Podczas Nocy Biolog\u00f3w 2021 zaj\u0119\u0142a pierwsze miejsce ex aequo w konkursie plastycznym \u201ePrzez klocki do nauki\u201d (w kategorii 7\u201311 lat) za model bakteriofaga zbudowany z klock\u00f3w LEGO. Jako zawodniczka Baseballowego Klubu Sportowego \u201eRawa Katowice\u201d uczestniczy\u0142a w Rz\u0105dowym Programie \u201eKlub\u201d. By\u0142a zawodniczk\u0105 Kadry \u015al\u0105ska oraz dwukrotnie otrzyma\u0142a powo\u0142anie na zgrupowanie Kadry Narodowej (softball \u2013 kadetki). Zosta\u0142a wybrana najlepsz\u0105 zawodniczk\u0105 dru\u017cyny podczas Halowego Pucharu Polski Kadetek U15 w \u017borach (2023) oraz Mistrzostw Polski w Softballu U15 w Warszawie (2023). Otrzyma\u0142a wyr\u00f3\u017cnienie na Mistrzostwach Polski w Softballu U18 w Katowicach (2024). Zosta\u0142a r\u00f3wnie\u017c wybrana najlepsz\u0105 zawodniczk\u0105 turnieju, graj\u0105c\u0105 na pozycji zapolowej, podczas Halowego Pucharu Polski Juniorek U18 w \u017borach (2025).<\/span> \r\n                                <div class=\"mt-3\"><\/div>\r\n                            <\/div>\r\n                            \r\n                            <div class=\"text-modules__img\"><img src=\"https:\/\/us.edu.pl\/student\/wp-content\/uploads\/sites\/3\/Wyroznienia-rektora\/Wroznienia-2025\/Stefanska-225x300.jpeg\" alt=\"img\"><\/div>\r\n                        <\/div>\r\n                    <\/div>\r\n                <\/div>[\/vc_column][\/vc_row]<\/p>","protected":false},"excerpt":{"rendered":"<p>[vc_row][vc_column][\/vc_column][\/vc_row] [&#8230;]<\/p>\n<p><a class=\"btn btn-secondary understrap-read-more-link\" href=\"https:\/\/us.edu.pl\/student\/dzialalnosc-studencka\/wyroznienia-jm-rektora-us\/laureatki-i-laureaci-xvii-edycji-wyroznien-jm-rektora-us\/uniwersytet-slaski-mlodziezy\/\">Read More&#8230;<\/a><\/p>\n","protected":false},"author":28,"featured_media":0,"parent":53861,"menu_order":0,"comment_status":"closed","ping_status":"closed","template":"","meta":{"_expiration-date-status":"","_expiration-date":0,"_expiration-date-type":"","_expiration-date-categories":[],"_expiration-date-options":[]},"acf":[],"_links":{"self":[{"href":"https:\/\/us.edu.pl\/student\/wp-json\/wp\/v2\/pages\/53913"}],"collection":[{"href":"https:\/\/us.edu.pl\/student\/wp-json\/wp\/v2\/pages"}],"about":[{"href":"https:\/\/us.edu.pl\/student\/wp-json\/wp\/v2\/types\/page"}],"author":[{"embeddable":true,"href":"https:\/\/us.edu.pl\/student\/wp-json\/wp\/v2\/users\/28"}],"replies":[{"embeddable":true,"href":"https:\/\/us.edu.pl\/student\/wp-json\/wp\/v2\/comments?post=53913"}],"version-history":[{"count":4,"href":"https:\/\/us.edu.pl\/student\/wp-json\/wp\/v2\/pages\/53913\/revisions"}],"predecessor-version":[{"id":54553,"href":"https:\/\/us.edu.pl\/student\/wp-json\/wp\/v2\/pages\/53913\/revisions\/54553"}],"up":[{"embeddable":true,"href":"https:\/\/us.edu.pl\/student\/wp-json\/wp\/v2\/pages\/53861"}],"wp:attachment":[{"href":"https:\/\/us.edu.pl\/student\/wp-json\/wp\/v2\/media?parent=53913"}],"curies":[{"name":"wp","href":"https:\/\/api.w.org\/{rel}","templated":true}]}}