{"id":53921,"date":"2025-06-02T10:49:21","date_gmt":"2025-06-02T08:49:21","guid":{"rendered":"https:\/\/us.edu.pl\/student\/?page_id=53921"},"modified":"2025-06-03T16:02:21","modified_gmt":"2025-06-03T14:02:21","slug":"uniwersytet-trzeciego-wieku","status":"publish","type":"page","link":"https:\/\/us.edu.pl\/student\/dzialalnosc-studencka\/wyroznienia-jm-rektora-us\/laureatki-i-laureaci-xvii-edycji-wyroznien-jm-rektora-us\/uniwersytet-trzeciego-wieku\/","title":{"rendered":"Uniwersytet Trzeciego Wieku"},"content":{"rendered":"<p>[vc_row][vc_column]\r\n                <div class=\"text-modules \">\r\n                    <div class=\"container\">\r\n                        <h3 class=\"section-title section-title_border-bottom\">Uniwersytet Trzeciego Wieku<\/h3> \r\n                        <div class=\"row m-0\">\r\n                            <div class=\"text-modules__content\">\r\n                                <\/p>\n<h3><b>Bogus\u0142awa Kramza<\/b><\/h3>\n<p><span style=\"font-weight: 400;\">Wyj\u0105tkowa s\u0142uchaczka Uniwersytetu Trzeciego Wieku, kt\u00f3rej zaanga\u017cowanie i pasja zas\u0142uguj\u0105 na najwy\u017csze uznanie. Jest jedn\u0105 z za\u0142o\u017cycielek Oddzia\u0142u PTTK w Miko\u0142owie \u2013 od lat aktywnie dzia\u0142a na rzecz turystyki i krajoznawstwa. Ma uprawnienia organizatora i kierownika wycieczek krajowych, a jej wk\u0142ad zosta\u0142 uhonorowany licznymi odznaczeniami, w tym srebrn\u0105 i z\u0142ot\u0105 odznak\u0105 PTTK oraz dyplomem \u201eZa ca\u0142okszta\u0142t dzia\u0142alno\u015bci w PTTK\u201d. To r\u00f3wnie\u017c utalentowana malarka nieprofesjonalna, laureatka presti\u017cowych nagr\u00f3d artystycznych \u2013 m.in. zdobywczyni I nagrody VI Przegl\u0105du Sztuki Nieprofesjonalnej w Miko\u0142owie oraz I nagrody VII edycji wydarzenia. Jej aktywno\u015b\u0107, tw\u00f3rczo\u015b\u0107 i nieustanna potrzeba dzielenia si\u0119 swoj\u0105 pasj\u0105 stanowi\u0105 inspiracj\u0119 dla ca\u0142ej spo\u0142eczno\u015bci UTW. Z \u017cyczliwo\u015bci\u0105 i u\u015bmiechem, zawsze bezinteresownie i z g\u0142\u0119bokim zaanga\u017cowaniem niesie pomoc osobom potrzebuj\u0105cym.<\/span> \r\n                                <div class=\"mt-3\"><\/div>\r\n                            <\/div>\r\n                            \r\n                            <div class=\"text-modules__img\"><img src=\"https:\/\/us.edu.pl\/student\/wp-content\/uploads\/sites\/3\/2025\/06\/Kramza-200x300.jpg\" alt=\"img\"><\/div>\r\n                        <\/div>\r\n                    <\/div>\r\n                <\/div>[\/vc_column][\/vc_row]<\/p>","protected":false},"excerpt":{"rendered":"<p>[vc_row][vc_column][\/vc_column][\/vc_row] [&#8230;]<\/p>\n<p><a class=\"btn btn-secondary understrap-read-more-link\" href=\"https:\/\/us.edu.pl\/student\/dzialalnosc-studencka\/wyroznienia-jm-rektora-us\/laureatki-i-laureaci-xvii-edycji-wyroznien-jm-rektora-us\/uniwersytet-trzeciego-wieku\/\">Read More&#8230;<\/a><\/p>\n","protected":false},"author":28,"featured_media":0,"parent":53861,"menu_order":0,"comment_status":"closed","ping_status":"closed","template":"","meta":{"_expiration-date-status":"","_expiration-date":0,"_expiration-date-type":"","_expiration-date-categories":[],"_expiration-date-options":[]},"acf":[],"_links":{"self":[{"href":"https:\/\/us.edu.pl\/student\/wp-json\/wp\/v2\/pages\/53921"}],"collection":[{"href":"https:\/\/us.edu.pl\/student\/wp-json\/wp\/v2\/pages"}],"about":[{"href":"https:\/\/us.edu.pl\/student\/wp-json\/wp\/v2\/types\/page"}],"author":[{"embeddable":true,"href":"https:\/\/us.edu.pl\/student\/wp-json\/wp\/v2\/users\/28"}],"replies":[{"embeddable":true,"href":"https:\/\/us.edu.pl\/student\/wp-json\/wp\/v2\/comments?post=53921"}],"version-history":[{"count":3,"href":"https:\/\/us.edu.pl\/student\/wp-json\/wp\/v2\/pages\/53921\/revisions"}],"predecessor-version":[{"id":54557,"href":"https:\/\/us.edu.pl\/student\/wp-json\/wp\/v2\/pages\/53921\/revisions\/54557"}],"up":[{"embeddable":true,"href":"https:\/\/us.edu.pl\/student\/wp-json\/wp\/v2\/pages\/53861"}],"wp:attachment":[{"href":"https:\/\/us.edu.pl\/student\/wp-json\/wp\/v2\/media?parent=53921"}],"curies":[{"name":"wp","href":"https:\/\/api.w.org\/{rel}","templated":true}]}}