{"id":53929,"date":"2025-06-02T10:54:20","date_gmt":"2025-06-02T08:54:20","guid":{"rendered":"https:\/\/us.edu.pl\/student\/?page_id=53929"},"modified":"2025-06-03T14:59:37","modified_gmt":"2025-06-03T12:59:37","slug":"lista-wszystkich-wyroznionych-xvii-edycji-wyroznien-jm-rektora-us","status":"publish","type":"page","link":"https:\/\/us.edu.pl\/student\/dzialalnosc-studencka\/wyroznienia-jm-rektora-us\/laureatki-i-laureaci-xvii-edycji-wyroznien-jm-rektora-us\/lista-wszystkich-wyroznionych-xvii-edycji-wyroznien-jm-rektora-us\/","title":{"rendered":"Lista wszystkich Wyr\u00f3\u017cnionych XVII edycji Wyr\u00f3\u017cnie\u0144 JM Rektora U\u015a"},"content":{"rendered":"<p>[vc_row][vc_column]\r\n                <div class=\"text-modules\">\r\n                    <div class=\"container\">\r\n                        \r\n                        <div class=\"text-modules__content\"><\/p>\n<h3><span style=\"font-size: 18pt;\"><b>Laureatki i Laureaci XVII edycji <\/b><b>konkursu Wyr\u00f3\u017cnie\u0144 JM Rektora U\u015a<\/b><\/span><\/h3>\n<p>&nbsp;<\/p>\n<h4><span style=\"font-size: 12pt;\"><b>Wydzia\u0142 Humanistyczny<\/b><span style=\"font-weight: 400;\">\u00a0<\/span><\/span><\/h4>\n<ul>\n<li><span style=\"font-weight: 400; font-size: 12pt;\">Magdalena Ba\u0144do (lingwistyka stosowana, \u015bcie\u017cka angielsko-arabska)<\/span><\/li>\n<li><span style=\"font-weight: 400; font-size: 12pt;\">Jakub Fornagiel (tw\u00f3rcze pisanie i marketing wydawniczy)<\/span><\/li>\n<li><span style=\"font-weight: 400; font-size: 12pt;\">Katarzyna Gryncewicz (filologia polska)<\/span><\/li>\n<li><span style=\"font-weight: 400; font-size: 12pt;\">Dawid Hornik (kultury medi\u00f3w)<\/span><\/li>\n<li><span style=\"font-weight: 400; font-size: 12pt;\">Julia Kaiser (filologia germa\u0144ska, specjalno\u015b\u0107 t\u0142umaczeniowa w zakresie j\u0119z. specjalistycznych)<\/span><\/li>\n<li><span style=\"font-weight: 400; font-size: 12pt;\">Alicja Ka\u0142u\u017ca (\u015brodkowoeuropejskie studia historyczne)<\/span><\/li>\n<li><span style=\"font-weight: 400; font-size: 12pt;\">Natasza Piwowarczyk (filologia angielska, specjalno\u015b\u0107 t\u0142umaczeniowa z j\u0119zykiem niemieckim)<\/span><\/li>\n<li><span style=\"font-weight: 400; font-size: 12pt;\">Pawe\u0142 Regiewicz (filologia polska)<\/span><\/li>\n<\/ul>\n<h4><span style=\"font-size: 12pt;\"><b>Wydzia\u0142 Nauk Przyrodniczych<\/b><span style=\"font-weight: 400;\">\u00a0<\/span><\/span><\/h4>\n<ul>\n<li><span style=\"font-size: 12pt;\"><span style=\"font-weight: 400;\">Kamila<\/span> <span style=\"font-weight: 400;\">Adamik (biologia)<\/span><\/span><\/li>\n<\/ul>\n<h4><span style=\"font-size: 12pt;\"><b>Wydzia\u0142 Nauk \u015acis\u0142ych i Technicznych<\/b><span style=\"font-weight: 400;\">\u00a0<\/span><\/span><\/h4>\n<ul>\n<li><span style=\"font-weight: 400; font-size: 12pt;\">Aleksandra Furmanik (chemia)\u00a0<\/span><\/li>\n<li><span style=\"font-weight: 400; font-size: 12pt;\">Jakub Witkowski (mikro i nanotechnologia)<\/span><\/li>\n<\/ul>\n<h4><span style=\"font-size: 12pt;\"><span style=\"font-weight: 400;\">\u00a0<\/span><b>Wydzia\u0142 Nauk Spo\u0142ecznych<\/b><span style=\"font-weight: 400;\">\u00a0<\/span><\/span><\/h4>\n<ul>\n<li><span style=\"font-weight: 400; font-size: 12pt;\">Oliwia De Vito (International Studies in Political Science and Diplomacy)<\/span><\/li>\n<li><span style=\"font-weight: 400; font-size: 12pt;\">Patrycja Goszka (pedagogika przedszkolna i wczesnoszkolna)<\/span><\/li>\n<li><span style=\"font-weight: 400; font-size: 12pt;\">Alicja Klasik (zarz\u0105dzanie zasobami ludzkimi w organizacji)<\/span><\/li>\n<li><span style=\"font-weight: 400; font-size: 12pt;\">Magdalena Misiak (psychologia)<\/span><\/li>\n<li><span style=\"font-weight: 400; font-size: 12pt;\">Wiktor Ole\u015b (mi\u0119dzynarodowe studia nauk politycznych i dyplomacji)<\/span><\/li>\n<li><span style=\"font-weight: 400; font-size: 12pt;\">Julia Pawe\u0142czak (psychologia)<\/span><\/li>\n<li><span style=\"font-weight: 400; font-size: 12pt;\">Anna Wr\u00f3bel (psychologia)<\/span><\/li>\n<\/ul>\n<h4><span style=\"font-size: 12pt;\"><b>Wydzia\u0142 Prawa i Administracji<\/b><span style=\"font-weight: 400;\">\u00a0<\/span><\/span><\/h4>\n<ul>\n<li><span style=\"font-weight: 400; font-size: 12pt;\">Jakub Abramski (prawo)<\/span><\/li>\n<li><span style=\"font-weight: 400; font-size: 12pt;\">Cecylia Cie\u015blik (prawo)<\/span><\/li>\n<li><span style=\"font-weight: 400; font-size: 12pt;\">Dominik Ko\u0142odziej (prawo)<\/span><\/li>\n<li><span style=\"font-weight: 400; font-size: 12pt;\">Nikola Lewicka (prawo)<\/span><\/li>\n<\/ul>\n<h4><span style=\"font-size: 12pt;\"><b>Wydzia\u0142 Sztuki i Nauk o Edukacji<\/b><\/span><\/h4>\n<ul>\n<li><span style=\"font-weight: 400; font-size: 12pt;\">Nina Kumorek (edukacja artystyczna w zakresie sztuki muzycznej)<\/span><\/li>\n<\/ul>\n<h4><span style=\"font-size: 12pt;\"><b>Wydzia\u0142 Teologiczny<\/b><\/span><\/h4>\n<ul>\n<li><span style=\"font-weight: 400; font-size: 12pt;\">Bartosz Dryja-Go\u0142\u0119biowski (teologia)<\/span><\/li>\n<\/ul>\n<h4><span style=\"font-size: 12pt;\"><b>Szko\u0142a Filmowa im. Krzysztofa Kie\u015blowskiego<\/b><\/span><\/h4>\n<ul>\n<li><span style=\"font-weight: 400; font-size: 12pt;\">Kacper Anaczkowski (organizacja produkcji filmowej i telewizyjnej)<\/span><\/li>\n<li><span style=\"font-weight: 400; font-size: 12pt;\">Katarzyna Flegel (organizacja produkcji filmowej i telewizyjnej)<\/span><\/li>\n<\/ul>\n<h4><span style=\"font-size: 12pt;\"><b>Kolegium Indywidualnych Studi\u00f3w Mi\u0119dzyobszarowych<\/b><\/span><\/h4>\n<ul>\n<li><span style=\"font-weight: 400; font-size: 12pt;\">Piotr Aleksandrow (sztuka pisania)<\/span><\/li>\n<li><span style=\"font-weight: 400; font-size: 12pt;\">Marta Bana\u015b (filologia roma\u0144ska-j\u0119zyk hiszpa\u0144ski: specjalno\u015b\u0107 t\u0142umaczeniowa)<\/span><\/li>\n<li><span style=\"font-weight: 400; font-size: 12pt;\">Helena Chojnowska (prawo)<\/span><\/li>\n<li><span style=\"font-weight: 400; font-size: 12pt;\">Katarzyna Matlas (filologia angielska)<\/span><\/li>\n<li><span style=\"font-weight: 400; font-size: 12pt;\">Artur Szl\u0119zak (geologia)<\/span><\/li>\n<\/ul>\n<h4><span style=\"font-size: 12pt;\"><b>Szko\u0142a Doktorska<\/b><span style=\"font-weight: 400;\">\u00a0<\/span><\/span><\/h4>\n<ul>\n<li><span style=\"font-weight: 400; font-size: 12pt;\">Micha\u0142 G\u0119bicki (nauki prawne)<\/span><\/li>\n<li><span style=\"font-weight: 400; font-size: 12pt;\">Anouk Niko Herman (literaturoznawstwo)<\/span><\/li>\n<li><span style=\"font-weight: 400; font-size: 12pt;\">Kamil Iwaniak (j\u0119zykoznawstwo)<\/span><\/li>\n<li><span style=\"font-weight: 400; font-size: 12pt;\">Paulina Jesionek-Ratka (nauki chemiczne)<\/span><\/li>\n<li><span style=\"font-weight: 400; font-size: 12pt;\">Barbara Loska (in\u017cynieria materia\u0142owa)<\/span><\/li>\n<li><span style=\"font-weight: 400; font-size: 12pt;\">Dominik Mizerski (nauki prawne)<\/span><\/li>\n<li><span style=\"font-weight: 400; font-size: 12pt;\">Aleksandra Ry\u015b (j\u0119zykoznawstwo)<\/span><\/li>\n<li><span style=\"font-weight: 400; font-size: 12pt;\">Jakub B\u0142a\u017cej Zwierzchowski (nauki prawne)<\/span><\/li>\n<\/ul>\n<h4><span style=\"font-size: 12pt;\"><b>Uniwersytet \u015al\u0105ski Dzieci<\/b><\/span><\/h4>\n<ul>\n<li><span style=\"font-weight: 400; font-size: 12pt;\">Lilianna Pe\u0142ka<\/span><\/li>\n<li><span style=\"font-weight: 400; font-size: 12pt;\">Benedykt Rams <\/span><\/li>\n<li><span style=\"font-weight: 400; font-size: 12pt;\">Maja Grajcarek\u00a0<\/span><\/li>\n<\/ul>\n<h4><span style=\"font-size: 12pt;\"><b>Uniwersytet \u015al\u0105ski M\u0142odzie\u017cy\u00a0<\/b><\/span><\/h4>\n<ul>\n<li><span style=\"font-weight: 400; font-size: 12pt;\">Rita Stefa\u0144ska<\/span><\/li>\n<\/ul>\n<h4><span style=\"font-size: 12pt;\"><b>Uniwersytet Trzeciego Wieku<\/b><\/span><\/h4>\n<ul>\n<li><span style=\"font-weight: 400; font-size: 12pt;\">Bogus\u0142awa Kramza<\/span><\/li>\n<\/ul>\n<p>\n<\/div>\r\n                    <\/div>\r\n                <\/div>[\/vc_column][\/vc_row]<\/p>","protected":false},"excerpt":{"rendered":"<p>[vc_row][vc_column][\/vc_column][\/vc_row] [&#8230;]<\/p>\n<p><a class=\"btn btn-secondary understrap-read-more-link\" href=\"https:\/\/us.edu.pl\/student\/dzialalnosc-studencka\/wyroznienia-jm-rektora-us\/laureatki-i-laureaci-xvii-edycji-wyroznien-jm-rektora-us\/lista-wszystkich-wyroznionych-xvii-edycji-wyroznien-jm-rektora-us\/\">Read More&#8230;<\/a><\/p>\n","protected":false},"author":28,"featured_media":0,"parent":53861,"menu_order":0,"comment_status":"closed","ping_status":"closed","template":"","meta":{"_expiration-date-status":"","_expiration-date":0,"_expiration-date-type":"","_expiration-date-categories":[],"_expiration-date-options":[]},"acf":[],"_links":{"self":[{"href":"https:\/\/us.edu.pl\/student\/wp-json\/wp\/v2\/pages\/53929"}],"collection":[{"href":"https:\/\/us.edu.pl\/student\/wp-json\/wp\/v2\/pages"}],"about":[{"href":"https:\/\/us.edu.pl\/student\/wp-json\/wp\/v2\/types\/page"}],"author":[{"embeddable":true,"href":"https:\/\/us.edu.pl\/student\/wp-json\/wp\/v2\/users\/28"}],"replies":[{"embeddable":true,"href":"https:\/\/us.edu.pl\/student\/wp-json\/wp\/v2\/comments?post=53929"}],"version-history":[{"count":6,"href":"https:\/\/us.edu.pl\/student\/wp-json\/wp\/v2\/pages\/53929\/revisions"}],"predecessor-version":[{"id":54333,"href":"https:\/\/us.edu.pl\/student\/wp-json\/wp\/v2\/pages\/53929\/revisions\/54333"}],"up":[{"embeddable":true,"href":"https:\/\/us.edu.pl\/student\/wp-json\/wp\/v2\/pages\/53861"}],"wp:attachment":[{"href":"https:\/\/us.edu.pl\/student\/wp-json\/wp\/v2\/media?parent=53929"}],"curies":[{"name":"wp","href":"https:\/\/api.w.org\/{rel}","templated":true}]}}