{"id":5400,"date":"2019-09-30T14:40:53","date_gmt":"2019-09-30T12:40:53","guid":{"rendered":"https:\/\/us.edu.pl\/student\/?page_id=5400"},"modified":"2025-11-06T13:21:24","modified_gmt":"2025-11-06T12:21:24","slug":"osiedle-akademickie-ligota","status":"publish","type":"page","link":"https:\/\/us.edu.pl\/student\/wsparcie-i-fundusze\/akademiki-2\/osiedle-akademickie-ligota\/","title":{"rendered":"Osiedle akademickie Ligota"},"content":{"rendered":"<p>[vc_row][vc_column]\r\n                <div class=\"text-modules \">\r\n                    <div class=\"container\">\r\n                        <h3 class=\"section-title section-title_border-bottom\">Osiedle Akademickie w Katowicach-Ligocie<\/h3> \r\n                        <div class=\"row m-0\">\r\n                            <div class=\"text-modules__content\">\r\n                                <span style=\"font-weight: 400;\">Osiedle Akademickie w Katowicach- Ligocie usytuowane jest na obrze\u017cach pi\u0119knego lasu, w pobli\u017cu<\/span><a href=\"http:\/\/student.us.edu.pl\/category\/galerie\/park-zadole\"> <span style=\"font-weight: 400;\">\u00a0teren\u00f3w rekreacyjnych <\/span><b>parku Zadole<\/b><span style=\"font-weight: 400;\">.<\/span><\/a><span style=\"font-weight: 400;\">\u00a0 Na osiedlu znajduje si\u0119<\/span><a href=\"https:\/\/www.facebook.com\/DSOprojekt\"> <b>klub studencki<\/b> <b>DSO Projekt<\/b><\/a><span style=\"font-weight: 400;\">, serwuj\u0105cy obiady dla student\u00f3w,<\/span><a href=\"http:\/\/panorama-klub.pl\/?intro=0\"> <b>restauracja Panorama<\/b><\/a> <span style=\"font-weight: 400;\">z letnim ogr\u00f3dkiem, sklepy spo\u017cywcze, drogeria. Dodatkowo studenci mog\u0105 korzysta\u0107 z licznych atrakcji sportowych, m.in. boiska do pi\u0142ki no\u017cnej, kortu tenisowego, boiska do siatk\u00f3wki pla\u017cowej, maj\u0105 do dyspozycji<\/span><a href=\"http:\/\/panorama-fitness.pl\/\"> <b>klub fitness<\/b><\/a><span style=\"font-weight: 400;\">, a w pobliskim parku znajduje si\u0119<\/span><b> pierwsza w mie\u015bcie a najwi\u0119ksza w regionie t\u0119\u017cnia solankowa<\/b><span style=\"font-weight: 400;\">. W niedalekiej przysz\u0142o\u015bci w parku Zadole planowane jest otwarcie krytego basenu. Osiedle stanowi g\u0142\u00f3wny o\u015brodek kultury studenckiej \u2013 w okresie letnim odbywaj\u0105 si\u0119 tutaj wydarzenia muzyczne, sportowe i inne, integruj\u0105ce spo\u0142eczno\u015b\u0107 akademick\u0105.<\/span><\/p>\n<p><span style=\"font-weight: 400;\">Studenci maj\u0105 do dyspozycji jedno- i dwuosobowe pokoje z dost\u0119pem do internetu. W ka\u017cdym budynku znajduj\u0105 si\u0119 og\u00f3lnodost\u0119pne pralnie, kuchnie oraz sale telewizyjne, pokoje do nauki, a tak\u017ce sale gier zaopatrzone w sto\u0142y do tenisa i pi\u0142karzyki. Osiedle posiada ochron\u0119 oraz monitoring zewn\u0119trzny.\u00a0<\/span> \r\n                                <div class=\"mt-3\"><\/div>\r\n                            <\/div>\r\n                            \r\n                            \r\n                        <\/div>\r\n                    <\/div>\r\n                <\/div>\r\n                <div class=\"text-modules \">\r\n                    <div class=\"container\">\r\n                        <h3 class=\"section-title section-title_border-bottom\">Dojazd<\/h3> \r\n                        <div class=\"row m-0\">\r\n                            <div class=\"text-modules__content\">\r\n                                <span style=\"font-weight: 400;\">Na Osiedle mo\u017cna dojecha\u0107 wszystkimi autobusami i minibusami w kierunku \u201eLigota Akademiki\u201d.<br \/>\n<\/span><\/p>\n<p><span style=\"font-weight: 400;\">Linie autobusowe ZTM: 12, 36, 51, 154 292, 912, 657N, 905N.<br \/>\n<\/span><b><\/b><span style=\"font-weight: 400;\">PKP Katowice-Piotrowice \u2013 1,7 km<br \/>\n<\/span><span style=\"font-weight: 400;\">PKP Katowice-Ligota \u2013 2,1 km<\/span> \r\n                                <div class=\"mt-3\"><a href=\"https:\/\/rj.metropoliaztm.pl\/rozklady\/\" class=\"link-button mr-3 \">Rozk\u0142ad jazdy autobus\u00f3w<\/a><\/div>\r\n                            <\/div>\r\n                            \r\n                            \r\n                        <\/div>\r\n                    <\/div>\r\n                <\/div>\r\n                <div class=\"text-modules \">\r\n                    <div class=\"container\">\r\n                         \r\n                        <div class=\"row m-0\">\r\n                            <div class=\"text-modules__content\">\r\n                                <span style=\"font-weight: 400;\">Osiedlem kieruje:<\/span><\/p>\n<p><b>Tomasz Sko\u0142ucki<br \/>\n<\/b><span style=\"font-weight: 400;\">tel. 32 204 5888,<br \/>\n<\/span><span style=\"font-weight: 400;\">tomasz.skolucki@us.edu.pl<\/span> \r\n                                <div class=\"mt-3\"><\/div>\r\n                            <\/div>\r\n                            \r\n                            \r\n                        <\/div>\r\n                    <\/div>\r\n                <\/div>[\/vc_column][\/vc_row]<\/p>","protected":false},"excerpt":{"rendered":"<p>[vc_row][vc_column][\/vc_column][\/vc_row] [&#8230;]<\/p>\n<p><a class=\"btn btn-secondary understrap-read-more-link\" href=\"https:\/\/us.edu.pl\/student\/wsparcie-i-fundusze\/akademiki-2\/osiedle-akademickie-ligota\/\">Read More&#8230;<\/a><\/p>\n","protected":false},"author":1,"featured_media":0,"parent":8464,"menu_order":0,"comment_status":"closed","ping_status":"closed","template":"","meta":{"_expiration-date-status":"","_expiration-date":0,"_expiration-date-type":"","_expiration-date-categories":[],"_expiration-date-options":[]},"acf":[],"_links":{"self":[{"href":"https:\/\/us.edu.pl\/student\/wp-json\/wp\/v2\/pages\/5400"}],"collection":[{"href":"https:\/\/us.edu.pl\/student\/wp-json\/wp\/v2\/pages"}],"about":[{"href":"https:\/\/us.edu.pl\/student\/wp-json\/wp\/v2\/types\/page"}],"author":[{"embeddable":true,"href":"https:\/\/us.edu.pl\/student\/wp-json\/wp\/v2\/users\/1"}],"replies":[{"embeddable":true,"href":"https:\/\/us.edu.pl\/student\/wp-json\/wp\/v2\/comments?post=5400"}],"version-history":[{"count":1,"href":"https:\/\/us.edu.pl\/student\/wp-json\/wp\/v2\/pages\/5400\/revisions"}],"predecessor-version":[{"id":59969,"href":"https:\/\/us.edu.pl\/student\/wp-json\/wp\/v2\/pages\/5400\/revisions\/59969"}],"up":[{"embeddable":true,"href":"https:\/\/us.edu.pl\/student\/wp-json\/wp\/v2\/pages\/8464"}],"wp:attachment":[{"href":"https:\/\/us.edu.pl\/student\/wp-json\/wp\/v2\/media?parent=5400"}],"curies":[{"name":"wp","href":"https:\/\/api.w.org\/{rel}","templated":true}]}}