{"id":5418,"date":"2019-09-30T15:23:04","date_gmt":"2019-09-30T13:23:04","guid":{"rendered":"https:\/\/us.edu.pl\/student\/?page_id=5418"},"modified":"2025-02-27T09:46:37","modified_gmt":"2025-02-27T08:46:37","slug":"osiedleakademickiecieszyn","status":"publish","type":"page","link":"https:\/\/us.edu.pl\/student\/wsparcie-i-fundusze\/akademiki-2\/osiedleakademickiecieszyn\/","title":{"rendered":"Osiedle Akademickie Cieszyn"},"content":{"rendered":"<p>[vc_row][vc_column]\r\n                <div class=\"text-modules \">\r\n                    <div class=\"container\">\r\n                        <h3 class=\"section-title section-title_border-bottom\">Osiedle Akademickie Cieszyn<\/h3> \r\n                        <div class=\"row m-0\">\r\n                            <div class=\"text-modules__content\">\r\n                                <b>Witamy w Cieszynie<\/b><span style=\"font-weight: 400;\">, mie\u015bcie, w kt\u00f3rym zachowa\u0142 si\u0119 \u015bredniowieczny uk\u0142ad urbanistyczny, pozosta\u0142o wiele zabytk\u00f3w i urokliwych miejsc. Niepowtarzalny klimat miasta stworzy\u0142y generacje jego mieszka\u0144c\u00f3w \u2013\u00a0 r\u00f3\u017cnej narodowo\u015bci, wyzna\u0144, kultur i tradycji. Miasto to le\u017cy nad rzek\u0105 Olz\u0105, kt\u00f3ra dzieli je na cz\u0119\u015b\u0107 polsk\u0105 i czesk\u0105.<\/span> \r\n                                <div class=\"mt-3\"><a href=\"https:\/\/www.youtube.com\/watch?v=vqxAprnw3Es\" class=\"link-button mr-3 \">Wi\u0119cej o Cieszynie<\/a><\/div>\r\n                            <\/div>\r\n                            \r\n                            \r\n                        <\/div>\r\n                    <\/div>\r\n                <\/div>\r\n                <div class=\"text-modules \">\r\n                    <div class=\"container\">\r\n                         \r\n                        <div class=\"row m-0\">\r\n                            <div class=\"text-modules__content\">\r\n                                <span style=\"font-weight: 400;\">Cieszy\u0144ski kampus to obiekty dydaktyczne, sportowe (basen, hala, si\u0142ownie, sala baletowa, boiska), oddzia\u0142 biblioteki i oczywi\u015bcie obiekty socjalne, tzn., dwa akademiki, sto\u0142\u00f3wka studencka i Klub Studencki \u201ePanopticum\u201d. Ca\u0142y kampus zlokalizowany jest w pi\u0119knym parku. Tworz\u0105 go budynki dydaktyczne z salami wyk\u0142adowymi, \u0107wiczeniowymi, pracowniami, oddzia\u0142 biblioteki, obiekty sportowe i dwa akademiki. Odleg\u0142o\u015bci mi\u0119dzy obiektami to co najwy\u017cej kilkaset metr\u00f3w \u2013 wsz\u0119dzie mo\u017cna przej\u015b\u0107 praktycznie \u201ew kapciach\u201d. Natomiast spacer do centrum miasta, na jego pi\u0119kny rynek z licznymi kawiarniami, trwa oko\u0142o 15 minut.<\/span><\/p>\n<p><span style=\"font-weight: 400;\">Osiedle Akademickie w Cieszynie po\u0142o\u017cone jest tu\u017c obok obiekt\u00f3w Wydzia\u0142u Sztuki i Nauk o Edukacji i to przede wszystkim studenci tego wydzia\u0142u s\u0105 naszymi mieszka\u0144cami. Ka\u017cdego roku\u00a0 go\u015bcimy r\u00f3wnie\u017c \u2013 w roku akademickim i w okresie wakacji \u2013 uczestnik\u00f3w r\u00f3\u017cnych imprez: letniej Szko\u0142y J\u0119zyka i Kultury Polskiej, ju\u017c od 29 lat, kt\u00f3ra skupia m\u0142odzie\u017c z ca\u0142ego \u015bwiata, \u2013 Akademickich Mistrzostw Polski w r\u00f3\u017cnych dyscyplinach sportowych, \u2013 Mi\u0119dzynarodowego Studenckiego Festiwalu Folklorystycznego, \u00a0 Kina na Granicy, \u2013 LAG Festivalu, r\u00f3\u017cnych konferencji, spotka\u0144 integracyjnych student\u00f3w, Samorz\u0105du Studenckiego, innych imprez kulturalnych ziemi cieszy\u0144skiej i spoza regionu.<\/span> \r\n                                <div class=\"mt-3\"><\/div>\r\n                            <\/div>\r\n                            \r\n                            \r\n                        <\/div>\r\n                    <\/div>\r\n                <\/div>\r\n                <div class=\"text-modules \">\r\n                    <div class=\"container\">\r\n                        <h3 class=\"section-title section-title_border-bottom\">Dojazd<\/h3> \r\n                        <div class=\"row m-0\">\r\n                            <div class=\"text-modules__content\">\r\n                                <span style=\"font-weight: 400;\">Dworzec autobusowy i kolejowy w Cieszynie znajduj\u0105 si\u0119 w odleg\u0142o\u015bci 800 metr\u00f3w od kampusu, opr\u00f3cz tego przy ul. Bielskiej (po obu jej stronach) znajduj\u0105 si\u0119 przystanki, na kt\u00f3rych zatrzymuj\u0105 si\u0119 autobusy, busy wielu przewo\u017anik\u00f3w (kierunek Bielsko-Bia\u0142a, Krak\u00f3w), a tak\u017ce miejskiej linii nr 40, kt\u00f3rej autobusy maj\u0105 sw\u00f3j przystanek r\u00f3wnie\u017c na dworcu.<\/span> \r\n                                <div class=\"mt-3\"><a href=\"http:\/\/www.cieszyn.pl\/?p=categoriesShow&iCategory=2964\" class=\"link-button mr-3 \">transport ponadlokalny<\/a><\/div>\r\n                            <\/div>\r\n                            \r\n                            \r\n                        <\/div>\r\n                    <\/div>\r\n                <\/div>\r\n                <div class=\"text-modules \">\r\n                    <div class=\"container\">\r\n                        <h3 class=\"section-title section-title_border-bottom\">Zakupy<\/h3> \r\n                        <div class=\"row m-0\">\r\n                            <div class=\"text-modules__content\">\r\n                                <span style=\"font-weight: 400;\">Przy ul. Bielskiej \u2013 w odleg\u0142o\u015bci oko\u0142o 200 m od Osiedla \u2013 mie\u015bci si\u0119 sklep sieci Lidl oraz niedu\u017cy sklep spo\u017cywczy, oferuj\u0105cy mi\u0119dzy innymi \u015bwietne \u201ecieszy\u0144skie kanapki\u201d. W pobli\u017cu znajduj\u0105 si\u0119 tak\u017ce sklepy Biedronka i Kaufland, mo\u017cna te\u017c zrobi\u0107 zakupy w galerii handlowej Stela.<\/span> \r\n                                <div class=\"mt-3\"><\/div>\r\n                            <\/div>\r\n                            \r\n                            \r\n                        <\/div>\r\n                    <\/div>\r\n                <\/div>\r\n                <div class=\"text-modules \">\r\n                    <div class=\"container\">\r\n                        <h3 class=\"section-title section-title_border-bottom\">Domy Studenta oferuj\u0105:<\/h3> \r\n                        <div class=\"row m-0\">\r\n                            <div class=\"text-modules__content\">\r\n                                <\/p>\n<ul>\n<li><span style=\"font-weight: 400;\">pokoje jedno- i dwuosobowe, w zabudowie segmentowej;<\/span><\/li>\n<li><span style=\"font-weight: 400;\">bezp\u0142atne parkingi;<\/span><\/li>\n<li><span style=\"font-weight: 400;\">ca\u0142odobow\u0105 obs\u0142ug\u0119 recepcji;<\/span><\/li>\n<li><span style=\"font-weight: 400;\">dost\u0119p do internetu;<\/span><\/li>\n<li><span style=\"font-weight: 400;\">bezp\u0142atne korzystanie z pralni;<\/span><\/li>\n<li><span style=\"font-weight: 400;\">dost\u0119p do odkurzaczy, \u017celazek;<\/span><\/li>\n<li><span style=\"font-weight: 400;\">mo\u017cliwo\u015b\u0107 p\u0142atno\u015bci kart\u0105 w biurach administracyjnych obu;<\/span><\/li>\n<li><span style=\"font-weight: 400;\">bezp\u0142atn\u0105 po\u015bciel (ka\u017cdy z akademik\u00f3w posiada magazyn po\u015bcieli, w kt\u00f3rym bezp\u0142atnie mo\u017cna pobra\u0107, a nast\u0119pnie wymienia\u0107 komplet po\u015bcieli);<\/span><\/li>\n<li><span style=\"font-weight: 400;\">dost\u0119p do pomieszcze\u0144 wsp\u00f3lnych, czyli sali telewizyjnej, salki komputerowej, pokoi cichej nauki, a w DS \u201eU\u015aKA\u201d \u2013 do pracowni\u00a0 artystycznej.<\/span><\/li>\n<\/ul>\n<div class=\"mt-3\"><\/div>\r\n                            <\/div>\r\n                            \r\n                            \r\n                        <\/div>\r\n                    <\/div>\r\n                <\/div>\r\n                <div class=\"text-modules \">\r\n                    <div class=\"container\">\r\n                        <h3 class=\"section-title section-title_border-bottom\">Do akademika zabierz:<\/h3> \r\n                        <div class=\"row m-0\">\r\n                            <div class=\"text-modules__content\">\r\n                                <\/p>\n<ul>\n<li><span style=\"font-weight: 400;\">naczynia, garnki, sztu\u0107ce;<\/span><\/li>\n<li><span style=\"font-weight: 400;\">r\u0119czniki;<\/span><\/li>\n<li><span style=\"font-weight: 400;\">przybory toaletowe;<\/span><\/li>\n<li><span style=\"font-weight: 400;\">suszarki do w\u0142os\u00f3w.<\/span><\/li>\n<\/ul>\n<p><span style=\"font-weight: 400;\">\u00a0<\/span> \r\n                                <div class=\"mt-3\"><\/div>\r\n                            <\/div>\r\n                            \r\n                            \r\n                        <\/div>\r\n                    <\/div>\r\n                <\/div>\r\n                <div class=\"text-modules \">\r\n                    <div class=\"container\">\r\n                        <h3 class=\"section-title section-title_border-bottom\">Dodatkowe informacje:<\/h3> \r\n                        <div class=\"row m-0\">\r\n                            <div class=\"text-modules__content\">\r\n                                <\/p>\n<ul>\n<li><span style=\"font-weight: 400;\">w obiektach obowi\u0105zuje zakaz palenia papieros\u00f3w.<\/span><\/li>\n<\/ul>\n<div class=\"mt-3\"><\/div>\r\n                            <\/div>\r\n                            \r\n                            \r\n                        <\/div>\r\n                    <\/div>\r\n                <\/div>\r\n                <div class=\"text-modules \">\r\n                    <div class=\"container\">\r\n                         \r\n                        <div class=\"row m-0\">\r\n                            <div class=\"text-modules__content\">\r\n                                <span style=\"font-weight: 400;\">Kierownik Osiedla Akademickiego w Cieszynie:<br \/>\n<\/span><br \/>\nWies\u0142aw Kluz<br \/>\n<span style=\"font-weight: 400;\">tel. 33 854 6130,<br \/>\nbiuro: Dom Studenta DSN pok. 124<\/span><\/p>\n<p>administratorzy DS U\u015aKA:<br \/>\nEwelina Gorzelany<br \/>\ntel. 33 8546128<\/p>\n<p>Bogus\u0142awa Stok\u0142osa<br \/>\ntel. 33 8546127 \r\n                                <div class=\"mt-3\"><\/div>\r\n                            <\/div>\r\n                            \r\n                            \r\n                        <\/div>\r\n                    <\/div>\r\n                <\/div>[\/vc_column][\/vc_row]<\/p>","protected":false},"excerpt":{"rendered":"<p>[vc_row][vc_column][\/vc_column][\/vc_row] [&#8230;]<\/p>\n<p><a class=\"btn btn-secondary understrap-read-more-link\" href=\"https:\/\/us.edu.pl\/student\/wsparcie-i-fundusze\/akademiki-2\/osiedleakademickiecieszyn\/\">Read More&#8230;<\/a><\/p>\n","protected":false},"author":1,"featured_media":0,"parent":8464,"menu_order":0,"comment_status":"closed","ping_status":"closed","template":"","meta":{"_expiration-date-status":"","_expiration-date":0,"_expiration-date-type":"","_expiration-date-categories":[],"_expiration-date-options":[]},"acf":[],"_links":{"self":[{"href":"https:\/\/us.edu.pl\/student\/wp-json\/wp\/v2\/pages\/5418"}],"collection":[{"href":"https:\/\/us.edu.pl\/student\/wp-json\/wp\/v2\/pages"}],"about":[{"href":"https:\/\/us.edu.pl\/student\/wp-json\/wp\/v2\/types\/page"}],"author":[{"embeddable":true,"href":"https:\/\/us.edu.pl\/student\/wp-json\/wp\/v2\/users\/1"}],"replies":[{"embeddable":true,"href":"https:\/\/us.edu.pl\/student\/wp-json\/wp\/v2\/comments?post=5418"}],"version-history":[{"count":4,"href":"https:\/\/us.edu.pl\/student\/wp-json\/wp\/v2\/pages\/5418\/revisions"}],"predecessor-version":[{"id":50625,"href":"https:\/\/us.edu.pl\/student\/wp-json\/wp\/v2\/pages\/5418\/revisions\/50625"}],"up":[{"embeddable":true,"href":"https:\/\/us.edu.pl\/student\/wp-json\/wp\/v2\/pages\/8464"}],"wp:attachment":[{"href":"https:\/\/us.edu.pl\/student\/wp-json\/wp\/v2\/media?parent=5418"}],"curies":[{"name":"wp","href":"https:\/\/api.w.org\/{rel}","templated":true}]}}