{"id":5626,"date":"2019-10-08T12:06:39","date_gmt":"2019-10-08T10:06:39","guid":{"rendered":"https:\/\/us.edu.pl\/student\/?page_id=5626"},"modified":"2020-03-11T13:19:52","modified_gmt":"2020-03-11T12:19:52","slug":"teresa-bojdol","status":"publish","type":"page","link":"https:\/\/us.edu.pl\/student\/dzialalnosc-studencka\/wyroznienia-jm-rektora-us\/laureaci-poprzednich-edycji\/laureaci-2019\/studenci\/teresa-bojdol\/","title":{"rendered":"Teresa Bojdo\u0142"},"content":{"rendered":"<p>[vc_row el_class=&#8221;container&#8221;][vc_column el_class=&#8221;container&#8221;]\r\n                <div class=\"text-modules reverse\">\r\n                    <div class=\"container\">\r\n                        <h3 class=\"section-title section-title_border-bottom\">Teresa Bojdo\u0142<\/h3> \r\n                        <div class=\"row m-0\">\r\n                            <div class=\"text-modules__content\">\r\n                                <\/p>\n<p class=\"rtejustify\">Studentka III roku geografii na Wydziale\u00a0 Nauk o Ziemi U\u015a. Wsp\u00f3\u0142organizator projektu i koordynator ds. promocji wydarzenia \u201eBieg\u00a0 na Blach\u0119\u201d. Organizator mi\u0119dzynarodowego wydarzenia, jakim by\u0142 14. Szczyt Klimatyczny M\u0142odych. Zainicjowa\u0142a na Wydziale Nauk o Ziemi\u00a0 wydarzenia takie jak \u201eZdoby\u0107 \u017bylety Szczyt\u201d i \u201ePodchody na \u017bylecie\u201d.\u00a0 Zaanga\u017cowana tak\u017ce w organizacj\u0119 41. Og\u00f3lnopolskiego Zjazdu K\u00f3\u0142 Naukowych Geograf\u00f3w. W latach 2014\u20132018 bra\u0142a udzia\u0142 w wyjazdach\u00a0 KAMuzO jako animatorka grupy. Autorka publikacji o charakterze naukowym. Bra\u0142a czynny udzia\u0142 w\u00a0 licznych konferencjach. Jest cz\u0142onkini\u0105 w organizacjach uczelnianych\u00a0 (m.in. cz\u0142onkini Wydzia\u0142owej Rady Samorz\u0105du Studenckiego Wydzia\u0142u Nauk\u00a0 o Ziemi, Rady Wydzia\u0142u Nauk o Ziemi, Senatu Uniwersytetu \u015al\u0105skiego oraz Studenckiego Ko\u0142a Naukowego Geograf\u00f3w) jak i poza uczelnianych. Absolwentka przedsi\u0119biorczo\u015bci na\u00a0 Wydziale Prawa i Administracji U\u015a.<\/p>\n<p class=\"rtejustify\">Zainteresowania i pasje: chodzenie na spacery po mie\u015bcie i po g\u00f3rach,\u00a0podr\u00f3\u017ce po Polsce, taniec, wszystko co m\u00f3wi o zarz\u0105dzaniu sob\u0105 w\u00a0czasie i pozwala spe\u0142nia\u0107 marzenia.<\/p>\n<p class=\"rtejustify\"><span style=\"font-size: 10pt\">Powy\u017csze informacje nie obejmuj\u0105 ca\u0142ej dzia\u0142alno\u015bci danej osoby i zosta\u0142y opublikowane w ramach konkursu JM Rektora Uniwersytetu \u015al\u0105skiego. Dane pochodz\u0105 z czerwca 2019 r.<\/span><\/p>\n<div class=\"mt-3\"><\/div>\r\n                            <\/div>\r\n                            \r\n                            <div class=\"text-modules__img\"><img src=\"https:\/\/us.edu.pl\/student\/wp-content\/uploads\/sites\/3\/Wyr\u00f3\u017cnienia-rektora\/wyr\u00f3\u017cnieni-studenci\/bojdol_teresa_1.jpg\" alt=\"img\"><\/div>\r\n                        <\/div>\r\n                    <\/div>\r\n                <\/div>[myprefix_functional_icons print_icon=&#8221;yes&#8221;][\/vc_column][\/vc_row]<\/p>","protected":false},"excerpt":{"rendered":"<p>[vc_row el_class=&#8221;container&#8221;][vc_column el_class=&#8221;container&#8221;][myprefix_functional_icons print_icon=&#8221;yes&#8221;][\/vc_column][\/vc_row] [&#8230;]<\/p>\n<p><a class=\"btn btn-secondary understrap-read-more-link\" href=\"https:\/\/us.edu.pl\/student\/dzialalnosc-studencka\/wyroznienia-jm-rektora-us\/laureaci-poprzednich-edycji\/laureaci-2019\/studenci\/teresa-bojdol\/\">Read More&#8230;<\/a><\/p>\n","protected":false},"author":1,"featured_media":5627,"parent":19680,"menu_order":0,"comment_status":"closed","ping_status":"closed","template":"","meta":{"_expiration-date-status":"saved","_expiration-date":0,"_expiration-date-type":"","_expiration-date-categories":[],"_expiration-date-options":[]},"acf":[],"_links":{"self":[{"href":"https:\/\/us.edu.pl\/student\/wp-json\/wp\/v2\/pages\/5626"}],"collection":[{"href":"https:\/\/us.edu.pl\/student\/wp-json\/wp\/v2\/pages"}],"about":[{"href":"https:\/\/us.edu.pl\/student\/wp-json\/wp\/v2\/types\/page"}],"author":[{"embeddable":true,"href":"https:\/\/us.edu.pl\/student\/wp-json\/wp\/v2\/users\/1"}],"replies":[{"embeddable":true,"href":"https:\/\/us.edu.pl\/student\/wp-json\/wp\/v2\/comments?post=5626"}],"version-history":[{"count":0,"href":"https:\/\/us.edu.pl\/student\/wp-json\/wp\/v2\/pages\/5626\/revisions"}],"up":[{"embeddable":true,"href":"https:\/\/us.edu.pl\/student\/wp-json\/wp\/v2\/pages\/19680"}],"wp:featuredmedia":[{"embeddable":true,"href":"https:\/\/us.edu.pl\/student\/wp-json\/wp\/v2\/media\/5627"}],"wp:attachment":[{"href":"https:\/\/us.edu.pl\/student\/wp-json\/wp\/v2\/media?parent=5626"}],"curies":[{"name":"wp","href":"https:\/\/api.w.org\/{rel}","templated":true}]}}