{"id":5630,"date":"2019-10-08T12:12:03","date_gmt":"2019-10-08T10:12:03","guid":{"rendered":"https:\/\/us.edu.pl\/student\/?page_id=5630"},"modified":"2020-03-11T13:21:01","modified_gmt":"2020-03-11T12:21:01","slug":"paulina-drobisz","status":"publish","type":"page","link":"https:\/\/us.edu.pl\/student\/dzialalnosc-studencka\/wyroznienia-jm-rektora-us\/laureaci-poprzednich-edycji\/laureaci-2019\/studenci\/paulina-drobisz\/","title":{"rendered":"Paulina Drobisz"},"content":{"rendered":"<p>[vc_row el_class=&#8221;container&#8221;][vc_column el_class=&#8221;container&#8221;]\r\n                <div class=\"text-modules reverse\">\r\n                    <div class=\"container\">\r\n                        <h3 class=\"section-title section-title_border-bottom\">Paulina Drobisz<\/h3> \r\n                        <div class=\"row m-0\">\r\n                            <div class=\"text-modules__content\">\r\n                                <\/p>\n<p class=\"rtejustify\">Studentka III komunikacji promocyjnej i kryzysowej na Wydziale Filologicznym U\u015a. Wiceprzewodnicz\u0105ca Komisji Promocji Samorz\u0105du Studenckiego Uniwersytetu \u015al\u0105skiego (wrzesie\u0144\u00a0 2017 \u2013 czerwiec 2018), Koordynator\u00a0 ds. Promocji Samorz\u0105du Studenckiego Uniwersytetu \u015al\u0105skiego (czerwiec\u00a0 2018 \u2013\u00a0 listopad 2018), Przewodnicz\u0105ca Komisji Promocji Samorz\u0105du\u00a0 Studenckiego Uniwersytetu \u015al\u0105skiego oraz cz\u0142onek Zarz\u0105du (listopad\u00a0 2018 \u2013 luty 2019), od 2017 roku cz\u0142onek Wydzia\u0142owej Rady Samorz\u0105du\u00a0 Studenckiego Wydzia\u0142u Filologicznego oraz Wydzia\u0142owej Rady Wydzia\u0142u\u00a0 Filologicznego. Delegat Wydzia\u0142owej Rady Samorz\u0105du Studenckiego\u00a0 Wydzia\u0142u Filologicznego do Uczelnianej Rady Samorz\u0105du Studenckiego\u00a0 Uniwersytetu \u015al\u0105skiego, cz\u0142onkini Ko\u0142a Naukowego Komunikator. W 2017\u00a0 roku dzia\u0142aj\u0105c w Komisji Promocji Samorz\u0105du Studenckiego Uniwersytetu\u00a0 \u015al\u0105skiego zainicjowa\u0142a oraz przeprowadzi\u0142a zbi\u00f3rk\u0119 \u201e\u015awi\u0105teczna 10\u201d dla\u00a0 dzieci z Oddzia\u0142u Kardiologii Dzieci\u0119cej G\u00f3rno\u015bl\u0105skiego Centrum\u00a0 Zdrowia Dziecka. Dzia\u0142aj\u0105c i reprezentuj\u0105c Ko\u0142o Naukowe \u201eKomunikator\u201d\u00a0 przeprowadzi\u0142a warsztaty \u201eMagia pierwszego wra\u017cenia. O sztuce\u00a0\u00a0autoprezentacji\u201d. Cz\u0142onek zespo\u0142u organizacyjnego cyklu konferencji:\u00a0 \u201eWyr\u00f3\u017cniaj si\u0119 lub zgi\u0144\u201d. Pomys\u0142odawca i kierownik projektu\u00a0 naukowego \u201eOd czego zacz\u0105\u0107 w sieci?\u201d. Jedna z prowadz\u0105cych stanowisko pokazowe\u00a0 \u201eEnergia komunikacji\u201d podczas 3. \u015al\u0105skiego Festiwalu Nauki KATOWICE. Cz\u0142onek zespo\u0142u organizacyjnego wydarzenia: \u201ePogodejmy o marce!\u201d realizowanego w ramach Projektu Kariera. Od 2014 roku zwi\u0105zana z grup\u0105 teatraln\u0105 Glutaminian Sodu.<\/p>\n<p class=\"rtejustify\">Zainteresowania i pasje: Interesuje si\u0119 szeroko poj\u0119tym marketingiem,\u00a0w tym: brandingiem oraz storytellingiem. Z zami\u0142owania amatorka\u00a0aktorka ju\u017c od 2004 roku.<\/p>\n<p class=\"rtejustify\"><span style=\"font-size: 10pt\">Powy\u017csze informacje nie obejmuj\u0105 ca\u0142ej dzia\u0142alno\u015bci danej osoby i zosta\u0142y opublikowane w ramach konkursu JM Rektora Uniwersytetu \u015al\u0105skiego. Dane pochodz\u0105 z czerwca 2019 r.<\/span><\/p>\n<div class=\"mt-3\"><\/div>\r\n                            <\/div>\r\n                            \r\n                            <div class=\"text-modules__img\"><img src=\"https:\/\/us.edu.pl\/student\/wp-content\/uploads\/sites\/3\/Nieprzypisane\/drobiszpaulina4-e1642506119468.jpg\" alt=\"img\"><\/div>\r\n                        <\/div>\r\n                    <\/div>\r\n                <\/div>[myprefix_functional_icons print_icon=&#8221;yes&#8221;][\/vc_column][\/vc_row]<\/p>","protected":false},"excerpt":{"rendered":"<p>[vc_row el_class=&#8221;container&#8221;][vc_column el_class=&#8221;container&#8221;][myprefix_functional_icons print_icon=&#8221;yes&#8221;][\/vc_column][\/vc_row] [&#8230;]<\/p>\n<p><a class=\"btn btn-secondary understrap-read-more-link\" href=\"https:\/\/us.edu.pl\/student\/dzialalnosc-studencka\/wyroznienia-jm-rektora-us\/laureaci-poprzednich-edycji\/laureaci-2019\/studenci\/paulina-drobisz\/\">Read More&#8230;<\/a><\/p>\n","protected":false},"author":1,"featured_media":5631,"parent":19680,"menu_order":0,"comment_status":"closed","ping_status":"closed","template":"","meta":{"_expiration-date-status":"saved","_expiration-date":0,"_expiration-date-type":"","_expiration-date-categories":[],"_expiration-date-options":[]},"acf":[],"_links":{"self":[{"href":"https:\/\/us.edu.pl\/student\/wp-json\/wp\/v2\/pages\/5630"}],"collection":[{"href":"https:\/\/us.edu.pl\/student\/wp-json\/wp\/v2\/pages"}],"about":[{"href":"https:\/\/us.edu.pl\/student\/wp-json\/wp\/v2\/types\/page"}],"author":[{"embeddable":true,"href":"https:\/\/us.edu.pl\/student\/wp-json\/wp\/v2\/users\/1"}],"replies":[{"embeddable":true,"href":"https:\/\/us.edu.pl\/student\/wp-json\/wp\/v2\/comments?post=5630"}],"version-history":[{"count":0,"href":"https:\/\/us.edu.pl\/student\/wp-json\/wp\/v2\/pages\/5630\/revisions"}],"up":[{"embeddable":true,"href":"https:\/\/us.edu.pl\/student\/wp-json\/wp\/v2\/pages\/19680"}],"wp:featuredmedia":[{"embeddable":true,"href":"https:\/\/us.edu.pl\/student\/wp-json\/wp\/v2\/media\/5631"}],"wp:attachment":[{"href":"https:\/\/us.edu.pl\/student\/wp-json\/wp\/v2\/media?parent=5630"}],"curies":[{"name":"wp","href":"https:\/\/api.w.org\/{rel}","templated":true}]}}